{"id":842,"date":"2016-08-28T22:20:25","date_gmt":"2016-08-28T22:20:25","guid":{"rendered":"http:\/\/uni.hi.is\/esmari\/?page_id=842"},"modified":"2017-11-21T08:17:28","modified_gmt":"2017-11-21T08:17:28","slug":"thekkingarfraedi-namsmat","status":"publish","type":"page","link":"https:\/\/uni.hi.is\/esmari\/kennsla\/inngangur-ad-thekkingarfraedi\/thekkingarfraedi-namsmat\/","title":{"rendered":"\u00deekkingarfr\u00e6\u00f0i - N\u00e1msmat"},"content":{"rendered":"<p><strong>N\u00e1msmat<\/strong> byggist \u00e1 vikulegum lestrardagb\u00f3kum, ritger\u00f0 og lokapr\u00f3fi. ATH: Nemendur ver\u00f0a a\u00f0 lj\u00faka \u00f6llum hlutum n\u00e1msmatsins til a\u00f0 standast n\u00e1mskei\u00f0i\u00f0.<\/p>\n<p><strong>Pr\u00f3f (30%)<\/strong>: Lokapr\u00f3f samkv\u00e6mt pr\u00f3ft\u00f6flu \u00ed desember. Pr\u00f3fi\u00f0 samanstendur af nokkrum ritger\u00f0aspurningum. Nemendur f\u00e1 spurningar til undirb\u00fanings n\u00f6kkrum d\u00f6gum fyrir pr\u00f3f og ver\u00f0a pr\u00f3fspurningarnar me\u00f0al \u00feeirra.<\/p>\n<p><strong>Dagb\u00e6kur (30%)<\/strong>: \u00cd hverri viku skila nemendur dab\u00f3karf\u00e6rslu um lesefni vikunnar, samtals 12 dagb\u00f3karf\u00e6rslum. Dagb\u00e6kurnar eiga a\u00f0 fjalla um lesefni hverrar viku og er mikilv\u00e6gt a\u00f0 fjalla um <strong>allt<\/strong> lesefni vikunnar \u00ed f\u00e6rslunum (\u00ed seinni hluta er n\u00f3g a\u00f0 fjalla um lesefni annars t\u00edma hverrar viku). Kennari fer yfir dagb\u00f3karf\u00e6rslur og gefur stutta ums\u00f6gn nokkrum sinnum \u00e1 \u00f6nninni.<\/p>\n<ul>\n<li><a href=\"http:\/\/uni.hi.is\/esmari\/thekkingarfraedi-lestrardagbok\/\">N\u00e1nar um lestrardagb\u00f3k<\/a>.<\/li>\n<\/ul>\n<p><strong>Ritger\u00f0 (40%)<\/strong>: Nemendur skrifa ritger\u00f0 um efni \u00ed \u00feekkingarfr\u00e6\u00f0i a\u00f0 eigin vali. Ritger\u00f0in skal vera 3000 til 4000 or\u00f0 (n\u00e1nari lei\u00f0beiningar um fr\u00e1gang \u00feegar n\u00e6r dregur). Nemendur velja ritger\u00f0arefni \u00ed samr\u00e1\u00f0i vi\u00f0 kennara. Heildardr\u00f6gum a\u00f0 ritger\u00f0 skal skila \u00ed byrjun n\u00f3vember og fara dr\u00f6gin \u00ed \u201ejafningjamat\u201c annarra nemenda \u00ed n\u00e1mskei\u00f0inu. S\u00e9rhver nemandi \u00e1 a\u00f0 lesa og leggja mat \u00e1 ritger\u00f0 annars nemanda og skila faglegu mati s\u00ednu \u00e1 \u00fear til ger\u00f0u formi. Lokager\u00f0 af ritger\u00f0 \u00e1 a\u00f0 skila \u00ed lok n\u00f3vember og skal taka tillit til jafningjamats \u00ed endanlegri \u00fatg\u00e1fu. Sj\u00e1 n\u00e1nar um t\u00edmasetninger \u00ed n\u00e1ms\u00e1\u00e6tlun. Kennari fer yfir jafningjamat og ritger\u00f0 og gefur einkunn fyrir. Jafningjamati\u00f0 gildir 10% af lokaeinkunn og ritger\u00f0in 30%.<\/p>\n<ul>\n<li><a href=\"http:\/\/uni.hi.is\/esmari\/kennsla\/inngangur-ad-thekkingarfraedi\/thekkingarfraedi-namsmat\/ritgerdi-i-thekkingarfraedi\/\">N\u00e1nar um ritger\u00f0 \u00ed \u00feekkingarfr\u00e6\u00f0i<\/a>.<\/li>\n<\/ul>\n","protected":false},"excerpt":{"rendered":"<p>N\u00e1msmat byggist \u00e1 vikulegum lestrardagb\u00f3kum, ritger\u00f0 og lokapr\u00f3fi. ATH: Nemendur ver\u00f0a a\u00f0 lj\u00faka \u00f6llum hlutum n\u00e1msmatsins til a\u00f0 standast n\u00e1mskei\u00f0i\u00f0. Pr\u00f3f (30%): Lokapr\u00f3f samkv\u00e6mt pr\u00f3ft\u00f6flu \u00ed desember. Pr\u00f3fi\u00f0 samanstendur af nokkrum ritger\u00f0aspurningum. Nemendur f\u00e1 spurningar til undirb\u00fanings n\u00f6kkrum d\u00f6gum fyrir &hellip; <a href=\"https:\/\/uni.hi.is\/esmari\/kennsla\/inngangur-ad-thekkingarfraedi\/thekkingarfraedi-namsmat\/\">Halda \u00e1fram a\u00f0 lesa <span class=\"meta-nav\">&rarr;<\/span><\/a><\/p>\n","protected":false},"author":414,"featured_media":0,"parent":772,"menu_order":2,"comment_status":"closed","ping_status":"closed","template":"","meta":{"footnotes":""},"class_list":["post-842","page","type-page","status-publish","hentry"],"_links":{"self":[{"href":"https:\/\/uni.hi.is\/esmari\/wp-json\/wp\/v2\/pages\/842","targetHints":{"allow":["GET"]}}],"collection":[{"href":"https:\/\/uni.hi.is\/esmari\/wp-json\/wp\/v2\/pages"}],"about":[{"href":"https:\/\/uni.hi.is\/esmari\/wp-json\/wp\/v2\/types\/page"}],"author":[{"embeddable":true,"href":"https:\/\/uni.hi.is\/esmari\/wp-json\/wp\/v2\/users\/414"}],"replies":[{"embeddable":true,"href":"https:\/\/uni.hi.is\/esmari\/wp-json\/wp\/v2\/comments?post=842"}],"version-history":[{"count":11,"href":"https:\/\/uni.hi.is\/esmari\/wp-json\/wp\/v2\/pages\/842\/revisions"}],"predecessor-version":[{"id":1470,"href":"https:\/\/uni.hi.is\/esmari\/wp-json\/wp\/v2\/pages\/842\/revisions\/1470"}],"up":[{"embeddable":true,"href":"https:\/\/uni.hi.is\/esmari\/wp-json\/wp\/v2\/pages\/772"}],"wp:attachment":[{"href":"https:\/\/uni.hi.is\/esmari\/wp-json\/wp\/v2\/media?parent=842"}],"curies":[{"name":"wp","href":"https:\/\/api.w.org\/{rel}","templated":true}]}}