{"id":97,"date":"2014-02-26T12:22:09","date_gmt":"2014-02-26T12:22:09","guid":{"rendered":"http:\/\/uni.hi.is\/esmari\/?page_id=97"},"modified":"2014-06-01T17:21:36","modified_gmt":"2014-06-01T17:21:36","slug":"vinnusida-lokud","status":"publish","type":"page","link":"https:\/\/uni.hi.is\/esmari\/about\/vinnusida-lokud\/","title":{"rendered":"Vinnus\u00ed\u00f0a (loku\u00f0)"},"content":{"rendered":"","protected":true},"excerpt":{"rendered":"","protected":true},"author":414,"featured_media":0,"parent":2,"menu_order":0,"comment_status":"closed","ping_status":"closed","template":"","meta":{"footnotes":""},"class_list":["post-97","page","type-page","status-publish","post-password-required","hentry"],"_links":{"self":[{"href":"https:\/\/uni.hi.is\/esmari\/wp-json\/wp\/v2\/pages\/97","targetHints":{"allow":["GET"]}}],"collection":[{"href":"https:\/\/uni.hi.is\/esmari\/wp-json\/wp\/v2\/pages"}],"about":[{"href":"https:\/\/uni.hi.is\/esmari\/wp-json\/wp\/v2\/types\/page"}],"author":[{"embeddable":true,"href":"https:\/\/uni.hi.is\/esmari\/wp-json\/wp\/v2\/users\/414"}],"replies":[{"embeddable":true,"href":"https:\/\/uni.hi.is\/esmari\/wp-json\/wp\/v2\/comments?post=97"}],"version-history":[{"count":9,"href":"https:\/\/uni.hi.is\/esmari\/wp-json\/wp\/v2\/pages\/97\/revisions"}],"predecessor-version":[{"id":200,"href":"https:\/\/uni.hi.is\/esmari\/wp-json\/wp\/v2\/pages\/97\/revisions\/200"}],"up":[{"embeddable":true,"href":"https:\/\/uni.hi.is\/esmari\/wp-json\/wp\/v2\/pages\/2"}],"wp:attachment":[{"href":"https:\/\/uni.hi.is\/esmari\/wp-json\/wp\/v2\/media?parent=97"}],"curies":[{"name":"wp","href":"https:\/\/api.w.org\/{rel}","templated":true}]}}