{"id":8,"date":"2020-08-31T21:20:42","date_gmt":"2020-08-31T21:20:42","guid":{"rendered":"https:\/\/uni.hi.is\/gavin\/?page_id=8"},"modified":"2022-09-08T13:57:23","modified_gmt":"2022-09-08T13:57:23","slug":"publications","status":"publish","type":"page","link":"https:\/\/uni.hi.is\/gavin\/about-me\/publications\/","title":{"rendered":"Publications"},"content":{"rendered":"<p><u>Books<\/u><\/p>\n<p>Lucas, G. 2023. <em>Archaeological Situations<\/em>. London: Routledge<\/p>\n<p>Lucas, G. 2021. <em>Making Time<\/em>. London: Routledge<\/p>\n<p>Lucas, G. And Olivier, L. 2021. <em>Conversations About Time<\/em>. London: Routledge<\/p>\n<p>Evans, C. &amp; Lucas G. 2020. <em>Hinterlands and Inlands: The Archaeology of West Cambridge and Roman Cambridge Revisited<\/em>. Cambridge: McDonald Institute for Archaeological Research<\/p>\n<p>Lucas, G. 2019. <em>Writing the Past. Knowledge and Literary Production in Archaeology.<\/em> London: Routledge<\/p>\n<p>Lucas, G. 2012. <em>Understanding the Archaeological Record<\/em>, Cambridge University Press.<\/p>\n<p>V\u00e9steinsson, O., Lucas, G., \u00de\u00f3rsd\u00f3ttir, K. &amp; Gylfad\u00f3ttir, R. (eds.) 2011. <em>Upp \u00e1 yfirbor\u00f0i\u00f0. N\u00fdar ranns\u00f3knir \u00ed \u00edslenskri fornleifafr\u00e6\u00f0i.<\/em> Reykjav\u00edk: Fornleifastofnun \u00cdslands.<\/p>\n<p>Lucas, G.\u00a0 (ed.) 2009. <em>Hofsta\u00f0ir. Excavations of a Viking Age Feasting Hall in North-eastern Iceland<\/em>. Reykjav\u00edk: Institute of Archaeology.<\/p>\n<p>Evans, C, E. Beardsmore, M. Brudenell &amp; G. Lucas. 2009. <em>Fengate Revisited. Further Fen-edge Excavations, Bronze Age Fieldsystems and Settlement and the Wyman Abbott\/Leeds Archives<\/em>. Cambridge: Cambridge Archaeological Unit. 283pp.<\/p>\n<p>Lucas, G. M. 2005. <em>The Archaeology of Time<\/em>. Routledge.<\/p>\n<p>Lucas, G. M. 2004. <em>An Archaeology of Colonial Identity. Power and Material Culture in the Dwars Valley, South Africa, 1688-1910<\/em>. Kluwer.<\/p>\n<p>Buchli, V. &amp; Lucas, G. M (eds.) 2001. <em>Archaeologies of the Contemporary Past<\/em>. Routledge.<\/p>\n<p>Lucas, G. M. 2001. <em>Critical Approaches to Fieldwork. Historical and Contemporary Archaeological Practice<\/em>.\u00a0 Routledge.<\/p>\n<p>Hodder, I, Shanks, M., Alexandri, A., Buchli, V., Carman, J., Last, J. &amp; Lucas, G. (eds.) 1995. <em>Interpreting Archaeology<\/em>. Routledge.<\/p>\n<p>&nbsp;<\/p>\n<p><u>Journal Articles<\/u><\/p>\n<p>Lucas, G &amp; B. Olsen 2022. The Case Study in Archaeological Theory. <em>American Antiquity <\/em>87(2): 352-67.<\/p>\n<p>Lucas, G &amp; C. Witmore 2022. Paradigm Lost: What is a Commitment to Theory in Contemporary Archaeology? <em>Norwegian Archaeological Review<\/em><\/p>\n<p>Lucas, G. 2022 Archaeological Stratigraphy and the Bifurcation of Time: Solido intra solidum. <em>Theory, Culture and Society<\/em> 39(2):95-109.<\/p>\n<p>Lucas, G., J.O. Jonsson &amp; K. Martin 2021. Pots for socks. Commodity itineraries in the North Atlantic during the 17th and 18th centuries. <em>Postmedieval Archaeology <\/em>55(2): 194-210<\/p>\n<p>Anamthawat-J\u00f3nsson, K., H. Sigurg\u00edslason and G. Lucas 2021. Wild fowl egg consumption in postmedieval Iceland. SEM analysis of archaeological eggshells from the Bishop\u2019s seat at Sk\u00e1lholt, southwest Iceland, <em>Journal of Archaeological Science<\/em>: <em>Reports<\/em> 38.<\/p>\n<p>Lucas, G. &amp; J. Robb. 2021. The Terrain of Thingworlds: central objects and asymmetry in material culture systems. <em>Journal of Material Culture<\/em> 26(2): 219-38.<\/p>\n<p>Maxwell, \u00c1.E., Lucas, G. 2021. The Archaeology of Z: Household Economies in Nineteenth-Century Iceland.\u00a0<em>Historical Archaeology<\/em> 55: 238-49.<\/p>\n<p>Konr\u00e1\u00f0sd\u00f3ttir, H., E Panagiotakopulu, G. Lucas, 2021. A very curious larder \u2013 Insects from post-medieval Sk\u00e1lholt, Iceland, and their implications for interpreting activity areas. <em>Journal of Archaeological Science<\/em> 126<\/p>\n<p>Lucas, G., \u00c1. Edwald Maxwell, J. O. J\u00f3nsson. 2020.\u00a0 Jar\u00f0fundin leirkir \u00e1 \u00cdslandi. <em>\u00c1rb\u00f3k hins \u00edslenzka fornleifaf\u00e9lags<\/em> 109:131-54.<\/p>\n<p>Nativ, A. &amp; G. Lucas 2020. Archaeology without Antiquity. <em>Antiquity<\/em> Vol. 94 (376): 852\u2013863<\/p>\n<p>J\u00fal\u00edusson, \u00c1, B. L\u00e1rusd\u00f3ttir, G. Lucas &amp; G. P\u00e1lsson 2020. Episcopal Economics. Property and Power in post-reformation Iceland. <em>Scandinavian Journal of History <\/em>45(1): 95-120<\/p>\n<p>Anna Severine Beck, Mads Dengs\u00f8 Jessen, Fredrik Fahlander, Gavin Murray Lucas, Ingrid Fuglestvedt &amp; Vesa-Pekka Herva. 2019. Will there be a next Nordic TAG? Reflections on theoretical archaeology in the Nordic countries today. <em>Ark\u00e6ologisk Forum<\/em> 41: 14-24.<\/p>\n<p>Lucas, G., G. \u00d3lafsson, A. P\u00e9tursd\u00f3ttir &amp; I. Skarph\u00e9\u00f0insson 2019. From fisherman\u2019s cottage to summerhouse. Towards an archaeology of poverty and affluence in twentieth century Iceland. <em>Archaeologia Islandica<\/em> 13:95-132.<\/p>\n<p>Hayeur-Smith, M., G. Lucas &amp; Q. Mould 2019. Men in Black. Performing Masculinity in 17<sup>th<\/sup>- and 18<sup>th<\/sup>-century Iceland. <em>Journal of Social Archaeology <\/em>19 (2): 229-54<\/p>\n<p>Lucas, G. 2018. The Unburied. On Archaeological Objects and Objectives. <em>Archaeological Dialogues<\/em> 25(1): 21-5.<\/p>\n<p>Hodder, I. &amp; G. Lucas 2017.\u00a0 The symmetries and asymmetries of human-thing relations: a dialogue. <em>Archaeological Dialogues<\/em> 24(2): 119-37.<\/p>\n<p>Hodder, I. &amp; G. Lucas 2017.\u00a0 Response to Commentaries. <em>Archaeological Dialogues<\/em> 24(2): 148-150<\/p>\n<p>Lucas, G. 2017. The Paradigm Concept in Archaeology. <em>World Archaeology<\/em> 49(2): 260-70.<\/p>\n<p>Lucas, G. 2017. Variations on a Theme: Assemblage Archaeology. <em>Cambridge Archaeological Journal <\/em>27:1, 187\u2013190<\/p>\n<p>Lucas, G. 2016. The Mobility of Theory. <em>Current Swedish Archaeology<\/em> 23: 13-32<\/p>\n<p>Lucas, G. 2016. What is Theory, What is Archaeology? Reply to Comments. <em>Current Swedish Archaeology <\/em>23: 73-82<\/p>\n<p>Lucas, G. 2015. Archaeology and Contemporaneity. <em>Archaeological Dialogues<\/em> 22(1): 1-15.<\/p>\n<p>Lucas, G. 2015. An Interview with Gordon Childe: Iceland, 1956. <em>Archaeologia Islandica <\/em>11: 73-84<\/p>\n<p>Lucas, G. 2015. Chronology and the Contemporary. In G. Whitehead, S. Traustad\u00f3ttir &amp; K. M\u00edmisson (eds.) <em>T\u00edmi, r\u00fdmi og s\u00fdnileiki<\/em>. \u00d3laf\u00eda V, Rit F\u00e9lags fornleifafr\u00e6\u00f0inga, Reykjav\u00edk, pp. 89-95.<\/p>\n<p>Hrei\u00f0arsd\u00f3ttir, E. &amp; Lucas, G. 2014. \u00deorpi\u00f0 \u00ed Vi\u00f0ey. <em>\u00c1rb\u00f3k hins \u00edszlenka fornleifaf\u00e9lags<\/em> 2013: 5-48.<\/p>\n<p>Gonz\u00e1lez-Ruibal, A. C. Holtorf, R. Harrison and L. Wilkie, with G. Lucas &amp; V. Buchli, 2014. Archaeologies of <em>Archaeologies of the Contemporary Past<\/em>: an interview with Victor Buchli and Gavin Lucas. <em>Journal of Contemporary Archaeology<\/em> 1(2): 63-74.<\/p>\n<p>Lucas, G. 2012. P\u00e1lst\u00f3ftir, <em>\u00c1rb\u00f3k hins \u00edszlenka fornleifaf\u00e9lags<\/em> 2011: 187-208<\/p>\n<p>Lucas, G &amp; Hrei\u00f0arsd\u00f3ttir, E. 2012. The Archaeology of Capitalism in Iceland. The view from Vi\u00f0ey.<em> International Journal of Historical Archaeology<\/em> 16: 604-621<\/p>\n<p>Lucas, G. 2012. Later Historical Archaeology in Iceland. A review'<em>. International Journal of Historical Archaeology<\/em> 16: 437-454<\/p>\n<p>Lucas, G. 2012. Raw, Cooked and Fluid Matter. <em>Norwegian Archaeological Review<\/em> 45(1): 99-102<\/p>\n<p>Lucas, G. 2011. Constructivism and the Mechanocene. <em>Norwegian Archaeological Review<\/em> 44(1):\u00a0 27-29.<\/p>\n<p>Lucas, G., 2010. Time and the archaeological archive. <em>Rethinking History,<\/em> 14(3), 343-59.<\/p>\n<p>Lucas, G. 2010. The Tensions of Modernity: Sk\u00e1lholt in the 17<sup>th<\/sup> and 18<sup>th<\/sup> centuries. <em>Journal of North Atlantic Archaeology<\/em>, Special Volume 1: 75-88<\/p>\n<p>Hughes, R.\u00a0 &amp; G. Lucas 2009. Geochemical Identification of the source for obsidian artefacts from the Viking Settlement at Hofsta\u00f0ir in M\u00fdvatnssveit, Northeastern Iceland. <em>Archaeologia Islandica<\/em> 7: 41-54.<\/p>\n<p>Lucas, G. 2008. \u2018P\u00e1lst\u00f3ftir: A Viking Age Shieling in Iceland\u2019, <em>Norwegian Archaeological Review <\/em>41(1): 85-100<\/p>\n<p>Lucas, G. &amp; T.H. McGovern,\u00a0 2008. \u2018Bloody Slaughter. Ritual Decapitation and Display at the Viking Settlement of Hofsta\u00f0ir, Iceland\u2019 <em>European Journal of Archaeology <\/em>10(1): 7-30<\/p>\n<p>Lucas, G. 2008. \u2018Time and the Archaeological Event\u2019 <em>Cambridge Archaeological Journal<\/em> 18(1): 59-64.<\/p>\n<p>Lucas, G. 2007. \u2018The Unbearable Lightness of Prehistory\u2019 <em>Journal of Iberian Archaeology<\/em> 9\/10: 25-37<\/p>\n<p>Lucas, G. 2007. \u2018The Slipperiness of Modernist Dichotomies: Comments on Alfredo Gonz\u00e1lez-Ruibal: The Past is Tomorrow: Towards an Archaeology of the Vanishing Present, Norwegian Archaeological Review 39, 110-125\u2019, <em>Norwegian Archaeological Review <\/em>40(1): 94-96.<\/p>\n<p>Lucas, G. 2007 \u2018Visions of Archaeology. An interview with Tim Murray\u2019 <em>Archaeological Dialogues<\/em> 14(2): 155-177<\/p>\n<p>Lucas, G. 2007 \u00b4V\u00edkingaaldarbygg\u00f0in \u00e1 Hofst\u00f6\u00f0um \u00ed M\u00fdvatnssveit\u2019 <em>\u00c1rb\u00f3k hins \u00edslenzka fornleifaf\u00e9lags<\/em> 2004-2005: 101-118<\/p>\n<p>Lucas, G. 2007 \u2018P\u00e1lst\u00f3ftir. Sel fr\u00e1 v\u00edkinga\u00f6ld vi\u00f0 K\u00e1rahnj\u00faka\u2019 <em>M\u00fala\u00feing<\/em> 34: 110-119<\/p>\n<p>Sn\u00e6sd\u00f3ttir, M. &amp; Lucas, G. 2007 \u2018Kostur Sk\u00e1lholts\u2019 <em>\u00c1rnessingur<\/em> VIII: 75-103<\/p>\n<p>McGovern, T. Orri V\u00e9steinsson, Adolf Fri\u00f0riksson, Mike Church, Ian Lawson, Ian Simpson, Arni Einarsson, Andy Dugmore, Gordon Cook, Sophia Perdikaris, Kevin Edwards, Amanda Thomson, Paul Adderley, Anthony Newton, Gavin Lucas, Ragnar Edvardsson, Oscar Aldred &amp; Elaine Dunbar 2007 \u2018Landscapes of Settlement in Northern Iceland: Historical Ecology of Human Impact and Climate Fluctuation on the Millennial Scale\u2019 <em>American Antrhopologist<\/em> 109 (1): 27-51.<\/p>\n<p>Lucas, G. 2006. \u2018Archaeology at the edge. An interview with Martin Hall\u2019, <em>Archaeological Dialogues<\/em> 13 (1): 55-67<\/p>\n<p>Lucas, G. 2006. \u2018Archaeologies of Modernity in the Land of the Sagas\u2019, with Mj\u00f6ll Sn\u00e6sd\u00f3ttir, <em>Meta<\/em>. <em>Medeltidarkeologisk Tidskrift<\/em> 2006 no.3, pp.5-18<\/p>\n<p>Lucas, G. M (2004) \u2018\u00cdslensk fornleifafr\u00e6\u00f0i \u00ed nor\u00f0ur-evr\u00f3psku samhengi\u2019, <em>Riti\u00f0<\/em> 2: 11-28.<\/p>\n<p>Lucas, G. M. (2004) \u2018Modern Disturbances. On the Ambiguities of Archaeology\u2019 <em>Modernism\/modernity<\/em> 11<\/p>\n<p>Lucas, G. M. &amp; Regan, R (2003) \u2018The Changing Vernacular. Archaeological Excavations at Temple End, High Wycombe, Buckinghamshire\u2019 <em>Journal of Post-Medieval Archaeology<\/em> 33<\/p>\n<p>Lucas, G. M. (2003) \u2018Reading Pottery. Literature and Transfer-printed pottery in the early Nineteenth Century\u2019, <em>International Journal of Historical Archaeology<\/em> 7<\/p>\n<p>Gibson, D. &amp; Lucas, G. M. (2002) \u2018Pre-Flavian Kilns at Greenhouse Farm and the Social Context of Early Pottery Production \u2019 <em>Britannia<\/em><\/p>\n<p>Lucas G. M. (2002) \u2018Disposability and Dispossession in the Twentieth Century\u2019 <em>Journal of Material Culture<\/em> 7: 5-22<\/p>\n<p>Lucas, G. M. (2001) \u2018Destruction and the Rhetoric of Excavation. <em>Norwegian Archaeological Review <\/em>34: 35-46<em>.<\/em><\/p>\n<p>Lucas G. M. (1998) \u2018A Medieval Fishery on Whittlesea Mere\u2019. <em>Medieval Archaeology<\/em> XLII, pp19-44.<\/p>\n<p>Lucas G.M. (1997) \u2018Forgetting the Past\u2019. <em>Anthropology Today <\/em>13 (1): 8-14<\/p>\n<p>Lucas G.M. (1996) \u2018Of Death and Debt. A History of the Body in Neolithic and Early Bronze Age Yorkshire\u2019. <em>Journal of European Archaeology<\/em> 4: 99-118<\/p>\n<p>Lucas G.M. (1995) \u2018The Changing Face of Time. A Study of English Domestic Clocks from the Seventeeth to Nineteenth Centuries\u2019. <em>Journal of Design History<\/em> vol 8 no.1 pp1-9<\/p>\n<p>Horton W., G. Lucas &amp; G. Wait (1994) \u2018Excavation of a Roman Site near Wimpole, Cambs., 1989\u2019. <em>Proceedings of the Cambridge Antiquarian Society <\/em>LXXXIII pp31-74<\/p>\n<p>Lucas G.M. (1989) Review of \"The Archaeology of Contextual Meanings\", ed. I. Hodder. <em>Bulletin of the Institute of Archaeology<\/em> 26, pp274-275<\/p>\n<p>&nbsp;<\/p>\n<p><u>Book Chapters, Conference proceedings, etc.<\/u><\/p>\n<p>Lucas, G. (forthcoming 2020). Money Makes the World Go Round. Towards an archaeology of money in the modern world. In Penny Crook and Christine Williamson (eds). <em>Archaeology, History, Philosophy and Heritage: Essays in Honour of Tim Murray.<\/em><\/p>\n<p>Lucas, G. 2020. Sk\u00e1l! Drykkjuskapur \u00ed Sk\u00e1lholti \u00e1 17. og 18. \u00d6ld. In Gu\u00f0r\u00fan Alda G\u00edslad\u00f3ttir, Hildur Gestsd\u00f3ttir &amp; Orri V\u00e9steinsson (eds.) <em>Minja\u00feing \u2013 helga\u00f0 Mj\u00f6ll Sn\u00e6sd\u00f3ttir<\/em>. Reykjav\u00edk: Fornleifastofnun \u00cdslands, bls. 227-44.<\/p>\n<p>Lucas, G. 2019. Periodization in Archaeology. Starting in the Ground. In: S. Souvatzi, A. Baysal &amp; E. Baysal (eds.) <em>Time and History in Prehistory<\/em>. London: Routldge. Pp.77-94<\/p>\n<p>Lucas, G. 2018. The Archaeological Record. In: S.L. L\u00f3pez Varela (ed.) <em>SAS Encyclopedia of Archaeological Sciences<\/em>. Wiley Blackwell.<\/p>\n<p>Aldred, O. &amp; G. Lucas, 2018. The Map as Assemblage. Landscape Archaeology and Mapwork. In: M. Gillings, P. Hac\u0131g\u00fczeller and G. Lock\u00a0 (eds.) <em>Rethinking the Map: Critical Perspectives, Alternative Mappings<\/em>. London: Routledge, pp.19-36<\/p>\n<p>Lucas, G. 2018. Symbiotic architectures. In: S. Pilaar-Birch (ed.) <em>Multispecies Archaeology<\/em>. London: Routledge pp.105-117<\/p>\n<p>Lucas, G. 2017. Later Historical Archaeologies of the North Atlantic. In: J. Symonds and V. Pekka-Herva (eds.) The Oxford Handbook of Historical Archaeology. (online version: DOI: 10.1093\/oxfordhb\/9780199562350.013.30).<\/p>\n<p>Lucas, G. 2016. Building Lives. In: M. Bille &amp; T. Flohr-S\u00f8rensen (eds.) <em>Elements of Architecture<\/em>. London: Routledge, pp.105-120.<\/p>\n<p>Lucas, G. &amp; \u00c1. Edwald 2015. Capitalism and Mobility in the North Atlantic, In M. Leone &amp; J. Knaupf (eds.) <em>Historical Archaeologies of Capitalism<\/em>, New York: Springer.<\/p>\n<p>Lucas, G. 2015. Debating Archaeological Empiricism: Some Closing Comments, In: J. Siapkas &amp; C. Hillerdal (eds.) <em>Debating Archaeological Empiricism<\/em>. London: Routledge.<\/p>\n<p>Lucas, G. 2015. Chronology and the Contemporary. In G. Whitehead, S. Traustad\u00f3ttir &amp; K. M\u00edmisson (eds.) <em>T\u00edmi, r\u00fdmi og s\u00fdnileiki<\/em>. \u00d3laf\u00eda V, Rit F\u00e9lags fornleifafr\u00e6\u00f0inga, Reykjav\u00edk, pp. 89-95.<\/p>\n<p>Lucas, G. 2014. \u201cEvidence of What? On the Possibilites of Archaeology\u201d. In A. Wylie &amp; B. Chapman (eds.) <em>Material Culture as Evidence<\/em>. London: Routledge, pp. 311-323.<\/p>\n<p>Lucas, G. 2014. \u201cMoving On: a conversation with Chris Witmore\u201d, In \u00d6. Harman\u015fah (ed.) <em>Rocks and Water: an archaeology of place<\/em>, Oxford: Oxbow Books, pp.242-244.<\/p>\n<p>Lucas, G. 2014. \u201cInterpretation in Archaeological Theory\u201d. In C. Smith (ed.) Encyclopedia of Global Archaeology, pp. 4013-4022. (also online version: file:\/\/\/C:\/Users\/Gavin%20Lucas\/Documents\/Publications\/Book%20Chapters\/EGA\/Published%20pdfs\/Interpretation%20in%20Archaeological%20Theory%20-%20Springer.htm).<\/p>\n<p>Lucas, G. 2014. Time. In A. Gardiner, M. Lake &amp; U. Sommer (eds) <em>The Oxford Handbook of Archaeological Theory<\/em> (online version 2014: http:\/\/www.oxfordhandbooks.com\/view\/10.1093\/oxfordhb\/9780199567942.001.0001\/oxfordhb-9780199567942-e-016?rskey=wTOb0r&amp;result=1)<\/p>\n<p>Lucas, G. 2014. \u201cConduits of Dispersal. Dematerializing an early twentieth century village in Iceland,\u201c in B. Olsen &amp; \u00de. P\u00e9tursd\u00f3ttir (eds.) <em>Ruin Memories: materialities, aesthetics and the archaeology of the recent past,<\/em> London: Routledge.<\/p>\n<p>Lucas, G. 2013. \u201cArchaeology and the Science of New Objects,\u201c in B. Alberti, A. Jones &amp; J. Pollard (eds.) <em>Archaeology after Interpretation: returning materials to archaeological theory<\/em>. Walnut Creek, CA: Left Coast Press.<\/p>\n<p>Lucas, G. 2013. Ruins. In Paul Graves-Brown, Rodney Harrison and Angela Piccini (eds.) <em>The Oxford Handbook of the Archaeology of the Contemporary World<\/em>. Oxford: Oxford University Press, pp.192-203.<\/p>\n<p>Lucas, G. &amp; Parigoris, A. 2012. Icelandic Archaeology and the ambiguities of colonialism. In J. Nordin &amp; M. Naum (eds.) <em>Small time agents in a global arena: Danish and Swedish colonialism and the rise of modernity<\/em>. New York: Springer.<\/p>\n<p>Lucas, G. 2011. Excavations at the Viking Age Settlement of Hofsta\u00f0ir in North-Eastern Iceland. In: <em>Viking Settlements and Viking Societies. Papers from the Proceedings of the Sixteenth Viking Congress, Reykjav\u00edk and Reykholt, 16-23 August 2009<\/em>. Ed. Svavar Sigmundsson. Reykjav\u00edk: University of Iceland Press. Pp.273-291.<\/p>\n<p>Fri\u00f0riksson, A. &amp; Lucas, G. 2011. Fornleifastofnun \u00cdslands og hlutverk fornleifafr\u00e6\u00f0innar \u00ed samt\u00edmanum. In: V\u00e9steinsson, O., Lucas, G., \u00de\u00f3rsd\u00f3ttir, K. &amp; Gylfad\u00f3ttir, R. (eds.) 2011. <em>Upp \u00e1 yfirbor\u00f0i\u00f0. N\u00fdar ranns\u00f3knir \u00ed \u00edslenskri fornleifafr\u00e6\u00f0i.<\/em> Reykjav\u00edk: Fornleifastofnun \u00cdslands, pp.11-21.<\/p>\n<p>Lucas, G. &amp; Roberts, H. 2011. Fornleifar \u00ed fersku lj\u00f3si. N\u00fdar ranns\u00f3knir \u00e1 fj\u00f3rum landn\u00e1msb\u00fdlum. In: V\u00e9steinsson, O., Lucas, G., \u00de\u00f3rsd\u00f3ttir, K. &amp; Gylfad\u00f3ttir, R. (eds.) 2011. <em>Upp \u00e1 yfirbor\u00f0i\u00f0. N\u00fdar ranns\u00f3knir \u00ed \u00edslenskri fornleifafr\u00e6\u00f0i.<\/em> Reykjav\u00edk: Fornleifastofnun \u00cdslands, pp.25-48.<\/p>\n<p>Lucas, G. 2011. A\u00f0 grafa upp n\u00fat\u00edmann. Fornleifar si\u00f0ari t\u00edma \u00e1 \u00cdslandi. In: V\u00e9steinsson, O., Lucas, G., \u00de\u00f3rsd\u00f3ttir, K. &amp; Gylfad\u00f3ttir, R. (eds.) 2011. <em>Upp \u00e1 yfirbor\u00f0i\u00f0. N\u00fdar ranns\u00f3knir \u00ed \u00edslenskri fornleifafr\u00e6\u00f0i.<\/em> Reykjav\u00edk: Fornleifastofnun \u00cdslands, pp.141-151.<\/p>\n<p>Lucas, G. 2011. Kr\u00e6klingamynstur. In: V\u00e9steinsson, O., Lucas, G., \u00de\u00f3rsd\u00f3ttir, K. &amp; Gylfad\u00f3ttir, R. (eds.) 2011. <em>Upp \u00e1 yfirbor\u00f0i\u00f0. N\u00fdar ranns\u00f3knir \u00ed \u00edslenskri fornleifafr\u00e6\u00f0i.<\/em> Reykjav\u00edk: Fornleifastofnun \u00cdslands, p. 150.<\/p>\n<p>Lucas, G., 2010. Triangulating Absence: exploring the fault-lines between archaeology and anthropology, in <em>Archaeology and Anthropology. Understanding similarity, exploring difference<\/em>, eds. D. Garrow &amp; T. Yarrow Oxford: Oxbow Books, 28-39.<\/p>\n<p>Lucas, G., 2010. Fieldwork and Collecting, in <em>Oxford Handbook of Material Culture Studies<\/em>, eds. D. Hicks &amp; M. C. Beaudry Oxford: Oxford University Press, 227-43.<\/p>\n<p>Lucas, G. 2010. The Ceramic Revolution in Iceland 1850-1950, in J. Symonds (ed.)\u00a0 <em>Table Settings: the Material Culture and Social Context of Dining, AD 1700-1900<\/em>, Oxford: Oxbow Books, 125-132<\/p>\n<p>Lucas, G. 2010. Class Identity and Postcolonialism, in J. Lydon &amp; U. Rizvi (eds.) <em>Handbook of Postcolonial Archaeology<\/em>, Walnut Creek, Left Coast Press. 349-357.<\/p>\n<p>Aldred, O. &amp; Lucas, G 2010. Events, Temporalities and Landscapes in Iceland, in D. Bolender (ed.) <em>Eventful Archaeologies: New Approaches to Social Transformation in the Archaeological Record<\/em>, Albany, State University of New York Press, 189-198.<\/p>\n<p>Lucas, G. 2009. Materiality and the Paradox of Material Culture. In G. J\u00f3hannesson &amp; H. Bj\u00f6rnsd\u00f3ttir (eds.) <em>Ranns\u00f3knir \u00ed F\u00e9lagsv\u00edsindum X<\/em>, pp.427-36.<\/p>\n<p>Lucas, G. 2007 \u2018The widespread adoption of pottery in Iceland 1850-1950\u2019 in Benedikt Ey\u00fe\u00f3rsson &amp; Hrafnkell L\u00e1russon (ritstj.) <em>\u00deri\u00f0ja \u00edslenska s\u00f6gu\u00feing 18-21 mai 2006<\/em>, Reykjav\u00edk, bls.62-8.<\/p>\n<p>Lucas, G. 2007 \u2018The Viking settlement at Hofsta\u00f0ir in M\u00fdvatnssveit\u2019 in Benedikt Ey\u00fe\u00f3rsson &amp; Hrafnkell L\u00e1russon (ritstj.) <em>\u00deri\u00f0ja \u00edslenska s\u00f6gu\u00feing 18-21 mai 2006<\/em>, Reykjav\u00edk, bls.198-204.<\/p>\n<p>Lucas, G.\u00a0 2007 \u2018Tense reflections in the North Area\u2019 in Ian Hodder (ed.) <em>Excavating \u00c7atalh\u00f6y\u00fck: South, North and Kopal Area reports from the 1995-99 seasons<\/em>, McDonald Institute Monographs\/British Institute at Ankara Monograph No.37, pp.393-394.<\/p>\n<p>Lucas, G. 2007 \u2018The Pottery\u2019 in I Rogers &amp; D Garner (eds.) <em>Wilderspool and Holditch Roman Boom-Towns in the \u2018Road North\u2019<\/em>, British Archaeological Reports Series 449, pp.71-77; 86-90; 114-117.<\/p>\n<p>Lucas, G. 2006. \u2018Historical Archaeology and Time\u2019, in <em>The Cambridge Companion to Historical Archaeology<\/em>, eds. Dan Hicks and Mary Beaudry, CUP, pp.34-47<\/p>\n<p>Lucas, G. 2006. \u2018The Roman Pottery\u2019 and other contributions to <em>Marshland Communities and Cultural Landscapes from the Bronze Age to the Present Day<\/em> (Haddenham Project Volume 2), C. Evans &amp; I. Hodder, McDonald Institute Monographs, Cambridge, pp.92-3, 197-205, 353-7, 365-9, 396-407, 411-13, 431-5, 442-3, 446-50<\/p>\n<p>Lucas, G. 2006. \u2018Changing configurations: the relationships between theory and practice\u2019 in <em>Archaeological Resource Management in the UK. An Introduction<\/em> (2nd Edition), eds. John Hunter and Ian Ralston, pp.15-22, Sutton Publishing Limited<\/p>\n<p>Mj\u00f6ll Sn\u00e6sd\u00f3ttir, Gavin Lucas and Orri V\u00e9steinsson, 2006. \u2018Fornleifar og ranns\u00f3knir \u00ed Sk\u00e1lholti\u2019, in <em>Saga biskupsst\u00f3lanna<\/em>, eds. Gunnar Kristj\u00e1nsson and \u00d3skar Gu\u00f0mundsson, B\u00f3ka\u00fatg\u00e1fan H\u00f3lar, pp. 675-697<\/p>\n<p>Lucas G. M. (1997) \u2018Prehistoric, Roman and Post-Roman Pottery\u2019, In Price, Brooks and Maynard (eds.) <em>The Archaeology of the St. Neots to Duxford Gas Pipeline 1994<\/em>. BAR 255, pp.49-88. Oxford<\/p>\n<p>Pollard, J., Hall, D. &amp; Lucas, G. (2001) \u2018Excavation of a Medieval Saltern at Parson Drove, Cambridgeshire\u2019, in T. Lane &amp; E. Morris (eds.) <em>A Millennium of Saltmaking: Prehistoric and Romano-British Salt Production in the Fenland<\/em>, pp.427-455. Sleaford: Heritage Trust of Lincolnshire.<\/p>\n<p>Buchli, V. &amp; Lucas, G.M. (2000) \u2018Childhood and Modernity\u2019, in <em>The Archaeology of Childhood<\/em>, ed. J. Sofaer-Deverenski. Routledge.<\/p>\n<p>Lucas G.M. (1999) \u2018The Archaeology of the Workhouse\u2019, in <em>The Familiar Past? Archaeologies of Britain 1550-1995<\/em>, eds. Tarlow &amp; West Routledge.<\/p>\n<p>Lucas G.M. (1995) \u2018Interpretation in Contemporary Archaeology: Some Philosophical Issues\u2019. <em>Interpreting Archaeology<\/em>, eds. Hodder &amp; Shanks et al., Routledge pp37-44<\/p>\n<p>&nbsp;<\/p>\n<p><u>Book Reviews<\/u><\/p>\n<p>&nbsp;<\/p>\n<p>Lucas, G. 2017. Review of Robert Chapman and Alison Wylie, Evidential Reasoning in Archaeology. <em>European Journal of Archaeology<\/em> 20(4): 740-44.<\/p>\n<p>Lucas, G. 2014. Review of J. Pillsbury (ed.) Past Presented. Archaeological Illustration and the Ancient Americas. <em>Journal of the Royal Anthropological Institute<\/em> 20: 190-91.<\/p>\n<p>Lucas, G. 2010. Review of B. Mills &amp; W. Walker (eds.) Memory Work. <em>Journal of Field Archaeology<\/em> 34(4): 497-99<\/p>\n<p>Lucas, G. 2010. Review of Laurent Olivier, Le Sombre Ab\u00eeme du Temps. <em>European Journal of Archaeology<\/em> 13: 273-275<\/p>\n<p>Lucas, G. 2010. Review of S. Holdaway &amp; L.Wansnider (eds.). Time in archaeology: time perspectivism revisited. <em>Antiquity<\/em> 84: 572-573<\/p>\n<p>Lucas, G. 2009. Review of Sadrettin Dural: Protecting Catalhoyuk. Memoirs of an archaeological site guard. <em>Conservation and Management of Archaeological Sites<\/em> 10(2): 192-3.<\/p>\n<p>Lucas, G. 2008. Review of Measuring Time with Artifacts, by Lyman &amp; O\u2019Brien, <em>American Antiquity<\/em> 73(3): 565-6<\/p>\n","protected":false},"excerpt":{"rendered":"<p>Books Lucas, G. 2023. Archaeological Situations. London: Routledge Lucas, G. 2021. Making Time. London: Routledge Lucas, G. And Olivier, L. 2021. Conversations About Time. London: Routledge Evans, C. &amp; Lucas G. 2020. Hinterlands and Inlands: The Archaeology of West Cambridge and Roman Cambridge Revisited. Cambridge: McDonald Institute for Archaeological Research Lucas, G. 2019. Writing the &hellip; <\/p>\n<p class=\"link-more\"><a href=\"https:\/\/uni.hi.is\/gavin\/about-me\/publications\/\" class=\"more-link\">Continue reading<span class=\"screen-reader-text\"> \"Publications\"<\/span><\/a><\/p>\n","protected":false},"author":1550,"featured_media":0,"parent":17,"menu_order":0,"comment_status":"closed","ping_status":"closed","template":"","meta":{"footnotes":""},"class_list":["post-8","page","type-page","status-publish","hentry"],"_links":{"self":[{"href":"https:\/\/uni.hi.is\/gavin\/wp-json\/wp\/v2\/pages\/8","targetHints":{"allow":["GET"]}}],"collection":[{"href":"https:\/\/uni.hi.is\/gavin\/wp-json\/wp\/v2\/pages"}],"about":[{"href":"https:\/\/uni.hi.is\/gavin\/wp-json\/wp\/v2\/types\/page"}],"author":[{"embeddable":true,"href":"https:\/\/uni.hi.is\/gavin\/wp-json\/wp\/v2\/users\/1550"}],"replies":[{"embeddable":true,"href":"https:\/\/uni.hi.is\/gavin\/wp-json\/wp\/v2\/comments?post=8"}],"version-history":[{"count":4,"href":"https:\/\/uni.hi.is\/gavin\/wp-json\/wp\/v2\/pages\/8\/revisions"}],"predecessor-version":[{"id":45,"href":"https:\/\/uni.hi.is\/gavin\/wp-json\/wp\/v2\/pages\/8\/revisions\/45"}],"up":[{"embeddable":true,"href":"https:\/\/uni.hi.is\/gavin\/wp-json\/wp\/v2\/pages\/17"}],"wp:attachment":[{"href":"https:\/\/uni.hi.is\/gavin\/wp-json\/wp\/v2\/media?parent=8"}],"curies":[{"name":"wp","href":"https:\/\/api.w.org\/{rel}","templated":true}]}}