{"id":64,"date":"2010-02-15T12:08:34","date_gmt":"2010-02-15T12:08:34","guid":{"rendered":"http:\/\/skrif.hi.is\/ghalfd\/?page_id=64"},"modified":"2020-06-07T17:28:57","modified_gmt":"2020-06-07T17:28:57","slug":"kennsla","status":"publish","type":"page","link":"https:\/\/uni.hi.is\/ghalfd\/kennsla\/","title":{"rendered":"Kennsla"},"content":{"rendered":"<p><!--:de-->2007-2011: Kennsluleyfi<\/p>\n<p>2011 vor: SAG202G Heimssaga eftir 1815 (me\u00f0 Val Ingimundarsyni)<!--:--><!--:en--><\/p>\n<p>2011 vor: SAG202G Heimssaga eftir 1815 (me\u00f0 Val Ingimundarsyni)<\/p>\n<p>2011 haust: SAG317G H\u00e1sk\u00f3li \u00cdslands og \u00edslenskt samf\u00e9lag<\/p>\n<p>2012 vor: Kennsluleyfi<\/p>\n<p>2012 haust: Ranns\u00f3knamisseri<!--:--><!--:zh--><\/p>\n<p>2013 vor: SAG202G Heimssaga eftir 1815 (me\u00f0 Val Ingimundarsyni)<!--:--><\/p>\n<p>2013 haust: Ranns\u00f3knamisseri<\/p>\n<p>2014 vor: SAG202G Heimssaga eftir 1815 (me\u00f0 Val Ingimundarsyni)<\/p>\n<p>2014 vor: GSS002M \u00de\u00e6ttir \u00far fj\u00f6lskyldu- og f\u00f3lksfj\u00f6ldas\u00f6gu (me\u00f0 \u00d3l\u00f6fu Gar\u00f0arsd\u00f3ttur)<\/p>\n<p>2014 haust: SAG705F \u00dej\u00f3\u00f0r\u00edki Evr\u00f3pu og Evr\u00f3pusamruninn<\/p>\n<p>2015 vor: SAG202G Heimssaga eftir 1815 (me\u00f0 Val Ingimundarsyni)<\/p>\n","protected":false},"excerpt":{"rendered":"<p>2007-2011: Kennsluleyfi 2011 vor: SAG202G Heimssaga eftir 1815 (me\u00f0 Val Ingimundarsyni) 2011 vor: SAG202G Heimssaga eftir 1815 (me\u00f0 Val Ingimundarsyni) 2011 haust: SAG317G H\u00e1sk\u00f3li \u00cdslands og \u00edslenskt samf\u00e9lag 2012 vor: Kennsluleyfi 2012 haust: Ranns\u00f3knamisseri 2013 vor: SAG202G Heimssaga eftir 1815 (me\u00f0 Val Ingimundarsyni) 2013 haust: Ranns\u00f3knamisseri 2014 vor: SAG202G Heimssaga eftir 1815 (me\u00f0 Val Ingimundarsyni) [&hellip;]<\/p>\n","protected":false},"author":152,"featured_media":0,"parent":0,"menu_order":3,"comment_status":"closed","ping_status":"closed","template":"","meta":{"footnotes":""},"class_list":["post-64","page","type-page","status-publish","hentry"],"_links":{"self":[{"href":"https:\/\/uni.hi.is\/ghalfd\/wp-json\/wp\/v2\/pages\/64","targetHints":{"allow":["GET"]}}],"collection":[{"href":"https:\/\/uni.hi.is\/ghalfd\/wp-json\/wp\/v2\/pages"}],"about":[{"href":"https:\/\/uni.hi.is\/ghalfd\/wp-json\/wp\/v2\/types\/page"}],"author":[{"embeddable":true,"href":"https:\/\/uni.hi.is\/ghalfd\/wp-json\/wp\/v2\/users\/152"}],"replies":[{"embeddable":true,"href":"https:\/\/uni.hi.is\/ghalfd\/wp-json\/wp\/v2\/comments?post=64"}],"version-history":[{"count":10,"href":"https:\/\/uni.hi.is\/ghalfd\/wp-json\/wp\/v2\/pages\/64\/revisions"}],"predecessor-version":[{"id":397,"href":"https:\/\/uni.hi.is\/ghalfd\/wp-json\/wp\/v2\/pages\/64\/revisions\/397"}],"wp:attachment":[{"href":"https:\/\/uni.hi.is\/ghalfd\/wp-json\/wp\/v2\/media?parent=64"}],"curies":[{"name":"wp","href":"https:\/\/api.w.org\/{rel}","templated":true}]}}