{"id":11,"date":"2010-02-26T13:22:02","date_gmt":"2010-02-26T13:22:02","guid":{"rendered":"http:\/\/uni.hi.is\/gudmjons\/starfsferill\/"},"modified":"2025-09-22T09:57:45","modified_gmt":"2025-09-22T09:57:45","slug":"starfsferill","status":"publish","type":"page","link":"https:\/\/uni.hi.is\/gudmjons\/starfsferill\/","title":{"rendered":"N\u00e1ms- og starfsferill"},"content":{"rendered":"<p><strong>Menntun<\/strong><br \/>\n1992: Doktorsgr\u00e1\u00f0a (Ph.D.) fr\u00e1 hags\u00f6gudeild London School of Economics and Political Science.<br \/>\n1985: Uppeldis- og kennslufr\u00e6\u00f0i til kennarar\u00e9ttinda vi\u00f0 H\u00e1sk\u00f3la \u00cdslands.<br \/>\n1983: Cand. mag. pr\u00f3f fr\u00e1 H\u00e1sk\u00f3la \u00cdslands.<br \/>\n1979: BA-pr\u00f3f fr\u00e1 H\u00e1sk\u00f3la \u00cdslands me\u00f0 sagnfr\u00e6\u00f0i sem a\u00f0algrein (60 ein.) og \u00fej\u00f3\u00f0f\u00e9lagsfr\u00e6\u00f0i sem aukagrein (30 ein.).<\/p>\n<p><strong>St\u00f6rf<\/strong><br \/>\n2025: Pr\u00f3fessor emeritus.<br \/>\n2004-2025: Pr\u00f3fessor \u00ed sagnfr\u00e6\u00f0i vi\u00f0 H.\u00cd.<br \/>\n2002\u20132004: Forst\u00f6\u00f0uma\u00f0ur Sagnfr\u00e6\u00f0istofnunar H\u00e1sk\u00f3la \u00cdslands.<br \/>\n2000 \u20132004: D\u00f3sent \u00ed sagnfr\u00e6\u00f0i vi\u00f0 H.\u00cd.<br \/>\n1998\u20132000: Lektor \u00ed sagnfr\u00e6\u00f0i vi\u00f0 H.\u00cd.<br \/>\n1994\u20131998: Ranns\u00f3knarsta\u00f0a vi\u00f0 Sagnfr\u00e6\u00f0istofnun H\u00e1sk\u00f3la \u00cdslands. Heiti ranns\u00f3knarverkefnis: \u00dej\u00f3\u00f0arframlei\u00f0sla \u00e1 \u00cdslandi 1870\u20131945.<br \/>\n1993\u20131998: Stundakennsla \u00e1 h\u00e1sk\u00f3lastigi.<br \/>\n1992\u20131994: Samning og me\u00f0ritstj\u00f3rn b\u00f3karinnar <em>Hagskinna. S\u00f6gulegar hagt\u00f6lur um \u00cdsland\u00a0<\/em> \u00e1 vegum Hagstofu \u00cdslands.<br \/>\n1991\u20131992: Ranns\u00f3kn \u00e1 s\u00f6gulegum hagt\u00f6lum fyrir 1914, me\u00f0 styrk fr\u00e1 V\u00edsindasj\u00f3\u00f0i.<br \/>\n1978\u20131981: Kennari vi\u00f0 Menntask\u00f3lann \u00ed Reykjav\u00edk<br \/>\n1978\u20131987: Kennari vi\u00f0 Menntask\u00f3lann vi\u00f0 Sund<\/p>\n<p><strong>Stj\u00f3rnunarst\u00f6rf og f\u00e9lagsst\u00f6rf \u00e1 svi\u00f0i sagnfr\u00e6\u00f0i<\/strong><br \/>\n2018\u20132021: Forst\u00f6\u00f0uma\u00f0ur Sagnfr\u00e6\u00f0istofnunar H\u00e1sk\u00f3la \u00cdslands.<br \/>\n2012\u20132014: Forma\u00f0ur n\u00e1msbrautar \u00ed sagnfr\u00e6\u00f0i.<br \/>\n2007\u20132013: Forma\u00f0ur stj\u00f3rnar Mi\u00f0st\u00f6\u00f0var munnlegrar s\u00f6gu.<br \/>\n2002\u20132004: Forst\u00f6\u00f0uma\u00f0ur Sagnfr\u00e6\u00f0istofnunar H\u00e1sk\u00f3la \u00cdslands. Forma\u00f0ur Landsnefndar sagnfr\u00e6\u00f0inga.<br \/>\n2000: Forma\u00f0ur starfsh\u00f3ps sem skipa\u00f0ur var af rektor til a\u00f0 kanna og skipuleggja n\u00e1m \u00ed fornleifafr\u00e6\u00f0i.<br \/>\n1999\u20132005: Forma\u00f0ur stj\u00f3rnar Skjalasafns H\u00e1sk\u00f3la \u00cdslands.<br \/>\n1999\u20132000: Forma\u00f0ur sagnfr\u00e6\u00f0iskorar 1999-2000.<br \/>\n1995\u20132002: Ritstj\u00f3ri t\u00edmaritanna <em>S\u00f6gu<\/em> og <em>N\u00fdrrar s\u00f6gu<\/em> \u00e1samt Gu\u00f0mundi J. Gu\u00f0mundssyni og Sigur\u00f0i Ragnarssyni.<br \/>\n1994\u20131997: S\u00e6ti \u00ed Landsnefnd sagnfr\u00e6\u00f0inga fyrir h\u00f6nd Sagnfr\u00e6\u00f0ingaf\u00e9lags \u00cdslands.<br \/>\n1992\u20131994: Stj\u00f3rnarma\u00f0ur \u00ed Sagnfr\u00e6\u00f0ingaf\u00e9lagi \u00cdslands.<br \/>\n1985\u20131987: Stj\u00f3rnarma\u00f0ur \u00ed F\u00e9lagi s\u00f6gukennara \u00ed framhaldsssk\u00f3lum.<br \/>\n1984\u20131987 og 1995\u20131998: Stj\u00f3rnarma\u00f0ur \u00ed S\u00f6guf\u00e9lagi.<br \/>\n1981\u20131983: Forma\u00f0ur Sagnfr\u00e6\u00f0ingaf\u00e9lags \u00cdslands.<\/p>","protected":false},"excerpt":{"rendered":"<p>Menntun 1992: Doktorsgr\u00e1\u00f0a (Ph.D.) fr\u00e1 hags\u00f6gudeild London School of Economics and Political Science. 1985: Uppeldis- og kennslufr\u00e6\u00f0i til kennarar\u00e9ttinda vi\u00f0 H\u00e1sk\u00f3la \u00cdslands. 1983: Cand. mag. pr\u00f3f fr\u00e1 H\u00e1sk\u00f3la \u00cdslands. 1979: BA-pr\u00f3f fr\u00e1 H\u00e1sk\u00f3la \u00cdslands me\u00f0 sagnfr\u00e6\u00f0i sem a\u00f0algrein (60 ein.) og \u00fej\u00f3\u00f0f\u00e9lagsfr\u00e6\u00f0i sem aukagrein (30 ein.). St\u00f6rf 2025: Pr\u00f3fessor emeritus. 2004-2025: Pr\u00f3fessor \u00ed sagnfr\u00e6\u00f0i vi\u00f0 [&hellip;]<\/p>\n","protected":false},"author":7,"featured_media":0,"parent":0,"menu_order":4,"comment_status":"closed","ping_status":"closed","template":"","meta":{"footnotes":""},"class_list":["post-11","page","type-page","status-publish","hentry"],"_links":{"self":[{"href":"https:\/\/uni.hi.is\/gudmjons\/wp-json\/wp\/v2\/pages\/11","targetHints":{"allow":["GET"]}}],"collection":[{"href":"https:\/\/uni.hi.is\/gudmjons\/wp-json\/wp\/v2\/pages"}],"about":[{"href":"https:\/\/uni.hi.is\/gudmjons\/wp-json\/wp\/v2\/types\/page"}],"author":[{"embeddable":true,"href":"https:\/\/uni.hi.is\/gudmjons\/wp-json\/wp\/v2\/users\/7"}],"replies":[{"embeddable":true,"href":"https:\/\/uni.hi.is\/gudmjons\/wp-json\/wp\/v2\/comments?post=11"}],"version-history":[{"count":46,"href":"https:\/\/uni.hi.is\/gudmjons\/wp-json\/wp\/v2\/pages\/11\/revisions"}],"predecessor-version":[{"id":1036,"href":"https:\/\/uni.hi.is\/gudmjons\/wp-json\/wp\/v2\/pages\/11\/revisions\/1036"}],"wp:attachment":[{"href":"https:\/\/uni.hi.is\/gudmjons\/wp-json\/wp\/v2\/media?parent=11"}],"curies":[{"name":"wp","href":"https:\/\/api.w.org\/{rel}","templated":true}]}}