{"id":2,"date":"2010-02-26T13:08:04","date_gmt":"2010-02-26T13:08:04","guid":{"rendered":""},"modified":"2025-10-28T15:49:54","modified_gmt":"2025-10-28T15:49:54","slug":"about","status":"publish","type":"page","link":"https:\/\/uni.hi.is\/gudmjons\/about\/","title":{"rendered":"Kennsla"},"content":{"rendered":"<p><strong>Kennslusvi\u00f0<\/strong> mitt var einkum f\u00e9lags- og hagsaga \u00cdslands \u00e1 19. og 20. \u00f6ld, og sagnaritun og s\u00f6guspeki. \u00c1 s\u00ed\u00f0ustu \u00e1rum starfsferils fikra\u00f0i \u00e9g mig lengra aftur \u00ed t\u00edmann me\u00f0 n\u00e1mskei\u00f0um um s\u00f6gu neyslusamf\u00e9lagsins, hags\u00f6gu fj\u00f6lskyldunnar og samf\u00e9lagsh\u00e6tti \u00ed upphafi 18. aldar. \u00c9g hef einnig kennt n\u00e1mskei\u00f0 um erlenda f\u00e9lags- og hags\u00f6gu, \u00fear \u00e1 me\u00f0al um hags\u00f6gu Evr\u00f3pu og N-Amer\u00edku, hnattv\u00e6\u00f0ingu, \u00fer\u00f3un neyslu\u00fej\u00f3\u00f0f\u00e9lagsins og s\u00f6gu kap\u00edtalismans.<\/p>","protected":false},"excerpt":{"rendered":"<p>Kennslusvi\u00f0 mitt var einkum f\u00e9lags- og hagsaga \u00cdslands \u00e1 19. og 20. \u00f6ld, og sagnaritun og s\u00f6guspeki. \u00c1 s\u00ed\u00f0ustu \u00e1rum starfsferils fikra\u00f0i \u00e9g mig lengra aftur \u00ed t\u00edmann me\u00f0 n\u00e1mskei\u00f0um um s\u00f6gu neyslusamf\u00e9lagsins, hags\u00f6gu fj\u00f6lskyldunnar og samf\u00e9lagsh\u00e6tti \u00ed upphafi 18. aldar. \u00c9g hef einnig kennt n\u00e1mskei\u00f0 um erlenda f\u00e9lags- og hags\u00f6gu, \u00fear \u00e1 me\u00f0al um [&hellip;]<\/p>\n","protected":false},"author":7,"featured_media":0,"parent":0,"menu_order":1,"comment_status":"closed","ping_status":"open","template":"","meta":{"footnotes":""},"class_list":["post-2","page","type-page","status-publish","hentry"],"_links":{"self":[{"href":"https:\/\/uni.hi.is\/gudmjons\/wp-json\/wp\/v2\/pages\/2","targetHints":{"allow":["GET"]}}],"collection":[{"href":"https:\/\/uni.hi.is\/gudmjons\/wp-json\/wp\/v2\/pages"}],"about":[{"href":"https:\/\/uni.hi.is\/gudmjons\/wp-json\/wp\/v2\/types\/page"}],"author":[{"embeddable":true,"href":"https:\/\/uni.hi.is\/gudmjons\/wp-json\/wp\/v2\/users\/7"}],"replies":[{"embeddable":true,"href":"https:\/\/uni.hi.is\/gudmjons\/wp-json\/wp\/v2\/comments?post=2"}],"version-history":[{"count":102,"href":"https:\/\/uni.hi.is\/gudmjons\/wp-json\/wp\/v2\/pages\/2\/revisions"}],"predecessor-version":[{"id":1073,"href":"https:\/\/uni.hi.is\/gudmjons\/wp-json\/wp\/v2\/pages\/2\/revisions\/1073"}],"wp:attachment":[{"href":"https:\/\/uni.hi.is\/gudmjons\/wp-json\/wp\/v2\/media?parent=2"}],"curies":[{"name":"wp","href":"https:\/\/api.w.org\/{rel}","templated":true}]}}