{"id":5,"date":"2010-02-26T13:17:01","date_gmt":"2010-02-26T13:17:01","guid":{"rendered":"http:\/\/uni.hi.is\/gudmjons\/?page_id=5"},"modified":"2025-09-22T10:22:33","modified_gmt":"2025-09-22T10:22:33","slug":"rannsoknir","status":"publish","type":"page","link":"https:\/\/uni.hi.is\/gudmjons\/rannsoknir\/","title":{"rendered":"Ranns\u00f3knir"},"content":{"rendered":"<p><strong>Helstu ranns\u00f3knasvi\u00f0<br \/>\n<\/strong><\/p>\n<p>Hagv\u00f6xtur og hag\u00fer\u00f3un: s\u00f6gulegir \u00fej\u00f3\u00f0hagsreikningar, efnahagskreppur og hagstj\u00f3rn<br \/>\nNeysluh\u00e6ttir og matarsaga<br \/>\nVerslunarsaga og efnahagssamvinna \u00cdslands og Evr\u00f3pu eftir 1945<br \/>\nSaga velfer\u00f0arr\u00edkisins<\/p>\n<p><strong>Ranns\u00f3knaverkefni og \u00fatg\u00e1fur \u00ed undirb\u00faningi<br \/>\n<\/strong><\/p>\n<p>Food and famine in pre-industrial Iceland.<br \/>\nWomen, property and households in the 18th and 19th centuries.<br \/>\nDanish-Icelandic economic relations.<\/p>","protected":false},"excerpt":{"rendered":"<p>Helstu ranns\u00f3knasvi\u00f0 Hagv\u00f6xtur og hag\u00fer\u00f3un: s\u00f6gulegir \u00fej\u00f3\u00f0hagsreikningar, efnahagskreppur og hagstj\u00f3rn Neysluh\u00e6ttir og matarsaga Verslunarsaga og efnahagssamvinna \u00cdslands og Evr\u00f3pu eftir 1945 Saga velfer\u00f0arr\u00edkisins Ranns\u00f3knaverkefni og \u00fatg\u00e1fur \u00ed undirb\u00faningi Food and famine in pre-industrial Iceland. Women, property and households in the 18th and 19th centuries. Danish-Icelandic economic relations.<\/p>\n","protected":false},"author":7,"featured_media":0,"parent":0,"menu_order":2,"comment_status":"closed","ping_status":"closed","template":"","meta":{"footnotes":""},"class_list":["post-5","page","type-page","status-publish","hentry"],"_links":{"self":[{"href":"https:\/\/uni.hi.is\/gudmjons\/wp-json\/wp\/v2\/pages\/5","targetHints":{"allow":["GET"]}}],"collection":[{"href":"https:\/\/uni.hi.is\/gudmjons\/wp-json\/wp\/v2\/pages"}],"about":[{"href":"https:\/\/uni.hi.is\/gudmjons\/wp-json\/wp\/v2\/types\/page"}],"author":[{"embeddable":true,"href":"https:\/\/uni.hi.is\/gudmjons\/wp-json\/wp\/v2\/users\/7"}],"replies":[{"embeddable":true,"href":"https:\/\/uni.hi.is\/gudmjons\/wp-json\/wp\/v2\/comments?post=5"}],"version-history":[{"count":115,"href":"https:\/\/uni.hi.is\/gudmjons\/wp-json\/wp\/v2\/pages\/5\/revisions"}],"predecessor-version":[{"id":1051,"href":"https:\/\/uni.hi.is\/gudmjons\/wp-json\/wp\/v2\/pages\/5\/revisions\/1051"}],"wp:attachment":[{"href":"https:\/\/uni.hi.is\/gudmjons\/wp-json\/wp\/v2\/media?parent=5"}],"curies":[{"name":"wp","href":"https:\/\/api.w.org\/{rel}","templated":true}]}}