{"id":829,"date":"2021-09-25T07:12:28","date_gmt":"2021-09-25T07:12:28","guid":{"rendered":"https:\/\/uni.hi.is\/gudmjons\/?page_id=829"},"modified":"2026-02-23T15:12:41","modified_gmt":"2026-02-23T15:12:41","slug":"english-publications2","status":"publish","type":"page","link":"https:\/\/uni.hi.is\/gudmjons\/home\/english-publications2\/","title":{"rendered":"Ritaskr\u00e1 - valin rit"},"content":{"rendered":"<p><strong>B\u00e6kur \/B\u00f3karhlutar:<\/strong><\/p>\n<p>2024: <em>\u00c1stand \u00cdslands um 1700. L\u00edfsh\u00e6ttir \u00ed b\u00e6ndasamf\u00e9lagi<\/em>. Ritstj\u00f3ri (Reykjav\u00edk: S\u00f6guf\u00e9lags, 2024)<\/p>\n<p>2017: \u201eSm\u00e1\u00fej\u00f3\u00f0 \u00e1 heimsmarka\u00f0i\u201c, <em>L\u00edftaug landsins. Saga \u00edslenskrar utanlandsverslunar 900-2010<\/em> 2. Ritstj\u00f3ri Sumarli\u00f0i R. \u00cdsleifsson (Reykjav\u00edk: Skrudda, 2017), 111\u2013439.<\/p>\n<p>1999: <em>Hagv\u00f6xtur og i\u00f0nv\u00e6\u00f0ing. \u00dej\u00f3\u00f0arframlei\u00f0sla \u00e1 \u00cdslandi 1870\u20131945.<\/em> (Reykjav\u00edk: \u00dej\u00f3\u00f0hagsstofnun, 1999).<\/p>\n<p>1997: <em><a href=\"https:\/\/hagstofa.is\/utgafur\/hagskinna\/\">Hagskinna. S\u00f6gulegar hagt\u00f6lur um \u00cdsland<\/a>.<\/em> Ritstj\u00f3rar Gu\u00f0mundur J\u00f3nsson og Magn\u00fas S. Magn\u00fasson. Hagstofa \u00cdslands (Reykjav\u00edk 1997).<\/p>\n<p>1981: <em>Vinnuhj\u00fa \u00e1 19. \u00f6ld<\/em>. Ritsafn Sagnfr\u00e6\u00f0istofnunar 5 (Reykjav\u00edk 1981).<\/p>\n<p>&nbsp;<\/p>\n<p><strong>Ritr\u00fdndar greinar:<\/strong><\/p>\n<p>2025: (me\u00f0 Helga Sk\u00fala Kjartanssyni), <a href=\"https:\/\/oxfordre.com\/economics\/view\/10.1093\/acrefore\/9780190625979.001.0001\/acrefore-9780190625979-e-926\">The economic history of Iceland<\/a>. In <em>Oxford Research Encyclopedia of Economics and Finance<\/em>. doi: <a href=\"https:\/\/doi.org\/10.1093\/acrefore\/9780190625979.013.926\">https:\/\/doi.org\/10.1093\/acrefore\/9780190625979.013.926<\/a>.<\/p>\n<p>2023: \u201eHve margir d\u00f3u? Hungursney\u00f0ir \u00e1tj\u00e1ndu og n\u00edtj\u00e1ndu aldar og mannfall \u00ed \u00feeim\u201c, <em>Saga<\/em> 61:2 2023, 53\u201388.<\/p>\n<p>2014: \u201c<a href=\"https:\/\/www.tandfonline.com\/doi\/full\/10.1080\/03468755.2014.935473\">Iceland and the Nordic Model of Consensus<\/a> Democracy\u201d, <em>Scandinavian Journal of History<\/em> 39:4 2014, 510\u2013528. \u00cdslensk ger\u00f0 greinar: <a href=\"https:\/\/skemman.is\/handle\/1946\/15277\" target=\"_blank\" rel=\"noopener\">\u201e\u00c1takahef\u00f0in \u00ed \u00edslenskum stj\u00f3rnm\u00e1lum og norr\u00e6nt samr\u00e1\u00f0sl\u00fd\u00f0r\u00e6\u00f0i\"<\/a>, <em>S\u00f6gu\u00feing\u00a0 \u00a0 \u00a0 \u00a0 \u00a0 \u00a0 \u00a0 \u00a0 \u00a02012<\/em>. R\u00e1\u00f0stefnurit. Sagnfr\u00e6\u00f0istofnun. Reykjav\u00edk, 2013.<\/p>\n<p>2009: \u201e<a href=\"https:\/\/timarit.is\/page\/7004017#page\/n43\/mode\/2up\">Efnahagskreppur \u00e1 \u00cdslandi 1870\u20132000<\/a>\u201c, <em>Saga<\/em> 47:1 (2009), 45\u201374.<\/p>\n<p>2009: \u201c<a href=\"https:\/\/journals.sagepub.com\/toc\/ijha\/21\/1\">Fishing Nations in Crisis: The Response of the Icelandic and Norwegian Fisheries to the Great Depression<\/a>\u201d, <em>International Journal of Maritime History<\/em>, XXI, No. 1 (June 2009), 127\u2013151.<\/p>\n<p>2008: \u201e<a href=\"https:\/\/timarit.is\/page\/6205720#page\/n107\/mode\/2up\">Sagan og sannleikurinn. Getur sagnfr\u00e6\u00f0ileg \u00feekking veri\u00f0 hlutl\u00e6g<\/a>?, <em>Riti\u00f0<\/em> 1\/2008, 107\u2013128.<\/p>\n<p>2006: \u201e<a href=\"https:\/\/timarit.is\/page\/7002262#page\/n89\/mode\/2up\">Endalok d\u00f6nsku verslunarinnar \u00e1 \u00cdslandi<\/a>\u201c, <em>Saga<\/em> 44:2 (2006), 91\u2013114.<\/p>\n<p>2004: \u201c<a href=\"https:\/\/www.tandfonline.com\/doi\/abs\/10.1080\/03585522.2004.10405252\">Iceland, OEEC and the Trade Liberalisation of the 1950s<\/a>\u201d, <em>Scandinavian Economic History Review<\/em> Vol. LII: 2\u20133 (2004), 62\u201384.<\/p>\n<p>2001: \u201e<a href=\"https:\/\/www.tandfonline.com\/doi\/abs\/10.1080\/034687501750303873\">The Icelandic Welfare State in the Twentieth Century<\/a>\u201c, <em>Scandinavian Journal of History<\/em> 26:3 (2001), 249\u201367.<\/p>\n<p>2000: \u201e<a href=\"https:\/\/timarit.is\/page\/5281666#page\/n161\/mode\/2up\">Sagnaritun um hags\u00f6gu 19. og 20. aldar<\/a>\u201c, <em>Saga<\/em> 38 (2000), 161\u201386.<\/p>\n<p>1998: \u201e<a href=\"https:\/\/www.tandfonline.com\/doi\/abs\/10.1080\/03585522.1998.10414677\">Changes in Food Consumption in Iceland ca. 1770\u20131940<\/a>\u201c, <em>Scandinavian Economic History Review<\/em>, 46:1 (1998), 24\u201341.<\/p>\n<p>1995: \u201e<a href=\"https:\/\/timarit.is\/page\/6537989#page\/n69\/mode\/2up\">\u00dej\u00f3\u00f0ernisstefna, hag\u00fer\u00f3un og sj\u00e1lfst\u00e6\u00f0isbar\u00e1tta<\/a>\u201c, <em>Sk\u00edrnir<\/em> 169. \u00e1r (vor 1995), 65\u201393.<\/p>\n<p>1993: \u201e<a href=\"https:\/\/www.tandfonline.com\/doi\/abs\/10.1080\/03585522.1993.10415863\">Institutional Change in Icelandic Agriculture, 1770\u20131940<\/a>\u201c, <em>Scandinavian Economic History Review<\/em> 41:2 (1993), 101\u2013128.<\/p>\n<p>&nbsp;<\/p>\n<p><strong>B\u00f3kakaflar:<\/strong><\/p>\n<p>2019: \u201eThe Evolving Concept of the Welfare State in Icelandic Policy\u201c, <a href=\"https:\/\/www.berghahnbooks.com\/title\/EdlingChanging\"><em>The Changing Meanings of the Welfare State. Histories of a Key Concept in the Nordic Countries<\/em><\/a>. Edited by Nils Edling (New York: Berghahn 2019), 276\u2013314.<\/p>\n<p>2018: \u201eL\u00fd\u00f0r\u00e6\u00f0ishugmyndir almennings fram a\u00f0 fj\u00e1rm\u00e1lakreppunni 2008\u201c, <em>\u00cdslenskt l\u00fd\u00f0r\u00e6\u00f0i. Starfsvenjur, gildi og skilningur<\/em> (Reykjav\u00edk: H\u00e1sk\u00f3la\u00fatg\u00e1fan 2018), 33\u201369.<\/p>\n<p>2018: \u201eFullveldi\u00f0 \u00ed reynd \u00e1 bernskuskei\u00f0i \u00edslenska r\u00edkisins 1918\u20131940\u201c, <em>Frj\u00e1lst og fullvalda r\u00edki. \u00cdsland 1918\u20132018<\/em>. Ritstj. Gu\u00f0mundur J\u00f3nsson (Reykjav\u00edk: S\u00f6guf\u00e9lag 2018), 95\u2013127.<\/p>\n<p>2015: \u201cDanskeres \u00f8konomiske aktiviteter p\u00e5 Island i det 20. \u00e5rhundrede\u201d \u00ed <em>Gullfoss. M\u00f8det melllem dansk og islandsk kultur i 1900-tallet<\/em>. Forlaget Vandkunsten (K\u00f8benhavn, 2015). Ritstj\u00f3rar Au\u00f0ur Hauksd\u00f3ttir, Erik Skyum-Nielsen og Gu\u00f0mundur J\u00f3nsson, 85-129.<\/p>\n<p>2013: (me\u00f0 Magn\u00fas Sveinn Helgason): \u00b4Icelandic Consumers in Boom and Crisis\u00b4, in <em>Retrenchment or renewal? Welfare states in times of economic crisis.<\/em> Edited by Gu\u00f0mundur J\u00f3nsson and Kolbeinn Stef\u00e1nsson. NordWel Studies in Historical Welfare State Research 6. Helsinki 2013, 147\u2013169.<\/p>\n<p>2012: <a href=\"https:\/\/www.taylorfrancis.com\/reader\/download\/51ed4a19-cbb2-4a1d-aaae-30d36da67576\/book\/pdf?context=ubx\" target=\"_blank\" rel=\"noopener\">\u201cThe Impossible Dream: \u201cTransferring the Danish Agricultural Model to Iceland\u201d<\/a>, in <em>Alan S. Milward and a Century of Change<\/em>. Edited by Fernando Guirao, Frances M.B. Lynch, and Sigfrido M. Ram\u00edrez P\u00e9rez (New York \/London: Routledge, 2012), 206\u2013220.<\/p>\n<p>2011: (me\u00f0 Erni D. J\u00f3nssyni) \u201eThe Modernization of the Icelandic Diet and the Impact of War, 1914-1945\u201c, <em>Food and War in Twentieth Century Europe<\/em>. Ed. by Ina Zweiniger-Bargielowska, Rachel Duffett and Alain Drouard (Farnham: Ashgate, 2011), 217\u2013231.<\/p>\n<p>2010: \u201eComing to Terms with Europe. Iceland\u2018s Entry into EFTA and Its implications\u201c, <em>EFTA 1960\u20132010. Elements of 50 Years of European History<\/em>. Ed. by K\u00e5re Bryn and Gu\u00f0mundur Einarsson. EFTA (Reykjav\u00edk: University of Iceland Press, 2010), 77\u201397.<\/p>\n<p>2009: \u201eMuna\u00f0ur og nau\u00f0synjar. Neysluvi\u00f0horf \u00e1 t\u00edmum aukins verslunarfrelsis 1960\u20131990\u201c, <em>Heimtur. Ritger\u00f0ir til hei\u00f0urs Gunnari Karlssyni sj\u00f6tugum<\/em>. Ritstj\u00f3rar: Gu\u00f0mundur J\u00f3nsson, Helgi Sk\u00fali Kjartansson og V\u00e9steinn \u00d3lason. Reykjav\u00edk: M\u00e1l og menning, 2009, 160\u2013175.<\/p>\n<p>2008: \u201eHj\u00e1lp til sj\u00e1lfshj\u00e1lpar. Borgaralegar r\u00e6tur velfer\u00f0arr\u00edkisins \u00e1 \u00cdslandi\u201c, \u00ed <em>Menntaspor. Rit til hei\u00f0urs Lofti Guttormssyni sj\u00f6tugum 5. apr\u00edl 2008.<\/em> Ritstj. D\u00f3ra S. Bjarnason o.fl. S\u00f6guf\u00e9lag (Reykjav\u00edk,\u00a02008), 371\u2013393.<\/p>\n<p>2008: (me\u00f0 Sigur\u00f0i Sn\u00e6varr) \u201cIceland\u2019s Response to European Economic Integration, 1945\u20131960\u201c, in Margrit M\u00fcller and Timo Myllyntaus (eds.), <em>Pathbreakers. Small European Countries responding to Globalisation and Deglobalisation<\/em> (Bern: Peter Lang, 2008), 375\u2013406.<\/p>\n<p>2004: \u201eThe Transformation of the Icelandic Economy: Industrialisation and Economic Growth, 1870\u20131950\u201c, in <em>Exploring Economic Growth. Essays in Measurement and Analysis. A Festschritft for Riitta Hjerppe on the 60<sup>th<\/sup> Birthday<\/em>. Edited by Sakari Heikkinen and Jan Luiten Van Zanden (Amsterdam, 2004), 131\u2013166.<\/p>\n<p>2004: \u201eMyndun fj\u00e1rm\u00e1lakerfis \u00e1 \u00cdslandi\u201c, <em>R\u00e6tur \u00cdslandsbanka. 100 \u00e1ra fj\u00e1rm\u00e1lasaga<\/em>. Ritstj\u00f3ri Eggert \u00de\u00f3r Bernhar\u00f0sso (Reykjav\u00edk: \u00cdslandsbanki, 2004), 9\u201354.<\/p>\n<p>2004: \u201eHvers kyns velfer\u00f0arkerfi? \u00cdsland \u00ed spegli hinna kvenv\u00e6nu velfer\u00f0arkerfa \u00e1 Nor\u00f0url\u00f6ndum\u201c, <em>Fl\u00e9ttur II. Kynjafr\u00e6\u00f0i \u2013 Kortlagningar<\/em>. Ranns\u00f3knastofa \u00ed kvenna- og kynjafr\u00e6\u00f0um. Ritstj\u00f3ri Irma Erlingsd\u00f3ttir (Reykjav\u00edk, 2004) 191\u2013214.<\/p>\n<p>2002: \u201eHag\u00fer\u00f3un og hagv\u00f6xtur \u00e1 \u00cdslandi 1914\u20131960\u201c, <em>Fr\u00e1 kreppu til vi\u00f0reisnar. \u00de\u00e6ttir um hagstj\u00f3rn \u00e1 \u00cdslandi \u00e1 \u00e1runum 1930 til 1960<\/em>. Ritstj\u00f3ri J\u00f3nas H. Haralz (Reykjav\u00edk, 2002), 9\u201339.<\/p>\n<p>&nbsp;<\/p>\n<p><strong>Ritstj\u00f3rn:<\/strong><\/p>\n<p>2024: <em>\u00c1stand \u00cdslands um 1700. L\u00edfsh\u00e6ttir \u00ed b\u00e6ndasamf\u00e9lagi<\/em>. Ritstj. Gu\u00f0mundur J\u00f3nsson (Reykjav\u00edk: S\u00f6guf\u00e9lag 2024).<\/p>\n<p>2019: <a href=\"https:\/\/sogufelag.is\/product\/nytt-helgakver\/\"><em>N\u00fdtt Helgakver. Rit til hei\u00f0urs Helga Sk\u00fala Kjartanssyni sj\u00f6tugum 1. febr\u00faar 2019<\/em><\/a> (Reykjav\u00edk: S\u00f6guf\u00e9lag 2019). Ritstj\u00f3rar: Gu\u00f0mundur J\u00f3nsson, Gunnar Karlsson og \u00d3l\u00f6f Gar\u00f0arsd\u00f3ttir.<\/p>\n<p>2018: <em>Frj\u00e1lst og fullvalda r\u00edki. \u00cdsland 1918-2018<\/em> (Reykjav\u00edk: S\u00f6guf\u00e9lag 2018).<\/p>\n<p>2015: <em>Gullfoss. M\u00f8det melllem dansk og islandsk kultur i 1900-tallet <\/em>(K\u00f8benhavn:Forlaget Vandkunsten , 2015). Ritstj\u00f3rar: Au\u00f0ur Hauksd\u00f3ttir, Erik Skyum-Nielsen og Gu\u00f0mundur J\u00f3nsson.<\/p>\n<p>2009: <em>Heimtur. Ritger\u00f0ir til hei\u00f0urs Gunnari Karlssyni sj\u00f6tugum <\/em>(Reykjav\u00edk: S\u00f6guf\u00e9lag, 2009). Ritstj\u00f3rar: Gu\u00f0mundur J\u00f3nsson, Helgi Sk\u00fali Kjartansson og V\u00e9steinn \u00d3lason.<\/p>\n<p>2004-2016: Ritstj\u00f3ri Ritsafns Sagnfr\u00e6\u00f0istofnunar H\u00e1sk\u00f3la \u00cdslands.<\/p>\n<p>2003: <em>Nordic Historical National Accounts. Proceedings from Workshop VI. Reykjavik 19\u201320 September 2003<\/em>.<\/p>\n<p>2002: Helgi Sk\u00fali Kjartansson, <em>\u00cdsland \u00e1 20. \u00f6ld <\/em>(Reykjav\u00edk: S\u00f6guf\u00e9lag, 2002). Ritstj\u00f3rar: Gu\u00f0j\u00f3n Fri\u00f0riksson, Gu\u00f0mundur J\u00f3nsson og Gunnar Karlsson.<\/p>\n<p>1995\u20132002: <em>Ritstj\u00f3ri S\u00f6gu, t\u00edmarits S\u00f6guf\u00e9lags <\/em>og <em>N\u00fdrrar s\u00f6gu, t\u00edmarits S\u00f6guf\u00e9lags.<\/em><\/p>","protected":false},"excerpt":{"rendered":"<p>B\u00e6kur \/B\u00f3karhlutar: 2024: \u00c1stand \u00cdslands um 1700. L\u00edfsh\u00e6ttir \u00ed b\u00e6ndasamf\u00e9lagi. Ritstj\u00f3ri (Reykjav\u00edk: S\u00f6guf\u00e9lags, 2024) 2017: \u201eSm\u00e1\u00fej\u00f3\u00f0 \u00e1 heimsmarka\u00f0i\u201c, L\u00edftaug landsins. Saga \u00edslenskrar utanlandsverslunar 900-2010 2. Ritstj\u00f3ri Sumarli\u00f0i R. \u00cdsleifsson (Reykjav\u00edk: Skrudda, 2017), 111\u2013439. 1999: Hagv\u00f6xtur og i\u00f0nv\u00e6\u00f0ing. \u00dej\u00f3\u00f0arframlei\u00f0sla \u00e1 \u00cdslandi 1870\u20131945. (Reykjav\u00edk: \u00dej\u00f3\u00f0hagsstofnun, 1999). 1997: Hagskinna. S\u00f6gulegar hagt\u00f6lur um \u00cdsland. Ritstj\u00f3rar Gu\u00f0mundur J\u00f3nsson og Magn\u00fas [&hellip;]<\/p>\n","protected":false},"author":7,"featured_media":0,"parent":37,"menu_order":1,"comment_status":"closed","ping_status":"closed","template":"","meta":{"footnotes":""},"class_list":["post-829","page","type-page","status-publish","hentry"],"_links":{"self":[{"href":"https:\/\/uni.hi.is\/gudmjons\/wp-json\/wp\/v2\/pages\/829","targetHints":{"allow":["GET"]}}],"collection":[{"href":"https:\/\/uni.hi.is\/gudmjons\/wp-json\/wp\/v2\/pages"}],"about":[{"href":"https:\/\/uni.hi.is\/gudmjons\/wp-json\/wp\/v2\/types\/page"}],"author":[{"embeddable":true,"href":"https:\/\/uni.hi.is\/gudmjons\/wp-json\/wp\/v2\/users\/7"}],"replies":[{"embeddable":true,"href":"https:\/\/uni.hi.is\/gudmjons\/wp-json\/wp\/v2\/comments?post=829"}],"version-history":[{"count":37,"href":"https:\/\/uni.hi.is\/gudmjons\/wp-json\/wp\/v2\/pages\/829\/revisions"}],"predecessor-version":[{"id":1080,"href":"https:\/\/uni.hi.is\/gudmjons\/wp-json\/wp\/v2\/pages\/829\/revisions\/1080"}],"up":[{"embeddable":true,"href":"https:\/\/uni.hi.is\/gudmjons\/wp-json\/wp\/v2\/pages\/37"}],"wp:attachment":[{"href":"https:\/\/uni.hi.is\/gudmjons\/wp-json\/wp\/v2\/media?parent=829"}],"curies":[{"name":"wp","href":"https:\/\/api.w.org\/{rel}","templated":true}]}}