{"id":17,"date":"2010-10-15T10:53:08","date_gmt":"2010-10-15T10:53:08","guid":{"rendered":"http:\/\/uni.hi.is\/gudrun\/?page_id=17"},"modified":"2015-11-02T14:51:49","modified_gmt":"2015-11-02T14:51:49","slug":"menntun","status":"publish","type":"page","link":"https:\/\/uni.hi.is\/gudrun\/IS\/menntun\/","title":{"rendered":"Menntun"},"content":{"rendered":"<p>1970 -\u00a0 Konservatorium f\u00fcr Musik und Dramatische Kunst,\u00a0 Kunst,\u00a0 V\u00edn<\/p>\n<p>1975 - B.A.\u00a0 Psychology, H\u00e1sk\u00f3li \u00cdslands<\/p>\n<p>1977 - MA Physiology, Oxford University<\/p>\n<p>1991 - PhD\u00a0 Developmental neurobiology, University of Oslo.<\/p>","protected":false},"excerpt":{"rendered":"<p>1970 -\u00a0 Konservatorium f\u00fcr Musik und Dramatische Kunst,\u00a0 Kunst,\u00a0 V\u00edn 1975 - B.A.\u00a0 Psychology, H\u00e1sk\u00f3li \u00cdslands 1977 - MA Physiology, Oxford University 1991 - PhD\u00a0 Developmental neurobiology, University of Oslo.<\/p>\n","protected":false},"author":334,"featured_media":0,"parent":0,"menu_order":2,"comment_status":"closed","ping_status":"closed","template":"","meta":{"footnotes":""},"class_list":["post-17","page","type-page","status-publish","hentry"],"_links":{"self":[{"href":"https:\/\/uni.hi.is\/gudrun\/IS\/wp-json\/wp\/v2\/pages\/17","targetHints":{"allow":["GET"]}}],"collection":[{"href":"https:\/\/uni.hi.is\/gudrun\/IS\/wp-json\/wp\/v2\/pages"}],"about":[{"href":"https:\/\/uni.hi.is\/gudrun\/IS\/wp-json\/wp\/v2\/types\/page"}],"author":[{"embeddable":true,"href":"https:\/\/uni.hi.is\/gudrun\/IS\/wp-json\/wp\/v2\/users\/334"}],"replies":[{"embeddable":true,"href":"https:\/\/uni.hi.is\/gudrun\/IS\/wp-json\/wp\/v2\/comments?post=17"}],"version-history":[{"count":7,"href":"https:\/\/uni.hi.is\/gudrun\/IS\/wp-json\/wp\/v2\/pages\/17\/revisions"}],"predecessor-version":[{"id":346,"href":"https:\/\/uni.hi.is\/gudrun\/IS\/wp-json\/wp\/v2\/pages\/17\/revisions\/346"}],"wp:attachment":[{"href":"https:\/\/uni.hi.is\/gudrun\/IS\/wp-json\/wp\/v2\/media?parent=17"}],"curies":[{"name":"wp","href":"https:\/\/api.w.org\/{rel}","templated":true}]}}