{"id":173,"date":"2015-10-22T10:45:25","date_gmt":"2015-10-22T10:45:25","guid":{"rendered":"http:\/\/uni.hi.is\/gudrun\/?page_id=173"},"modified":"2018-04-09T18:16:05","modified_gmt":"2018-04-09T18:16:05","slug":"publications-2","status":"publish","type":"page","link":"https:\/\/uni.hi.is\/gudrun\/IS\/publications-2\/","title":{"rendered":"\u00datgefi\u00f0 efni"},"content":{"rendered":"<p><a href=\"http:\/\/uni.hi.is\/gudrun\/IS\/publications-2\/books-and-scientific-papers\/\">B\u00e6kur og fr\u00e6\u00f0ilegar greinar <\/a><\/p>\n<p><a href=\"http:\/\/uni.hi.is\/gudrun\/IS\/publications-2\/educational-papers\/\">Fr\u00e6\u00f0sluefni <\/a><\/p>\n<p><a href=\"http:\/\/uni.hi.is\/gudrun\/IS\/publications-2\/conference-papers\/\">R\u00e1\u00f0stefnuerindi<\/a><\/p>\n<p><a href=\"http:\/\/uni.hi.is\/gudrun\/IS\/publications-2\/editing\/\">Ritstj\u00f3rn<\/a><\/p>\n<p><a href=\"http:\/\/uni.hi.is\/gudrun\/IS\/publications-2\/newspaper-article\/\">Greinar \u00ed bl\u00f6\u00f0um og t\u00edmaritum <\/a><\/p>\n<p><a href=\"http:\/\/uni.hi.is\/gudrun\/IS\/publications-2\/other\/\">Anna\u00f0<\/a><\/p>","protected":false},"excerpt":{"rendered":"<p>B\u00e6kur og fr\u00e6\u00f0ilegar greinar Fr\u00e6\u00f0sluefni R\u00e1\u00f0stefnuerindi Ritstj\u00f3rn Greinar \u00ed bl\u00f6\u00f0um og t\u00edmaritum Anna\u00f0<\/p>\n","protected":false},"author":334,"featured_media":0,"parent":0,"menu_order":6,"comment_status":"closed","ping_status":"closed","template":"","meta":{"footnotes":""},"class_list":["post-173","page","type-page","status-publish","hentry"],"_links":{"self":[{"href":"https:\/\/uni.hi.is\/gudrun\/IS\/wp-json\/wp\/v2\/pages\/173","targetHints":{"allow":["GET"]}}],"collection":[{"href":"https:\/\/uni.hi.is\/gudrun\/IS\/wp-json\/wp\/v2\/pages"}],"about":[{"href":"https:\/\/uni.hi.is\/gudrun\/IS\/wp-json\/wp\/v2\/types\/page"}],"author":[{"embeddable":true,"href":"https:\/\/uni.hi.is\/gudrun\/IS\/wp-json\/wp\/v2\/users\/334"}],"replies":[{"embeddable":true,"href":"https:\/\/uni.hi.is\/gudrun\/IS\/wp-json\/wp\/v2\/comments?post=173"}],"version-history":[{"count":18,"href":"https:\/\/uni.hi.is\/gudrun\/IS\/wp-json\/wp\/v2\/pages\/173\/revisions"}],"predecessor-version":[{"id":362,"href":"https:\/\/uni.hi.is\/gudrun\/IS\/wp-json\/wp\/v2\/pages\/173\/revisions\/362"}],"wp:attachment":[{"href":"https:\/\/uni.hi.is\/gudrun\/IS\/wp-json\/wp\/v2\/media?parent=173"}],"curies":[{"name":"wp","href":"https:\/\/api.w.org\/{rel}","templated":true}]}}