{"id":18,"date":"2010-10-15T10:54:32","date_gmt":"2010-10-15T10:54:32","guid":{"rendered":"http:\/\/uni.hi.is\/gudrun\/?page_id=18"},"modified":"2015-10-28T10:40:35","modified_gmt":"2015-10-28T10:40:35","slug":"stjornun","status":"publish","type":"page","link":"https:\/\/uni.hi.is\/gudrun\/IS\/stjornun\/","title":{"rendered":"Starfsferill"},"content":{"rendered":"<p><strong>Innan H\u00e1sk\u00f3la \u00cdslands<\/strong><\/p>\n<ul>\n<li>Framkv\u00e6mdastj\u00f3ri Stofnunar S\u00e6mundar fr\u00f3\u00f0a um sj\u00e1lfb\u00e6ra \u00fer\u00f3un og \u00feverfr\u00e6\u00f0ilegar ranns\u00f3knir fr\u00e1 2005<\/li>\n<li>D\u00f3sent \u00ed frumul\u00edffr\u00e6\u00f0i og f\u00f3sturfr\u00e6\u00f0i vi\u00f0 N\u00e1msbraut \u00ed hj\u00fakrunarfr\u00e6\u00f0i fr\u00e1 1987 -<\/li>\n<li>Forst\u00f6\u00f0uma\u00f0ur Sj\u00e1var\u00fatvegsstofnunar H.\u00cd. fr\u00e1 1. febr\u00faar 1995-2005.<\/li>\n<li>Almenn stj\u00f3rnunarst\u00f6rf \u00ed N\u00e1msbraut \u00ed hj\u00fakrunarfr\u00e6\u00f0i, seta \u00ed n\u00e1msnefnd, framgangsnefnd og t\u00e6kjakaupanefnd um \u00e1rabil fr\u00e1 1987 \u2013<\/li>\n<li>\u00cd nefnd h\u00e1sk\u00f3lar\u00e1\u00f0s um H\u00e1sk\u00f3la \u00cdslands sem sj\u00e1lfseignarstofnun 1995-6<\/li>\n<li>Forma\u00f0ur Kennslum\u00e1lanefndar H\u00cd 1997-98 \u00ed kennslum\u00e1lanefnd fr\u00e1 1990-99<\/li>\n<li>St\u00fdr\u00f0i 1995 -7 \u00e1samt pr\u00f3f. \u00c1g\u00fastu Gu\u00f0mundsd\u00f3ttur, \u00fer\u00f3unarverkefni um hagr\u00e6\u00f0ingu \u00ed menntun og ranns\u00f3knum matv\u00e6la- og sj\u00e1var\u00fatvegsfr\u00e6\u00f0a (Matv\u00e6la- og sj\u00e1var\u00fatvegsgar\u00f0ur).<\/li>\n<\/ul>\n<p><strong>\u00d6nnur fr\u00e6\u00f0ileg stj\u00f3rnunarst\u00f6rf<br \/>\n<\/strong><\/p>\n<ul>\n<li>Verkefnastj\u00f3ri NORDRESS, norr\u00e6ns \u00f6ndvegisseturs<\/li>\n<li>Verkefnstj\u00f3ri Konnect<\/li>\n<li>Nordisk Arbeidskommittee for Fiskeriforskning (NAF) hj\u00e1 Norr\u00e6nu r\u00e1\u00f0herranefndinni fr\u00e1 1995 - 2010<\/li>\n<li>\u00cd stj\u00f3rn Sj\u00e1var\u00fatvegssk\u00f3la Sameinu\u00f0u \u00fej\u00f3\u00f0anna fr\u00e1 stofnun 1997 - , \u00ed undirb\u00faningsnefnd 1996.<\/li>\n<li>\u00cd stj\u00f3rn North Atlantic Islands Programme fr\u00e1 1995 \u2013<\/li>\n<li>\u00cd verkefnisstj\u00f3rn norr\u00e6na sumarsk\u00f3lans Construction of the Brain: Development<\/li>\n<li>and Evolutionary Principles sem styrktur hefur veri\u00f0 af NorFa fr\u00e1 1997- 2006.<\/li>\n<li>\u00cd r\u00e1\u00f0gjafah\u00f3pi forstj\u00f3ra FAO um sj\u00e1var\u00fatvegsranns\u00f3knir fr\u00e1 2002 \u2013 2007<\/li>\n<li>Forma\u00f0ur st\u00fdrih\u00f3ps heilbrig\u00f0isr\u00e1\u00f0uneytis um ranns\u00f3knir \u00e1 \u00e1hrifum eldgossins \u00ed Eyjafjallaj\u00f6kli \u00e1 heilsu manna 2010 \u2013 <em>.<\/em><\/li>\n<li>\u00cd st\u00fdrih\u00f3pi Heilbrig\u00f0is- og umhverfisr\u00e1\u00f0herra um Loftg\u00e6\u00f0i og l\u00fd\u00f0heilsu 2010 - 2013<\/li>\n<li>Nordisk Arbeidskommittee for Fiskeriforskning (NAF) hj\u00e1 Norr\u00e6nu r\u00e1\u00f0herranefndinni fr\u00e1 1995 - 2010<\/li>\n<\/ul>\n<p><strong>Verkefnastj\u00f3rn s\u00ed\u00f0ustu \u00e1r<br \/>\n<\/strong><\/p>\n<ul>\n<li>Verkefnastj\u00f3ri NORDRESS, norr\u00e6ns \u00f6ndvegisseturs um \u00f6ryggi samf\u00e9laga \u00feegar kemur a\u00f0 n\u00e1tt\u00faruhamf\u00f6rum. 2015-<\/li>\n<li>Annar verkefnisstj\u00f3ra \u00edslenska verk\u00fe\u00e1ttarins \u00ed ENHANCE, FP7 verkefni um b\u00e6tt vi\u00f0br\u00f6g\u00f0 vi\u00f0 n\u00e1tt\u00faruhamf\u00f6rum \u00ed Evr\u00f3pu 2012-<\/li>\n<li>Verkefnisstj\u00f3ri Aska og Heilsa \u2013 ranns\u00f3kna um \u00e1hrif eldgossins \u00ed Eyjafjallaj\u00f6kli \u00e1 heilsu manna og d\u00fdra 2010 -<\/li>\n<li>Verkefnisstj\u00f3ri \u00edslenska starfsh\u00f3psins \u00ed CoastAdapt \u2013 fj\u00f6l\u00fej\u00f3\u00f0legs NPP-ranns\u00f3knarverkefnis um strandsv\u00e6\u00f0i og loftslagshl\u00fdnun 2009 - 2012<\/li>\n<li>Verkefnisstj\u00f3ri STRENGJA \u2013 \u00feverfr\u00e6\u00f0ilegs ranns\u00f3knarverkefnis um orkuflutninga fr\u00e1 2007\u2013<\/li>\n<li>Verkefnisstj\u00f3ri Heilsuveitur \u2013 sem styrkt var af Orkuveitu Reykjav\u00edkur 2009-2011<\/li>\n<li>Verkefnisstj\u00f3ri \u00ed \u00edslenska starfsh\u00f3pi CEVIS, fj\u00f6l\u00fej\u00f3\u00f0legs ESB verkefnis um stj\u00f3rn fiskvei\u00f0a 2006-2010<\/li>\n<li>Verkefnisstj\u00f3ri \u00ed \u00edslenska starfsh\u00f3pi CEDER fj\u00f6l\u00fej\u00f3\u00f0legs ESB verkefnis um aflasp\u00e1r og eftirlit me\u00f0 fiskvei\u00f0um 2005-2010<\/li>\n<li>Verkefnisstj\u00f3ri Langt\u00edmavi\u00f0br\u00f6g\u00f0 vi\u00f0 n\u00e1tt\u00faruhamf\u00f6rum 2006-2008<\/li>\n<li>Verkefnisstj\u00f3ri hj\u00e1 SHEEL \u2013 (EU ranns\u00f3knarverkefni um rafr\u00e6nar afladagb\u00e6kur) fr\u00e1 2004.<\/li>\n<li>Verkefnisstj\u00f3ri Improved information systems for fisheries managersm stutt af NORA 2003-2007<\/li>\n<li>Verkefnisstj\u00f3ri Rafr\u00e6nna afladagb\u00f3ka 2001- 2006 Sat stj\u00f3rnarfundi BIOICE fr\u00e1 1995-2003<\/li>\n<li>Verkefnisstj\u00f3ri Gagnagrunns um landgrunn \u00cdslands (stutt ar Rann\u00eds) 2001- 2003<\/li>\n<li>Stj\u00f3rnarforma\u00f0ur Hafmyndar ehf 1999- 2003<\/li>\n<li>Verkefnisstj\u00f3ri Safety and Survival Training for Nordic Fishermen 1999-2003<\/li>\n<\/ul>\n<p><strong>\u00d6nnur st\u00f6rf<\/strong><\/p>\n<ul>\n<li>Forma\u00f0ur Stj\u00f3rnlaganefndar 2010 \u2013 2011<\/li>\n<li>\u00cd stj\u00f3rn Hollvinasamtaka Grens\u00e1sdeildar 2008 -<\/li>\n<li>\u00cd stj\u00f3rn Vinaf\u00e9lags Glj\u00fafrasteins 2010 \u2013 forma\u00f0ur 2013 -<\/li>\n<li>\u00cd varastj\u00f3rn Au\u00f0ar Capital 2008 \u2013 2012<\/li>\n<li>stj\u00f3rn Sj\u00f3v\u00e1r-Almennra trygginga 2002 \u2013 2004<\/li>\n<li>Forma\u00f0ur verkefnisstj\u00f3rnar AU\u00d0AR \u00ed krafti kvenna 1998 - 2003<\/li>\n<li>Stj\u00f3rnarforma\u00f0ur Styrktarf\u00e9lags hjartveikra barna fr\u00e1 1996-<\/li>\n<li>\u00cd stj\u00f3rn \u00cdslensku \u00d3perunnar 1996-1999, - forma\u00f0ur fulltr\u00faar\u00e1\u00f0s \u00cd\u00d3 1991-95<\/li>\n<li>Varaborgarfulltr\u00fai \u00ed Reykjav\u00edk fr\u00e1 1998- 2002<\/li>\n<li>\u00cd Fr\u00e6\u00f0slur\u00e1\u00f0i Reykjav\u00edkur fr\u00e1 jan 1998-2002<\/li>\n<li>Forma\u00f0ur stj\u00f3rnar \u00cdslensku \u00d3perunnar fr\u00e1 1998-9<\/li>\n<li>\u00cd stj\u00f3rn N\u00fdsk\u00f6punarsj\u00f3\u00f0s Atvinnuveganna 1997-2003<\/li>\n<li>\u00cd stj\u00f3rn Aflvaka Reykjav\u00edkur 1994-1999<\/li>\n<\/ul>\n<p>&nbsp;<\/p>\n<p><strong>Skipulag og stj\u00f3rn r\u00e1\u00f0stefna fr\u00e1 \u00e1rinu 1996<\/strong><\/p>\n<ul>\n<li>Sikkerhetsarbeid \u00ed den nordiske fiskefl\u00e5ten, Troms\u00f6, 24-26 okt\u00f3ber 2012, \u00ed undirb\u00faningsnefnd<\/li>\n<li>Sustainable Cities and Military Installations, \u00ed samstarfi vi\u00f0 NATO<br \/>\nR\u00e1\u00f0stefna haldin \u00e1 H\u00f3tel Rang\u00e1, 3-6 j\u00fan\u00ed 2012. Forma\u00f0ur \u00edslensku undirb\u00faningsnefndarinnar.<\/li>\n<li>CoastAdapt \u2013 vinnufundur \u00e1 \u00cdslandi 30 \u00e1g\u00fast \u2013 2 septeber 2010 \u2013 forma\u00f0ur undirb\u00faningsnefndar<\/li>\n<li>IFISH 4 \u2013 International Fisheries Industry Safety and Health Conference. Haldinn \u00ed Reykjav\u00edk 10-14 ma\u00ed 2009. Forma\u00f0ur \u00edslensku umdirb\u00faningsnefndarinnar.<\/li>\n<li>M\u00e1l\u00feing S\u00e6mundar fr\u00f3\u00f0a, Hver \u00e1 jar\u00f0hitann og hva\u00f0a m\u00e1li skiptir \u00fea\u00f0? \u00dej\u00f3\u00f0minjasafni, 9.n\u00f3vember 2007. Skipulag og stj\u00f3rn<\/li>\n<li>4. Stefnum\u00f3t Stofnunar S\u00e6mundar fr\u00f3\u00f0a og Umhverfisr\u00e1\u00f0uneytis<br \/>\nHva\u00f0 er kolefnisj\u00f6fnun? \u00dej\u00f3\u00f0minjasafni, 16.okt\u00f3ber 2007. Skiplag og stj\u00f3rn<\/li>\n<li>Catch Effort and Discard Estimation in Real time (CEDER). Project meeting in Iceland July 2-4 2007. H\u00f3tel Rang\u00e1. Skipulag og stj\u00f3rn<\/li>\n<li>3. Stefnum\u00f3t Stofnunar S\u00e6mundar fr\u00f3\u00f0a og Umhverfisr\u00e1\u00f0uneytis. Ol\u00eduleit \u00e1 Drekasv\u00e6\u00f0i, 13.apr\u00edl 2007, \u00c1rnagar\u00f0i H\u00e1sk\u00f3la \u00cdslands. Skipulag og stj\u00f3rn<\/li>\n<li>2. Stefnum\u00f3t Stofnunar S\u00e6mundar fr\u00f3\u00f0a og Umhverfisr\u00e1\u00f0uneytis.Er h\u00e6gt a\u00f0 leysa loftslagsvandann? \u00c1rnagar\u00f0i H\u00e1sk\u00f3la \u00cdslands, 2.mars 2007. Skipulag og stj\u00f3rn<\/li>\n<li>1. Stefnum\u00f3t Stofnunar S\u00e6mundar fr\u00f3\u00f0a og Umhverfisr\u00e1\u00f0uneytis. Hva\u00f0 sv\u00edfur yfir Esjunni? Um orskakir og \u00e1hrif svifryks, T\u00e6knigar\u00f0i, 2.febr\u00faar 2007. Skipulag og stj\u00f3rn<\/li>\n<li>St\u00f6rf og framt\u00ed\u00f0 \u00der\u00f3unarsamvinnustofnunar \u00cdslands. 10.n\u00f3vember 2004. Stj\u00f3rn umr\u00e6\u00f0na og fundarstj\u00f3rn<\/li>\n<li>SHEEL workshop in London April 18th-20th 2004, skipulagning og stj\u00f3rn<\/li>\n<li>Nordisk Arbeidsgruppe for Fiskeriforskning. \u00c1rlegur vinnufundur haldinn \u00e1 \u00cdslandi 27\/8 \u2013 1\/9 2002. Skipulagning og stj\u00f3rn.<\/li>\n<li>Helse-Milj\u00f6-Sikkerhet Portal for Nordiske Fiskerier. Vinnufundur \u00ed Hirtshals 10-13 ma\u00ed 2001. Skipulagning og stj\u00f3rn<\/li>\n<li>Safety and Survival Training for Fishermen in Nordic Countries. Vinnufundur \u00ed Kaupmannah\u00f6fn febr\u00faar 2000. Skipulagning og stj\u00f3rn<\/li>\n<li>Safety and Survival Training for Fishermen in Nordic Countries. Vinnufundur \u00ed Osl\u00f3 15-17. september 1999. Skipulagning og stj\u00f3rn<\/li>\n<li>Safety and Survival Training for Fishermen in Nordic Countries. Vinnufundur \u00ed Gautaborg 2-6 j\u00fal\u00ed 1999. Skipulagning og stj\u00f3rn<\/li>\n<li>Molecular Principles of Nervous System Adaptation and Evolution. N\u00e1mskei\u00f0 \u00e1 vegum NorFa. Kristineberg Marine Research Station, 11-17 j\u00fan\u00ed 1999. Skipulagning og stj\u00f3rn<\/li>\n<li>Fisheries Ties between Taiwan and Iceland. R\u00e1\u00f0stefna haldin \u00ed Taiwan \u00ed samvinnu vi\u00f0 National Taiwan Ocean University, ma\u00ed 1999. Skipulagning<\/li>\n<li>Safety and Survival Training for Fishermen in the Nordic Countries. R\u00e1\u00f0stefna \u00e1 vegum Norr\u00e6nu r\u00e1\u00f0herranefndarinnar. Frederikshavn, Danm\u00f6rku 3-5 ma\u00ed 1999 Skipulagning og stj\u00f3rn<\/li>\n<li>L\u00edfi\u00f0 \u00ed fj\u00f6runni. Tveggja daga n\u00e1mskei\u00f0 fyrir leiksk\u00f3lakennara, \u00ed samvinnu vi\u00f0 Endurmenntunarstofnun H\u00cd. 7. \u2013 8. September 1998. Skipulagning<\/li>\n<li>Undur Hafsins \u00e1 \u00c1ri Hafsins. R\u00f6\u00f0 5 fyrirlestra fyrir almenning \u00e1 vegum Sj\u00e1var\u00fatvegsstofnunar. Vori\u00f0 1998. Skipulagning, fundarstj\u00f3rn<\/li>\n<li>N\u00e1mskei\u00f0 um marka\u00f0 fyrir sj\u00e1varafur\u00f0ir, t\u00e6ki og t\u00e6kni \u00ed Taiwan og K\u00edna. \u00cd ma\u00ed 1997. A\u00f0alfyrirlesari var pr\u00f3fessor Bonnie Sun Pan fr\u00e1 National Taiwan Ocean University. Skipulagning og fundarstj\u00f3rn<\/li>\n<li>Hver \u00e1 kv\u00f3tann \u2013 hver \u00e6tti a\u00f0 eig\u00b4ann. Opinn fundur 8. N\u00f3vember 1997. Undirb\u00faningur og fundarstj\u00f3rn<\/li>\n<li>Whaling in the North-Atlantic. R\u00e1\u00f0stefna \u00e1 vegum Sj\u00e1var\u00fatvegsstofnunar H\u00cd og High North Alliance. Mars 1997. Undirb\u00faningur og r\u00e1\u00f0stefnustj\u00f3rn<\/li>\n<li>Opinn fundur \u00e1 vegum Sj\u00e1var\u00fatvegsstofnunar H\u00cd um n\u00fd fiskvei\u00f0astj\u00f3rnunarl\u00f6g \u00ed Bandar\u00edkjunum \"The Sustainable Fisheries Act\". Undirb\u00faningur. Vor 1997<\/li>\n<li>M\u00e1l\u00feing um Hafr\u00e9tt, vi\u00f0skipti og vernd au\u00f0linda \u00ed samstarfi vi\u00f0 Al\u00fej\u00f3\u00f0am\u00e1lastofnun 28. febr\u00faar 1997. Undirb\u00faningur<\/li>\n<li>R\u00e1\u00f0stefnan Kvalitet, Magt og Marked. Haldin \u00e1 vegum NAF og Norr\u00e6nu R\u00e1\u00f0herranefndarinnar. Okt\u00f3ber 1996 (50 \u00fe\u00e1tttakendur). Undirb\u00faningsnefnd og fundarstj\u00f3rn<\/li>\n<li>R\u00e1\u00f0stefna um b\u00e6tta samkeppnisst\u00f6\u00f0u \u00cdslands. September 1996. Fundarstj\u00f3rn<\/li>\n<li>M\u00e1l\u00feing um matv\u00e6laranns\u00f3knir \u00ed Taiwan, Haldi\u00f0 af Sj\u00e1var\u00fatvegsstofnun H\u00cd og Matv\u00e6lafr\u00e6\u00f0iskor, \u00e1samt t\u00e6v\u00f6nskum gestafyrirlesurum, september 1996. Undirb\u00faningur og fundarstj\u00f3rn<\/li>\n<li>Nordisk Arbeidsgruppe for Fikeriforskning. V\u00edsindanefnd \u00e1 vegum Norr\u00e6nu R\u00e1\u00f0herranefndarinnar h\u00e9lt \u00e1rlegan vinnufund sinn \u00e1 H\u00f6fn \u00ed Hornafir\u00f0i 25-30 \u00e1g\u00fast 1996 (15 \u00fe\u00e1tttakendur). Undirb\u00faningur og fundarstj\u00f3rn<\/li>\n<li>Lessons from the Edge, 10 \u2013 daga sumarsk\u00f3li . 1-11 \u00e1g\u00fast 1996 \u00e1 vegum North Atlantic Islands Programme, sem Sj\u00e1var\u00fatvegsstofnun \u00e1 a\u00f0ild a\u00f0. (50 \u00fe\u00e1tttakendur). Undirb\u00faningur sumarsk\u00f3lans, \u00fe\u00e1tttaka, fundarstj\u00f3rn og erindi<\/li>\n<li>L\u00edfr\u00edki\u00f0 umhverfis landi\u00f0<\/li>\n<li>R\u00e1\u00f0stefna Sj\u00e1var\u00fatvegsstofnunar H\u00cd me\u00f0 Verkfr\u00e6\u00f0ingaf\u00e9lagi \u00cdslands og T\u00e6knifr\u00e6\u00f0ingaf\u00e9lagi \u00cdslands \u00ed mars 1996. (120 \u00fe\u00e1tttakendur). Undirb\u00faningsnefnd, \u00e1samt r\u00e1\u00f0stefnu- og fundarstj\u00f3rn<\/li>\n<li>\u00dathafsvei\u00f0ar \u00cdslendinga. Opinn fundur. Haust 1996, fundarstj\u00f3ri<\/li>\n<\/ul>\n<p>A\u00f0 auki mikill fj\u00f6ldi styrkums\u00f3kna og sk\u00fdrsla \u00ed tengslum vi\u00f0 ranns\u00f3knarverkefni.<\/p>\n<p>&nbsp;<\/p>\n<p>&nbsp;<\/p>","protected":false},"excerpt":{"rendered":"<p>Innan H\u00e1sk\u00f3la \u00cdslands Framkv\u00e6mdastj\u00f3ri Stofnunar S\u00e6mundar fr\u00f3\u00f0a um sj\u00e1lfb\u00e6ra \u00fer\u00f3un og \u00feverfr\u00e6\u00f0ilegar ranns\u00f3knir fr\u00e1 2005 D\u00f3sent \u00ed frumul\u00edffr\u00e6\u00f0i og f\u00f3sturfr\u00e6\u00f0i vi\u00f0 N\u00e1msbraut \u00ed hj\u00fakrunarfr\u00e6\u00f0i fr\u00e1 1987 - Forst\u00f6\u00f0uma\u00f0ur Sj\u00e1var\u00fatvegsstofnunar H.\u00cd. fr\u00e1 1. febr\u00faar 1995-2005. Almenn stj\u00f3rnunarst\u00f6rf \u00ed N\u00e1msbraut \u00ed hj\u00fakrunarfr\u00e6\u00f0i, &hellip; <a href=\"https:\/\/uni.hi.is\/gudrun\/IS\/stjornun\/\">Halda \u00e1fram a\u00f0 lesa <span class=\"meta-nav\">&rarr;<\/span><\/a><\/p>\n","protected":false},"author":334,"featured_media":0,"parent":0,"menu_order":4,"comment_status":"closed","ping_status":"closed","template":"","meta":{"footnotes":""},"class_list":["post-18","page","type-page","status-publish","hentry"],"_links":{"self":[{"href":"https:\/\/uni.hi.is\/gudrun\/IS\/wp-json\/wp\/v2\/pages\/18","targetHints":{"allow":["GET"]}}],"collection":[{"href":"https:\/\/uni.hi.is\/gudrun\/IS\/wp-json\/wp\/v2\/pages"}],"about":[{"href":"https:\/\/uni.hi.is\/gudrun\/IS\/wp-json\/wp\/v2\/types\/page"}],"author":[{"embeddable":true,"href":"https:\/\/uni.hi.is\/gudrun\/IS\/wp-json\/wp\/v2\/users\/334"}],"replies":[{"embeddable":true,"href":"https:\/\/uni.hi.is\/gudrun\/IS\/wp-json\/wp\/v2\/comments?post=18"}],"version-history":[{"count":19,"href":"https:\/\/uni.hi.is\/gudrun\/IS\/wp-json\/wp\/v2\/pages\/18\/revisions"}],"predecessor-version":[{"id":300,"href":"https:\/\/uni.hi.is\/gudrun\/IS\/wp-json\/wp\/v2\/pages\/18\/revisions\/300"}],"wp:attachment":[{"href":"https:\/\/uni.hi.is\/gudrun\/IS\/wp-json\/wp\/v2\/media?parent=18"}],"curies":[{"name":"wp","href":"https:\/\/api.w.org\/{rel}","templated":true}]}}