{"id":20,"date":"2010-10-15T10:51:07","date_gmt":"2010-10-15T10:51:07","guid":{"rendered":"http:\/\/uni.hi.is\/gudrun\/kennsla\/"},"modified":"2015-10-19T12:07:36","modified_gmt":"2015-10-19T12:07:36","slug":"kennsla","status":"publish","type":"page","link":"https:\/\/uni.hi.is\/gudrun\/IS\/kennsla\/","title":{"rendered":"Kennsla"},"content":{"rendered":"<p>&nbsp;<\/p>\n<p>F\u00f3sturfr\u00e6\u00f0i - Hj\u00fakrunarfr\u00e6\u00f0ideild<\/p>\n<p>Frumul\u00edffr\u00e6\u00f0i og l\u00edfe\u00f0lisfr\u00e6\u00f0i - Hj\u00fakrunarfr\u00e6\u00f0ideild<\/p>\n<p>Lei\u00f0beibeiandi framhaldsnema einkum \u00ed umhverfis- og n\u00e1tt\u00faruv\u00edsindum<\/p>","protected":false},"excerpt":{"rendered":"<p>&nbsp; F\u00f3sturfr\u00e6\u00f0i - Hj\u00fakrunarfr\u00e6\u00f0ideild Frumul\u00edffr\u00e6\u00f0i og l\u00edfe\u00f0lisfr\u00e6\u00f0i - Hj\u00fakrunarfr\u00e6\u00f0ideild Lei\u00f0beibeiandi framhaldsnema einkum \u00ed umhverfis- og n\u00e1tt\u00faruv\u00edsindum<\/p>\n","protected":false},"author":334,"featured_media":0,"parent":0,"menu_order":3,"comment_status":"closed","ping_status":"closed","template":"","meta":{"footnotes":""},"class_list":["post-20","page","type-page","status-publish","hentry"],"_links":{"self":[{"href":"https:\/\/uni.hi.is\/gudrun\/IS\/wp-json\/wp\/v2\/pages\/20","targetHints":{"allow":["GET"]}}],"collection":[{"href":"https:\/\/uni.hi.is\/gudrun\/IS\/wp-json\/wp\/v2\/pages"}],"about":[{"href":"https:\/\/uni.hi.is\/gudrun\/IS\/wp-json\/wp\/v2\/types\/page"}],"author":[{"embeddable":true,"href":"https:\/\/uni.hi.is\/gudrun\/IS\/wp-json\/wp\/v2\/users\/334"}],"replies":[{"embeddable":true,"href":"https:\/\/uni.hi.is\/gudrun\/IS\/wp-json\/wp\/v2\/comments?post=20"}],"version-history":[{"count":8,"href":"https:\/\/uni.hi.is\/gudrun\/IS\/wp-json\/wp\/v2\/pages\/20\/revisions"}],"predecessor-version":[{"id":164,"href":"https:\/\/uni.hi.is\/gudrun\/IS\/wp-json\/wp\/v2\/pages\/20\/revisions\/164"}],"wp:attachment":[{"href":"https:\/\/uni.hi.is\/gudrun\/IS\/wp-json\/wp\/v2\/media?parent=20"}],"curies":[{"name":"wp","href":"https:\/\/api.w.org\/{rel}","templated":true}]}}