{"id":18,"date":"2010-10-15T10:54:32","date_gmt":"2010-10-15T10:54:32","guid":{"rendered":"http:\/\/uni.hi.is\/gudrun\/?page_id=18"},"modified":"2015-10-28T10:40:35","modified_gmt":"2015-10-28T10:40:35","slug":"stjornun","status":"publish","type":"page","link":"https:\/\/uni.hi.is\/gudrun\/stjornun\/","title":{"rendered":"Administration"},"content":{"rendered":"<p><\/p>\n<h3><strong>In the University of Iceland<\/strong><\/h3>\n<ul>\n<li>Director Institute for Sustainability and Interdisciplinary Studies\u00a0 from 2005 - present<\/li>\n<li>Associate Professor of Cell Biology and Embryology, Dept of Nursing, University of Iceland from 1987 - present<\/li>\n<li>Director, Fisheries Research Institute, Univerity of Iceland\u00a0\u00a0 Feb 1995-2005<\/li>\n<li>Various administrative positions on behalf of the Department of Nursing, University of Iceland from 1987 - present<\/li>\n<\/ul>\n<h3><strong>Other<\/strong><\/h3>\n<ul>\n<li>Member of the Board of the United Nations University Fisheries Training Programme from 1997 - present<\/li>\n<li>Chairman of the Board of the Nordic Marine Academy 2004-2010<\/li>\n<li>Member of Nordic Work-Group for Fisheries Research from 1995 - 2008<\/li>\n<li>Member of board of NAIP from 1995<\/li>\n<li>Board member of Summer school on Construction of the Brain: Development and Evolutionary Principles, 1997- 2007.<\/li>\n<li>Member of\u00a0 the FAO Advisory Committee on Fishery Research (ACFR), appointed by the Director General of FAO. 2002-2007<\/li>\n<li>Member and Chairman of University Committee on Improved Teaching<\/li>\n<li>Chairman of the University Summer School programme 1995-1997<\/li>\n<li>Chair developmental project concerning Food Sciences and Fisheries.<\/li>\n<li>Steering committee on Air quality and health \u2013 2010 -<\/li>\n<li>Chair \u2013 Committee appointed by the Minister of health to coordinate studies on the health effects of the Eyjafjallaj\u00f6kull eruption in 2010.<\/li>\n<\/ul>\n<h3><strong>Project management<br \/>\n<\/strong><\/h3>\n<ul>\n<li>Project manager NORDRESS, to find ways to increase the resilience of the Nordic societies to withstand crises caused by natural hazards. 2015-<\/li>\n<li>Project manager ENHANCE, FP7 on enhancing risk management partnership for catastrophic natural disasters in Europe 2012-<\/li>\n<li>Project manager Effects of Eyjafjallajokull eruption on human and animal health 2010 \u2013<\/li>\n<li>Project mananger STRINGS interdisciplinary research on energy transport from 2007 \u2013<\/li>\n<li>Project manager Longterm relief and recovery planning \u2013 2006-2008<\/li>\n<li>WP leader in EU-funded project on Secure and Harmonized European Electronic Logbooks<\/li>\n<li>Chairman of the project Improved information systems for fisheries managers Supported by NORA 2003-2007<\/li>\n<li>Chairman of project on Electronic Fisheries Logbooks 2001-2006<\/li>\n<li>Attends board meetings of BIOICE 1995-2003<\/li>\n<li>Chairman of project on Bathymetric Database for Icelandic waters<\/li>\n<li>Chairman of board of Hafmynd (GAVIA\u00a0 autonomic underwater vehicles)<\/li>\n<li>Chairman of project on Safety and Survival Training for Nordic Fishermen<\/li>\n<\/ul>\n<h3><strong>Non-academic administration<\/strong><\/h3>\n<ul>\n<li>Chair \u2013 Constitutional Committee 2010 -<\/li>\n<li>Chairman of board of Charity fund for children with cardiac problems from 1996<\/li>\n<li>Board of Friends of Grensas Rehabilitation Clinic 2008 \u2013<\/li>\n<li>Deputy Board of Au\u00f0ur Capital 2008 -<\/li>\n<li>Board of Sjova-Almennar, a leading Insurance and Investment company 2002-2003<\/li>\n<li>Board of New Venture Capital Fund 1997-2003<\/li>\n<li>Board of Capital Area Developmental Fund 1994 - 1998<\/li>\n<li>Board member and Chairman of\u00a0 board of The National Opera 1991-1999<\/li>\n<li>Chairman of project AUDUR for Women Entrepreneurs. Women Create Wealth<\/li>\n<li>Member of Reykjavik Council for Education 1998-2002<\/li>\n<li>First deputy City Council Member<\/li>\n<\/ul>\n<p><strong>Organization and management of conferences from 1996<\/strong><\/p>\n<ul>\n<li>Sikkerhetsarbeid \u00ed den nordiske fiskefl\u00e5ten, Troms\u00f6, 24-26 october 2012, conference committee.<\/li>\n<li>Sustainable Cities and Military Installations, \u00ed samstarfi vi\u00f0 NATO<br \/>\nConference held in \u00e1 Hotel Rang\u00e1, 3-6 June 2012. Chairman of the Icelandic\u00a0 conference committee.<\/li>\n<li>CoastAdapt \u2013 workshop in Iceland 30 August \u2013 2. September 2010 \u2013 Chariman\u00a0 of the preparation committee.<\/li>\n<li>IFISH 4 \u2013 International Fisheries Industry Safety and Health Conference. Held in Reykjav\u00edk 10-14 May 2009.\u00a0 Chairman of the Icelandic preparation committee.<\/li>\n<li>Forum - Institute for Sustainability Studies, University of Iceland. Hver \u00e1 jar\u00f0hitann og hva\u00f0a m\u00e1li skiptir \u00fea\u00f0? National Museum of Iceland, 9.November 2007. Organization and control.<\/li>\n<li>4. Date-\u00a0Institute for Sustainability Studies, University of Iceland\u00a0 and the Ministry for the Environment and Natural Resources. Hva\u00f0 er kolefnisj\u00f6fnun? National Museum of Iceland, 16.October 2007. Organization and control.<\/li>\n<li>Catch Effort and Discard Estimation in Real time (CEDER). Project meeting in Iceland July 2-4 2007. Hotel Rang\u00e1. Organization and control.<\/li>\n<li>3. Date-\u00a0Institute for Sustainability Studies, University of Iceland\u00a0 and the Ministry for the Environment and Natural Resources. Ol\u00eduleit \u00e1 Drekasv\u00e6\u00f0i, 13. April 2007, \u00c1rnagar\u00f0i, University of Iceland. Organization and control.<\/li>\n<li>2. Date-\u00a0Institute for Sustainability Studies, University of Iceland\u00a0 and the Ministry for the Environment and Natural Resources. Er h\u00e6gt a\u00f0 leysa loftslagsvandann? \u00c1rnagar\u00f0i, University of Iceland, 2.March 2007. Organization and control.<\/li>\n<li>1. Date-\u00a0Institute for Sustainability Studies, University of Iceland\u00a0 and the Ministry for the Environment and Natural Resources. Hva\u00f0 sv\u00edfur yfir Esjunni? Um orskakir og \u00e1hrif svifryks, T\u00e6knigar\u00f0i, 2.February 2007. Organization and control.<\/li>\n<li>St\u00f6rf og framt\u00ed\u00f0 \u00der\u00f3unarsamvinnustofnunar \u00cdslands. 10. November 2004. M<span id=\"nidurstodur\">oderator.<\/span><\/li>\n<li>SHEEL workshop in London April 18th-20th 2004 Organization and control.<\/li>\n<li>Nordisk Arbeidsgruppe for Fiskeriforskning. Annual worshop in Iceland 27\/8 \u2013 1\/9 2002. Organization and control.<\/li>\n<li>Helse-Milj\u00f6-Sikkerhet Portal for Nordiske Fiskerier. Work-meeting in Hirtshals 10-13 May 2001. Organization and control.<\/li>\n<li>Safety and Survival Training for Fishermen in Nordic Countries. Work-meeting in <span id=\"nidurstodur\">Copenhagen<\/span>, February 2000. Organization and control.<\/li>\n<li>Safety and Survival Training for Fishermen in Nordic Countries. Work-meeting in Oslo\u00a0 15-17. Sept. 1999. Organization and control.<\/li>\n<li>Safety and Survival Training for Fishermen in Nordic Countries. Work-meeting in Gautaborg 2-6 July 1999. Organization and control.<\/li>\n<li>Molecular Principles of Nervous System Adaptation and Evolution. Workshop- NorFa. Kristineberg Marine Research Station, 11-17 June 1999. Organization and control.<\/li>\n<li>Fisheries Ties between Taiwan and Iceland. Conference in Taiwan in <span id=\"nidurstodur\">cooperation<\/span> with\u00a0 National Taiwan Ocean University, May 1999. Organization.<\/li>\n<li>Safety and Survival Training for Fishermen in the Nordic Countries. Conferene -The Nordic Council of Ministers. Frederikshavn, Denmark. 3-5 May 1999. Organization and control.<\/li>\n<li>L\u00edfi\u00f0 \u00ed fj\u00f6runni. Two days workshop for <span id=\"nidurstodur\">kindergarten teacher<\/span>s in cooperation with The Continuing Education- University of Iceland.\u00a0 7. \u2013 8. September 1998. Organization.<\/li>\n<li>Undur Hafsins \u00e1 \u00c1ri Hafsins. Row of\u00a0 5 lectures for <span id=\"nidurstodur\">the general public<\/span> held by The <span id=\"nidurstodur\">Fisheries Research Institute<\/span>. Spring 1998. Organization and control.<\/li>\n<li>N\u00e1mskei\u00f0 um marka\u00f0 fyrir sj\u00e1varafur\u00f0ir, t\u00e6ki og t\u00e6kni \u00ed Taiwan og K\u00edna. In May 1997. Key-note speaker- prof.\u00a0 Bonnie Sun Pan from National Taiwan Ocean University. Organization and control.<\/li>\n<li>Hver \u00e1 kv\u00f3tann \u2013 hver \u00e6tti a\u00f0 eig\u00b4ann. Open meeting\u00a0 8. November 1997. Organization and control.<\/li>\n<li>Whaling in the North-Atlantic. Conference held by The <span id=\"nidurstodur\">Fisheries Research Institute and\u00a0<\/span> High North Alliance. March 1997. Organization and control.<\/li>\n<li>Open meeting held by The <span id=\"nidurstodur\">Fisheries Research Institute. <\/span>\"The Sustainable Fisheries Act\". Preparation . Spring, 1997.<\/li>\n<li>Symposium \"Hafr\u00e9tt, vi\u00f0skipti og vernd au\u00f0linda\" in cooperation with The\u00a0Institute of International Affairs. 28. February 1997. Preparation.<\/li>\n<li>Conference Kvalitet, Magt og Marked. Haldin held by NAF and The Nordic Council of Ministers. October 1996 (50 participants). Conference committee.<\/li>\n<li>Conference on improved <span id=\"nidurstodur\">competitive position<\/span> of Iceland.\u00a0 September 1996. M<span id=\"nidurstodur\">oderator.<\/span><\/li>\n<li>S<span id=\"nidurstodur\">ymposium<\/span> on <span id=\"nidurstodur\">food product testing<\/span> in Taiwan, held by The <span id=\"nidurstodur\">Fisheries Research Institute<\/span> and the University of Iceland, together with guest speakers form Taiwan September 1996. Organization and control.<\/li>\n<li>Nordisk Arbeidsgruppe for Fikeriforskning. <span id=\"nidurstodur\">Scientifice committee<\/span> from The Nordic Council of Ministers annual work-meeting held in H\u00f6fn \u00ed Hornafir\u00f0i, Iceland, 25-30 August 1996 (15 participants). Organization and control.<\/li>\n<li>Lessons from the Edge, 10 \u2013 summer-school . 1-11 August 1996 held by the North Atlantic Islands Programme, in cooperation with The <span id=\"nidurstodur\">Fisheries Research Institute <\/span>(50 participants).\u00a0Organization, control, participation and presentation.<\/li>\n<li>L\u00edfr\u00edki\u00f0 umhverfis landi\u00f0. Conference held by\u00a0The <span id=\"nidurstodur\">Fisheries Research Institute<\/span>,\u00a0 Verkfr\u00e6\u00f0ingaf\u00e9lagi \u00cdslands and T\u00e6knifr\u00e6\u00f0ingaf\u00e9lagi \u00cdslands in March 1996. (120 participants).\u00a0 Conference committee and <span id=\"nidurstodur\">moderator<\/span>.<\/li>\n<li>\u00dathafsvei\u00f0ar \u00cdslendinga. Open meeting. Fall 1996, <span id=\"nidurstodur\">moderator<\/span>.<\/li>\n<\/ul>\n<p><\/p>","protected":false},"excerpt":{"rendered":"<p>In the University of Iceland Director Institute for Sustainability and Interdisciplinary Studies\u00a0 from 2005 - present Associate Professor of Cell Biology and Embryology, Dept of Nursing, University of Iceland from 1987 - present Director, Fisheries Research Institute, Univerity of Iceland\u00a0\u00a0 &hellip; <a href=\"https:\/\/uni.hi.is\/gudrun\/stjornun\/\">Continue reading <span class=\"meta-nav\">&rarr;<\/span><\/a><\/p>\n","protected":false},"author":334,"featured_media":0,"parent":0,"menu_order":4,"comment_status":"closed","ping_status":"closed","template":"","meta":{"footnotes":""},"class_list":["post-18","page","type-page","status-publish","hentry"],"_links":{"self":[{"href":"https:\/\/uni.hi.is\/gudrun\/wp-json\/wp\/v2\/pages\/18","targetHints":{"allow":["GET"]}}],"collection":[{"href":"https:\/\/uni.hi.is\/gudrun\/wp-json\/wp\/v2\/pages"}],"about":[{"href":"https:\/\/uni.hi.is\/gudrun\/wp-json\/wp\/v2\/types\/page"}],"author":[{"embeddable":true,"href":"https:\/\/uni.hi.is\/gudrun\/wp-json\/wp\/v2\/users\/334"}],"replies":[{"embeddable":true,"href":"https:\/\/uni.hi.is\/gudrun\/wp-json\/wp\/v2\/comments?post=18"}],"version-history":[{"count":19,"href":"https:\/\/uni.hi.is\/gudrun\/wp-json\/wp\/v2\/pages\/18\/revisions"}],"predecessor-version":[{"id":300,"href":"https:\/\/uni.hi.is\/gudrun\/wp-json\/wp\/v2\/pages\/18\/revisions\/300"}],"wp:attachment":[{"href":"https:\/\/uni.hi.is\/gudrun\/wp-json\/wp\/v2\/media?parent=18"}],"curies":[{"name":"wp","href":"https:\/\/api.w.org\/{rel}","templated":true}]}}