{"id":200,"date":"2015-10-22T11:19:53","date_gmt":"2015-10-22T11:19:53","guid":{"rendered":"http:\/\/uni.hi.is\/gudrun\/?page_id=200"},"modified":"2018-04-09T21:16:26","modified_gmt":"2018-04-09T21:16:26","slug":"editing","status":"publish","type":"page","link":"https:\/\/uni.hi.is\/gudrun\/publications-2\/editing\/","title":{"rendered":"Editing"},"content":{"rendered":"<p><\/p>\n<ul>\n<li>Gestaritstj\u00f3ri Journal of Ocean and Coastal Management (2014). Volume 94, Pages 1-98 (June 2014) <em>Coastal Climate Change Adaptation In The Northern Periphery Of Europe Special issue.<\/em><\/li>\n<li><em>Sk\u00fdrsla Stj\u00f3rnlaganefndar<\/em> (2011). ed. Gu\u00f0r\u00fan P\u00e9tursd\u00f3ttir. Bindi I, bls 1- 366. Stj\u00f3rnlaganefnd, Reykjav\u00edk. ISBN: 978-9979-70-907-7<\/li>\n<li><em>Sk\u00fdrsla Stj\u00f3rnlaganefndar<\/em> (2011). ed. Gu\u00f0r\u00fan P\u00e9tursd\u00f3ttir. Bindi II, bls 1-345. Stj\u00f3rnlaganefnd, Reykjav\u00edk. ISBN: 978-9979-70-909-1<\/li>\n<li>Whaling in the North-Atlantic. ed. Gu\u00f0r\u00fan P\u00e9tursd\u00f3ttir. Fisheries Research Institute:1-158, 1997<\/li>\n<li>Editorial board of The Icelandic Medical Journal 1994-1996.Property Rights in the Fishing Industry ed. Gu\u00f0r\u00fan P\u00e9tursd\u00f3ttir. Fisheries Research Institute:1-101; 1997. Social Implications of the Quota System. eds. G\u00edsli P\u00e1lsson &amp; Gu\u00f0r\u00fan P\u00e9tursd\u00f3ttir. NORD: 1-350; 1997<\/li>\n<li>Whaling in the North-Atlantic. ed. Gu\u00f0r\u00fan P\u00e9tursd\u00f3ttir. Fisheries Research Institute:1-158, 1997<\/li>\n<li>Social Implications of the Quota System. eds.\u00a0 G\u00edsli P\u00e1lsson\u00a0 &amp; Gu\u00f0r\u00fan P\u00e9tursd\u00f3ttir. NORD: 1-350; 1997<\/li>\n<li>Property Rights in the Fishing Industry. ed. Gu\u00f0r\u00fan P\u00e9tursd\u00f3ttir. Fisheries Research Institute:1-101; 1997.<\/li>\n<li>Editorial board of The Icelandic Medical Journal 1994-1996<\/li>\n<li>Nordic Council for Arctic Medical Research: 1-800. 1995.<\/li>\n<li>Circumpolar Health 1993. Proceedings of the IX International Coference on Circumpolar Health Gu\u00f0r\u00fan P\u00e9tursd\u00f3ttir, Stef\u00e1n B. Sigur\u00f0sson and J\u00f3hann Axelsson .Nordic Council for Arctic Medical Research: 1-800. 1995<\/li>\n<\/ul>\n<p><\/p>","protected":false},"excerpt":{"rendered":"<p>Gestaritstj\u00f3ri Journal of Ocean and Coastal Management (2014). Volume 94, Pages 1-98 (June 2014) Coastal Climate Change Adaptation In The Northern Periphery Of Europe Special issue. Sk\u00fdrsla Stj\u00f3rnlaganefndar (2011). ed. Gu\u00f0r\u00fan P\u00e9tursd\u00f3ttir. Bindi I, bls 1- 366. Stj\u00f3rnlaganefnd, Reykjav\u00edk. ISBN: &hellip; <a href=\"https:\/\/uni.hi.is\/gudrun\/publications-2\/editing\/\">Continue reading <span class=\"meta-nav\">&rarr;<\/span><\/a><\/p>\n","protected":false},"author":334,"featured_media":0,"parent":173,"menu_order":3,"comment_status":"closed","ping_status":"closed","template":"","meta":{"footnotes":""},"class_list":["post-200","page","type-page","status-publish","hentry"],"_links":{"self":[{"href":"https:\/\/uni.hi.is\/gudrun\/wp-json\/wp\/v2\/pages\/200","targetHints":{"allow":["GET"]}}],"collection":[{"href":"https:\/\/uni.hi.is\/gudrun\/wp-json\/wp\/v2\/pages"}],"about":[{"href":"https:\/\/uni.hi.is\/gudrun\/wp-json\/wp\/v2\/types\/page"}],"author":[{"embeddable":true,"href":"https:\/\/uni.hi.is\/gudrun\/wp-json\/wp\/v2\/users\/334"}],"replies":[{"embeddable":true,"href":"https:\/\/uni.hi.is\/gudrun\/wp-json\/wp\/v2\/comments?post=200"}],"version-history":[{"count":7,"href":"https:\/\/uni.hi.is\/gudrun\/wp-json\/wp\/v2\/pages\/200\/revisions"}],"predecessor-version":[{"id":394,"href":"https:\/\/uni.hi.is\/gudrun\/wp-json\/wp\/v2\/pages\/200\/revisions\/394"}],"up":[{"embeddable":true,"href":"https:\/\/uni.hi.is\/gudrun\/wp-json\/wp\/v2\/pages\/173"}],"wp:attachment":[{"href":"https:\/\/uni.hi.is\/gudrun\/wp-json\/wp\/v2\/media?parent=200"}],"curies":[{"name":"wp","href":"https:\/\/api.w.org\/{rel}","templated":true}]}}