{"id":351,"date":"2018-04-09T16:16:29","date_gmt":"2018-04-09T16:16:29","guid":{"rendered":"http:\/\/uni.hi.is\/gudrun\/?page_id=351"},"modified":"2018-05-16T10:08:24","modified_gmt":"2018-05-16T10:08:24","slug":"main-publications","status":"publish","type":"page","link":"https:\/\/uni.hi.is\/gudrun\/publications-2\/main-publications\/","title":{"rendered":"Main Publications"},"content":{"rendered":"<p>Heidrun Hlodversdottir, Harpa Thorsteinsdottir, Edda Bjork Thordardottir,<br \/>\nUrdur Njardvik, Gudrun Petursdottir &amp; Arna Hauksdottir (2018) Long-term health of children following the Eyjafjallaj\u00f6kull volcanic eruption: a prospective cohort study, European Journal of Psychotraumatology, 9:sup2, 1442601, DOI: 10.1080\/20008198.2018.1442601 To link to this article: https:\/\/doi.org\/10.1080\/20008198.2018.1442601<\/p>\n<p>\u00d3l\u00f6f Sunna Gissurard\u00f3ttir, Edda Bjork Thordard\u00f3ttir, Heidr\u00fan Hl\u00f6dversd\u00f3ttir, Gudr\u00fan P\u00e9tursd\u00f3ttir, Arna Hauksd\u00f3ttir. Mental health effects following the eruption in Eyjafjallaj\u00f6kull volcano in Iceland \u2013 A population-based study<br \/>\nScandinavian Journal of Public Health, 1-9, Jan 2018<\/p>\n<p>Diego Galafassi, Andrew Merrie, Chantal Bilodeau, Gudrun Petursdottir, J. David Tabara, Leonie Guerrero Lara, Manjana Milkoreit, Mar\u00eda Heras, Sacha Kagan, Sadhbh Juarez Bourke Raising the Temperature: The Arts On a Warming Planet<br \/>\nCurrent Opinion in Environmental Sustainability, Review article | COSUST,2017,28<\/p>\n<p>Reichardt, U., Gu\u00f0mundur Freyr \u00dalfarsson og Gu\u00f0r\u00fan P\u00e9tursd\u00f3ttir, 2016: Volcanic ash and air traffic \u2013 Improving resilience of the air industry to volcanic ash. V\u00edsindadagur, Verkfr\u00e6\u00f0i- og n\u00e1tt\u00faruv\u00edsindasvi\u00f0, H\u00e1sk\u00f3la \u00cdslands, Reykjav\u00edk, \u00cdslandi, 29. okt\u00f3ber.<\/p>\n<p>Uta Reichardt, Gu\u00f0mundur F. \u00dalfarsson, Gu\u00f0r\u00fan P\u00e9tursd\u00f3ttir<br \/>\nAir industry response to volcanic eruptions In ENHANCE Novel Multi-Sector Partnerships in Disaster Risk Management. Results of the ENHANCE project. Jeroen Aerts and Jaroslav Mysiak (eds). EU FP7 project ENHANCE. p. 169-188, Brussels 2016<\/p>\n<p>Heidrun Hlodversdottir, Gudrun Petursdottir, Hanne Krage Carlsen, Thorarinn Gislason, Arna Hauksdottir. Long-term health effects of the Eyjafjallaj\u00f6kull volcanic eruption: A prospective cohort study in 2010 and 2013 BMJ Open, 2016;6:e011444. doi:10.1136\/bmjopen-2016- 011444<\/p>\n<p>Bird, D., McLeman, R., G\u00edslad\u00f3ttir, G., Kelman, I., N\u00e6ss, M.W., P\u00e9tursd\u00f3ttir, G., J\u00f3hannesd\u00f3ttir, G. in press. Climate change and settlement level impacts. In: A. Taylor, D. Carson, P. Ensign, L. Huskey and R. Rasmussen. Settlements at the Edge: Remote Human Settlements in Developed Nations. Edward Elgar, UK. 2016;293-319<\/p>\n<p>Challenges and opportunities in climate change adaptation for communities in Europe\u2019s northern periphery. D.Muir, J.A.G. Cooper and G.Petursdottir. Jounal of Ocean and Coastal Management, 94:1-8, 2014 http:\/\/www.sciencedirect.com\/science\/article\/pii\/S0964569114000830<\/p>\n<p>A review of fatal accident incidence rates trends in fishing<br \/>\nOlaf C. Jensen, Gudrun Petursdottir, Ingunn Marie Holmen, Annbj\u00f8rg Abrahamsen and Jennifer Lincoln International Journal of Maritime Health 2014; 65, 2: 1\u20136<\/p>\n<p>Hreint loft \u2013 betri heilsa \u2013Clean Air \u2013 Better Health (2013). Stef\u00e1n Einarsson, Gu\u00f0r\u00fan P\u00e9tursd\u00f3ttir et al: 1-105, ISBN 9788-9979-799-64-1<\/p>\n<p>Health effects following the Eyjafjallaj\u00f6kull volcanic eruption: a cohort study (2012).<br \/>\nCarlsen, H.K, Petursdottir G et al.; BMJ Open 2012;2:e001851 doi:10.1136\/bmjopen-2012-001851<\/p>\n<p>Auditing Environmental Impact Assessments (in Icelandic, english summary) (2012)<br \/>\nGu\u00f0mundur Ingi Gu\u00f0brandsson, Gu\u00f0r\u00fan P\u00e9tursd\u00f3ttir et al: 1-104, ISBN 978-9979-9881-1-3<\/p>\n<p>Aska og heilsa \u2013 Ash and Health (2011); Gu\u00f0r\u00fan P\u00e9tursd\u00f3ttir, T\u00edmarit hj\u00fakrunarfr\u00e6\u00f0inga 3:24-26<\/p>\n<p>Constitutional Committee Report (2011) Gu\u00f0r\u00fan P\u00e9tursd\u00f3ttir et al, Vol I, chapters I \u2013IV: 1-214. Reykjav\u00edk 2011. ISBN: 978-9979-70-907-7<\/p>\n<p>S\u00f3larmegin \u2013 Herdis Egilsd\u00f3ttir \u2013 Biography (2011). Gu\u00f0r\u00fan P\u00e9tursd\u00f3ttir og \u00d3lafur Hannibalsson. I\u00f0unn, Reykjav\u00edk ISBN 978-9979-1-0513-8<\/p>\n<p>Slys me\u00f0al sj\u00f3manna \u00e1 \u00cdslandi \u00e1rin 2001-2005 Injuries of Icelandic fishermen (2010)<br \/>\nSigvaldason K, Tryggvason F\u00de, P\u00e9tursd\u00f3ttir G, Snorrason H, Baldursson H, Mogensen B.<br \/>\nL\u00e6knabla\u00f0i\u00f0 96: 29-35. (Icelandic Medical journal)<\/p>\n<p>Evaluating biological robustness of innovative management alternatives (2009)<br \/>\nBastardie F, Baudron A, Bilocca R, Boje J, Bult TP, Garcia D, Hintzen N, Nielsen JR, Petursdottir G, Sanchez S, Ulrich C. In Comparative Evaluations of Innovative Fisheries Management \u2013 Global Experiences and European Prospects ed. Hauge &amp;Wilson: 119-143 Springer<\/p>\n<p>How to improve community recovery after natural hazards \u2013 Guidelines in Icelandic<br \/>\nS\u00f3lveig \u00deorvaldsd\u00f3ttir, \u00c1sthildur Elva Bernhar\u00f0sd\u00f3ttir, Gu\u00f0r\u00fan P\u00e9tursd\u00f3ttir og Herd\u00eds Sigurj\u00f3nsd\u00f3ttir. In Langt\u00edmavi\u00f0br\u00f6g\u00f0 vi\u00f0 n\u00e1tt\u00faruhamf\u00f6rum:145-175, 2008<\/p>\n<p>Long term relief and recovery planning in Icelandic (2008)<br \/>\nS\u00f3lveig \u00deorvaldsd\u00f3ttir, \u00c1sthildur Elva Bernhar\u00f0sd\u00f3ttir, Herd\u00eds Sigurj\u00f3nsd\u00f3ttir, Geir Oddsson og Gu\u00f0r\u00fan P\u00e9tursd\u00f3ttir: 1-185; Stofnun S\u00e6mundar fr\u00f3\u00f0a, Reykjav\u00edk ISBN978-9979-9881-0-6<\/p>\n<p>Almennar Lei\u00f0beiningar til sveitarf\u00e9laga um vi\u00f0br\u00f6g\u00f0 vi\u00f0 n\u00e1tt\u00faruhamf\u00f6rum<br \/>\n\u00c1sthildur Elva Bernhar\u00f0sd\u00f3ttir, Gu\u00f0r\u00fan P\u00e9tursd\u00f3ttir, Herd\u00eds Sigurj\u00f3nsd\u00f3ttir og S\u00f3lveig \u00deorvaldsd\u00f3ttir<br \/>\nStofnun S\u00e6mundar fr\u00f3\u00f0a, 2008 1-26<\/p>\n<p>Fatal accidents in the Icelandic fishing fleet 1980-2005 (2007) Gu\u00f0r\u00fan P\u00e9tursd\u00f3ttir og Tryggvi Hj\u00f6rvar. International Maritime Health,58:47-58,Gdynia<\/p>\n<p>\u00d6ryggi \u00e1 sj\u00f3 \u2013 (Safety at Sea) (2006) Gu\u00f0r\u00fan P\u00e9tursd\u00f3ttir In Fr\u00e1 inns\u00e6i til inngripa, um ranns\u00f3knir \u00ed hj\u00fakrunarfr\u00e6\u00f0i. On research in Nursing Sciences \u2013 in Icelandic \u2013 Iceland University Press<\/p>\n<p>Secure and Harmonized European Electronic Logbooks<br \/>\nSystems Specifications<br \/>\nGu\u00f0r\u00fan Petursd\u00f3ttir og \u00deorsteinn Helgi Steinarsson<br \/>\nSHEEL WP2 Deliverable 5:1-75<br \/>\nJoint Research Centre Ispra - April 2005<\/p>\n<p>Coordinated Comprehensive Bathymetric Database for the Icelandic Economic Zone, in Icelandic (2003) Gu\u00f0r\u00fan P\u00e9tursd\u00f3ttir, Sj\u00e1var\u00fatvegsstofnun H.\u00cd.Reykjav\u00edk<\/p>\n<p>Samr\u00e6mdur gagnagrunnur um d\u00fdpi \u00ed l\u00f6gs\u00f6gu \u00cdslands<br \/>\nGu\u00f0r\u00fan P\u00e9tursd\u00f3ttir verkefnisstj\u00f3ri<br \/>\nSj\u00e1var\u00fatvegsstofnun H.\u00cd. 2003 1-23<\/p>\n<p>Hafi\u00f0 (The Ocean) (2002) Gu\u00f0r\u00fan P\u00e9tursd\u00f3ttir In Gr\u00e6nskinna \u2013 Collection of essays on Key Ecological Issues: 63-79, M\u00e1l og Menning<\/p>\n<p>Sikkerhetsoppl\u00e6ring for Nordiske Fiskere \/Safety and Survival Training for Nordic Fishermen (2002). Gudrun Petursd\u00f3ttir Tema Nord 586<\/p>\n<p>United Nations University Fisheries Training Centre in Iceland<br \/>\nIngvar Birgir Fri\u00f0leifsson, Gr\u00edmur Valdimarsson, Bj\u00f6rn Matth\u00edasson, K\u00e1ri J\u00f3hannesson, Benedikt Steingr\u00edmsson og Gu\u00f0r\u00fan P\u00e9tursd\u00f3ttir, Sk\u00fdrsla unnin fyrir utanr\u00edkisr\u00e1\u00f0herra: 1-43, 1995<\/p>\n<p>Lausnir \u00e1 h\u00fasn\u00e6\u00f0isvanda Sj\u00e1var\u00fatvegsh\u00e1sk\u00f3la Sameinu\u00f0u \u00fej\u00f3\u00f0anna (Solving the housing problems of the UNU\u00b4s Fisheries training Programme). Steind\u00f3r Gu\u00f0mundsson, Gu\u00f0r\u00fan P\u00e9tursd\u00f3ttir, Gr\u00edmur Valdimarsson, Krist\u00edn Einarsd\u00f3ttir og Vignir Thordoddsen :1-30 Tr\u00fana\u00f0arsk\u00fdrsla unnin fyrir sj\u00e1var\u00fatvegsr\u00e1\u00f0herra 1996<\/p>\n<p>\u00cdslenskur sj\u00e1var\u00fatvegur og kr\u00f6fur umhverfisverndarsinna (Icelandic Fisheries and the Demands of international Environmentalists).Gu\u00f0r\u00fan P\u00e9tursd\u00f3ttir og Ragnar \u00c1rnason: 1-69 Tr\u00fana\u00f0arsk\u00fdrsla unnin fyrir Landsnefnd Al\u00fej\u00f3\u00f0averslunarr\u00e1\u00f0sins 1997<br \/>\nFisk for framtida; hvordan sikre b\u00e6rekraftige fiskerier (Fish for the Future \u2013 How to ensure Sustainable Fisheries)<\/p>\n<p>Undirb\u00faningur r\u00e1\u00f0stefnu og ritstj\u00f3rn rits \u00e1samt Georg Blichfeldt TemaNord FISKERI 1998:536, 1-108<br \/>\nOrsakake\u00f0ja (Causal Chain of Events)<br \/>\nGu\u00f0r\u00fan P\u00e9tursd\u00f3ttir<br \/>\nSj\u00f3mannadagsbla\u00f0 Grindav\u00edkur 2002<\/p>\n<p>Safety at Sea as an Integral part of Fisheries Management (2001) Gudun Petursdottir, Olafur Hannibalsson and Jeremy M.M. Turner FAO Fisheries Circular No 966,FIIT\/C966:1-39,Rome<\/p>\n<p>Obtaining Value from Waste<br \/>\nIllugi Gunnarsson and Gu\u00f0r\u00fan P\u00e9tursd\u00f3ttir<br \/>\nNAIP reports, 1-23, Institute of Island Studies 1998<\/p>\n<p>Fiskvei\u00f0ideilur \u00ed heimsh\u00f6funum I (Fisheries Disputes in International Waters I)<br \/>\nGu\u00f0r\u00fan P\u00e9turd\u00f3ttir<br \/>\nT\u00edmariti\u00f0 \u00c6gir,11:24-26, 1998<\/p>\n<p>Fiskvei\u00f0ideilur \u00ed heimsh\u00f6funum II (Fisheries Disputes in International Waters II)<br \/>\nGu\u00f0r\u00fan P\u00e9turd\u00f3ttir<br \/>\nT\u00edmariti\u00f0 \u00c6gir,12:40-41, 1998<\/p>\n<p>Matv\u00e6la-og sj\u00e1var\u00fatvegsgar\u00f0ur ( A Centre for Food Sciences and Marine Research)<br \/>\nGu\u00f0r\u00fan P\u00e9tursd\u00f3ttir, \u00c1g\u00fasta Gu\u00f0mundsd\u00f3ttir &amp; Gr\u00edmur Valdimarsson<br \/>\n1-18 H\u00e1sk\u00f3li \u00cdslands og Ranns\u00f3knastofnun fiski\u00f0na\u00f0arins, ma\u00ed 1995<\/p>\n<p>S\u00e1rsauki, s\u00e1lr\u00e6n og f\u00e9lagsleg vi\u00f0horf (Pain, psychological and Social Aspects).<br \/>\nG. P\u00e9tursd\u00f3ttir.<br \/>\nFr\u00e9ttabr\u00e9f um heilbrig\u00f0ism\u00e1l, 2: 29-34, 1980.<\/p>\n<p><span style=\"text-decoration: underline\">Compendia<\/span><\/p>\n<p>F\u00f3sturfr\u00e6\u00f0i Gu\u00f0r\u00fan P\u00e9tursd\u00f3ttir 1- 281 H\u00e1sk\u00f3lafj\u00f6lritun 2010 (Embryology)<\/p>\n<p>F\u00f3sturfr\u00e6\u00f0i Gu\u00f0r\u00fan P\u00e9tursd\u00f3ttir 1- 280 H\u00e1sk\u00f3lafj\u00f6lritun 2009 (Embryology)<\/p>\n<p>F\u00f3sturfr\u00e6\u00f0i Gu\u00f0r\u00fan P\u00e9tursd\u00f3ttir 1- 272 H\u00e1sk\u00f3lafj\u00f6lritun 2008 (Embryology)<\/p>\n<p>F\u00f3sturfr\u00e6\u00f0i Gu\u00f0r\u00fan P\u00e9tursd\u00f3ttir 1- 275 H\u00e1sk\u00f3lafj\u00f6lritun 2007 (Embryology)<\/p>\n<p>F\u00f3sturfr\u00e6\u00f0i Gu\u00f0r\u00fan P\u00e9tursd\u00f3ttir 1- 270 H\u00e1sk\u00f3lafj\u00f6lritun 2006 (Embryology)<\/p>\n<p>Vefjafr\u00e6\u00f0i og Frumul\u00edffr\u00e6\u00f0i Gu\u00f0r\u00fan P\u00e9tursd\u00f3ttir 1 \u2013 190 H\u00e1sk\u00f3lafj\u00f6lritun 2006 (Cell biology and Histology)<\/p>\n<p>F\u00f3sturfr\u00e6\u00f0i Gu\u00f0r\u00fan P\u00e9tursd\u00f3ttir 1- 250 H\u00e1sk\u00f3lafj\u00f6lritun 2005 (Embryology)<\/p>\n<p>Vefjafr\u00e6\u00f0i og Frumul\u00edffr\u00e6\u00f0i Gu\u00f0r\u00fan P\u00e9tursd\u00f3ttir 1 190 H\u00e1sk\u00f3lafj\u00f6lritun 2005 (Cell biology and Histology)<\/p>\n<p>Vefjafr\u00e6\u00f0i og Frumul\u00edffr\u00e6\u00f0i Gu\u00f0r\u00fan P\u00e9tursd\u00f3ttir 1 174 H\u00e1sk\u00f3lafj\u00f6lritun 2004 (Cell biology and Histology)<\/p>\n<p>F\u00f3sturfr\u00e6\u00f0i Gu\u00f0r\u00fan P\u00e9tursd\u00f3ttir 1- 271 H\u00e1sk\u00f3lafj\u00f6lritun 2004 (Embryology)<\/p>\n<p>Vefjafr\u00e6\u00f0i og Frumul\u00edffr\u00e6\u00f0i Gu\u00f0r\u00fan P\u00e9tursd\u00f3ttir 1 \u2013 77 H\u00e1sk\u00f3lafj\u00f6lritun 2003 (Cell biology and Histology)<\/p>\n<p>F\u00f3sturfr\u00e6\u00f0i Gu\u00f0r\u00fan P\u00e9tursd\u00f3ttir 1- 250 H\u00e1sk\u00f3lafj\u00f6lritun 2003 (Embryology)<\/p>\n<p>Vefjafr\u00e6\u00f0i og Frumul\u00edffr\u00e6\u00f0i Gu\u00f0r\u00fan P\u00e9tursd\u00f3ttir 1 \u2013 53 H\u00e1sk\u00f3lafj\u00f6lritun 2002(Cell biology and Histology)<\/p>\n<p>F\u00f3sturfr\u00e6\u00f0i Gu\u00f0r\u00fan P\u00e9tursd\u00f3ttir 1- 230 H\u00e1sk\u00f3lafj\u00f6lritun 2002 (Embryology)<\/p>\n<p>Frumul\u00edffrr\u00e6\u00f0i og vefjafr\u00e6\u00f0i Gu\u00f0r\u00fan P\u00e9tursd\u00f3ttir 1- 85 H\u00e1sk\u00f3lafj\u00f6lritun 2001 (Cell biology and Histology)<\/p>\n<p>F\u00f3sturfr\u00e6\u00f0i Gu\u00f0r\u00fan P\u00e9tursd\u00f3ttir 1-102 H\u00e1sk\u00f3lafj\u00f6lritun 2001 (Embryology)<\/p>\n<p>1tbl:5, 1999<br \/>\nWhere to study further?<br \/>\nGu\u00f0r\u00fan P\u00e9tursd\u00f3ttir<br \/>\nBla\u00f0 hj\u00fakrunarfr\u00e6\u00f0inema<br \/>\nVori\u00f0 2003<\/p>\n<p>&nbsp;<\/p>","protected":false},"excerpt":{"rendered":"<p>Heidrun Hlodversdottir, Harpa Thorsteinsdottir, Edda Bjork Thordardottir, Urdur Njardvik, Gudrun Petursdottir &amp; Arna Hauksdottir (2018) Long-term health of children following the Eyjafjallaj\u00f6kull volcanic eruption: a prospective cohort study, European Journal of Psychotraumatology, 9:sup2, 1442601, DOI: 10.1080\/20008198.2018.1442601 To link to this &hellip; <a href=\"https:\/\/uni.hi.is\/gudrun\/publications-2\/main-publications\/\">Continue reading <span class=\"meta-nav\">&rarr;<\/span><\/a><\/p>\n","protected":false},"author":334,"featured_media":0,"parent":173,"menu_order":0,"comment_status":"closed","ping_status":"closed","template":"","meta":{"footnotes":""},"class_list":["post-351","page","type-page","status-publish","hentry"],"_links":{"self":[{"href":"https:\/\/uni.hi.is\/gudrun\/wp-json\/wp\/v2\/pages\/351","targetHints":{"allow":["GET"]}}],"collection":[{"href":"https:\/\/uni.hi.is\/gudrun\/wp-json\/wp\/v2\/pages"}],"about":[{"href":"https:\/\/uni.hi.is\/gudrun\/wp-json\/wp\/v2\/types\/page"}],"author":[{"embeddable":true,"href":"https:\/\/uni.hi.is\/gudrun\/wp-json\/wp\/v2\/users\/334"}],"replies":[{"embeddable":true,"href":"https:\/\/uni.hi.is\/gudrun\/wp-json\/wp\/v2\/comments?post=351"}],"version-history":[{"count":3,"href":"https:\/\/uni.hi.is\/gudrun\/wp-json\/wp\/v2\/pages\/351\/revisions"}],"predecessor-version":[{"id":395,"href":"https:\/\/uni.hi.is\/gudrun\/wp-json\/wp\/v2\/pages\/351\/revisions\/395"}],"up":[{"embeddable":true,"href":"https:\/\/uni.hi.is\/gudrun\/wp-json\/wp\/v2\/pages\/173"}],"wp:attachment":[{"href":"https:\/\/uni.hi.is\/gudrun\/wp-json\/wp\/v2\/media?parent=351"}],"curies":[{"name":"wp","href":"https:\/\/api.w.org\/{rel}","templated":true}]}}