{"id":360,"date":"2018-04-09T18:14:40","date_gmt":"2018-04-09T18:14:40","guid":{"rendered":"http:\/\/uni.hi.is\/gudrun\/?page_id=360"},"modified":"2018-04-09T18:14:40","modified_gmt":"2018-04-09T18:14:40","slug":"non-academic-presentations","status":"publish","type":"page","link":"https:\/\/uni.hi.is\/gudrun\/publications-2\/non-academic-presentations\/","title":{"rendered":"Non-academic presentations"},"content":{"rendered":"<p>Gu\u00f0r\u00fan P\u00e9tursd\u00f3ttir \u2013 R\u00e6\u00f0a \u00e1 Austurvelli 15. mars 2015<\/p>\n<p>Gu\u00f0r\u00fan P\u00e9tursd\u00f3ttir \u2013 Nature\u00b4s Advocate; Interview (Eygl\u00f3 Svala Arnarsd\u00f3ttir), Iceland Review 04: 30-34, 2015<\/p>\n<p>Gu\u00f0r\u00fan P\u00e9tursd\u00f3ttir \u2013 Energy for Everyone: Interview (Zo\u00eb Roberts) Iceland review 01:51-55, 2016<\/p>\n<p>Gu\u00f0r\u00fan P\u00e9tursd\u00f3ttir \u2013 \u00c1varp \u00e1 St\u00f3rt\u00f3nleikum R\u00f3tar\u00fd , Reykjav\u00edk 3. jan\u00faar 2016<\/p>\n<p>Uta Reichardt, Gu\u00f0mundur Freyr \u00dalfarsson og Gu\u00f0r\u00fan P\u00e9tursd\u00f3ttir<br \/>\n\u00d6skugos og flug \u00ed Evr\u00f3pu. Upp \u00ed vindinn, Bla\u00f0 Umhverfis- og byggingarverkfr\u00e6\u00f0inema: 53-54, 2016<\/p>","protected":false},"excerpt":{"rendered":"<p>Gu\u00f0r\u00fan P\u00e9tursd\u00f3ttir \u2013 R\u00e6\u00f0a \u00e1 Austurvelli 15. mars 2015 Gu\u00f0r\u00fan P\u00e9tursd\u00f3ttir \u2013 Nature\u00b4s Advocate; Interview (Eygl\u00f3 Svala Arnarsd\u00f3ttir), Iceland Review 04: 30-34, 2015 Gu\u00f0r\u00fan P\u00e9tursd\u00f3ttir \u2013 Energy for Everyone: Interview (Zo\u00eb Roberts) Iceland review 01:51-55, 2016 Gu\u00f0r\u00fan P\u00e9tursd\u00f3ttir \u2013 \u00c1varp &hellip; <a href=\"https:\/\/uni.hi.is\/gudrun\/publications-2\/non-academic-presentations\/\">Continue reading <span class=\"meta-nav\">&rarr;<\/span><\/a><\/p>\n","protected":false},"author":334,"featured_media":0,"parent":173,"menu_order":0,"comment_status":"closed","ping_status":"closed","template":"","meta":{"footnotes":""},"class_list":["post-360","page","type-page","status-publish","hentry"],"_links":{"self":[{"href":"https:\/\/uni.hi.is\/gudrun\/wp-json\/wp\/v2\/pages\/360","targetHints":{"allow":["GET"]}}],"collection":[{"href":"https:\/\/uni.hi.is\/gudrun\/wp-json\/wp\/v2\/pages"}],"about":[{"href":"https:\/\/uni.hi.is\/gudrun\/wp-json\/wp\/v2\/types\/page"}],"author":[{"embeddable":true,"href":"https:\/\/uni.hi.is\/gudrun\/wp-json\/wp\/v2\/users\/334"}],"replies":[{"embeddable":true,"href":"https:\/\/uni.hi.is\/gudrun\/wp-json\/wp\/v2\/comments?post=360"}],"version-history":[{"count":1,"href":"https:\/\/uni.hi.is\/gudrun\/wp-json\/wp\/v2\/pages\/360\/revisions"}],"predecessor-version":[{"id":361,"href":"https:\/\/uni.hi.is\/gudrun\/wp-json\/wp\/v2\/pages\/360\/revisions\/361"}],"up":[{"embeddable":true,"href":"https:\/\/uni.hi.is\/gudrun\/wp-json\/wp\/v2\/pages\/173"}],"wp:attachment":[{"href":"https:\/\/uni.hi.is\/gudrun\/wp-json\/wp\/v2\/media?parent=360"}],"curies":[{"name":"wp","href":"https:\/\/api.w.org\/{rel}","templated":true}]}}