{"id":10,"date":"2010-05-25T10:27:50","date_gmt":"2010-05-25T10:27:50","guid":{"rendered":"http:\/\/uni.hi.is\/gunnth\/?page_id=10"},"modified":"2019-09-25T11:12:09","modified_gmt":"2019-09-25T11:12:09","slug":"ritaskra","status":"publish","type":"page","link":"https:\/\/uni.hi.is\/gunnth\/ritaskra\/","title":{"rendered":"Ritaskr\u00e1"},"content":{"rendered":"<p><span style=\"text-decoration: underline\"><br \/>\n<\/span><\/p>\n<p style=\"text-align: center\"><span style=\"text-decoration: underline\"><br \/>\n<a href=\"http:\/\/uni.hi.is\/gunnth\/files\/2010\/05\/imagedump.php_.jpg\"><img loading=\"lazy\" decoding=\"async\" class=\"size-medium wp-image-230 aligncenter\" src=\"http:\/\/uni.hi.is\/gunnth\/files\/2010\/05\/imagedump.php_-212x300.jpg\" alt=\"\" width=\"212\" height=\"300\" srcset=\"https:\/\/uni.hi.is\/gunnth\/files\/2010\/05\/imagedump.php_-212x300.jpg 212w, https:\/\/uni.hi.is\/gunnth\/files\/2010\/05\/imagedump.php_-768x1085.jpg 768w, https:\/\/uni.hi.is\/gunnth\/files\/2010\/05\/imagedump.php_-725x1024.jpg 725w, https:\/\/uni.hi.is\/gunnth\/files\/2010\/05\/imagedump.php_.jpg 827w\" sizes=\"auto, (max-width: 212px) 100vw, 212px\" \/><\/a><\/span><\/p>\n<p>&nbsp;<\/p>\n<h3 style=\"text-align: center\">B\u00e6kur og ritr\u00fdndar greinar<\/h3>\n<p>\u201ePerforming and Broadcasting Lives: Auto\/Biographical Testimonies in Theatre and Radio,\u201d\u00a0<em>Research Methodologies for Auto\/Biography Studies<\/em>, ed. Kate Douglas and Ashley Barnwell (New York: Routledge, 2019): 109-115.\u00a0<a href=\"https:\/\/www.taylorfrancis.com\/books\/e\/9780429288432\">Panti\u00f0 h\u00e9r - Order here<\/a><\/p>\n<p>\u201eThe Black Cone: Memory and Memorialisation in Post-Recession Iceland,\u201d <em>Collapse of Memory-Memory of Collapse: Narrating Past, Present, Future in Periods of Crisis <\/em>(Vienna: Buhlau, 2019): 133-148.\u00a0<a href=\"https:\/\/www.vr-elibrary.de\/isbn\/9783412225377\">Panti\u00f0 h\u00e9r - Order here<\/a><\/p>\n<p>With Daisy Neijmann, \u201cLiterary Mediation and Reception of Memories of War: Hallgr\u00edmur Hallgr\u00edmsson\u2019s \u2018Under the Republic\u2019s Flag\u2019,\u201d <em>In Search of Transcultural Memory in Europe, <\/em>eds. Barbara T\u00f6rnquist-Plewa and Tea Sindbaek Andersen, (Amsterdam: Brill, 2017): pp. 220\u2013239.\u00a0<a href=\"https:\/\/brill.com\/view\/book\/edcoll\/9789004352353\/B9789004352353_012.xml?lang=en\">Available here<\/a><\/p>\n<p>\u201eFuture's Memory,\u201c <em>Autobiography Studies <\/em>32:2 (2017) <em>What's next? The futures of auto\/biography studies<\/em>: 367\u2013369 - <a href=\"http:\/\/www.tandfonline.com\/eprint\/i5EKUkGKyM9SqiiZvKIK\/full\">Preview<\/a><\/p>\n<p>\u201eWriters on Writing: The Year in Iceland,\u201d <em>Biography <\/em>40:4 (Fall 2017): 596\u2013603.\u00a0<a href=\"https:\/\/muse.jhu.edu\/article\/687600\">Available here<\/a><\/p>\n<p><em>Representations of Forgetting in Life Writing and Fiction, <\/em>London: Palgrave Macmillan, 2016. <a href=\"http:\/\/www.palgrave.com\/gb\/book\/9781137598639\">Panti\u00f0 h\u00e9r - order here<\/a><\/p>\n<p>\u201eTruths and Testimonies: The Year in Iceland,\u201c <em>Biography <\/em>39:4 (Fall 2016): 629-635.\u00a0<a href=\"https:\/\/muse.jhu.edu\/article\/649354\">https:\/\/muse.jhu.edu\/article\/649354<\/a><\/p>\n<p>\u201eFr\u00e1s\u00f6gn \u00e1n gleymsku og dau\u00f0a: Sj\u00e1lfstj\u00e1ning \u00e1 samf\u00e9lagsmi\u00f0lum,\u201c <em>Riti\u00f0<\/em> 3 (2015): 161-180. <a href=\"http:\/\/timarit.is\/view_page_init.jsp?pubId=1098&amp;lang=is\">\u00cd opnum a\u00f0gangi h\u00e9r<\/a><\/p>\n<p>\u201eThe Online Self: Memory and Forgetting in the Digital Age\u201c, <i>European Journal of Life Writing<\/i>, Vol 3 (2014) <a href=\"http:\/\/ejlw.eu\/article\/view\/100\">http:\/\/ejlw.eu\/article\/view\/100<\/a><\/p>\n<p>\u201e\u201eMinni\u00f0 er alltaf a\u00f0 st\u00f6rfum\u201c. M\u00f3tun endurminninga og sj\u00e1lfs \u00ed <i>Minnisb\u00f3k <\/i>og <i>Bernskub\u00f3k <\/i>Sigur\u00f0ar P\u00e1lssonar\u201c, <i>Riti\u00f0 <\/i>2013:2, bls. 135-149.\u00a0<a href=\"http:\/\/timarit.is\/view_page_init.jsp?pubId=1098&amp;lang=is\">\u00cd opnum a\u00f0gangi h\u00e9r<\/a><\/p>\n<p>\u201e\u201eHvorki ann\u00e1lar n\u00e9 v\u00edsindaleg sagnfr\u00e6\u00f0i\u201c: Skyggnst um \u00ed sj\u00e1lfs\u00e6vis\u00f6gu Kristmanns Gu\u00f0mundssonar\u201c, <i>Sk\u00edrnir<\/i>, haust 2012<\/p>\n<p>\u201eWriters\u2018 Lives: The Modernist Group and Questions of Identity in Autobiographical Writing\u201c, <i>Life Writing in Europe, <\/i>ritstj. Alfred Hornung, Anneke Ribberink, Monica Soeting &amp; Marijke Huisman, Heidelberg: Winter Verlag, 2011.<\/p>\n<p>\u201eCombray og Su\u00f0ursveit: Um minni og \u00feroska \u00ed Steinarnir tala og Lei\u00f0in til Swann\u201d, \u00e1samt Atla Antonssyni, <i>\u201eA\u00f0 skilja undralj\u00f3s\u201c. Greinar um \u00de\u00f3rberg \u00de\u00f3r\u00f0arson, verk hans og hug\u00f0arefni<\/i>, ritstj. Berglj\u00f3t Soff\u00eda Kristj\u00e1nsd\u00f3ttir og Hjalti Sn\u00e6r \u00c6gisson, Reykjav\u00edk: B\u00f3kmennta- og listfr\u00e6\u00f0istofnun H\u00cd og H\u00e1sk\u00f3la\u00fatg\u00e1fan, 2010.<\/p>\n<p>\u201eSj\u00e1lfsmynd \u00ed kvikmynd: Margr\u00e6tt sj\u00e1lf \u00ed kvikmyndinni <em>Persepolis<\/em>\u201c, <em>Riti\u00f0<\/em> 2010:2, bls. 169-180.\u00a0<a href=\"http:\/\/timarit.is\/view_page_init.jsp?pubId=1098&amp;lang=is\">\u00cd opnum a\u00f0gangi h\u00e9r<\/a><\/p>\n<p>\u201cTreg\u00f0an \u00ed s\u00f6gunni: <em>Yfir Ebroflj\u00f3ti\u00f0<\/em>\u201d, <em>Afm\u00e6lisrit \u00c1lfr\u00fanar Gunnlaugsd\u00f3ttur<\/em>, ritstj. Gu\u00f0ni El\u00edsson, Reykjav\u00edk: B\u00f3kmennta- og listfr\u00e6\u00f0astofnun H\u00e1sk\u00f3la \u00cdslands, 2010, bls. 129-142.<\/p>\n<p>\u201cChapter eleven: Fake Autobiography and Postmemory: The Aftermath of the Wilkomirski Scandal\u201d, <em>Life Writing: The Spirit of the Age and the Sate of the Art<\/em>, ritstj. Meg Jensen and Jane Jordan, London: Cambridge Scholars Publishing, 2009, bls. 112-122.<\/p>\n<p>\u201cHversdagurinn \u00e1 b\u00f3k: <em>Vasab\u00f3k<\/em> og <em>D\u00fdr\u00f0in \u00e1 \u00e1s\u00fdnd hlutanna<\/em>\u201d, <em>Af jar\u00f0arinnar h\u00e1lfu: Ritger\u00f0ir \u00ed tilefni sextugsafm\u00e6li P\u00e9turs Gunnarssonar<\/em>, ritstj. J\u00f3n Karl Helgason og Torfi Tulinius, Reykjav\u00edk: B\u00f3kmenntafr\u00e6\u00f0istofnun H\u00e1sk\u00f3la \u00cdslands, 2008, bls. 63\u201371.<\/p>\n<p>\u201cB\u00f3kal\u00edf: Um n\u00fdleg \u00edslensk \u00e6viskrif\u201d, <em>Sk\u00edrnir<\/em> haust 2008, bls. 501\u2013507.<\/p>\n<p>\u201cSj\u00e1lf \u00ed fr\u00e1s\u00f6gn: Um <em>Fl\u00f6kkul\u00edf<\/em> og <em>Framhaldsl\u00edf f\u00f6rumanns<\/em> eftir Hannes Sigf\u00fasson\u201d, <em>Sk\u00edrnir<\/em> vor 2007, bls. 180\u2013197.<\/p>\n<p>\u201cBlekking og minni: Binjamin Wilkomirski og helfararfr\u00e1sagnir\u201d, <em>Riti\u00f0<\/em> 2006:3, bls. 13\u201325.\u00a0<a href=\"http:\/\/timarit.is\/view_page_init.jsp?pubId=1098&amp;lang=is\">\u00cd opnum a\u00f0gangi h\u00e9r<\/a><\/p>\n<p>\u201cA\u00f0 eiga annars \u00e6vi \u00ed lj\u00f3\u00f0i: Um <em>Birthday Letters<\/em> eftir Ted Hughes\u201d, <em>Heimur lj\u00f3\u00f0sins<\/em>, ritstj. \u00c1str\u00e1\u00f0ur Eysteinsson, Dagn\u00fd Kristj\u00e1nsd\u00f3ttir og Sveinn Yngvi Egilsson, Reykjav\u00edk: B\u00f3kmenntafr\u00e6\u00f0istofnun H\u00e1sk\u00f3la \u00cdslands, 2005, bls. 160\u2013166.<\/p>\n<p>\u201cEins og \u00feessi mynd s\u00fdnir: Falsa\u00f0ar lj\u00f3smyndir og sk\u00e1ldskapur \u00e1 lj\u00f3smynd\u201d, <em>Riti\u00f0<\/em> 2004:3, bls. 27\u201351.\u00a0<a href=\"http:\/\/timarit.is\/view_page_init.jsp?pubId=1098&amp;lang=is\">\u00cd opnum a\u00f0gangi h\u00e9r<\/a><\/p>\n<p>\u201cL\u00edf \u00ed tveimur heimum: N\u00fdlegar b\u00e6kur um Vestur-\u00cdslendinga\u201d, <em>Riti\u00f0<\/em> 2004:1, bls. 121\u2013142.\u00a0<a href=\"http:\/\/timarit.is\/view_page_init.jsp?pubId=1098&amp;lang=is\">\u00cd opnum a\u00f0gangi h\u00e9r<\/a><\/p>\n<p>\u201cEinar K\u00e1rason\u201d \u00ed <em>Dictionary of Literary Biography: Icelandic Writers,<\/em> vol. 293, ritstj. Patrick J. Stevens, Bruccoli Clark Layman, 2004, bls. 43\u201347.<\/p>\n<p><em>Borderlines: Autobiography and Fiction in Postmodern Life Writing<\/em>, Amsterdam og New York: Rodopi, 2003.<\/p>\n<p>\u201cSk\u00e1lda\u00f0 um l\u00edf: Sj\u00e1lfs\u00e6vis\u00f6gur sem b\u00f3kmenntagrein \u00e1 t\u00edmum p\u00f3stm\u00f3dernisma\u201d, <em>Sk\u00edrnir<\/em> vor 2003, bls. 109\u2013125.<\/p>\n<p>\u201cHalld\u00f3r Laxness and the Memoir\u201d, <em>Scandinavica: An International Journal of Scandinavian Studies<\/em> 42:2003, bls. 95\u2013108.<\/p>\n<p>&nbsp;<\/p>","protected":false},"excerpt":{"rendered":"<p>&nbsp; B\u00e6kur og ritr\u00fdndar greinar \u201ePerforming and Broadcasting Lives: Auto\/Biographical Testimonies in Theatre and Radio,\u201d\u00a0Research Methodologies for Auto\/Biography Studies, ed. Kate Douglas and Ashley Barnwell (New York: Routledge, 2019): 109-115.\u00a0Panti\u00f0 h\u00e9r - Order here \u201eThe Black Cone: Memory and Memorialisation in Post-Recession Iceland,\u201d Collapse of Memory-Memory of Collapse: Narrating Past, Present, Future in Periods of [&hellip;]<\/p>\n","protected":false},"author":135,"featured_media":0,"parent":0,"menu_order":2,"comment_status":"closed","ping_status":"closed","template":"","meta":{"footnotes":""},"class_list":["post-10","page","type-page","status-publish","hentry"],"_links":{"self":[{"href":"https:\/\/uni.hi.is\/gunnth\/wp-json\/wp\/v2\/pages\/10","targetHints":{"allow":["GET"]}}],"collection":[{"href":"https:\/\/uni.hi.is\/gunnth\/wp-json\/wp\/v2\/pages"}],"about":[{"href":"https:\/\/uni.hi.is\/gunnth\/wp-json\/wp\/v2\/types\/page"}],"author":[{"embeddable":true,"href":"https:\/\/uni.hi.is\/gunnth\/wp-json\/wp\/v2\/users\/135"}],"replies":[{"embeddable":true,"href":"https:\/\/uni.hi.is\/gunnth\/wp-json\/wp\/v2\/comments?post=10"}],"version-history":[{"count":19,"href":"https:\/\/uni.hi.is\/gunnth\/wp-json\/wp\/v2\/pages\/10\/revisions"}],"predecessor-version":[{"id":254,"href":"https:\/\/uni.hi.is\/gunnth\/wp-json\/wp\/v2\/pages\/10\/revisions\/254"}],"wp:attachment":[{"href":"https:\/\/uni.hi.is\/gunnth\/wp-json\/wp\/v2\/media?parent=10"}],"curies":[{"name":"wp","href":"https:\/\/api.w.org\/{rel}","templated":true}]}}