{"id":29,"date":"2010-05-25T13:15:11","date_gmt":"2010-05-25T13:15:11","guid":{"rendered":"http:\/\/uni.hi.is\/gunnth\/?page_id=29"},"modified":"2017-02-01T15:33:43","modified_gmt":"2017-02-01T15:33:43","slug":"rannsoknir","status":"publish","type":"page","link":"https:\/\/uni.hi.is\/gunnth\/rannsoknir\/","title":{"rendered":"Ranns\u00f3knir"},"content":{"rendered":"<p><\/p>\n<p style=\"text-align: center\">\n<div id=\"attachment_32\" style=\"width: 259px\" class=\"wp-caption aligncenter\"><a href=\"http:\/\/uni.hi.is\/gunnth\/files\/2010\/05\/Zissou1.jpg\"><img loading=\"lazy\" decoding=\"async\" aria-describedby=\"caption-attachment-32\" class=\"size-full wp-image-32\" title=\"Zissou\" src=\"http:\/\/uni.hi.is\/gunnth\/files\/2010\/05\/Zissou1.jpg\" alt=\"\" width=\"249\" height=\"179\" \/><\/a><p id=\"caption-attachment-32\" class=\"wp-caption-text\">Merki um \u00feessa mynd sem Lartigue t\u00f3k af Zissou br\u00f3\u00f0ur s\u00ednum m\u00e1 sj\u00e1 \u00ed verkum \u00e1kve\u00f0ins kvikmyndaleikstj\u00f3ra...<\/p><\/div>\n<p>Ranns\u00f3knir m\u00ednar hafa a\u00f0allega beinst a\u00f0 sj\u00e1lfs\u00e6vis\u00f6gum fr\u00e1 20. og 21. \u00f6ld. \u00c9g hef rannsaka\u00f0 minni, fr\u00e1sagnara\u00f0fer\u00f0ir, lj\u00f3smyndir, b\u00f3kmenntategundir, p\u00f3stm\u00f3dernisma, falsanir og fleira gott \u00ed m\u00f6rgum tegundum \u00e6viskrifa, en er \u00fe\u00f3 s\u00e9rstaklega \u00e1hugas\u00f6m um tilraunamennsku \u00ed sj\u00e1lfs\u00e6vis\u00f6gulegum skrifum. Um \u00feessar mundir vinn \u00e9g a\u00f0 ranns\u00f3knarverkefni um gleymsku. Margt skemmtilegt er \u00e1 sey\u00f0i \u00ed \u00feessum fr\u00e6\u00f0um eins og n\u00e6sta r\u00e1\u00f0stefna <a href=\"http:\/\/www.sussex.ac.uk\/clhlwr\/1-7-1-11.html\">International Auto\/biography Association<\/a> er til vitnis um.<\/p>\n<p><img decoding=\"async\" src=\"\/DOCUME%7E1\/Gunn\/LOCALS%7E1\/Temp\/moz-screenshot.png\" alt=\"\" \/><\/p>","protected":false},"excerpt":{"rendered":"<p>Ranns\u00f3knir m\u00ednar hafa a\u00f0allega beinst a\u00f0 sj\u00e1lfs\u00e6vis\u00f6gum fr\u00e1 20. og 21. \u00f6ld. \u00c9g hef rannsaka\u00f0 minni, fr\u00e1sagnara\u00f0fer\u00f0ir, lj\u00f3smyndir, b\u00f3kmenntategundir, p\u00f3stm\u00f3dernisma, falsanir og fleira gott \u00ed m\u00f6rgum tegundum \u00e6viskrifa, en er \u00fe\u00f3 s\u00e9rstaklega \u00e1hugas\u00f6m um tilraunamennsku \u00ed sj\u00e1lfs\u00e6vis\u00f6gulegum skrifum. Um \u00feessar mundir vinn \u00e9g a\u00f0 ranns\u00f3knarverkefni um gleymsku. Margt skemmtilegt er \u00e1 sey\u00f0i \u00ed \u00feessum fr\u00e6\u00f0um [&hellip;]<\/p>\n","protected":false},"author":135,"featured_media":0,"parent":0,"menu_order":4,"comment_status":"closed","ping_status":"closed","template":"","meta":{"footnotes":""},"class_list":["post-29","page","type-page","status-publish","hentry"],"_links":{"self":[{"href":"https:\/\/uni.hi.is\/gunnth\/wp-json\/wp\/v2\/pages\/29","targetHints":{"allow":["GET"]}}],"collection":[{"href":"https:\/\/uni.hi.is\/gunnth\/wp-json\/wp\/v2\/pages"}],"about":[{"href":"https:\/\/uni.hi.is\/gunnth\/wp-json\/wp\/v2\/types\/page"}],"author":[{"embeddable":true,"href":"https:\/\/uni.hi.is\/gunnth\/wp-json\/wp\/v2\/users\/135"}],"replies":[{"embeddable":true,"href":"https:\/\/uni.hi.is\/gunnth\/wp-json\/wp\/v2\/comments?post=29"}],"version-history":[{"count":7,"href":"https:\/\/uni.hi.is\/gunnth\/wp-json\/wp\/v2\/pages\/29\/revisions"}],"predecessor-version":[{"id":213,"href":"https:\/\/uni.hi.is\/gunnth\/wp-json\/wp\/v2\/pages\/29\/revisions\/213"}],"wp:attachment":[{"href":"https:\/\/uni.hi.is\/gunnth\/wp-json\/wp\/v2\/media?parent=29"}],"curies":[{"name":"wp","href":"https:\/\/api.w.org\/{rel}","templated":true}]}}