{"id":36,"date":"2010-05-25T13:49:36","date_gmt":"2010-05-25T13:49:36","guid":{"rendered":"http:\/\/uni.hi.is\/gunnth\/?page_id=36"},"modified":"2017-02-01T15:33:13","modified_gmt":"2017-02-01T15:33:13","slug":"kennsla","status":"publish","type":"page","link":"https:\/\/uni.hi.is\/gunnth\/kennsla\/","title":{"rendered":"Kennsla"},"content":{"rendered":"<p><a href=\"http:\/\/uni.hi.is\/gunnth\/files\/2010\/05\/Atget.jpg\"><img loading=\"lazy\" decoding=\"async\" class=\"aligncenter size-full wp-image-37\" title=\"Atget\" src=\"http:\/\/uni.hi.is\/gunnth\/files\/2010\/05\/Atget.jpg\" alt=\"\" width=\"300\" height=\"221\" \/><\/a><\/p>\n<p>\u00c9g hef kennt m\u00f6rg val- og skyldun\u00e1mskei\u00f0 \u00e1 BA- og MA-stigi fyrst vi\u00f0 University College London og svo H\u00e1sk\u00f3la \u00cdslands. Vi\u00f0 \u00feann s\u00ed\u00f0arnefnda hef \u00e9g lengi kennt skyldun\u00e1mskei\u00f0i\u00f0 B\u00f3kmenntaritger\u00f0ir og \u00fe\u00e1 kenni \u00e9g reglulega franskar b\u00f3kmenntir, 18. og 19. aldar, og 20. og 21. aldar. Auk \u00feess hef \u00e9g kennt \u00fdmis n\u00e1mskei\u00f0 tengd m\u00ednu s\u00e9rsvi\u00f0i, um minnihlutab\u00f3kmenntir, lj\u00f3smyndir og texta, sj\u00e1lfs\u00e6vis\u00f6gur \u00e1 \u00fdmsum t\u00edmum og fleira og fleira. \u00de\u00e1 hef \u00e9g lei\u00f0beint fj\u00f6lm\u00f6rgum BA- og MA-ritger\u00f0um og ranns\u00f3knarverkefnum af \u00fdmsum toga.<\/p>\n<p><a href=\"http:\/\/uni.hi.is\/gunnth\/files\/2010\/05\/camus.jpg\"><img loading=\"lazy\" decoding=\"async\" class=\"alignleft size-thumbnail wp-image-39\" title=\"camus\" src=\"http:\/\/uni.hi.is\/gunnth\/files\/2010\/05\/camus-150x150.jpg\" alt=\"\" width=\"150\" height=\"150\" \/><\/a> <a href=\"http:\/\/uni.hi.is\/gunnth\/files\/2010\/05\/duras.jpg\"><img loading=\"lazy\" decoding=\"async\" class=\"alignright size-thumbnail wp-image-40\" title=\"duras\" src=\"http:\/\/uni.hi.is\/gunnth\/files\/2010\/05\/duras-150x150.jpg\" alt=\"\" width=\"150\" height=\"150\" \/><\/a><\/p>","protected":false},"excerpt":{"rendered":"<p>\u00c9g hef kennt m\u00f6rg val- og skyldun\u00e1mskei\u00f0 \u00e1 BA- og MA-stigi fyrst vi\u00f0 University College London og svo H\u00e1sk\u00f3la \u00cdslands. Vi\u00f0 \u00feann s\u00ed\u00f0arnefnda hef \u00e9g lengi kennt skyldun\u00e1mskei\u00f0i\u00f0 B\u00f3kmenntaritger\u00f0ir og \u00fe\u00e1 kenni \u00e9g reglulega franskar b\u00f3kmenntir, 18. og 19. aldar, og 20. og 21. aldar. Auk \u00feess hef \u00e9g kennt \u00fdmis n\u00e1mskei\u00f0 tengd m\u00ednu s\u00e9rsvi\u00f0i, [&hellip;]<\/p>\n","protected":false},"author":135,"featured_media":0,"parent":0,"menu_order":3,"comment_status":"closed","ping_status":"closed","template":"","meta":{"footnotes":""},"class_list":["post-36","page","type-page","status-publish","hentry"],"_links":{"self":[{"href":"https:\/\/uni.hi.is\/gunnth\/wp-json\/wp\/v2\/pages\/36","targetHints":{"allow":["GET"]}}],"collection":[{"href":"https:\/\/uni.hi.is\/gunnth\/wp-json\/wp\/v2\/pages"}],"about":[{"href":"https:\/\/uni.hi.is\/gunnth\/wp-json\/wp\/v2\/types\/page"}],"author":[{"embeddable":true,"href":"https:\/\/uni.hi.is\/gunnth\/wp-json\/wp\/v2\/users\/135"}],"replies":[{"embeddable":true,"href":"https:\/\/uni.hi.is\/gunnth\/wp-json\/wp\/v2\/comments?post=36"}],"version-history":[{"count":4,"href":"https:\/\/uni.hi.is\/gunnth\/wp-json\/wp\/v2\/pages\/36\/revisions"}],"predecessor-version":[{"id":211,"href":"https:\/\/uni.hi.is\/gunnth\/wp-json\/wp\/v2\/pages\/36\/revisions\/211"}],"wp:attachment":[{"href":"https:\/\/uni.hi.is\/gunnth\/wp-json\/wp\/v2\/media?parent=36"}],"curies":[{"name":"wp","href":"https:\/\/api.w.org\/{rel}","templated":true}]}}