{"id":50,"date":"2010-05-25T14:06:08","date_gmt":"2010-05-25T14:06:08","guid":{"rendered":"http:\/\/uni.hi.is\/gunnth\/?page_id=50"},"modified":"2017-02-01T15:28:36","modified_gmt":"2017-02-01T15:28:36","slug":"ritstjorn","status":"publish","type":"page","link":"https:\/\/uni.hi.is\/gunnth\/ritaskra\/ritstjorn\/","title":{"rendered":"Ritstj\u00f3rn"},"content":{"rendered":"<p>\u00c9g var einn af ritstj\u00f3rum Ritsins: T\u00edmarits Hugv\u00edsindastofnunar \u00ed tv\u00f6 \u00e1r, 2005 og 2006, og sit n\u00fa \u00ed ritnefnd \u00feess. Riti\u00f0 er metna\u00f0arfullt fr\u00e6\u00f0irit \u00e1 svi\u00f0i hugv\u00edsinda sem l\u00e6tur s\u00e9r ekkert mannlegt \u00f3vi\u00f0komandi.<\/p>\n<p style=\"text-align: center;\"><a href=\"http:\/\/uni.hi.is\/gunnth\/files\/2010\/05\/Riti\u00f0.jpeg\"><img loading=\"lazy\" decoding=\"async\" class=\"size-thumbnail wp-image-51 aligncenter\" title=\"Riti\u00f0\" src=\"http:\/\/uni.hi.is\/gunnth\/files\/2010\/05\/Riti\u00f0-128x150.jpg\" alt=\"\" width=\"128\" height=\"150\" \/><\/a><\/p>\n<p>\u00c9g hef ritst\u00fdrt nokkrum b\u00f3kum sem komi\u00f0 hafa \u00fat hj\u00e1 B\u00f3kmennta- og listfr\u00e6\u00f0astofnun H\u00e1sk\u00f3la \u00cdslands, tveimur \u00ed ritr\u00f6\u00f0inni Studia Islandica, og greinasafni Helgu Kress sem \u00fat kom 2009. Auk \u00feess var \u00e9g gestaritstj\u00f3ri Scandinavian Studies \u00e1samt Daisy Neijmann a\u00f0 s\u00e9rhefti um Halld\u00f3r Laxness.<\/p>","protected":false},"excerpt":{"rendered":"<p>\u00c9g var einn af ritstj\u00f3rum Ritsins: T\u00edmarits Hugv\u00edsindastofnunar \u00ed tv\u00f6 \u00e1r, 2005 og 2006, og sit n\u00fa \u00ed ritnefnd \u00feess. Riti\u00f0 er metna\u00f0arfullt fr\u00e6\u00f0irit \u00e1 svi\u00f0i hugv\u00edsinda sem l\u00e6tur s\u00e9r ekkert mannlegt \u00f3vi\u00f0komandi. \u00c9g hef ritst\u00fdrt nokkrum b\u00f3kum sem komi\u00f0 hafa \u00fat hj\u00e1 B\u00f3kmennta- og listfr\u00e6\u00f0astofnun H\u00e1sk\u00f3la \u00cdslands, tveimur \u00ed ritr\u00f6\u00f0inni Studia Islandica, og greinasafni [&hellip;]<\/p>\n","protected":false},"author":135,"featured_media":0,"parent":10,"menu_order":0,"comment_status":"closed","ping_status":"closed","template":"","meta":{"footnotes":""},"class_list":["post-50","page","type-page","status-publish","hentry"],"_links":{"self":[{"href":"https:\/\/uni.hi.is\/gunnth\/wp-json\/wp\/v2\/pages\/50","targetHints":{"allow":["GET"]}}],"collection":[{"href":"https:\/\/uni.hi.is\/gunnth\/wp-json\/wp\/v2\/pages"}],"about":[{"href":"https:\/\/uni.hi.is\/gunnth\/wp-json\/wp\/v2\/types\/page"}],"author":[{"embeddable":true,"href":"https:\/\/uni.hi.is\/gunnth\/wp-json\/wp\/v2\/users\/135"}],"replies":[{"embeddable":true,"href":"https:\/\/uni.hi.is\/gunnth\/wp-json\/wp\/v2\/comments?post=50"}],"version-history":[{"count":6,"href":"https:\/\/uni.hi.is\/gunnth\/wp-json\/wp\/v2\/pages\/50\/revisions"}],"predecessor-version":[{"id":210,"href":"https:\/\/uni.hi.is\/gunnth\/wp-json\/wp\/v2\/pages\/50\/revisions\/210"}],"up":[{"embeddable":true,"href":"https:\/\/uni.hi.is\/gunnth\/wp-json\/wp\/v2\/pages\/10"}],"wp:attachment":[{"href":"https:\/\/uni.hi.is\/gunnth\/wp-json\/wp\/v2\/media?parent=50"}],"curies":[{"name":"wp","href":"https:\/\/api.w.org\/{rel}","templated":true}]}}