{"id":115,"date":"2012-01-08T23:08:36","date_gmt":"2012-01-08T23:08:36","guid":{"rendered":"http:\/\/uni.hi.is\/hafdgud\/?page_id=115"},"modified":"2012-01-11T22:28:10","modified_gmt":"2012-01-11T22:28:10","slug":"fyrir-2000","status":"publish","type":"page","link":"https:\/\/uni.hi.is\/hafdgud\/fyrirlestrar\/fyrir-2000\/","title":{"rendered":"Fyrir 2000"},"content":{"rendered":"<p>2000 <em>Framing professional discourse with teachers: Professional working theory.<\/em> Me\u00f0flytjandi: Dalmau, Mary C. The S-Step conference. Herstmonceux, UK.<\/p>\n<p>2000 <em>Professional working theory: Beginning (and extending) theoretical discussions with teachers.<\/em> Me\u00f0flytjandi: Dalmau, Mary C. AERA 2000: Creating knowledge in the 21st century: Insights from multiple perspectives, New Orleans. 26. apr\u00edl.<\/p>\n<p>2000 <em>Kennarar rannsaka fr\u00e6\u00f0ilega og si\u00f0fer\u00f0ilega v\u00eddd starfsins \u00ed miki\u00f0 getubl\u00f6ndu\u00f0um bekk. <\/em>4. m\u00e1l\u00feing Ranns\u00f3knarstofnunar Kennarah\u00e1sk\u00f3la \u00cdslands, Ranns\u00f3knir-n\u00fdbreytni-\u00fer\u00f3un. Kennarah\u00e1sk\u00f3li \u00cdslands, 14. okt\u00f3ber.<\/p>\n<p>1996 <em>Inside looking in: Participatory life history research in education.<\/em> Me\u00f0flytjendur Bodone, F., Dalmau, M. C., Doucour\u00e9, K.,Gu\u00f0j\u00f3nsd\u00f3ttir, V., Ishak, N., Jurema, A., Linden, M. A., Mahon-Sweet, L., Nawar-Hansen, N., O'Rourke, M., &amp; Vuokorski, M. (1997). \u00c1 r\u00e1\u00f0stefnu American Educational Research Association (AERA), Qualitative Research Special Interest Group, Chicago.<\/p>\n<p>1996 <em>Women and Leadership in Education.<\/em> Interactive symposium with international women and leadership research. Me\u00f0flytjendur Dalmau, Mary C. og fleiri. AERA: Research on Women in Education SIG. 25. okt\u00f3ber, San Jose, Ca.<\/p>\n","protected":false},"excerpt":{"rendered":"<p>2000 Framing professional discourse with teachers: Professional working theory. Me\u00f0flytjandi: Dalmau, Mary C. The S-Step conference. Herstmonceux, UK. 2000 Professional working theory: Beginning (and extending) theoretical discussions with teachers. Me\u00f0flytjandi: Dalmau, Mary C. AERA 2000: Creating knowledge in the 21st &hellip; <a href=\"https:\/\/uni.hi.is\/hafdgud\/fyrirlestrar\/fyrir-2000\/\">Continue reading <span class=\"meta-nav\">&rarr;<\/span><\/a><\/p>\n","protected":false},"author":518,"featured_media":0,"parent":63,"menu_order":4,"comment_status":"closed","ping_status":"closed","template":"","meta":{"footnotes":""},"class_list":["post-115","page","type-page","status-publish","hentry"],"_links":{"self":[{"href":"https:\/\/uni.hi.is\/hafdgud\/wp-json\/wp\/v2\/pages\/115","targetHints":{"allow":["GET"]}}],"collection":[{"href":"https:\/\/uni.hi.is\/hafdgud\/wp-json\/wp\/v2\/pages"}],"about":[{"href":"https:\/\/uni.hi.is\/hafdgud\/wp-json\/wp\/v2\/types\/page"}],"author":[{"embeddable":true,"href":"https:\/\/uni.hi.is\/hafdgud\/wp-json\/wp\/v2\/users\/518"}],"replies":[{"embeddable":true,"href":"https:\/\/uni.hi.is\/hafdgud\/wp-json\/wp\/v2\/comments?post=115"}],"version-history":[{"count":4,"href":"https:\/\/uni.hi.is\/hafdgud\/wp-json\/wp\/v2\/pages\/115\/revisions"}],"predecessor-version":[{"id":157,"href":"https:\/\/uni.hi.is\/hafdgud\/wp-json\/wp\/v2\/pages\/115\/revisions\/157"}],"up":[{"embeddable":true,"href":"https:\/\/uni.hi.is\/hafdgud\/wp-json\/wp\/v2\/pages\/63"}],"wp:attachment":[{"href":"https:\/\/uni.hi.is\/hafdgud\/wp-json\/wp\/v2\/media?parent=115"}],"curies":[{"name":"wp","href":"https:\/\/api.w.org\/{rel}","templated":true}]}}