{"id":118,"date":"2012-01-08T23:21:43","date_gmt":"2012-01-08T23:21:43","guid":{"rendered":"http:\/\/uni.hi.is\/hafdgud\/?page_id=118"},"modified":"2019-08-17T21:35:09","modified_gmt":"2019-08-17T21:35:09","slug":"annad-efni","status":"publish","type":"page","link":"https:\/\/uni.hi.is\/hafdgud\/deutsch-kennsla\/annad-efni\/","title":{"rendered":"Anna\u00f0 efni"},"content":{"rendered":"<p>2003 \u00a0 Vi\u00f0brag\u00f0ssnjallir kennarar. <em>Gl\u00e6\u00f0ur<\/em>: Fagt\u00edmarit F\u00e9lags \u00edslenskra s\u00e9rkennara 1. og 2. tbl., bls. 59<em>-<\/em>66.<\/p>\n<p>2002\u00a0 A\u00f0 kenna \u00f6llum st\u00e6r\u00f0fr\u00e6\u00f0i. <em>Flatarm\u00e1l<\/em>, t\u00edmariti samtaka st\u00e6r\u00f0fr\u00e6\u00f0ikennara 10(1): Bls. 1-5.<\/p>\n<p>2001\u00a0\u00a0 A\u00f0 lesa s\u00e9r til skilnings. <em>Talfr\u00e6\u00f0ingurinn<\/em>15(1):46-50.<\/p>\n<p>2000\u00a0\u00a0 Barnab\u00e6kur og st\u00e6r\u00f0fr\u00e6\u00f0i. Hva\u00f0 er h\u00e1rh\u00f3ll h\u00e1r? Me\u00f0h\u00f6fundur: Matthildur Gu\u00f0mundsd\u00f3ttir. <em>Gl\u00e6\u00f0ur,<\/em>10(1). Bls. 17-19<\/p>\n<p>1999\u00a0\u00a0 Vi\u00f0 erum \u00f6ll best \u00ed einhverju.<em>Uppeldi.<\/em>4:36-41<\/p>\n<p>1999\u00a0\u00a0 Samvirkt n\u00e1m \u00ed st\u00e6r\u00f0fr\u00e6\u00f0i. <em>Flatarm\u00e1l<\/em>, 1 (7), bls. 2 -7.<\/p>\n<p>1998\u00a0\u00a0 Margt er n\u00fdtt \u00e1 d\u00f6finni \u00ed st\u00e6r\u00f0fr\u00e6\u00f0ikennslu. <em>Flatarm\u00e1l<\/em>, 2 (6), bls. 16-18.<\/p>\n<p>1996\u00a0\u00a0 St\u00e6r\u00f0fr\u00e6\u00f0ikennsla byrjenda \u00ed samr\u00e6mi vi\u00f0 skilning og kunn\u00e1ttu. <em>Flatarm\u00e1l<\/em>, 1 (4), bls. 14-15.<\/p>\n<p>1995\u00a0\u00a0 Developing teaching strategies for mixed ability groups of students. <em>Bridges<\/em>, 2 (2), bls. 25-26.<\/p>\n<p>1994\u00a0\u00a0 Samvirkt n\u00e1m. <em>Heimili og sk\u00f3li.<\/em>3.(2) Bls. 16-19.<\/p>\n<p>1994\u00a0\u00a0 Heildt\u00e6k sk\u00f3lastefna - samvirkt n\u00e1m. <em>Gl\u00e6\u00f0ur<\/em>, vor, bls. 4-14.<\/p>\n","protected":false},"excerpt":{"rendered":"<p>2003 \u00a0 Vi\u00f0brag\u00f0ssnjallir kennarar. Gl\u00e6\u00f0ur: Fagt\u00edmarit F\u00e9lags \u00edslenskra s\u00e9rkennara 1. og 2. tbl., bls. 59-66. 2002\u00a0 A\u00f0 kenna \u00f6llum st\u00e6r\u00f0fr\u00e6\u00f0i. Flatarm\u00e1l, t\u00edmariti samtaka st\u00e6r\u00f0fr\u00e6\u00f0ikennara 10(1): Bls. 1-5. 2001\u00a0\u00a0 A\u00f0 lesa s\u00e9r til skilnings. Talfr\u00e6\u00f0ingurinn15(1):46-50. 2000\u00a0\u00a0 Barnab\u00e6kur og st\u00e6r\u00f0fr\u00e6\u00f0i. Hva\u00f0 er &hellip; <a href=\"https:\/\/uni.hi.is\/hafdgud\/deutsch-kennsla\/annad-efni\/\">Continue reading <span class=\"meta-nav\">&rarr;<\/span><\/a><\/p>\n","protected":false},"author":518,"featured_media":0,"parent":59,"menu_order":3,"comment_status":"closed","ping_status":"closed","template":"","meta":{"footnotes":""},"class_list":["post-118","page","type-page","status-publish","hentry"],"_links":{"self":[{"href":"https:\/\/uni.hi.is\/hafdgud\/wp-json\/wp\/v2\/pages\/118","targetHints":{"allow":["GET"]}}],"collection":[{"href":"https:\/\/uni.hi.is\/hafdgud\/wp-json\/wp\/v2\/pages"}],"about":[{"href":"https:\/\/uni.hi.is\/hafdgud\/wp-json\/wp\/v2\/types\/page"}],"author":[{"embeddable":true,"href":"https:\/\/uni.hi.is\/hafdgud\/wp-json\/wp\/v2\/users\/518"}],"replies":[{"embeddable":true,"href":"https:\/\/uni.hi.is\/hafdgud\/wp-json\/wp\/v2\/comments?post=118"}],"version-history":[{"count":4,"href":"https:\/\/uni.hi.is\/hafdgud\/wp-json\/wp\/v2\/pages\/118\/revisions"}],"predecessor-version":[{"id":296,"href":"https:\/\/uni.hi.is\/hafdgud\/wp-json\/wp\/v2\/pages\/118\/revisions\/296"}],"up":[{"embeddable":true,"href":"https:\/\/uni.hi.is\/hafdgud\/wp-json\/wp\/v2\/pages\/59"}],"wp:attachment":[{"href":"https:\/\/uni.hi.is\/hafdgud\/wp-json\/wp\/v2\/media?parent=118"}],"curies":[{"name":"wp","href":"https:\/\/api.w.org\/{rel}","templated":true}]}}