{"id":136,"date":"2012-01-08T23:26:37","date_gmt":"2012-01-08T23:26:37","guid":{"rendered":"http:\/\/uni.hi.is\/hafdgud\/?page_id=136"},"modified":"2019-08-17T20:50:54","modified_gmt":"2019-08-17T20:50:54","slug":"hi","status":"publish","type":"page","link":"https:\/\/uni.hi.is\/hafdgud\/nams-og-starfsferill\/hi\/","title":{"rendered":"H\u00cd"},"content":{"rendered":"<p>Nefndir og stj\u00f3rnun \u2014<\/p>\n<p>2019\u2013\u00a0\u00a0\u00a0\u00a0\u00a0\u00a0\u00a0\u00a0\u00a0\u00a0\u00a0\u00a0 Editor - <em>Teaching and Teacher Education: An International Journal of \u00a0 \u00a0 \u00a0Research - TATE<\/em><\/p>\n<p>2018\u2013\u00a0\u00a0\u00a0\u00a0\u00a0\u00a0\u00a0\u00a0\u00a0\u00a0\u00a0\u00a0 <em>St\u00fdrih\u00f3pur um menntun fyrir alla<\/em>. Menntam\u00e1lar\u00e1\u00f0uneyti\u00f0<\/p>\n<p>2018\u00a0\u00a0\u00a0\u00a0\u00a0\u00a0\u00a0\u00a0\u00a0\u00a0\u00a0\u00a0\u00a0\u00a0 Nefndarma\u00f0ur H\u00cd vegna r\u00e1\u00f0stefnu um 100 \u00e1ra fullveldisafm\u00e6li \u00cdslands<\/p>\n<p>2017\u2013\u00a0\u00a0\u00a0\u00a0\u00a0\u00a0\u00a0\u00a0\u00a0\u00a0\u00a0\u00a0 Editor-<em>T\u00edmarit um uppeldi og menntun, TUM<\/em>, Journal of Education,<\/p>\n<p>2017\u2014 \u00a0 \u00a0 \u00a0 \u00a0 \u00a0 \u00a0 ISATT National Representative<\/p>\n<p>2017-2018 \u00a0\u00a0 Board member, <em>Teaching and Teacher Education: An International Journal \u00a0 \u00a0 \u00a0 \u00a0 of Research - TATE<\/em><\/p>\n<p>2015\u20132017\u00a0\u00a0 Chair of <em>Self Study of Teacher Education Practices Special Interest Group<\/em>(S-STEP), <em>America Education Research Association<\/em>(AERA).<\/p>\n<p>2015\u20132017\u00a0\u00a0 Chairman, Permanent committee of graduate studies School of Education, UI<\/p>\n<p>2015\u00a0\u00a0\u00a0\u00a0\u00a0\u00a0\u00a0\u00a0\u00a0\u00a0\u00a0\u00a0\u00a0\u00a0 Editor,\u00a0<em>Netla<\/em>journal School of Education, special issue<\/p>\n<p>2014\u2013 \u00a0 \u00a0 \u00a0 \u00a0 \u00a0 \u00a0Chairman, Network 20. <em>Research in Innovative Intercultural Learning Environments<\/em>. European Educational Research Association (EERA).<\/p>\n<p>2013\u00a0\u00a0\u00a0\u00a0\u00a0\u00a0\u00a0\u00a0\u00a0\u00a0\u00a0\u00a0\u00a0\u00a0 Editor Menntakvika 2013 \u2013 Special issue <em>Netla journal<\/em><\/p>\n<p>2013\u20132015\u00a0\u00a0 Research committee School of Education University of Iceland<\/p>\n<p>2013\u20132015\u00a0\u00a0 Chair elect - Self Study of Teacher Education Practices SIG, AERA<\/p>\n<p>2013\u20132016 \u00a0 Associate Editor - <em>Teaching and Teacher Education: An International Journal of Research - TATE<\/em><\/p>\n<p>2012 - \u00a0 \u00a0 \u00a0 \u00a0 \u00a0 \u00a0Chair of <em>Inclusive school in multicultural society<\/em>at UI &amp; Pedagogy and schooling at School of Education University of Iceland-<\/p>\n<p>2012\u20132015\u00a0\u00a0 Chairman - <em>Icelandic Educational Research Association\u00a0<\/em>(IERA)<\/p>\n<p>2007\u20132010\u00a0\u00a0 Program Chair - <em>Self Study of Teacher Education Practices Special Interest Group<\/em>, AERA<\/p>\n<p>2003\u20132004\u00a0\u00a0 N\u00e1msnefnd grunnsk\u00f3labrautar. KH\u00cd<\/p>\n<p>2006\u2013\u00a0\u00a0\u00a0\u00a0\u00a0\u00a0\u00a0\u00a0\u00a0\u00a0\u00a0\u00a0 Umsj\u00f3narma\u00f0ur n\u00e1mslei\u00f0ar Kennslufr\u00e6\u00f0i og sk\u00f3lastarf. (program director \u00a0 Pedagogy and Schooling)<\/p>\n<p>2014\u20142018 \u00a0 \u00a0 H\u00e1sk\u00f3lafundur<\/p>\n","protected":false},"excerpt":{"rendered":"<p>Nefndir og stj\u00f3rnun \u2014 2019\u2013\u00a0\u00a0\u00a0\u00a0\u00a0\u00a0\u00a0\u00a0\u00a0\u00a0\u00a0\u00a0 Editor - Teaching and Teacher Education: An International Journal of \u00a0 \u00a0 \u00a0Research - TATE 2018\u2013\u00a0\u00a0\u00a0\u00a0\u00a0\u00a0\u00a0\u00a0\u00a0\u00a0\u00a0\u00a0 St\u00fdrih\u00f3pur um menntun fyrir alla. Menntam\u00e1lar\u00e1\u00f0uneyti\u00f0 2018\u00a0\u00a0\u00a0\u00a0\u00a0\u00a0\u00a0\u00a0\u00a0\u00a0\u00a0\u00a0\u00a0\u00a0 Nefndarma\u00f0ur H\u00cd vegna r\u00e1\u00f0stefnu um 100 \u00e1ra fullveldisafm\u00e6li \u00cdslands 2017\u2013\u00a0\u00a0\u00a0\u00a0\u00a0\u00a0\u00a0\u00a0\u00a0\u00a0\u00a0\u00a0 Editor-T\u00edmarit um &hellip; <a href=\"https:\/\/uni.hi.is\/hafdgud\/nams-og-starfsferill\/hi\/\">Continue reading <span class=\"meta-nav\">&rarr;<\/span><\/a><\/p>\n","protected":false},"author":518,"featured_media":0,"parent":5,"menu_order":1,"comment_status":"closed","ping_status":"closed","template":"","meta":{"footnotes":""},"class_list":["post-136","page","type-page","status-publish","hentry"],"_links":{"self":[{"href":"https:\/\/uni.hi.is\/hafdgud\/wp-json\/wp\/v2\/pages\/136","targetHints":{"allow":["GET"]}}],"collection":[{"href":"https:\/\/uni.hi.is\/hafdgud\/wp-json\/wp\/v2\/pages"}],"about":[{"href":"https:\/\/uni.hi.is\/hafdgud\/wp-json\/wp\/v2\/types\/page"}],"author":[{"embeddable":true,"href":"https:\/\/uni.hi.is\/hafdgud\/wp-json\/wp\/v2\/users\/518"}],"replies":[{"embeddable":true,"href":"https:\/\/uni.hi.is\/hafdgud\/wp-json\/wp\/v2\/comments?post=136"}],"version-history":[{"count":3,"href":"https:\/\/uni.hi.is\/hafdgud\/wp-json\/wp\/v2\/pages\/136\/revisions"}],"predecessor-version":[{"id":284,"href":"https:\/\/uni.hi.is\/hafdgud\/wp-json\/wp\/v2\/pages\/136\/revisions\/284"}],"up":[{"embeddable":true,"href":"https:\/\/uni.hi.is\/hafdgud\/wp-json\/wp\/v2\/pages\/5"}],"wp:attachment":[{"href":"https:\/\/uni.hi.is\/hafdgud\/wp-json\/wp\/v2\/media?parent=136"}],"curies":[{"name":"wp","href":"https:\/\/api.w.org\/{rel}","templated":true}]}}