{"id":297,"date":"2019-08-17T21:46:23","date_gmt":"2019-08-17T21:46:23","guid":{"rendered":"http:\/\/uni.hi.is\/hafdgud\/?page_id=297"},"modified":"2019-08-17T21:46:40","modified_gmt":"2019-08-17T21:46:40","slug":"throunarstarf-sem-grunnskolakennari","status":"publish","type":"page","link":"https:\/\/uni.hi.is\/hafdgud\/throunarstarf-sem-grunnskolakennari\/","title":{"rendered":"\u00der\u00f3unarstarf sem grunnsk\u00f3lakennari"},"content":{"rendered":"<h3>Grunnsk\u00f3lastig<\/h3>\n<p><strong>1999\u00a0<\/strong>Samdi \u00e1samt Arnhei\u00f0i Borg samr\u00e6md pr\u00f3f \u00ed \u00edslensku fyrir nemendur 4. og 7. bekkjar.<\/p>\n<p><strong>1998\u00a0<\/strong>Samdi \u00e1samt Arnhei\u00f0i Borg samr\u00e6md pr\u00f3f \u00ed \u00edslensku fyrir nemendur 4. og 7. bekkjar.<\/p>\n<p><strong>1987 \u2013 2000 <\/strong><\/p>\n<p><strong><em>L\u00e6kjarsk\u00f3li, Hafnarfir\u00f0i<\/em><\/strong><\/p>\n<h4>Bekkjarkennari:\u00a0Umsj\u00f3narkennari nemenda \u00e1 aldrinum 6-12 \u00e1ra.<\/h4>\n<p>Fagleg \u00e1hersla m.a.:<\/p>\n<ul>\n<li>vinnubr\u00f6g\u00f0 heildt\u00e6krar sk\u00f3lastefnu, nota\u00f0i og \u00fer\u00f3a\u00f0i m.a. athafnami\u00f0a\u00f0 mat, einstaklingsn\u00e1mskr\u00e1, n\u00e1mss\u00f6gu nemenda og hugstormun kennslu\u00e1\u00e6tlunar<\/li>\n<li>endurskipulag\u00f0i og breytti vinnubr\u00f6g\u00f0um \u00ed s\u00e9rkennslu<\/li>\n<li>kynnti samvirkt n\u00e1m \u00ed sk\u00f3lanum og n\u00fdtti \u00ed eigin kennslu<\/li>\n<li>kynnti st\u00e6r\u00f0fr\u00e6\u00f0ikennslu bygg\u00f0a \u00e1 skilningi barna og n\u00fdtti hugmyndafr\u00e6\u00f0i og kennslua\u00f0fer\u00f0ir \u00ed eigin kennslu<\/li>\n<li>kynnti og nota\u00f0i \u201cMarkvissa m\u00e1l\u00f6rvun\u201d \u00ed kennslu<\/li>\n<li>endurskipulag\u00f0 kennslu \u00ed 1. bekk me\u00f0 teymiskennslu \u00ed huga<\/li>\n<li>lag\u00f0i \u00e1herslu \u00e1 fj\u00f6lbreytt og sveigjanlegt sk\u00f3lastarf sem bygg\u00f0ist \u00e1 \u00fev\u00ed a\u00f0 koma til m\u00f3ts vi\u00f0 sem flestar \u00fearfir \u00ed miki\u00f0 getubl\u00f6ndu\u00f0um bekk<\/li>\n<\/ul>\n<h4><span style=\"font-size: 12pt\"><strong>S\u00e9rkennari:<\/strong><\/span><\/h4>\n<p>S\u00e9rkennari og kenndi nemendum fr\u00e1 6 \u00e1ra til 16 \u00e1ra.<\/p>\n<p>Fagleg \u00e1hersla m.a.:<\/p>\n<ul>\n<li>endurskipulag\u00f0i alla s\u00e9rkennslu \u00ed L\u00e6kjarsk\u00f3la \u00ed samvinnu vi\u00f0 J\u00f3h\u00f6nnu Valdemarsd\u00f3ttur s\u00e9rkennara<\/li>\n<li>samkennslu e\u00f0a kennslu \u00ed h\u00f3pum \u00e1 m\u00f3ti bekkjarkennurum<\/li>\n<li>kenna s\u00e9rkennslu nemendum inni \u00ed bekknum \u00ed sta\u00f0inn fyrir a\u00f0 taka \u00fe\u00e1 \u00fat \u00far t\u00edmum<\/li>\n<li>\u00fer\u00f3a ey\u00f0ubl\u00f6\u00f0 til a\u00f0 au\u00f0velda samskipti vi\u00f0 bekkjarkennara<\/li>\n<li>vann me\u00f0 kennurum 1. bekkjar a\u00f0 breyttum vinnubr\u00f6g\u00f0um \u00ed lestrarkennslu<\/li>\n<\/ul>\n<h4><span style=\"font-size: 12pt\"><strong>Fagstj\u00f3ri \u00ed s\u00e9rkennslu<\/strong><\/span><\/h4>\n<p>\u00c9g var fagstj\u00f3ri \u00ed s\u00e9rkennslu \u00e1rin 1987-1989 og \u00e1ri\u00f0 1990-1991.<\/p>\n<p>Fagleg \u00e1byrg\u00f0 m.a.:<\/p>\n<ul>\n<li>Skipuleggja s\u00e9rkennslu \u00farr\u00e6\u00f0i \u00ed sk\u00f3lanum.<\/li>\n<li>Skrifa einstaklingsn\u00e1mskr\u00e1r<\/li>\n<li>Sty\u00f0ja umsj\u00f3narkennara vi\u00f0 ger\u00f0 einstaklings\u00e1\u00e6tlunar.<\/li>\n<li>Skipuleggja og stj\u00f3rna fundum<\/li>\n<li>A\u00f0laga n\u00e1mskr\u00e1r, n\u00e1msefni, pr\u00f3f og n\u00e1msmat.<\/li>\n<li>Greina og meta s\u00e9r\ufb02arfir nemenda.<\/li>\n<\/ul>\n<h4><span style=\"font-size: 12pt\"><strong>Fagstj\u00f3ri \u00ed st\u00e6r\u00f0fr\u00e6\u00f0i og \u00edslensku<\/strong><\/span><\/h4>\n<p>\u00c9g var fagstj\u00f3ri \u00e1rin 1993-1995.<\/p>\n<p>Fagleg \u00e1byrg\u00f0 m.a.:<\/p>\n<ul>\n<li>G\u00e6ta \u00feess a\u00f0 kennarar hafi \u00fea\u00f0 n\u00e1msefni sem \u00feeir \u00feurfa.<\/li>\n<li>Veita kennslufr\u00e6\u00f0ilegan stu\u00f0ning \u00ed \u00feessum greinum.<\/li>\n<li>A\u00f0sto\u00f0a vi\u00f0 a\u00f0 meta st\u00f6\u00f0u og \u00e1rangur nemenda.<\/li>\n<li>Skipuleggja faglega \u00fer\u00f3un kennara \u00ed \u00feessum greinum, me\u00f0 \u00fev\u00ed t.d. a\u00f0 f\u00e1 fyrirlesara og n\u00e1mskei\u00f0 \u00ed sk\u00f3lann.<\/li>\n<\/ul>\n<p>1979-1987\u00a0\u00a0\u00a0\u00a0\u00a0\u00a0 <strong><em>Engidalssk\u00f3li, Hafnarfir\u00f0i<\/em><\/strong><\/p>\n<h4><strong><span style=\"font-size: 12pt\">Bekkjarkennari:\u00a0<\/span><\/strong><\/h4>\n<p>Kenndi b\u00f6rnum fr\u00e1 6 til 10 \u00e1ra.<\/p>\n<p>Faglegar \u00e1herslur m.a.:<\/p>\n<ul>\n<li>\u00cd \u00feessum sk\u00f3la var l\u00f6g\u00f0 \u00e1hersla \u00e1 samvinnu kennara og samkennslu. Margar n\u00fdjungar vi\u00f0 skipulagningu kennslunnar og kennslua\u00f0fer\u00f0ir voru reyndar. L\u00f6g\u00f0 var \u00e1hersla \u00e1 \u00f6flugt foreldrasamstarf \u00fear sem foreldrar t\u00f3ku \u00fe\u00e1tt \u00ed kennslu \u00e1 f\u00f6stud\u00f6gum. Tilraunakenndi n\u00fdtt n\u00e1msefni \u00ed samf\u00e9lagsfr\u00e6\u00f0i.<\/li>\n<li>Vann a\u00f0 n\u00fdjum og breyttum kennsluh\u00e1ttum t.d. LTG, notkun t\u00f6lva \u00ed sk\u00f3lastofunni og h\u00f3pvinnu.<\/li>\n<li>\u00der\u00f3a\u00f0i \u00e1samt \u00f6\u00f0rum kennurum sk\u00f3lans n\u00fdja tegund umsagnar um n\u00e1msgengi nemenda.<\/li>\n<\/ul>\n<p>&nbsp;<\/p>\n<p>1974-1979\u00a0\u00a0\u00a0\u00a0\u00a0\u00a0 <strong><em>Fellask\u00f3li, Reykjav\u00edk<\/em><\/strong><\/p>\n<h4>Bekkjarkennari:<\/h4>\n<p>Kenndi hj\u00e1lparbekk, nemendum me\u00f0 s\u00e9r\u00fearfir vegna n\u00e1ms-og f\u00e9lagslegra erfi\u00f0leika. \u00c9g kenndi \u00feessum nemendum fr\u00e1 9 \u00e1ra aldri til 12 \u00e1ra aldurs.<\/p>\n<p>Faglegur \u00e1vinningur m.a.:<\/p>\n<ul>\n<li>Hausti\u00f0 1975 skipul\u00f6g\u00f0u kennarar sk\u00f3lans samvinnu me\u00f0al kennara sem hittust einu sinni \u00ed viku og skipul\u00f6g\u00f0u kennsluna.<\/li>\n<li>\u00c9g var \u00e1rgangastj\u00f3ri \u00ed m\u00ednum \u00e1rgangi og funda\u00f0i me\u00f0 sk\u00f3lastj\u00f3rnendum og \u00f6\u00f0rum \u00e1rgangastj\u00f3rum einu sinni \u00ed m\u00e1nu\u00f0i.<\/li>\n<li>\u00der\u00f3a\u00f0i n\u00fd vitnisbur\u00f0arbl\u00f6\u00f0.<\/li>\n<li>Tilraunakenndi n\u00fdtt n\u00e1msefni \u00ed st\u00e6r\u00f0fr\u00e6\u00f0i og samf\u00e9lagsfr\u00e6\u00f0i.<\/li>\n<\/ul>\n","protected":false},"excerpt":{"rendered":"<p>Grunnsk\u00f3lastig 1999\u00a0Samdi \u00e1samt Arnhei\u00f0i Borg samr\u00e6md pr\u00f3f \u00ed \u00edslensku fyrir nemendur 4. og 7. bekkjar. 1998\u00a0Samdi \u00e1samt Arnhei\u00f0i Borg samr\u00e6md pr\u00f3f \u00ed \u00edslensku fyrir nemendur 4. og 7. bekkjar. 1987 \u2013 2000 L\u00e6kjarsk\u00f3li, Hafnarfir\u00f0i Bekkjarkennari:\u00a0Umsj\u00f3narkennari nemenda \u00e1 aldrinum 6-12 \u00e1ra. &hellip; <a href=\"https:\/\/uni.hi.is\/hafdgud\/throunarstarf-sem-grunnskolakennari\/\">Continue reading <span class=\"meta-nav\">&rarr;<\/span><\/a><\/p>\n","protected":false},"author":518,"featured_media":0,"parent":0,"menu_order":0,"comment_status":"closed","ping_status":"closed","template":"","meta":{"footnotes":""},"class_list":["post-297","page","type-page","status-publish","hentry"],"_links":{"self":[{"href":"https:\/\/uni.hi.is\/hafdgud\/wp-json\/wp\/v2\/pages\/297","targetHints":{"allow":["GET"]}}],"collection":[{"href":"https:\/\/uni.hi.is\/hafdgud\/wp-json\/wp\/v2\/pages"}],"about":[{"href":"https:\/\/uni.hi.is\/hafdgud\/wp-json\/wp\/v2\/types\/page"}],"author":[{"embeddable":true,"href":"https:\/\/uni.hi.is\/hafdgud\/wp-json\/wp\/v2\/users\/518"}],"replies":[{"embeddable":true,"href":"https:\/\/uni.hi.is\/hafdgud\/wp-json\/wp\/v2\/comments?post=297"}],"version-history":[{"count":2,"href":"https:\/\/uni.hi.is\/hafdgud\/wp-json\/wp\/v2\/pages\/297\/revisions"}],"predecessor-version":[{"id":299,"href":"https:\/\/uni.hi.is\/hafdgud\/wp-json\/wp\/v2\/pages\/297\/revisions\/299"}],"wp:attachment":[{"href":"https:\/\/uni.hi.is\/hafdgud\/wp-json\/wp\/v2\/media?parent=297"}],"curies":[{"name":"wp","href":"https:\/\/api.w.org\/{rel}","templated":true}]}}