{"id":63,"date":"2012-01-07T23:53:18","date_gmt":"2012-01-07T23:53:18","guid":{"rendered":"http:\/\/uni.hi.is\/hafdgud\/?page_id=63"},"modified":"2019-07-30T17:21:00","modified_gmt":"2019-07-30T17:21:00","slug":"fyrirlestrar","status":"publish","type":"page","link":"https:\/\/uni.hi.is\/hafdgud\/fyrirlestrar\/","title":{"rendered":"Fyrirlestrar"},"content":{"rendered":"<p>\u00c1 \u00feessari s\u00ed\u00f0u m\u00e1 sj\u00e1 lista yfir erindi sem \u00e9g hef flutt \u00e1 r\u00e1\u00f0stefnum, erlendum og \u00edslenskum. Einnig m\u00e1 sj\u00e1 lista yfir fr\u00e6\u00f0sluerindi sem \u00e9g hef flutt fyrir kennarasamf\u00e9lagi\u00f0 og f\u00e9lagasamt\u00f6k.<\/p>\n","protected":false},"excerpt":{"rendered":"<p>\u00c1 \u00feessari s\u00ed\u00f0u m\u00e1 sj\u00e1 lista yfir erindi sem \u00e9g hef flutt \u00e1 r\u00e1\u00f0stefnum, erlendum og \u00edslenskum. Einnig m\u00e1 sj\u00e1 lista yfir fr\u00e6\u00f0sluerindi sem \u00e9g hef flutt fyrir kennarasamf\u00e9lagi\u00f0 og f\u00e9lagasamt\u00f6k.<\/p>\n","protected":false},"author":518,"featured_media":0,"parent":0,"menu_order":4,"comment_status":"closed","ping_status":"closed","template":"","meta":{"footnotes":""},"class_list":["post-63","page","type-page","status-publish","hentry"],"_links":{"self":[{"href":"https:\/\/uni.hi.is\/hafdgud\/wp-json\/wp\/v2\/pages\/63","targetHints":{"allow":["GET"]}}],"collection":[{"href":"https:\/\/uni.hi.is\/hafdgud\/wp-json\/wp\/v2\/pages"}],"about":[{"href":"https:\/\/uni.hi.is\/hafdgud\/wp-json\/wp\/v2\/types\/page"}],"author":[{"embeddable":true,"href":"https:\/\/uni.hi.is\/hafdgud\/wp-json\/wp\/v2\/users\/518"}],"replies":[{"embeddable":true,"href":"https:\/\/uni.hi.is\/hafdgud\/wp-json\/wp\/v2\/comments?post=63"}],"version-history":[{"count":6,"href":"https:\/\/uni.hi.is\/hafdgud\/wp-json\/wp\/v2\/pages\/63\/revisions"}],"predecessor-version":[{"id":239,"href":"https:\/\/uni.hi.is\/hafdgud\/wp-json\/wp\/v2\/pages\/63\/revisions\/239"}],"wp:attachment":[{"href":"https:\/\/uni.hi.is\/hafdgud\/wp-json\/wp\/v2\/media?parent=63"}],"curies":[{"name":"wp","href":"https:\/\/api.w.org\/{rel}","templated":true}]}}