{"id":73,"date":"2012-01-07T23:58:26","date_gmt":"2012-01-07T23:58:26","guid":{"rendered":"http:\/\/uni.hi.is\/hafdgud\/?page_id=73"},"modified":"2019-07-30T16:43:31","modified_gmt":"2019-07-30T16:43:31","slug":"menntun","status":"publish","type":"page","link":"https:\/\/uni.hi.is\/hafdgud\/nams-og-starfsferill-2\/menntun\/","title":{"rendered":"Menntun"},"content":{"rendered":"<div><strong><br \/>\n<\/strong><span style=\"font-size: 10pt\">2000 \u00a0 Doctor of Philosophy, University of Oregon, Eugene Oregon, USA<\/span><br \/>\n<span style=\"font-size: 10pt\">1993 \u00a0 \u00a0MA pr\u00f3f \u00ed s\u00e9rkennslufr\u00e6\u00f0um, University of Oregon, Eugene Oregon, USA<\/span><br \/>\n<span style=\"font-size: 10pt\">1990 \u00a0 \u00a0BA pr\u00f3f \u00ed s\u00e9rkennslufr\u00e6\u00f0um, Kennarah\u00e1sk\u00f3li \u00cdslands<\/span><br \/>\n<span style=\"font-size: 10pt\">1989 \u00a0 \u00a0Stj\u00f3rnendan\u00e1m vegna starfsleiknin\u00e1ms kennara, Kennarah\u00e1sk\u00f3li \u00cdslands<\/span><br \/>\n<span style=\"font-size: 10pt\">1974 \u00a0 \u00a0St\u00fadentspr\u00f3f, Kennarask\u00f3li \u00cdslands<\/span><br \/>\n<span style=\"font-size: 10pt\">1973 \u00a0 \u00a0Kennarapr\u00f3f, Kennarask\u00f3li \u00cdslands<\/span><\/div>\n","protected":false},"excerpt":{"rendered":"<p>2000 \u00a0 Doctor of Philosophy, University of Oregon, Eugene Oregon, USA 1993 \u00a0 \u00a0MA pr\u00f3f \u00ed s\u00e9rkennslufr\u00e6\u00f0um, University of Oregon, Eugene Oregon, USA 1990 \u00a0 \u00a0BA pr\u00f3f \u00ed s\u00e9rkennslufr\u00e6\u00f0um, Kennarah\u00e1sk\u00f3li \u00cdslands 1989 \u00a0 \u00a0Stj\u00f3rnendan\u00e1m vegna starfsleiknin\u00e1ms kennara, Kennarah\u00e1sk\u00f3li \u00cdslands 1974 &hellip; <a href=\"https:\/\/uni.hi.is\/hafdgud\/nams-og-starfsferill-2\/menntun\/\">Continue reading <span class=\"meta-nav\">&rarr;<\/span><\/a><\/p>\n","protected":false},"author":518,"featured_media":0,"parent":69,"menu_order":0,"comment_status":"closed","ping_status":"closed","template":"","meta":{"footnotes":""},"class_list":["post-73","page","type-page","status-publish","hentry"],"_links":{"self":[{"href":"https:\/\/uni.hi.is\/hafdgud\/wp-json\/wp\/v2\/pages\/73","targetHints":{"allow":["GET"]}}],"collection":[{"href":"https:\/\/uni.hi.is\/hafdgud\/wp-json\/wp\/v2\/pages"}],"about":[{"href":"https:\/\/uni.hi.is\/hafdgud\/wp-json\/wp\/v2\/types\/page"}],"author":[{"embeddable":true,"href":"https:\/\/uni.hi.is\/hafdgud\/wp-json\/wp\/v2\/users\/518"}],"replies":[{"embeddable":true,"href":"https:\/\/uni.hi.is\/hafdgud\/wp-json\/wp\/v2\/comments?post=73"}],"version-history":[{"count":10,"href":"https:\/\/uni.hi.is\/hafdgud\/wp-json\/wp\/v2\/pages\/73\/revisions"}],"predecessor-version":[{"id":232,"href":"https:\/\/uni.hi.is\/hafdgud\/wp-json\/wp\/v2\/pages\/73\/revisions\/232"}],"up":[{"embeddable":true,"href":"https:\/\/uni.hi.is\/hafdgud\/wp-json\/wp\/v2\/pages\/69"}],"wp:attachment":[{"href":"https:\/\/uni.hi.is\/hafdgud\/wp-json\/wp\/v2\/media?parent=73"}],"curies":[{"name":"wp","href":"https:\/\/api.w.org\/{rel}","templated":true}]}}