{"id":75,"date":"2012-01-07T23:59:16","date_gmt":"2012-01-07T23:59:16","guid":{"rendered":"http:\/\/uni.hi.is\/hafdgud\/?page_id=75"},"modified":"2019-08-17T21:32:15","modified_gmt":"2019-08-17T21:32:15","slug":"namskeid","status":"publish","type":"page","link":"https:\/\/uni.hi.is\/hafdgud\/nams-og-starfsferill-2\/namskeid\/","title":{"rendered":"N\u00e1mskei\u00f0"},"content":{"rendered":"<p><strong>1990 - 2000<\/strong><\/p>\n<ul>\n<li>Kenningar \u00ed st\u00e6r\u00f0fr\u00e6\u00f0ikennslu, Kennarah\u00e1sk\u00f3li \u00cdslands. Kennari: Anna Kristj\u00e1nsd\u00f3ttir, pr\u00f3fessor<\/li>\n<li>St\u00e6r\u00f0fr\u00e6\u00f0ikennsla bygg\u00f0 \u00e1 skilningi barna (Cognitively guided instruction in mathematics). Kennari: Donald Chambers, University of Wisconsin.<\/li>\n<li>N\u00e1msmat \u00ed lestri. Kennarar: \u00de\u00f3ra Kristinsd\u00f3ttir og Gu\u00f0mundur Kristmundsson, KH\u00cd<\/li>\n<li>\u00c1rganga- og fagstj\u00f3rn, markvisst umb\u00f3tastarf. Umsj\u00f3n: Eir\u00edkur Hermansson, sk\u00f3last.<\/li>\n<li>Kennari: Baldur Kristj\u00e1nsson<\/li>\n<li>Samskipti \u00ed sk\u00f3lastofunni. Kennari: Dr. Sigr\u00fan A\u00f0albjarnard\u00f3ttir<\/li>\n<li>A\u00f0fer\u00f0afr\u00e6\u00f0i eigindlegra ranns\u00f3kna, Abo h\u00e1sk\u00f3li \u00ed Wasa Finnlandi. Kennari: Dr. Dianne Ferguson, University of Oregon<\/li>\n<li>T\u00f6lvufr\u00e6\u00f0i. Kennari: Halld\u00f3r Kristj\u00e1nsson.<\/li>\n<li>S\u00e9rkennsla.<\/li>\n<\/ul>\n<p><strong>1985-1989<\/strong><\/p>\n<ul>\n<li>S\u00e9rkennsla. Kennarar: Dr. Dianne og Phil Ferguson, University of Oregon.<\/li>\n<li>Samstarf sk\u00f3la og heimilis<\/li>\n<li>Mismunandi starfsh\u00e6ttir \u00ed sk\u00f3lastofunni<\/li>\n<li>T\u00f6lvufr\u00e6\u00f0i -<\/li>\n<li>\u00cdslenska \u2013 Frams\u00f6gn \u2013 talm\u00e1l \u2013 tj\u00e1ning<\/li>\n<\/ul>\n<p><strong>1980-1984<\/strong><\/p>\n<ul>\n<li>Skipulagning kennslunnar<\/li>\n<li>Sk\u00f3la\u00fer\u00f3un<\/li>\n<li>LTG, lestrarkennslua\u00f0fer\u00f0<\/li>\n<li>Skrautskrift<\/li>\n<li>Sk\u00ed\u00f0an\u00e1mskei\u00f0<\/li>\n<\/ul>\n<p><strong>1974-1979<\/strong><\/p>\n<ul>\n<li>M\u00f3\u00f0urm\u00e1l<\/li>\n<li>Kennslufr\u00e6\u00f0i<\/li>\n<li>St\u00e6r\u00f0fr\u00e6\u00f0i<\/li>\n<li>Samf\u00e9lagsfr\u00e6\u00f0i fyrir almenna kennara<\/li>\n<li>Samf\u00e9lagsfr\u00e6\u00f0i fyrir n\u00e1mskr\u00e1rger\u00f0arf\u00f3lk, fr\u00e6\u00f0slustj\u00f3ra, sk\u00f3lastj\u00f3ra og h\u00e1sk\u00f3lakennara<\/li>\n<li>N\u00e1mskei\u00f0 fyrir enskukennara \u00ed Hastings<\/li>\n<li>Hand- og myndmennt<\/li>\n<\/ul>\n<p><strong>\u00a0<\/strong><\/p>\n<h3>R\u00e1\u00f0stefnur og \u00feing sem \u00e9g hef s\u00f3tt<\/h3>\n<h3><strong>2000\u00a0<\/strong>AERA \u2013 Annual Meeting \u00ed New Orleans, LA, 24. \u2013 28. apr\u00edl.<\/h3>\n<p><strong>1999\u00a0<\/strong>AERA \u2013 Annual Meeting \u00ed Montreal, Canada, 19. \u2013 24. apr\u00edl.<\/p>\n<p>Kennara\u00feing Reykjav\u00edkur og Reykjaness, Reykjav\u00edk, 20. mars.<\/p>\n<p><strong>1998 \u00a0<\/strong>N\u00e1msmat og mat \u00e1 sk\u00f3lastarfi , Reykjav\u00edk 4.- 5. j\u00fan\u00ed.<\/p>\n<p><strong>1997 \u00a0<\/strong>TASH, Annual Conference of the Association for Persons with Severe Handicaps. 4. \u2013 7. desember, Boston, MA.<\/p>\n<p>The Oregon Conference, College of Education, University of Oregon, febr\u00faar.<\/p>\n<p><strong>1996 \u00a0<\/strong>TASH, Annual Conference of the Association for Persons with Severe Handicaps. \u00a0 20.- 23. n\u00f3vember, New Orlans, LA.<\/p>\n<p>AERA: Research on Women in Education SIG. 25. \u201326. okt\u00f3ber, San Jose, Ca.<\/p>\n<p>The Oregon Conference, College of Education, University of Oregon.<\/p>\n<p><strong>1995 \u00a0<\/strong>International Special Education Congress, ISEC, Apr\u00edl, Birmingham, UK.<\/p>\n<p><strong>1994\u00a0<\/strong><em>Eitt samf\u00e9lag fyrir alla.\u00a0<\/em>Al\u00fej\u00f3\u00f0leg r\u00e1\u00f0stefna. \u00deroskahj\u00e1lp og UNESCO. Ma\u00ed, Reykjav\u00edk.<\/p>\n<p><strong>1993. \u00a0 \u00a0\u00a0<\/strong>Qualitative methods in research, ma\u00ed, Wasa, Finnlandi.<\/p>\n<ul>\n<li>TASH, Annual Conference of the Association for Persons with Severe Handicaps, okt\u00f3ber, Chicago.<\/li>\n<\/ul>\n<p><strong>1992. \u00a0 \u00a0<\/strong>The Oregon Conference, College of Education University of Oregon. Febr\u00faar.<\/p>\n","protected":false},"excerpt":{"rendered":"<p>1990 - 2000 Kenningar \u00ed st\u00e6r\u00f0fr\u00e6\u00f0ikennslu, Kennarah\u00e1sk\u00f3li \u00cdslands. Kennari: Anna Kristj\u00e1nsd\u00f3ttir, pr\u00f3fessor St\u00e6r\u00f0fr\u00e6\u00f0ikennsla bygg\u00f0 \u00e1 skilningi barna (Cognitively guided instruction in mathematics). Kennari: Donald Chambers, University of Wisconsin. N\u00e1msmat \u00ed lestri. Kennarar: \u00de\u00f3ra Kristinsd\u00f3ttir og Gu\u00f0mundur Kristmundsson, KH\u00cd \u00c1rganga- og &hellip; <a href=\"https:\/\/uni.hi.is\/hafdgud\/nams-og-starfsferill-2\/namskeid\/\">Continue reading <span class=\"meta-nav\">&rarr;<\/span><\/a><\/p>\n","protected":false},"author":518,"featured_media":0,"parent":69,"menu_order":2,"comment_status":"closed","ping_status":"closed","template":"","meta":{"footnotes":""},"class_list":["post-75","page","type-page","status-publish","hentry"],"_links":{"self":[{"href":"https:\/\/uni.hi.is\/hafdgud\/wp-json\/wp\/v2\/pages\/75","targetHints":{"allow":["GET"]}}],"collection":[{"href":"https:\/\/uni.hi.is\/hafdgud\/wp-json\/wp\/v2\/pages"}],"about":[{"href":"https:\/\/uni.hi.is\/hafdgud\/wp-json\/wp\/v2\/types\/page"}],"author":[{"embeddable":true,"href":"https:\/\/uni.hi.is\/hafdgud\/wp-json\/wp\/v2\/users\/518"}],"replies":[{"embeddable":true,"href":"https:\/\/uni.hi.is\/hafdgud\/wp-json\/wp\/v2\/comments?post=75"}],"version-history":[{"count":9,"href":"https:\/\/uni.hi.is\/hafdgud\/wp-json\/wp\/v2\/pages\/75\/revisions"}],"predecessor-version":[{"id":295,"href":"https:\/\/uni.hi.is\/hafdgud\/wp-json\/wp\/v2\/pages\/75\/revisions\/295"}],"up":[{"embeddable":true,"href":"https:\/\/uni.hi.is\/hafdgud\/wp-json\/wp\/v2\/pages\/69"}],"wp:attachment":[{"href":"https:\/\/uni.hi.is\/hafdgud\/wp-json\/wp\/v2\/media?parent=75"}],"curies":[{"name":"wp","href":"https:\/\/api.w.org\/{rel}","templated":true}]}}