{"id":89,"date":"2012-01-08T00:07:00","date_gmt":"2012-01-08T00:07:00","guid":{"rendered":"http:\/\/uni.hi.is\/hafdgud\/?page_id=89"},"modified":"2012-01-08T22:48:22","modified_gmt":"2012-01-08T22:48:22","slug":"umsjon-namskeida","status":"publish","type":"page","link":"https:\/\/uni.hi.is\/hafdgud\/kennsla\/umsjon-namskeida\/","title":{"rendered":"Umsj\u00f3n n\u00e1mskei\u00f0a"},"content":{"rendered":"","protected":false},"excerpt":{"rendered":"","protected":false},"author":518,"featured_media":0,"parent":65,"menu_order":1,"comment_status":"closed","ping_status":"closed","template":"","meta":{"footnotes":""},"class_list":["post-89","page","type-page","status-publish","hentry"],"_links":{"self":[{"href":"https:\/\/uni.hi.is\/hafdgud\/wp-json\/wp\/v2\/pages\/89","targetHints":{"allow":["GET"]}}],"collection":[{"href":"https:\/\/uni.hi.is\/hafdgud\/wp-json\/wp\/v2\/pages"}],"about":[{"href":"https:\/\/uni.hi.is\/hafdgud\/wp-json\/wp\/v2\/types\/page"}],"author":[{"embeddable":true,"href":"https:\/\/uni.hi.is\/hafdgud\/wp-json\/wp\/v2\/users\/518"}],"replies":[{"embeddable":true,"href":"https:\/\/uni.hi.is\/hafdgud\/wp-json\/wp\/v2\/comments?post=89"}],"version-history":[{"count":2,"href":"https:\/\/uni.hi.is\/hafdgud\/wp-json\/wp\/v2\/pages\/89\/revisions"}],"predecessor-version":[{"id":110,"href":"https:\/\/uni.hi.is\/hafdgud\/wp-json\/wp\/v2\/pages\/89\/revisions\/110"}],"up":[{"embeddable":true,"href":"https:\/\/uni.hi.is\/hafdgud\/wp-json\/wp\/v2\/pages\/65"}],"wp:attachment":[{"href":"https:\/\/uni.hi.is\/hafdgud\/wp-json\/wp\/v2\/media?parent=89"}],"curies":[{"name":"wp","href":"https:\/\/api.w.org\/{rel}","templated":true}]}}