{"id":133,"date":"2011-02-02T22:33:05","date_gmt":"2011-02-02T22:33:05","guid":{"rendered":"http:\/\/uni.hi.is\/hoski\/?page_id=133"},"modified":"2021-07-27T14:17:01","modified_gmt":"2021-07-27T14:17:01","slug":"7-song","status":"publish","type":"page","link":"https:\/\/uni.hi.is\/hoski\/7-song\/","title":{"rendered":"S\u00f6ngtextar"},"content":{"rendered":"<p><strong><em>Margir af \u00feessum textum voru ger\u00f0ir fyrir Karlak\u00f3rinn Stefni. Nokkra \u00feeirra ger\u00f0i \u00e9g \u00fe\u00f3 fyrir sj\u00e1lfan mig til flutnings vi\u00f0 \u00fdmis t\u00e6kif\u00e6ri.<\/em><\/strong><\/p>\n<p><strong>\u00c1 v\u00edkingasl\u00f3\u00f0<\/strong>. Syrpa af l\u00f6gum fr\u00e1 Wales\u00a0<a href=\"https:\/\/uni.hi.is\/hoski\/files\/2021\/07\/A-vikingaslod.pdf\">https:\/\/uni.hi.is\/hoski\/files\/2021\/07\/A-vikingaslod.pdf<\/a><\/p>\n<p><strong>\u00c1lfam\u00e6r.\u00a0<\/strong>Lag: Alexander Rybak (Eurovision 2009).\u00a0<a href=\"https:\/\/uni.hi.is\/hoski\/files\/2021\/07\/Alfamaer.pdf\">https:\/\/uni.hi.is\/hoski\/files\/2021\/07\/Alfamaer.pdf<\/a><\/p>\n<p><strong>\u00c1starsaga<\/strong>. Syrpa af d\u00e6gurl\u00f6gum fr\u00e1 7. \u00e1ratug 20. aldar. Textarnir eru samvinnuverkefni en meirihlutinn \u00fe\u00f3 eftir J\u00f3nas Fri\u00f0rik Gu\u00f0nason\u00a0<a href=\"https:\/\/uni.hi.is\/hoski\/files\/2021\/07\/Astarsaga.pdf\">https:\/\/uni.hi.is\/hoski\/files\/2021\/07\/Astarsaga.pdf<\/a><\/p>\n<p><strong>Barnag\u00e6la \u00e1 j\u00f3laf\u00f6stu<\/strong>. Lag: Roger Miller\u00a0<a href=\"https:\/\/uni.hi.is\/hoski\/files\/2021\/07\/Barnagaela-a-jolafostu.pdf\">https:\/\/uni.hi.is\/hoski\/files\/2021\/07\/Barnagaela-a-jolafostu.pdf<\/a><\/p>\n<p><strong>Heilr\u00e6\u00f0i<em>.<\/em>\u00a0<\/strong>Lag: Atli Gu\u00f0laugsson\u00a0<a href=\"https:\/\/uni.hi.is\/hoski\/files\/2021\/07\/Heilraedi.pdf\">https:\/\/uni.hi.is\/hoski\/files\/2021\/07\/Heilraedi.pdf<\/a><\/p>\n<p><strong>\u00cd kr\u00e1 a\u00f0 kirkjubaki<\/strong>. Syrpa af \u00fe\u00fdskum drykkjus\u00f6ngvum (sumir af textunum eru eftir Hj\u00f6rt \u00der\u00e1insson)\u00a0<a href=\"https:\/\/uni.hi.is\/hoski\/files\/2021\/07\/I-kra-ad-kirkjubaki.pdf\">https:\/\/uni.hi.is\/hoski\/files\/2021\/07\/I-kra-ad-kirkjubaki.pdf<\/a><\/p>\n<p><strong>Morgunsigling<\/strong> Lag: Gamalt franskt lag sem Carl Michael Bellman nota\u00f0i og ger\u00f0i fr\u00e6gt (<em>Fredmans epistel 48)\u00a0<a href=\"https:\/\/uni.hi.is\/hoski\/files\/2021\/07\/Morgunsigling.pdf\">https:\/\/uni.hi.is\/hoski\/files\/2021\/07\/Morgunsigling.pdf<\/a><\/em><\/p>\n<p><strong>Sk\u00e1l! Sk\u00e1l! Sk\u00e1l!\u00a0<\/strong>Lag: Sigmund Romberg (\u00far St\u00fadentaprinsinum)\u00a0<a href=\"https:\/\/uni.hi.is\/hoski\/files\/2021\/07\/Skal-Skal-Skal.pdf\">https:\/\/uni.hi.is\/hoski\/files\/2021\/07\/Skal-Skal-Skal.pdf<\/a><\/p>\n<p><strong>Sk\u00e1larr\u00e6\u00f0a heimspekingsins<\/strong> Lag: Nils Torvald \u00d8sterb\u00f8\u00a0<a href=\"https:\/\/uni.hi.is\/hoski\/files\/2021\/07\/Skalarraeda-heimspekingsins.pdf\">https:\/\/uni.hi.is\/hoski\/files\/2021\/07\/Skalarraeda-heimspekingsins.pdf<\/a><\/p>\n<p><strong>S\u00e6nskur jar\u00f0arfarardagur\u00a0<\/strong>Lag: Carl Michael Bellman (<em>Fredmans epistel 38<\/em>). <a href=\"https:\/\/uni.hi.is\/hoski\/files\/2021\/07\/Saenskur-jardarfarardagur.pdf\">https:\/\/uni.hi.is\/hoski\/files\/2021\/07\/Saenskur-jardarfarardagur.pdf<\/a><\/p>\n<p><strong>S\u00f6ngvatni\u00f0\u00a0<\/strong>Lag: Anna Peuckert\u00a0<a href=\"https:\/\/uni.hi.is\/hoski\/files\/2021\/07\/Songvatnid.pdf\">https:\/\/uni.hi.is\/hoski\/files\/2021\/07\/Songvatnid.pdf<\/a><\/p>\n<p><strong>Trinklied\/\u00d6lerindi II\u00a0 <\/strong>Lag: Franz Peter Schubert. H\u00f6fundur \u00fe\u00fdska textans er \u00f3kunnur, en s\u00e1 \u00edslenski er a\u00f0 hluta til eftir Hallgr\u00edm P\u00e9tursson\u00a0<a href=\"https:\/\/uni.hi.is\/hoski\/files\/2021\/07\/Trinklied_Olerindi-II.pdf\">https:\/\/uni.hi.is\/hoski\/files\/2021\/07\/Trinklied_Olerindi-II.pdf<\/a><\/p>\n<p><strong>Vi\u00f0 sk\u00e1lum<\/strong> Lag: Giuseppi Verdi (\u00far \u00f3perunni Ernani)\u00a0<a href=\"https:\/\/uni.hi.is\/hoski\/files\/2021\/07\/Vid-skalum.pdf\">https:\/\/uni.hi.is\/hoski\/files\/2021\/07\/Vid-skalum.pdf<\/a><\/p>\n<p><strong>V\u00edn, borg minna drauma<\/strong> Lag: Rudolf Sieczynski. (Textinn saminn \u00e1ri\u00f0 2000 til minningar um V\u00ednarvininn L\u00e1rus Sveinsson tompetleikara)\u00a0<a href=\"https:\/\/uni.hi.is\/hoski\/files\/2021\/07\/Vin-borg-minna-drauma.pdf\">https:\/\/uni.hi.is\/hoski\/files\/2021\/07\/Vin-borg-minna-drauma.pdf<\/a><\/p>\n<p><strong>Vor vi\u00f0 ysta haf<\/strong> Lag: Atli Gu\u00f0laugsson\u00a0<a href=\"https:\/\/uni.hi.is\/hoski\/files\/2021\/07\/Vor-vid-ysta-haf.pdf\">https:\/\/uni.hi.is\/hoski\/files\/2021\/07\/Vor-vid-ysta-haf.pdf<\/a><\/p>\n<p><strong>\u00derefaldur \u00fej\u00f3\u00f0dans<\/strong> Lag: Thomas Ravenscroft. (\u00deetta er nokkurs konar ke\u00f0jus\u00f6ngur \u00fear sem hver r\u00f6dd syngur sinn texta.)\u00a0<a href=\"https:\/\/uni.hi.is\/hoski\/files\/2021\/07\/Threfaldur-thjoddans.pdf\">https:\/\/uni.hi.is\/hoski\/files\/2021\/07\/Threfaldur-thjoddans.pdf<\/a><\/p>\n<p>&nbsp;<\/p>\n<p><strong>\u00c1grip af s\u00f6gu H\u00e1sk\u00f3la \u00cdslands 1966 - 2001 <\/strong>Syrpa af l\u00f6gum \u00fear sem fari\u00f0 er me\u00f0 \u00e1grip af s\u00f6gu H\u00e1sk\u00f3lans, einkum me\u00f0 hli\u00f0sj\u00f3n af \u00e1herslum rektora \u00e1 \u00feessu t\u00edmabili.\u00a0<a href=\"https:\/\/uni.hi.is\/hoski\/files\/2021\/07\/AgripAfSoguHaskolans.pdf\">https:\/\/uni.hi.is\/hoski\/files\/2021\/07\/AgripAfSoguHaskolans.pdf<\/a><\/p>\n<p>&nbsp;<\/p>\n<p><strong>Bernadetta brj\u00f3stkalda<\/strong> Lag: Tom Lehrer\u00a0<a href=\"https:\/\/uni.hi.is\/hoski\/files\/2021\/07\/Bernadetta-brjostkalda.pdf\">https:\/\/uni.hi.is\/hoski\/files\/2021\/07\/Bernadetta-brjostkalda.pdf<\/a><\/p>\n<p><strong>\u00dar kennsluskr\u00e1 H\u00e1sk\u00f3la \u00cdslands<\/strong> Lag: Gilbert og Sullivan (sbr. Tom Lehrer:\u00a0<em>The elements<\/em>)\u00a0<a href=\"https:\/\/uni.hi.is\/hoski\/files\/2021\/07\/Ur-kennsluskra.pdf\">https:\/\/uni.hi.is\/hoski\/files\/2021\/07\/Ur-kennsluskra.pdf<\/a><\/p>\n<p><strong>Vei\u00f0ifer\u00f0in\u00a0<\/strong>Lag: Tom Lehrer\u00a0<a href=\"https:\/\/uni.hi.is\/hoski\/files\/2021\/07\/Veidiferdin.pdf\">https:\/\/uni.hi.is\/hoski\/files\/2021\/07\/Veidiferdin.pdf<\/a><\/p>\n<p>&nbsp;<\/p>\n","protected":false},"excerpt":{"rendered":"<p>Margir af \u00feessum textum voru ger\u00f0ir fyrir Karlak\u00f3rinn Stefni. Nokkra \u00feeirra ger\u00f0i \u00e9g \u00fe\u00f3 fyrir sj\u00e1lfan mig til flutnings vi\u00f0 \u00fdmis t\u00e6kif\u00e6ri. \u00c1 v\u00edkingasl\u00f3\u00f0. Syrpa af l\u00f6gum fr\u00e1 Wales\u00a0https:\/\/uni.hi.is\/hoski\/files\/2021\/07\/A-vikingaslod.pdf \u00c1lfam\u00e6r.\u00a0Lag: Alexander Rybak (Eurovision 2009).\u00a0https:\/\/uni.hi.is\/hoski\/files\/2021\/07\/Alfamaer.pdf \u00c1starsaga. Syrpa af d\u00e6gurl\u00f6gum fr\u00e1 7. \u00e1ratug 20. aldar. Textarnir eru samvinnuverkefni en meirihlutinn \u00fe\u00f3 eftir J\u00f3nas Fri\u00f0rik Gu\u00f0nason\u00a0https:\/\/uni.hi.is\/hoski\/files\/2021\/07\/Astarsaga.pdf Barnag\u00e6la \u00e1 [&hellip;]<\/p>\n","protected":false},"author":47,"featured_media":0,"parent":0,"menu_order":0,"comment_status":"closed","ping_status":"closed","template":"","meta":{"footnotes":""},"class_list":["post-133","page","type-page","status-publish","hentry"],"_links":{"self":[{"href":"https:\/\/uni.hi.is\/hoski\/wp-json\/wp\/v2\/pages\/133","targetHints":{"allow":["GET"]}}],"collection":[{"href":"https:\/\/uni.hi.is\/hoski\/wp-json\/wp\/v2\/pages"}],"about":[{"href":"https:\/\/uni.hi.is\/hoski\/wp-json\/wp\/v2\/types\/page"}],"author":[{"embeddable":true,"href":"https:\/\/uni.hi.is\/hoski\/wp-json\/wp\/v2\/users\/47"}],"replies":[{"embeddable":true,"href":"https:\/\/uni.hi.is\/hoski\/wp-json\/wp\/v2\/comments?post=133"}],"version-history":[{"count":45,"href":"https:\/\/uni.hi.is\/hoski\/wp-json\/wp\/v2\/pages\/133\/revisions"}],"predecessor-version":[{"id":690,"href":"https:\/\/uni.hi.is\/hoski\/wp-json\/wp\/v2\/pages\/133\/revisions\/690"}],"wp:attachment":[{"href":"https:\/\/uni.hi.is\/hoski\/wp-json\/wp\/v2\/media?parent=133"}],"curies":[{"name":"wp","href":"https:\/\/api.w.org\/{rel}","templated":true}]}}