{"id":16,"date":"2010-04-12T18:32:59","date_gmt":"2010-04-12T18:32:59","guid":{"rendered":"http:\/\/uni.hi.is\/hoski\/?page_id=16"},"modified":"2022-01-26T18:33:38","modified_gmt":"2022-01-26T18:33:38","slug":"ferilskra","status":"publish","type":"page","link":"https:\/\/uni.hi.is\/hoski\/ferilskra\/","title":{"rendered":"1. Ferilskr\u00e1"},"content":{"rendered":"<p><!--:de--><\/p>\n<h2>H\u00c1SK\u00d3LAN\u00c1M<\/h2>\n<ul>\n<li>1974\u20131979 Harvardh\u00e1sk\u00f3li. MA-pr\u00f3f \u00ed m\u00e1lv\u00edsindum 1976, doktorspr\u00f3f (PhD) 1979.<\/li>\n<li>1972\u20131974 H\u00e1sk\u00f3li \u00cdslands. MA-pr\u00f3f \u00ed \u00edslenskri m\u00e1lfr\u00e6\u00f0i 1974.<\/li>\n<li>1970\u20131972 Christian Albrechts Universit\u00e4t, Kiel, \u00de\u00fdskalandi.<\/li>\n<li>Fyrrihlutapr\u00f3f (Zwischenpr\u00fcfung) \u00ed m\u00e1lv\u00edsindum 1972.<\/li>\n<li>1966\u20131969 H\u00e1sk\u00f3li \u00cdslands. BA-pr\u00f3f \u00ed \u00edslensku og sagnfr\u00e6\u00f0i 1969.<\/li>\n<\/ul>\n<p>&nbsp;<\/p>\n<h2>H\u00c1SK\u00d3LAKENNSLA OG RANNS\u00d3KNARST\u00d6\u00d0UR<\/h2>\n<p><strong>N\u00faverandi starf: <\/strong><\/p>\n<p>Pr\u00f3fessor emeritus \u00ed \u00edslensku n\u00fat\u00edmam\u00e1li vi\u00f0 H\u00e1sk\u00f3la \u00cdslands fr\u00e1 2016<\/p>\n<p><strong>Fyrra starf:<\/strong><\/p>\n<p>Pr\u00f3fessor \u00ed \u00edslensku n\u00fat\u00edmam\u00e1li vi\u00f0 H\u00e1sk\u00f3la \u00cdslands fr\u00e1 1980-2016 (\u00ed leyfi 1991\u20131995)<\/p>\n<p><strong>Gistipr\u00f3fessor: <\/strong><\/p>\n<p>M\u00e1lv\u00edsindadeild Harvardh\u00e1sk\u00f3la 1991\u20131995<\/p>\n<p><strong>Gistikennari:<\/strong><\/p>\n<ul>\n<li>Norr\u00e6nt n\u00e1mskei\u00f0 fyrir framhaldsnema \u00ed m\u00e1lv\u00edsindum, \u00de\u00f3rsh\u00f6fn \u00ed F\u00e6reyjum, \u00e1g\u00fast 2008<\/li>\n<li>Norr\u00e6nt n\u00e1mskei\u00f0 fyrir framhaldsnema \u00ed m\u00e1lv\u00edsindum, Sch\u00e6fferg\u00e5rden, Danm\u00f6rku, okt\u00f3ber 2007<\/li>\n<li>Fr\u00f3\u00f0skaparsetur F\u00e6reyja, \u00de\u00f3rsh\u00f6fn, september 2002<\/li>\n<li>Sumarn\u00e1mskei\u00f0 Linguistic Society of America, Cornellh\u00e1sk\u00f3la, USA, j\u00fan\u00ed\u2013j\u00fal\u00ed 1997<\/li>\n<li>Vetrarn\u00e1mskei\u00f0 LOT m\u00e1lv\u00edsindask\u00f3lans, Nijmegen, Hollandi, jan\u00faar 1997<\/li>\n<li>Endurmenntunarstofnun Harvardh\u00e1sk\u00f3la, vor 1995<\/li>\n<li>6th European Summer School in Logic, Language and Information, Kaupmannah\u00f6fn, \u00e1g\u00fast 1994<\/li>\n<\/ul>\n<p>&nbsp;<\/p>\n<p><strong>Gistifr\u00e6\u00f0ima\u00f0ur: <\/strong><\/p>\n<ul>\n<li>Center for Sociolingvistiske Sprogforandringsstudier (DGCSS), Kaupmannah\u00f6fn, vor 2015 (3 m\u00e1nu\u00f0ir)<\/li>\n<li>M\u00e1lv\u00edsindadeild UCSD, San Diego, haust 2012 (3 m\u00e1nu\u00f0ir)<\/li>\n<li>M\u00e1lv\u00edsindadeild UCLA, Los Angeles, vor 2008 (3 m\u00e1nu\u00f0ir)<\/li>\n<li>H\u00e1sk\u00f3linn \u00ed Hamborg, vor 2006 (2 vikur)<\/li>\n<li>J\u00f3nsh\u00fas, Kaupmannah\u00f6fn, vor 2003 (10 vikur)<\/li>\n<li>Norr\u00e6nudeild, University College London, haust 1999 (3 m\u00e1nu\u00f0ir)<\/li>\n<li>M\u00e1lv\u00edsindadeild MIT, Cambridge, MA, haustmisseri 1995<\/li>\n<li>M\u00e1lv\u00edsindadeild Harvardh\u00e1sk\u00f3la, haustmisseri 1987<\/li>\n<li>M\u00e1lv\u00edsindadeild UC Santa Cruz, vor og sumar 1984<\/li>\n<\/ul>\n<p>&nbsp;<\/p>\n<p><strong>Stundakennari:<\/strong><\/p>\n<ul>\n<li>H\u00e1sk\u00f3li \u00cdslands, almenn m\u00e1lv\u00edsindi og \u00edslenska, 1979\u20131980.<\/li>\n<li>H\u00e1sk\u00f3li \u00cdslands, \u00edslenska fyrir erlenda st\u00fadenta, 1972\u20131973.<\/li>\n<li>Kennarask\u00f3li \u00cdslands, \u00edslenska, 1969-1970.<\/li>\n<\/ul>\n<p>&nbsp;<\/p>\n<p><strong>A\u00f0sto\u00f0arkennari:<\/strong><\/p>\n<p>M\u00e1lv\u00edsindadeild Harvardh\u00e1sk\u00f3la 1976\u20131979.<\/p>\n<p>&nbsp;<\/p>\n<p><strong>Ranns\u00f3knama\u00f0ur og \u00edslenskukennari:<\/strong><\/p>\n<p>Norr\u00e6nudeild Christian Albrechts Universit\u00e4t, Kiel, \u00de\u00fdskalandi, 1970\u20131972.<\/p>\n<h2><\/h2>\n<h2>\u00d6NNUR FR\u00c6\u00d0ILEG ST\u00d6RF<\/h2>\n<p><strong>Ritstj\u00f3rn:<\/strong><\/p>\n<ul>\n<li>Ritstj\u00f3ri: <em>\u00cdslenskt m\u00e1l 2\u20135<\/em> 1980\u20131983 og <em>18\u201326<\/em> 1996\u20132004<\/li>\n<li>Me\u00f0ritstj\u00f3ri:\u00a0<em>\u00cdslenskt m\u00e1l 27\u201339 <\/em>2005-2017<\/li>\n<li>Me\u00f0ritstj\u00f3ri: <em>Ekki var \u00fea\u00f0 illa meint. Lj\u00f3\u00f0 og lausav\u00edsur eftir Hj\u00e1lmar Freysteinsson <\/em>(B\u00f3ka\u00fatg\u00e1fan H\u00f3lar, Reykjav\u00edk, 2021)<\/li>\n<li>Me\u00f0ritstj\u00f3ri: <em>Sigurtunga \u2013 Vestur\u00edslenskt m\u00e1l og menning <\/em>(H\u00e1sk\u00f3la\u00fatg\u00e1fan, Reykjav\u00edk, 2018)<\/li>\n<li>Me\u00f0ritstj\u00f3ri: <em>Fr\u00e6ndafundur 9<\/em> (Hugv\u00edsindastofnun, Reykjav\u00edk, 2018)<\/li>\n<li>Me\u00f0ritstj\u00f3ri: <em>Tilbrig\u00f0i \u00ed \u00edslenskri setningager\u00f0 III<\/em> (M\u00e1lv\u00edsindastofnun H\u00e1sk\u00f3la \u00cdslands, Reykjav\u00edk, 2017)<\/li>\n<li>Me\u00f0ritstj\u00f3ri\u00a0<em>Syntactic Variation in Insular Scandinavian<\/em> (John Benjamins, Amsterdam, 2017)<\/li>\n<li>Me\u00f0ritstj\u00f3ri\u00a0<em>Tilbrig\u00f0i \u00ed \u00edslenskri setningager\u00f0 II<\/em> (M\u00e1lv\u00edsindastofnun H\u00e1sk\u00f3la \u00cdslands, Reykjav\u00edk, 2015)<\/li>\n<li>Me\u00f0ritstj\u00f3ri <em>Chomsky \u2013 M\u00e1l, s\u00e1l og samf\u00e9lag (<\/em>Hugv\u00edsindastofnun H\u00e1sk\u00f3la \u00cdslands og H\u00e1sk\u00f3la\u00fatg\u00e1fan, 2013)<\/li>\n<li>Me\u00f0ritstj\u00f3ri <em>Tilbrig\u00f0i \u00ed \u00edslenskri setningager\u00f0 I<\/em> (M\u00e1lv\u00edsindastofnun H\u00e1sk\u00f3la \u00cdslands, Reykjav\u00edk, 2013)<\/li>\n<li>Me\u00f0ritstj\u00f3ri<em> Linguistic Studies, Historical and Comparative (<\/em>M\u00e1lv\u00edsindastofnun H\u00e1sk\u00f3la \u00cdslands, Reykjav\u00edk, 2002).<\/li>\n<li>Me\u00f0ritstj\u00f3ri <em>Minimal Ideas<\/em> (Benjamins, Amsterdam, 1996)<\/li>\n<li>Me\u00f0ritstj\u00f3ri<em> Studies in Comparative Germanic Syntax <\/em>II (Kluwer, Dordrecht, 1996)<\/li>\n<li>Me\u00f0ritstj\u00f3ri<em> Harvard Working Papers in Linguistics<\/em> 1992\u20131995<\/li>\n<\/ul>\n<p>&nbsp;<\/p>\n<p><strong>Ritnefndir\u00a0<\/strong>(\u00e1 \u00fdmsum t\u00edmum):<\/p>\n<ul>\n<li><em>The Journal of Comparative Germanic Linguistics<\/em> (Kluwer)<\/li>\n<li><em>Syntax<\/em> (Blackwell)<\/li>\n<li><em>\u00cdslenskt m\u00e1l<\/em> (\u00cdsl. m\u00e1lfr\u00e6\u00f0if\u00e9lagi\u00f0)<\/li>\n<li><em>Linguistics Today\u00a0<\/em>(ritr\u00f6\u00f0, Benjamins)<\/li>\n<\/ul>\n<p>&nbsp;<\/p>\n<p><strong>Ritr\u00fdnir <\/strong><\/p>\n<ul>\n<li>fyrir \u00fdmis t\u00edmarit \u00f6nnur en \u00feau sem voru talin h\u00e9r fyrir ofan, m.a. \u00feessi:\u00a0\u00a0<em>Linguistic Inquiry<\/em>, <em>Journal of Linguistics<\/em>,\u00a0 <em>Aphasiology<\/em>, <em>Nordic\u00a0Journal of Linguistics<\/em>, <em>Lingua<\/em>, <em>Riti\u00f0, Or\u00f0 og tunga, Glossa<\/em> ...<\/li>\n<li>fyrir \u00fdmsar fr\u00e6\u00f0ilegar r\u00e1\u00f0stefnur, m.a. \u00feessar: BU Conference on Language\u00a0Development, North-Eastern Linguistics Society, Diachronic Generative\u00a0Syntax, Germanic Syntax Workshop, Scandinavian Conference of\u00a0Linguistics, GLOW ...<\/li>\n<li>fyrir \u00fdmsa ranns\u00f3knasj\u00f3\u00f0i, m.a. \u00feessa: NSF (USA), ESF (Evr\u00f3pa), NOS-H (Nor\u00f0url\u00f6nd), Ranns\u00f3knasj\u00f3\u00f0, Ranns\u00f3knasj\u00f3\u00f0 H\u00e1sk\u00f3la \u00cdslands, H\u00e1sk\u00f3lasj\u00f3\u00f0 \u00a0Eimskipaf\u00e9lagsins, Ranns\u00f3knan\u00e1mssj\u00f3\u00f0<\/li>\n<\/ul>\n<p>&nbsp;<\/p>\n<p><strong>Fr\u00e6\u00f0ileg <\/strong><strong>stj\u00f3rnunarst\u00f6rf:\u00a0\u00a0\u00a0\u00a0\u00a0\u00a0\u00a0\u00a0\u00a0\u00a0 <\/strong><\/p>\n<ul>\n<li>Forma\u00f0ur stj\u00f3rnar Styrktarsj\u00f3\u00f0s \u00c1slaugar Hafli\u00f0ad\u00f3ttur 2021\u2013<\/li>\n<li>Forma\u00f0ur F\u00e6reyjanefndar H\u00e1sk\u00f3la \u00cdslands 2016\u20132019<\/li>\n<li>Forst\u00f6\u00f0uma\u00f0ur M\u00e1lv\u00edsindastofnunar H\u00e1sk\u00f3la \u00cdslands 1981\u20131983, 1986\u20131987, 2010\u20132013<\/li>\n<li>\u00cd \u00fathlutunarnefnd (<em>review panel<\/em>) fyrir HERA (Humanities in the European Research Area) \u00e1 vegum ESF (European Science Foundation) 2008\u20132010<\/li>\n<li>Stj\u00f3rnarforma\u00f0ur Hugv\u00edsindastofnunar H\u00e1sk\u00f3la \u00cdslands 2005\u20132008<\/li>\n<li>Varaforseti Hugv\u00edsindadeildar (og Heimspekideildar) H\u00e1sk\u00f3la \u00cdslands 2004\u20132006, 1985\u20131987, 1981\u20131983<\/li>\n<li>Forseti Heimspekideildar H\u00e1sk\u00f3la \u00cdslands 1983\u20131985<\/li>\n<li>\u00cd stj\u00f3rn CASTL (Center of Excellence for Advanced Study in Theoretical Linguistics, Troms\u00f8, Noregi) 2003\u20132008<\/li>\n<li>\u00cd stj\u00f3rn Nordic Association of Linguists 1980\u20131985, 2005\u20132006<\/li>\n<\/ul>\n<p>&nbsp;<\/p>\n<p><strong>Ranns\u00f3knasvi\u00f0:<\/strong><\/p>\n<ol>\n<li><em>Setningafr\u00e6\u00f0i<\/em>, einkum \u00edslensk setningafr\u00e6\u00f0i og norr\u00e6n samanbur\u00f0arsetningafr\u00e6\u00f0i<\/li>\n<li><em>Norr\u00e6n samanbur\u00f0arm\u00e1lfr\u00e6\u00f0i<\/em>, me\u00f0 megin\u00e1herslu \u00e1 \u00edslensku og f\u00e6reysku<\/li>\n<li><em>\u00cdslenskar m\u00e1ll\u00fdskur og hlj\u00f3\u00f0kerfisfr\u00e6\u00f0i<\/em> (oft \u00ed samvinnu vi\u00f0 Kristj\u00e1n \u00c1rnason)<\/li>\n<li><em>Tilbrig\u00f0i og m\u00e1lbreytingar <\/em>(sj\u00e1 lista yfir ranns\u00f3knastyrki)<\/li>\n<li><em>Vestur\u00edslenska<\/em> (oft \u00ed samvinnu vi\u00f0 Birnu Arnbj\u00f6rnsd\u00f3ttur, sj\u00e1 lista yfir rans\u00f3knastyrki)<\/li>\n<li><em>M\u00e1lstol<\/em> (\u00ed samvinnu vi\u00f0 Sigr\u00ed\u00f0i Magn\u00fasd\u00f3ttur)<\/li>\n<li><em>M\u00e1lfr\u00e6\u00f0i \u00ed sk\u00f3lum<\/em><\/li>\n<\/ol>\n<p><strong>\u00a0<\/strong><\/p>\n<p><strong>Helstu ranns\u00f3knastyrkir:<\/strong><\/p>\n<ul>\n<li>2016: Verkefnisstyrkur fr\u00e1 Ranns\u00f3knasj\u00f3\u00f0i H\u00e1sk\u00f3la \u00cdslands (<em>N\u00fdting ranns\u00f3knagagna: A\u00f0gengi og sam\u00fe\u00e6tting<\/em>)<\/li>\n<li>2015: \u00datg\u00e1fustyrkur \u00far Styrktarsj\u00f3\u00f0i \u00c1slaugar Hafli\u00f0ad\u00f3ttur til a\u00f0 gefa \u00fat b\u00f3kina <em>Skrifa\u00f0u b\u00e6\u00f0i sk\u00fdrt og r\u00e9tt<\/em><\/li>\n<li>2015: Verkefnisstyrkur fr\u00e1 Ranns\u00f3knasj\u00f3\u00f0i H\u00e1sk\u00f3la \u00cdslands (<em>\u00cdslenska heima og heiman<\/em>)<\/li>\n<li>2013-2015: Verkefnisstyrkur fr\u00e1 Ranns\u00f3knasj\u00f3\u00f0i (<em>M\u00e1l, m\u00e1lbreytingar og menningarleg sj\u00e1lfsmynd<\/em>. Verkefnisstj\u00f3ri me\u00f0 Birnu Arnbj\u00f6rnsd\u00f3ttur Me\u00f0ums\u00e6kjendur \u00c1sta Svavarsd\u00f3ttir, Daisy Neijmann, Kristj\u00e1n \u00c1rnason, Matthew Whelpton, \u00dalfar Bragason. Sj\u00e1 <a href=\"http:\/\/malvis.hi.is\/m%C3%A1l_m%C3%A1lbreytingar_og_menningarleg_sj%C3%A1lfsmynd_0\">h\u00e9r<\/a>.)<\/li>\n<li>2013-2014: Verkefnisstyrkur fr\u00e1 Ranns\u00f3knasj\u00f3\u00f0i H\u00e1sk\u00f3la \u00cdslands (<em>Frambur\u00f0ur fyrr og n\u00fa - \u00cdtarsamanbur\u00f0ur<\/em>)<\/li>\n<li>2010\u20132012:\u00a0 Verkefnisstyrkur fr\u00e1 Ranns\u00f3knasj\u00f3\u00f0i \u00a0(<em>M\u00e1lbreytingar \u00ed raunt\u00edma \u00ed \u00edslensku hlj\u00f3\u00f0kerfi og setningager\u00f0<\/em>.\u00a0 Verkefnisstj\u00f3ri. Me\u00f0ums\u00e6kjendur Kristj\u00e1n \u00c1rnason, Sigr\u00ed\u00f0ur Sigurj\u00f3nsd\u00f3ttir, Matthew Whelpton, \u00de\u00f3rhallur Ey\u00fe\u00f3rsson. Sj\u00e1 <a href=\"http:\/\/malvis.hi.is\/malbreytingar_i_rauntima_i_islensku_hljodkerfi_og_setningagerd\">h\u00e9r<\/a>.)<\/li>\n<li>2010-2011: Verkefnisstyrkur fr\u00e1 \u00dej\u00f3\u00f0h\u00e1t\u00ed\u00f0arsj\u00f3\u00f0i (<em>Breytingar \u00e1 frambur\u00f0i \u00e1 70 \u00e1ra t\u00edmabili. <\/em>Verkefnisstj\u00f3ri.)<\/li>\n<li>2008\u20132009:\u00a0 Verkefnisstyrkur fr\u00e1 Ranns\u00f3knasj\u00f3\u00f0i (<em>Tilbrig\u00f0i \u00ed f\u00e6reyskri setningager\u00f0<\/em>. Verkefnisstj\u00f3ri. Me\u00f0ums\u00e6kjendur J\u00f3hannes G\u00edsli J\u00f3nsson og \u00de\u00f3rhallur Ey\u00fe\u00f3rsson. Sj\u00e1 <a href=\"http:\/\/malvis.hi.is\/tilbrigdi_i_faereyskri_setningagerd\">h\u00e9r<\/a>.)<\/li>\n<li>2005\u20132007:\u00a0 \u00d6ndvegisstyrkur fr\u00e1 Ranns\u00f3knasj\u00f3\u00f0i (<em>Tilbrig\u00f0i \u00ed setningager\u00f0. <\/em>Verkefnisstj\u00f3ri. Me\u00f0ums\u00e6kjendur Eir\u00edkur R\u00f6gnvaldsson, Sigr\u00ed\u00f0ur Sigurj\u00f3nsd\u00f3ttir, J\u00f3hannes G\u00edsli J\u00f3nsson, Eir\u00edkur R\u00f6gnvaldsson, \u00c1sta Svavarsd\u00f3ttir, \u00de\u00f3runn Bl\u00f6ndal. Sj\u00e1 <a href=\"http:\/\/malvis.hi.is\/tilbrigdi\/\">http:\/\/malvis.hi.is\/tilbrigdi\/<\/a>)<\/li>\n<li>2004\u00a0 Forranns\u00f3knarstyrkur fr\u00e1 Ranns\u00f3knasj\u00f3\u00f0i (<em>Tilbrig\u00f0i \u00ed setningager\u00f0. <\/em>Verkefnisstj\u00f3ri. Sj\u00e1 <a href=\"http:\/\/malvis.hi.is\/tilbrigdi\/\">http:\/\/malvis.hi.is\/tilbrigdi\/<\/a>).<\/li>\n<li>2004\u20132012: Ranns\u00f3knasj\u00f3\u00f0ur H\u00e1sk\u00f3lans (<em>Umskr\u00e1ning og a\u00f0l\u00f6gun m\u00e1ll\u00fdskugagna<\/em>)<em>. <\/em>Sj\u00e1\u00a0\u00a0<a href=\"http:\/\/mallyskur.is\/\">http:\/\/mallyskur.is\/<\/a>).<\/li>\n<li>1995-1997:\u00a0 Verkefnisstyrkur fr\u00e1 Ranns\u00f3knasj\u00f3\u00f0i (<em>Samanbur\u00f0ur norr\u00e6nna eyjam\u00e1la<\/em>). B\u00e6kurnar <em>Faroese - An Overview and Reference Grammar<\/em> (2004) og <em>The Syntax of Icelandic<\/em> (2007) byggja a\u00f0 verulegu leyti \u00e1 \u00feessum ranns\u00f3knum, en s\u00fa s\u00ed\u00f0ari reyndar einnig \u00e1 ranns\u00f3knavinnu \u00ed tengslum vi\u00f0 kennslu vi\u00f0 Harvardh\u00e1sk\u00f3la 1991-1995.<\/li>\n<li>Eftir 1995: Styrkir \u00far Ranns\u00f3knasj\u00f3\u00f0i H\u00e1sk\u00f3lans til ranns\u00f3kna \u00e1 \u00edslenskri setningager\u00f0. B\u00f3kin <em>Setningar<\/em> (\u00cdslensk tunga III) byggir m.a. \u00e1 \u00feessum ranns\u00f3knum en einnig \u00e1 ranns\u00f3knavinnu \u00ed tengslum vi\u00f0 kennslu vi\u00f0 Harvardh\u00e1sk\u00f3la 1991-1995.<\/li>\n<li>Fyrir 1991:\u00a0\u00a0\u00a0Styrkir \u00far Ranns\u00f3knasj\u00f3\u00f0i, Ranns\u00f3knasj\u00f3\u00f0i H\u00e1sk\u00f3lans og fr\u00e1 fleiri a\u00f0ilum til verkefnisins <em>Ranns\u00f3kn \u00e1 \u00edslensku n\u00fat\u00edmam\u00e1li<\/em> (me\u00f0 Kristj\u00e1ni \u00c1rnasyni. Sj\u00e1 <a href=\"http:\/\/mallyskur.is\/\">http:\/\/mallyskur.is\/).<\/a><\/li>\n<\/ul>\n<p>&nbsp;<\/p>\n<p><strong>Al\u00fej\u00f3\u00f0legt ranns\u00f3knasamstarf:<\/strong><\/p>\n<ul>\n<li>2014\u20132015 \u00a0\u00cd stj\u00f3rn h\u00f3ps rannsakenda\u00a0til a\u00f0 undirb\u00faa samnorr\u00e6nt ranns\u00f3knaverkefni um\u00a0<em>Societal conditions for language change. The Nordic experiment<\/em>. Undirb\u00faningsstyrkur f\u00e9kkst fr\u00e1 NOS-HS.<\/li>\n<li>2006\u20132010\u00a0\u00a0Forma\u00f0ur \u00edslenska ranns\u00f3knah\u00f3psins \u00ed ranns\u00f3knanetinu <em>Nordic Language Variation Network <\/em>(NLVN, sj\u00e1 <a href=\"http:\/\/nlvn.uit.no\/\">http:\/\/nlvn.uit.no\/<\/a> ).<\/li>\n<li>2005\u20132010. Forma\u00f0ur \u00edslenska ranns\u00f3knah\u00f3psins \u00ed ranns\u00f3knanetinu <em>Nordic Center of Excellence in Microcomparative Syntax<\/em> (NORMS, sj\u00e1 <a href=\"http:\/\/norms.uit.no\/\">http:\/\/norms.uit.no\/<\/a>), og forma\u00f0ur ranns\u00f3knah\u00f3ps um st\u00f6\u00f0u sagnar.<\/li>\n<li>2005\u20132010.\u00a0 Forma\u00f0ur \u00edslenska ranns\u00f3knah\u00f3psins \u00ed norr\u00e6na ranns\u00f3knanetinu <em>Scandinavian Dialect Syntax<\/em> og \u00ed stj\u00f3rn netsins (ScanDiaSyn, sj\u00e1 <a href=\"http:\/\/uit.no\/scandiasyn\">http:\/\/uit.no\/scandiasyn<\/a>).<\/li>\n<li>2005\u20132010 \u00a0 Forma\u00f0ur f\u00e6reyska ranns\u00f3knah\u00f3psins \u00ed norr\u00e6na ranns\u00f3knanetinu <em>Scandinavian Dialect Syntax <\/em>(sj\u00e1 <a href=\"http:\/\/uit.no\/scandiasyn\/network\/\">http:\/\/uit.no\/scandiasyn\/network\/<\/a>)<em>.<\/em><\/li>\n<\/ul>\n<p><em>\u00a0<\/em><\/p>\n<p><strong>Vi\u00f0urkenningar:<\/strong><\/p>\n<ul>\n<li>2009\u00a0 Hei\u00f0ursver\u00f0laun \u00far Ver\u00f0launasj\u00f3\u00f0i \u00c1su Gu\u00f0mundsd\u00f3ttur Wright \u00e1 vegum V\u00edsindaf\u00e9lags \u00cdslendinga.<\/li>\n<li>2008\u00a0 Ver\u00f0laun og vi\u00f0urkenning h\u00e1sk\u00f3larektors fyrir v\u00edsindast\u00f6rf.<\/li>\n<li>2005\u00a0 Tilnefning til \u00cdslensku b\u00f3kmenntaver\u00f0launanna fyrir fr\u00e6\u00f0irit (<em>Setningar<\/em>, \u00cdslensk tunga III).<\/li>\n<li>1995\u00a0 Tilnefning til \u00cdslensku b\u00f3kmenntaver\u00f0launanna fyrir fr\u00e6\u00f0irit (<em>Handb\u00f3k um m\u00e1lfr\u00e6\u00f0i<\/em>).<\/li>\n<\/ul>\n<p><!--:--><!--:en--><\/p>\n<p>&nbsp;<\/p>\n<p><strong>Greinar, b\u00e6kur, fyrilestrar:<\/strong><\/p>\n<p>Sj\u00e1 ferilskr\u00e1 (CV) \u00e1 ensku og s\u00e9rstakar f\u00e6rslur \u00e1 heimas\u00ed\u00f0u.<\/p>\n<p><!--:--><\/p>\n","protected":false},"excerpt":{"rendered":"<p>H\u00c1SK\u00d3LAN\u00c1M 1974\u20131979 Harvardh\u00e1sk\u00f3li. MA-pr\u00f3f \u00ed m\u00e1lv\u00edsindum 1976, doktorspr\u00f3f (PhD) 1979. 1972\u20131974 H\u00e1sk\u00f3li \u00cdslands. MA-pr\u00f3f \u00ed \u00edslenskri m\u00e1lfr\u00e6\u00f0i 1974. 1970\u20131972 Christian Albrechts Universit\u00e4t, Kiel, \u00de\u00fdskalandi. Fyrrihlutapr\u00f3f (Zwischenpr\u00fcfung) \u00ed m\u00e1lv\u00edsindum 1972. 1966\u20131969 H\u00e1sk\u00f3li \u00cdslands. BA-pr\u00f3f \u00ed \u00edslensku og sagnfr\u00e6\u00f0i 1969. &nbsp; H\u00c1SK\u00d3LAKENNSLA OG RANNS\u00d3KNARST\u00d6\u00d0UR N\u00faverandi starf: Pr\u00f3fessor emeritus \u00ed \u00edslensku n\u00fat\u00edmam\u00e1li vi\u00f0 H\u00e1sk\u00f3la \u00cdslands fr\u00e1 2016 Fyrra [&hellip;]<\/p>\n","protected":false},"author":47,"featured_media":0,"parent":0,"menu_order":3,"comment_status":"closed","ping_status":"closed","template":"","meta":{"footnotes":""},"class_list":["post-16","page","type-page","status-publish","hentry"],"_links":{"self":[{"href":"https:\/\/uni.hi.is\/hoski\/wp-json\/wp\/v2\/pages\/16","targetHints":{"allow":["GET"]}}],"collection":[{"href":"https:\/\/uni.hi.is\/hoski\/wp-json\/wp\/v2\/pages"}],"about":[{"href":"https:\/\/uni.hi.is\/hoski\/wp-json\/wp\/v2\/types\/page"}],"author":[{"embeddable":true,"href":"https:\/\/uni.hi.is\/hoski\/wp-json\/wp\/v2\/users\/47"}],"replies":[{"embeddable":true,"href":"https:\/\/uni.hi.is\/hoski\/wp-json\/wp\/v2\/comments?post=16"}],"version-history":[{"count":35,"href":"https:\/\/uni.hi.is\/hoski\/wp-json\/wp\/v2\/pages\/16\/revisions"}],"predecessor-version":[{"id":548,"href":"https:\/\/uni.hi.is\/hoski\/wp-json\/wp\/v2\/pages\/16\/revisions\/548"}],"wp:attachment":[{"href":"https:\/\/uni.hi.is\/hoski\/wp-json\/wp\/v2\/media?parent=16"}],"curies":[{"name":"wp","href":"https:\/\/api.w.org\/{rel}","templated":true}]}}