{"id":2,"date":"2010-04-12T15:17:03","date_gmt":"2010-04-12T15:17:03","guid":{"rendered":""},"modified":"2025-02-05T21:32:57","modified_gmt":"2025-02-05T21:32:57","slug":"about","status":"publish","type":"page","link":"https:\/\/uni.hi.is\/hoski\/about\/","title":{"rendered":"9. Um mig"},"content":{"rendered":"<h2>\u00d3pers\u00f3nulegt<\/h2>\n<p><a href=\"http:\/\/uni.hi.is\/hoski\/files\/2010\/04\/180px-University_of_Iceland-Arnagardur1.jpg\"><img loading=\"lazy\" decoding=\"async\" class=\"aligncenter size-medium wp-image-86\" src=\"http:\/\/uni.hi.is\/hoski\/files\/2010\/04\/180px-University_of_Iceland-Arnagardur1-300x150.jpg\" alt=\"\" width=\"300\" height=\"150\" srcset=\"https:\/\/uni.hi.is\/hoski\/files\/2010\/04\/180px-University_of_Iceland-Arnagardur1-300x150.jpg 300w, https:\/\/uni.hi.is\/hoski\/files\/2010\/04\/180px-University_of_Iceland-Arnagardur1.jpg 400w\" sizes=\"auto, (max-width: 300px) 100vw, 300px\" \/><\/a><\/p>\n<p style=\"text-align: center\">\u00c1rnagar\u00f0ur, H\u00e1sk\u00f3la \u00cdslands<\/p>\n<p>Eins og \u00fe\u00fa s\u00e9r\u00f0 \u00e1 ferilskr\u00e1nni minni haf\u00f0i \u00e9g haft fast starf vi\u00f0 H\u00e1sk\u00f3la \u00cdslands fr\u00e1 1980-2016, en var \u00fe\u00f3 fj\u00f6gur \u00e1r (1991\u20131995) \u00ed launalausu leyfi \u00far \u00fev\u00ed starfi og var \u00feann t\u00edma gistipr\u00f3fessor vi\u00f0 m\u00e1lv\u00edsindadeild Harvardh\u00e1sk\u00f3la. \u00c1\u00f0ur haf\u00f0i \u00e9g veri\u00f0 stundakennari vi\u00f0 H\u00e1sk\u00f3la \u00cdslands um nokkurt skei\u00f0, \u00fear \u00e1\u00f0ur kennt einn vetur vi\u00f0 Menntask\u00f3lann vi\u00f0 Hamrahl\u00ed\u00f0, tvo vi\u00f0 Kielarh\u00e1sk\u00f3la og einn vi\u00f0 Kennarask\u00f3la \u00cdslands, a\u00f0 mestu leyti me\u00f0 n\u00e1mi. Annars v\u00edsast \u00ed n\u00e1nara yfirlit \u00ed ferilskr\u00e1nni. \u00dear er l\u00edka sagt fr\u00e1 helstu vi\u00f0fangsefnum m\u00ednum \u00ed fr\u00e6\u00f0unum. Yfirlit yfir fr\u00e6\u00f0ileg rit er a\u00f0 finna \u00ed flokku\u00f0um ritaskr\u00e1m og fr\u00e1 helstu ranns\u00f3knaverkefnum og afrakstri \u00feeirra segir \u00ed kaflanum ranns\u00f3knaverkefni en l\u00edka \u00ed ferilskr\u00e1nni.<\/p>\n<p><a href=\"http:\/\/uni.hi.is\/hoski\/files\/2010\/04\/HarvardYard.jpg\"><img loading=\"lazy\" decoding=\"async\" class=\"aligncenter size-medium wp-image-87\" src=\"http:\/\/uni.hi.is\/hoski\/files\/2010\/04\/HarvardYard-300x200.jpg\" alt=\"\" width=\"300\" height=\"200\" srcset=\"https:\/\/uni.hi.is\/hoski\/files\/2010\/04\/HarvardYard-300x200.jpg 300w, https:\/\/uni.hi.is\/hoski\/files\/2010\/04\/HarvardYard.jpg 660w\" sizes=\"auto, (max-width: 300px) 100vw, 300px\" \/><\/a><\/p>\n<p style=\"text-align: center\"><strong>\u00a0<\/strong>H\u00e1sk\u00f3lab\u00f3kasafni\u00f0 \u00ed Harvard Yard<\/p>\n<h2><strong>Pers\u00f3nulegt<\/strong><\/h2>\n<p style=\"text-align: center\">\u00a0<a href=\"http:\/\/uni.hi.is\/hoski\/files\/2010\/04\/SolseturMyvatn09.jpg\"><img loading=\"lazy\" decoding=\"async\" class=\"aligncenter size-medium wp-image-90\" src=\"http:\/\/uni.hi.is\/hoski\/files\/2010\/04\/SolseturMyvatn09-300x86.jpg\" alt=\"\" width=\"300\" height=\"86\" srcset=\"https:\/\/uni.hi.is\/hoski\/files\/2010\/04\/SolseturMyvatn09-300x86.jpg 300w, https:\/\/uni.hi.is\/hoski\/files\/2010\/04\/SolseturMyvatn09-1024x295.jpg 1024w\" sizes=\"auto, (max-width: 300px) 100vw, 300px\" \/><\/a><\/p>\n<p style=\"text-align: center\">Kv\u00f6ld vi\u00f0 M\u00fdvatn. Lj\u00f3sm. H\u00de<\/p>\n<p>\u00c9g hef eiginlega alltaf veri\u00f0 \u00ed sk\u00f3la \u2013 ekki bara \u00feann\u00a0langa t\u00edma sem \u00e9g var\u00a0\u00ed formlegu n\u00e1mi (lauk doktorspr\u00f3fi 1979) heldur er \u00e9g uppalinn \u00ed heimavistarsk\u00f3la \u00ed M\u00fdvatnssveit \u00fear sem foreldrar m\u00ednir kenndu og fa\u00f0ir minn var sk\u00f3lastj\u00f3ri (ja, fyrsta eina og h\u00e1lfa \u00e1ri\u00f0 af \u00e6vi minni \u00e1tti \u00e9g reyndar heima \u00ed svipu\u00f0um sk\u00f3la \u00ed Mosfellssveit \u00fear sem afi minn var sk\u00f3lastj\u00f3ri).<\/p>\n<p>En \u00e9g hef samt ekki bara \u00e1huga \u00e1 sk\u00f3lum og fr\u00e6\u00f0um. \u00c9g hef t.d. gaman af t\u00f3nlist og hef lengi sungi\u00f0 \u00ed k\u00f3rum, lengst \u00ed Karlak\u00f3rnum Stefni. \u00c1 yngri \u00e1rum, og jafnvel l\u00edka s\u00ed\u00f0ar, var \u00e9g \u00ed danshlj\u00f3msveitum, a\u00f0allega sem s\u00f6ngvari. \u00c1 s\u00ed\u00f0ari \u00e1rum hef \u00e9g l\u00edka teki\u00f0 upp \u00fer\u00e1\u00f0inn \u00ed t\u00f3nlistarn\u00e1mi, en upphaflega l\u00e6r\u00f0i \u00e9g svol\u00edti\u00f0 \u00e1 p\u00edan\u00f3 hj\u00e1 m\u00f3\u00f0ur minni. \u00c9g hef l\u00edka \u00e1huga \u00e1 \u00ed\u00fer\u00f3ttum og keppti \u00ed frj\u00e1lsum \u00ed\u00fer\u00f3ttum \u00e1 \u00e1rum \u00e1\u00f0ur, a\u00f0allega \u00ed hlaupum, og hef reyndar r\u00e9ttindi sem unglinga\u00fej\u00e1lfari og d\u00f3mari \u00ed frj\u00e1lsum \u00ed\u00fer\u00f3ttum. \u00deegar \u00e9g keppti \u00ed hlaupum \u00fe\u00f3tti m\u00e9r best a\u00f0 vegalengdin v\u00e6ri sem styst (var t.d. li\u00f0t\u00e6kur \u00ed hinni sjaldg\u00e6fu \u00ed\u00fer\u00f3ttagrein 3\u00d740 metra hlaupi innanh\u00fass, \u00feegar s\u00fdsluma\u00f0urinn \u00e1 Bl\u00f6ndu\u00f3si var a\u00f0 st\u00edga s\u00edn fyrstu skref \u00e1 hlaupabrautinni \u2014 hann f\u00f3r s\u00ed\u00f0ar \u00e1 \u00f3lymp\u00eduleika en \u00e9g ekki \u2026) en \u00e1 s\u00ed\u00f0ari \u00e1rum hentar m\u00e9r betur a\u00f0 skokka h\u00e6gar og lengra me\u00f0 g\u00f3\u00f0um f\u00e9l\u00f6gum.\u00a0 \u00deannig reyni \u00e9g a\u00f0 halda m\u00e9r \u00ed vi\u00f0unandi formi. Vi\u00f0 hj\u00f3nin h\u00f6fum l\u00edka stunda\u00f0 g\u00f6ngufer\u00f0ir, lengst af me\u00f0 hinum merka g\u00f6nguh\u00f3pi sem kalla\u00f0i sig Dratthala (h\u00f3purinn dratta\u00f0ist yfirleitt frekar seint af sta\u00f0 \u00e1 morgnana en var \u00feeim mun spr\u00e6kari \u00e1 kv\u00f6ldin). Upp \u00e1 s\u00ed\u00f0kasti\u00f0 stundum vi\u00f0 l\u00edka leikfimi me\u00f0 eldri borgurum \u00ed Mosfellsb\u00e6. Svo eigum vi\u00f0 hluta af j\u00f6r\u00f0 nor\u00f0ur \u00e1 Skaga (vi\u00f0 ysta haf) og sinnum \u00fear um \u00e6\u00f0arvarp og fleira me\u00f0 me\u00f0eigendum okkar \u00feegar t\u00edmi gefst til \u00e1 vorin og snemmsumars. \u00dear eru \u00f6ll hrei\u00f0rin n\u00fameru\u00f0 og vi\u00f0 h\u00f6ldum skr\u00e1 yfir eggjafj\u00f6lda \u00ed hverju hrei\u00f0ri, auk \u00feess sem vi\u00f0 h\u00f6fum veri\u00f0 a\u00f0 merkja \u00e6\u00f0arkollur, vigta \u00fe\u00e6r og m\u00e6la undanfarin \u00e1r (n\u00e1grannarnir kalla \u00feetta \"V\u00edsindavarpi\u00f0\").\u00a0 S\u00ed\u00f0an eigum vi\u00f0 l\u00edka athvarf \u00ed h\u00fasi sem foreldrar m\u00ednir bygg\u00f0u \u00ed M\u00fdvatnssveit og h\u00f6fum veri\u00f0 a\u00f0 lagf\u00e6ra \u00fea\u00f0 undanfarin \u00e1r. Fj\u00f6lskyldan fer\u00f0ast l\u00edka b\u00fdsna miki\u00f0 saman og hefur b\u00fai\u00f0 \u00e1 \u00fdmsum st\u00f6\u00f0um erlendis, m.a. tv\u00f6 \u00e1r \u00ed Kiel \u00ed \u00de\u00fdskalandi (1970\u201372) og \u00ed allt h\u00e1tt \u00ed 10 \u00e1r \u00ed Boston (1974\u20131979, 1987, 1991\u20131995). Konan m\u00edn, Sigr\u00ed\u00f0ur Magn\u00fasd\u00f3ttir, er fyrrverandi talmeinafr\u00e6\u00f0ingur \u00e1 Landsp\u00edtalanum og d\u00f3sent emerita \u00ed talmeinafr\u00e6\u00f0i vi\u00f0 H\u00e1sk\u00f3la \u00cdslands. B\u00f6rnin eru \u00ferj\u00fa: Steinar, t\u00f3nlistaruppt\u00f6kuma\u00f0ur \u00ed Los Angeles (eiginkona hans er Georgiana Jun H\u00f6skulds, kvikmyndager\u00f0arkona); Gu\u00f0r\u00fan \u00deur\u00ed\u00f0ur, l\u00e6knir (bj\u00f3 lengi \u00ed Gautaborg en b\u00fdr\u00a0 n\u00fana \u00ed Mosfellsb\u00e6; hennar ma\u00f0ur er Einar Haukur \u00d3skarsson, verkstj\u00f3ri og fyrrum golfvallarstj\u00f3ri og golfleikari); Margr\u00e9t L\u00e1ra, grunnsk\u00f3lakennari, umbrotsma\u00f0ur og lj\u00f3smyndari (b\u00fdr \u00ed Mosfellsb\u00e6). Barnab\u00f6rnin eru sex: Sidney Kier H\u00f6skulds \u00ed New York (sonur Steinars), Sigr\u00ed\u00f0ur S\u00f3llilja og Helga Margr\u00e9t \u00ed Mosfellsb\u00e6 (d\u00e6tur Gu\u00f0r\u00fanar) og \u00ed Mosfellsb\u00e6 eru l\u00edka El\u00edsa Gu\u00f0r\u00fan, H\u00f6skuldur Hrafn og Klara Sigr\u00ed\u00f0ur (b\u00f6rn Margr\u00e9tar og Finns Freys Stef\u00e1nssonar).<\/p>\n<p><a href=\"http:\/\/uni.hi.is\/hoski\/files\/2010\/04\/UrAlpaferd.jpg\"><img loading=\"lazy\" decoding=\"async\" class=\"aligncenter size-medium wp-image-50\" src=\"http:\/\/uni.hi.is\/hoski\/files\/2010\/04\/UrAlpaferd-300x98.jpg\" alt=\"\" width=\"300\" height=\"98\" srcset=\"https:\/\/uni.hi.is\/hoski\/files\/2010\/04\/UrAlpaferd-300x98.jpg 300w, https:\/\/uni.hi.is\/hoski\/files\/2010\/04\/UrAlpaferd-1024x336.jpg 1024w\" sizes=\"auto, (max-width: 300px) 100vw, 300px\" \/><\/a><!-- end id:footer --><\/p>\n<p style=\"text-align: center\">\u00dar g\u00f6ngufer\u00f0 Dratthala \u00ed \u00d6lpunum. Lj\u00f3sm. H\u00de<\/p>\n","protected":false},"excerpt":{"rendered":"<p>\u00d3pers\u00f3nulegt \u00c1rnagar\u00f0ur, H\u00e1sk\u00f3la \u00cdslands Eins og \u00fe\u00fa s\u00e9r\u00f0 \u00e1 ferilskr\u00e1nni minni haf\u00f0i \u00e9g haft fast starf vi\u00f0 H\u00e1sk\u00f3la \u00cdslands fr\u00e1 1980-2016, en var \u00fe\u00f3 fj\u00f6gur \u00e1r (1991\u20131995) \u00ed launalausu leyfi \u00far \u00fev\u00ed starfi og var \u00feann t\u00edma gistipr\u00f3fessor vi\u00f0 m\u00e1lv\u00edsindadeild Harvardh\u00e1sk\u00f3la. \u00c1\u00f0ur haf\u00f0i \u00e9g veri\u00f0 stundakennari vi\u00f0 H\u00e1sk\u00f3la \u00cdslands um nokkurt skei\u00f0, \u00fear \u00e1\u00f0ur kennt [&hellip;]<\/p>\n","protected":false},"author":47,"featured_media":0,"parent":0,"menu_order":2,"comment_status":"closed","ping_status":"open","template":"","meta":{"footnotes":""},"class_list":["post-2","page","type-page","status-publish","hentry"],"_links":{"self":[{"href":"https:\/\/uni.hi.is\/hoski\/wp-json\/wp\/v2\/pages\/2","targetHints":{"allow":["GET"]}}],"collection":[{"href":"https:\/\/uni.hi.is\/hoski\/wp-json\/wp\/v2\/pages"}],"about":[{"href":"https:\/\/uni.hi.is\/hoski\/wp-json\/wp\/v2\/types\/page"}],"author":[{"embeddable":true,"href":"https:\/\/uni.hi.is\/hoski\/wp-json\/wp\/v2\/users\/47"}],"replies":[{"embeddable":true,"href":"https:\/\/uni.hi.is\/hoski\/wp-json\/wp\/v2\/comments?post=2"}],"version-history":[{"count":38,"href":"https:\/\/uni.hi.is\/hoski\/wp-json\/wp\/v2\/pages\/2\/revisions"}],"predecessor-version":[{"id":839,"href":"https:\/\/uni.hi.is\/hoski\/wp-json\/wp\/v2\/pages\/2\/revisions\/839"}],"wp:attachment":[{"href":"https:\/\/uni.hi.is\/hoski\/wp-json\/wp\/v2\/media?parent=2"}],"curies":[{"name":"wp","href":"https:\/\/api.w.org\/{rel}","templated":true}]}}