{"id":430,"date":"2017-11-28T15:59:14","date_gmt":"2017-11-28T15:59:14","guid":{"rendered":"http:\/\/uni.hi.is\/hoski\/?page_id=430"},"modified":"2021-07-25T13:38:23","modified_gmt":"2021-07-25T13:38:23","slug":"4-baekur-books","status":"publish","type":"page","link":"https:\/\/uni.hi.is\/hoski\/4-baekur-books\/","title":{"rendered":"4. B\u00e6kur\/Books"},"content":{"rendered":"<p><strong>B\u00e6kur\/Books<\/strong><\/p>\n<p><strong>2021<\/strong>\u00a0<em>M\u00e1li\u00f0 er. Greinasafn 1980-2020\u00a0<\/em>['The language is. A collection of papers 1980-2020'] Ritstj.\/eds. \u00c1sgr\u00edmur Angant\u00fdsson, Sigr\u00ed\u00f0ur Sigurj\u00f3nsd\u00f3ttir og Eir\u00edkur R\u00f6gnvaldsson. H\u00e1sk\u00f3la\u00fatg\u00e1fan, Reykjav\u00edk.<\/p>\n<p><img loading=\"lazy\" decoding=\"async\" class=\"alignnone wp-image-554\" src=\"https:\/\/uni.hi.is\/hoski\/files\/2021\/07\/MalidEr-213x300.jpg\" alt=\"\" width=\"116\" height=\"163\" srcset=\"https:\/\/uni.hi.is\/hoski\/files\/2021\/07\/MalidEr-213x300.jpg 213w, https:\/\/uni.hi.is\/hoski\/files\/2021\/07\/MalidEr-728x1024.jpg 728w, https:\/\/uni.hi.is\/hoski\/files\/2021\/07\/MalidEr-768x1080.jpg 768w, https:\/\/uni.hi.is\/hoski\/files\/2021\/07\/MalidEr.jpg 910w\" sizes=\"auto, (max-width: 116px) 100vw, 116px\" \/><\/p>\n<p>&nbsp;<\/p>\n<p><strong>2021\u00a0<\/strong><em>Handb\u00f3k um m\u00e1lfr\u00e6\u00f0i <\/em>['A handbook on linguistics']. 3. \u00fatg\u00e1fa, endursko\u00f0u\u00f0 ['Third edition, revised']. M\u00e1l og menning, Reykjav\u00edk.<\/p>\n<p><img loading=\"lazy\" decoding=\"async\" class=\"alignnone wp-image-553\" src=\"https:\/\/uni.hi.is\/hoski\/files\/2021\/07\/Handbok-207x300.jpg\" alt=\"\" width=\"109\" height=\"158\" srcset=\"https:\/\/uni.hi.is\/hoski\/files\/2021\/07\/Handbok-207x300.jpg 207w, https:\/\/uni.hi.is\/hoski\/files\/2021\/07\/Handbok.jpg 384w\" sizes=\"auto, (max-width: 109px) 100vw, 109px\" \/><\/p>\n<p><strong>2015<\/strong> \u00a0<em>Tilbrig\u00f0i \u00ed \u00edslenskri setningager\u00f0 II.\u00a0<\/em><em>Helstu ni\u00f0urst\u00f6\u00f0ur. T\u00f6lfr\u00e6\u00f0ilegt yfirlit<\/em> ['Variation in Icelandic syntax, vol. II. Main results. A statistical overview']. Ritstj\u00f3ri og a\u00f0alh\u00f6fundur [editor and main author]. Me\u00f0ritstj\u00f3rar [co-editors] \u00c1sgr\u00edmur Angant\u00fdsson, Einar Freyr Sigur\u00f0sson. \u00a0Me\u00f0h\u00f6fundar \u00ed \u00feessu bindi [co-authors in this volume]: Einar Freyr Sigur\u00f0sson, \u00de\u00f3rhallur Ey\u00fe\u00f3rsson, \u00c1sta Svavarsd\u00f3ttir, \u00de\u00f3runn Bl\u00f6ndal, Sigr\u00ed\u00f0ur Sigurj\u00f3nsd\u00f3ttir, Hl\u00edf \u00c1rnad\u00f3ttir, The\u00f3d\u00f3ra A. Torfad\u00f3ttir, Tania E. Strahan, Gu\u00f0r\u00fan \u00de\u00f3r\u00f0ard\u00f3ttir, J\u00f3hannes G\u00edsli J\u00f3nsson, Eir\u00edkur R\u00f6gnvaldsson, Heimir Freyr Vi\u00f0arsson, \u00c1sgr\u00edmur Angant\u00fdsson og Matthew Whelpton. M\u00e1lv\u00edsindastofnun H\u00e1sk\u00f3la \u00cdslands, Reykjav\u00edk. 364 bls.<\/p>\n<p><a href=\"http:\/\/uni.hi.is\/hoski\/files\/2013\/12\/Tibrigdi_II.jpg\" rel=\"attachment wp-att-375\"><img loading=\"lazy\" decoding=\"async\" class=\"alignnone wp-image-375\" src=\"http:\/\/uni.hi.is\/hoski\/files\/2013\/12\/Tibrigdi_II-210x300.jpg\" alt=\"Tibrigdi_II\" width=\"124\" height=\"177\" srcset=\"https:\/\/uni.hi.is\/hoski\/files\/2013\/12\/Tibrigdi_II-210x300.jpg 210w, https:\/\/uni.hi.is\/hoski\/files\/2013\/12\/Tibrigdi_II-768x1097.jpg 768w, https:\/\/uni.hi.is\/hoski\/files\/2013\/12\/Tibrigdi_II-717x1024.jpg 717w, https:\/\/uni.hi.is\/hoski\/files\/2013\/12\/Tibrigdi_II.jpg 2000w\" sizes=\"auto, (max-width: 124px) 100vw, 124px\" \/><\/a><\/p>\n<p><strong>2015<\/strong>\u00a0<em>Skrifa\u00f0u b\u00e6\u00f0i sk\u00fdrt og r\u00e9tt<\/em>. Fr\u00e6\u00f0ileg skrif, ritr\u00fdni og ritstj\u00f3rn. Handb\u00f3k og kennslub\u00f3k. ['Writing clearly. Scientific writing, reviewing and editing. A handbook and a textbook.'] M\u00e1lv\u00edsindastofnun H\u00e1sk\u00f3la \u00cdslands og H\u00e1sk\u00f3la\u00fatg\u00e1fan, Reykjav\u00edk.<\/p>\n<p><a href=\"http:\/\/uni.hi.is\/hoski\/files\/2013\/12\/SkrifaduWeb.jpg\"><img loading=\"lazy\" decoding=\"async\" class=\"alignnone wp-image-368\" src=\"http:\/\/uni.hi.is\/hoski\/files\/2013\/12\/SkrifaduWeb-199x300.jpg\" alt=\"SkrifaduWeb\" width=\"113\" height=\"170\" srcset=\"https:\/\/uni.hi.is\/hoski\/files\/2013\/12\/SkrifaduWeb-199x300.jpg 199w, https:\/\/uni.hi.is\/hoski\/files\/2013\/12\/SkrifaduWeb.jpg 424w\" sizes=\"auto, (max-width: 113px) 100vw, 113px\" \/><\/a><\/p>\n<p><strong>2014<\/strong>\u00a0<em>On Complementation in Icelandic. <\/em>Routledge Library Editions: Linguistics. Vol. 48. [Endurprentun \u00e1 doktorsritger\u00f0 sem Garland gaf \u00fat 1979\/Reprint of a dissertation, originally published by Garland 1979.] Routledge, Milton Park, Abingdon, OX.<\/p>\n<p><a href=\"http:\/\/uni.hi.is\/hoski\/files\/2013\/12\/On-Complementation-2014.jpg\"><img loading=\"lazy\" decoding=\"async\" class=\"alignnone wp-image-312\" src=\"http:\/\/uni.hi.is\/hoski\/files\/2013\/12\/On-Complementation-2014-193x300.jpg\" alt=\"On Complementation 2014\" width=\"102\" height=\"158\" srcset=\"https:\/\/uni.hi.is\/hoski\/files\/2013\/12\/On-Complementation-2014-193x300.jpg 193w, https:\/\/uni.hi.is\/hoski\/files\/2013\/12\/On-Complementation-2014-661x1024.jpg 661w, https:\/\/uni.hi.is\/hoski\/files\/2013\/12\/On-Complementation-2014.jpg 1860w\" sizes=\"auto, (max-width: 102px) 100vw, 102px\" \/><\/a><\/p>\n<p><strong>2012<\/strong>\u00a0<i>F<\/i><em>aroese. An Overview and Reference Grammar<\/em>. A\u00f0alh\u00f6fundur [main author]. Me\u00f0h\u00f6fundar [co-authors] Hjalmar P. Petersen, J\u00f3gvan \u00ed Lon Jacobsen og Zakaris Svabo Hansen. 2. \u00fatg. [2nd. edition] Fr\u00f3\u00f0skapur, \u00de\u00f3rsh\u00f6fn, \u00a0og M\u00e1lv\u00edsindastofnun H\u00e1sk\u00f3la \u00cdslands, Reykjav\u00edk. [H\u00e6gt er a\u00f0 panta b\u00f3kina hj\u00e1 B\u00f3ks\u00f6lu st\u00fadenta \u00e1 sl\u00f3\u00f0inni\/Possible to order from the University Bookstore in Reykjav\u00edk at: <em>https:\/\/www.boksala.is\/product\/faroese-an-overview-and-reference\/<\/em>]<\/p>\n<p><a href=\"http:\/\/uni.hi.is\/hoski\/files\/2013\/12\/FaroeseKapa.jpg\"><img loading=\"lazy\" decoding=\"async\" class=\"alignnone wp-image-235\" src=\"http:\/\/uni.hi.is\/hoski\/files\/2013\/12\/FaroeseKapa.jpg\" alt=\"FaroeseKapa\" width=\"90\" height=\"128\" \/><\/a><\/p>\n<p><strong>2009\u00a0<\/strong><i>\u00cdslensk setningafr\u00e6\u00f0i<\/i>. ['Icelandic syntax'] 7. \u00fatg\u00e1fa [7th edition]. M\u00e1lv\u00edsindastofnun H\u00e1sk\u00f3la \u00cdslands, Reykjav\u00edk.<\/p>\n<p><a href=\"http:\/\/uni.hi.is\/hoski\/files\/2010\/04\/IslSetnfr2.jpg\"><img loading=\"lazy\" decoding=\"async\" class=\"alignnone wp-image-68\" src=\"http:\/\/uni.hi.is\/hoski\/files\/2010\/04\/IslSetnfr2.jpg\" alt=\"IslSetnfr2\" width=\"90\" height=\"128\" \/><\/a><\/p>\n<p><strong>2007\u00a0<\/strong><i>The Syntax of Icelandic<\/i>. Cambridge University Press, Cambridge. \u00datg. \u00ed kilju ['paperback edition'] 2010. \u00datg. \u00e1 netinu ['online publication'] 2010,\u00a0 <em>https:\/\/doi.org\/10.1017\/CBO9780511619441<\/em><\/p>\n<p><a href=\"http:\/\/uni.hi.is\/hoski\/files\/2013\/12\/SyntIcelKapa.jpg\"><img loading=\"lazy\" decoding=\"async\" class=\"alignnone wp-image-234\" src=\"http:\/\/uni.hi.is\/hoski\/files\/2013\/12\/SyntIcelKapa.jpg\" alt=\"case6.000x9.000.indd\" width=\"93\" height=\"148\" \/><\/a><\/p>\n<p><strong>2005<\/strong><i><strong>\u00a0<\/strong>Setningar \u00a0<\/i>['Syntax']. <em>Handb\u00f3k um setningafr\u00e6\u00f0i<\/em> \u00a0['Handbook on syntax']. \u00cdslensk tunga III. Ritstj\u00f3ri og a\u00f0alh\u00f6fundur ['editor and main author']. \u00a0Me\u00f0h\u00f6fundar [co-authors] \u00a0Eir\u00edkur R\u00f6gnvaldsson, J\u00f3hannes G\u00edsli J\u00f3nsson, Sigr\u00ed\u00f0ur Magn\u00fasd\u00f3ttir, Sigr\u00ed\u00f0ur Sigurj\u00f3nsd\u00f3ttir og \u00de\u00f3runn Bl\u00f6ndal. Almenna b\u00f3kaf\u00e9lagi\u00f0, Reykjav\u00edk. - N\u00fa f\u00e1anleg sem pdf-skjal gegnum ['Can be ordered in pdf-format at'] <em>https:\/\/www.forlagid.is\/vara\/islensk-tunga-setningar\/\u00a0<\/em><\/p>\n<p><a href=\"http:\/\/uni.hi.is\/hoski\/files\/2013\/12\/IslenskTungaSafnid.jpg\"><img loading=\"lazy\" decoding=\"async\" class=\"alignnone wp-image-236\" src=\"http:\/\/uni.hi.is\/hoski\/files\/2013\/12\/IslenskTungaSafnid.jpg\" alt=\"IslenskTungaSafnid\" width=\"126\" height=\"160\" \/><\/a><\/p>\n<p><strong>2004\u00a0<\/strong><i>Faroese<\/i>. An Overview and Reference Grammar. A\u00f0alh\u00f6fundur [main author'].\u00a0Me\u00f0h\u00f6fundar [co-authors] Hjalmar P. Petersen, J\u00f3gvan \u00ed Lon Jacobsen og Zakaris Svabo Hansen.] F\u00f8roya Fr\u00f3\u00f0skaparfelag, T\u00f3rshavn.<\/p>\n<p><strong>1998<\/strong>\u00a0<i>M\u00e1lyrkja<\/i>\u00a0III. [A textbook for schools.] Me\u00f0h\u00f6fundur [co-author \u00a0Silja A\u00f0alsteinsd\u00f3ttir. N\u00e1msgagnastofnun, Reykjav\u00edk.<\/p>\n<p><a href=\"http:\/\/uni.hi.is\/hoski\/files\/2013\/12\/malyrkja-3.jpg\"><img loading=\"lazy\" decoding=\"async\" class=\"alignnone wp-image-244\" src=\"http:\/\/uni.hi.is\/hoski\/files\/2013\/12\/malyrkja-3.jpg\" alt=\"malyrkja 3\" width=\"92\" height=\"131\" \/><\/a><\/p>\n<p><strong>1995\u00a0<\/strong><i>Handb\u00f3k um m\u00e1lfr\u00e6\u00f0i\u00a0<\/i>['A handbook on linguistics']. N\u00e1msgagnastofnun, Reykjav\u00edk.<\/p>\n<p><a href=\"http:\/\/uni.hi.is\/hoski\/files\/2013\/12\/handbok-um-malfrae\u00f0i.jpg\"><img loading=\"lazy\" decoding=\"async\" class=\"alignnone wp-image-239\" src=\"http:\/\/uni.hi.is\/hoski\/files\/2013\/12\/handbok-um-malfrae\u00f0i.jpg\" alt=\"handbok um malfrae\u00f0i\" width=\"88\" height=\"126\" \/><\/a><\/p>\n<p><strong>1993<\/strong><i>\u00a0Handb\u00f3k um \u00edslenskan frambur\u00f0\u00a0<\/i>\u00a0['A handbook on Icelandic pronunciation']. \u00a0Me\u00f0h\u00f6fundur [co-author] Indri\u00f0i G\u00edslason.] Ranns\u00f3knarstofnun Kennarah\u00e1sk\u00f3la \u00cdslands, Reykjav\u00edk.<\/p>\n<p><a href=\"http:\/\/uni.hi.is\/hoski\/files\/2013\/12\/HandbokUmIslFramburd.jpg\"><img loading=\"lazy\" decoding=\"async\" class=\"alignnone wp-image-240\" src=\"http:\/\/uni.hi.is\/hoski\/files\/2013\/12\/HandbokUmIslFramburd.jpg\" alt=\"HandbokUmIslFramburd\" width=\"96\" height=\"134\" \/><\/a><\/p>\n<p><strong>1992<\/strong>\u00a0<i>Saga landsm\u00f3ta<\/i>\u00a0UMF\u00cd \u00a0[A historical overview.] \u00a0Me\u00f0h\u00f6fundar [co-authors] Vi\u00f0ar Hreinsson [a\u00f0alh\u00f6fundur\/main author] og J\u00f3n Torfason. \u00datg. J\u00f3hann Sigur\u00f0sson og Sigur\u00f0ur Vi\u00f0ar Sigmundsson, Reykjav\u00edk.<\/p>\n<p><a href=\"http:\/\/uni.hi.is\/hoski\/files\/2013\/12\/SagaLandsmota.jpg\"><img loading=\"lazy\" decoding=\"async\" class=\"alignnone wp-image-247\" src=\"http:\/\/uni.hi.is\/hoski\/files\/2013\/12\/SagaLandsmota.jpg\" alt=\"SagaLandsmota\" width=\"98\" height=\"144\" \/><\/a><\/p>\n<p><strong>1988<\/strong>\u00a0<i>Um \u00fe\u00fd\u00f0<\/i>ingar. ['On translation'. A textbook.] \u00a0Me\u00f0h\u00f6fundur [co-author] Heimir P\u00e1lsson. I\u00f0unn, Reykjav\u00edk.<\/p>\n<p><a href=\"http:\/\/uni.hi.is\/hoski\/files\/2013\/12\/UmThydingar.jpg\"><img loading=\"lazy\" decoding=\"async\" class=\"alignnone size-full wp-image-248\" src=\"http:\/\/uni.hi.is\/hoski\/files\/2013\/12\/UmThydingar.jpg\" alt=\"UmThydingar\" width=\"100\" height=\"149\" \/><\/a><\/p>\n<p><strong>1988\u00a0<\/strong><i>M\u00e1l og samf\u00e9lag <\/i>['Language and Society']. Me\u00f0h\u00f6fundar [co-authors] Indri\u00f0i G\u00edslason [a\u00f0ah\u00f6fundur\/main author], Baldur J\u00f3nsson, Gu\u00f0mundur B. Kristmundsson. I\u00f0unn, Reykjav\u00edk.<\/p>\n<p><strong>1984<\/strong><i><strong>\u00a0<\/strong>M\u00e1ll\u00fdskud\u00e6mi<\/i>\u00a0['Examples of dialectal variation']. \u00a0Me\u00f0h\u00f6fundar [co-authors] Sigur\u00f0ur J\u00f3nsson og Gu\u00f0var\u00f0ur M\u00e1r Gunnlaugsson. M\u00e1lv\u00edsindastofnun H\u00e1sk\u00f3la \u00cdslands, Reykjav\u00edk.<\/p>\n<p><strong>1983<\/strong>\u00a0<i>Greiningarpr\u00f3f fyrir m\u00e1ltruflanir<\/i>\u00a0(afas\u00edu). [\u00de\u00fd\u00f0ing og sta\u00f0f\u00e6rsla \u00e1\/Translation and adaptation of \u00a0<em>Boston Diagnostic Aphasia Examination<\/em> eftir Goodglass og Kaplan.] \u00a0Me\u00f0h\u00f6fundur [co-author]\u00a0Sigr\u00ed\u00f0ur Magn\u00fasd\u00f3ttir. Heyrnar- og talmeinast\u00f6\u00f0 \u00cdslands, Reykjav\u00edk.<\/p>\n<p><strong>1981<\/strong>\u00a0<i>Frambur\u00f0arpr\u00f3f<\/i>. \u00a0['Pronunciation test.'] Me\u00f0h\u00f6fundur [co-author] Sigr\u00ed\u00f0ur Magn\u00fasd\u00f3ttir.] Heyrnar- og talmeinast\u00f6\u00f0 \u00cdslands, Reykjav\u00edk.<\/p>\n<p>1979\u00a0<i>On Complementation in Icelandic<\/i>. [Doktorsritger\u00f0\/Dissertation.] Outstanding Dissertations in Linguistics. Garland, New York.<\/p>\n<p><a href=\"http:\/\/uni.hi.is\/hoski\/files\/2013\/12\/OnComplementation.jpg\"><img loading=\"lazy\" decoding=\"async\" class=\"alignnone wp-image-249\" src=\"http:\/\/uni.hi.is\/hoski\/files\/2013\/12\/OnComplementation-215x300.jpg\" alt=\"O\" width=\"103\" height=\"144\" srcset=\"https:\/\/uni.hi.is\/hoski\/files\/2013\/12\/OnComplementation-215x300.jpg 215w, https:\/\/uni.hi.is\/hoski\/files\/2013\/12\/OnComplementation-734x1024.jpg 734w, https:\/\/uni.hi.is\/hoski\/files\/2013\/12\/OnComplementation.jpg 1995w\" sizes=\"auto, (max-width: 103px) 100vw, 103px\" \/><\/a><\/p>\n<p><b>\u00a0<\/b><\/p>\n","protected":false},"excerpt":{"rendered":"<p>B\u00e6kur\/Books 2021\u00a0M\u00e1li\u00f0 er. Greinasafn 1980-2020\u00a0['The language is. A collection of papers 1980-2020'] Ritstj.\/eds. \u00c1sgr\u00edmur Angant\u00fdsson, Sigr\u00ed\u00f0ur Sigurj\u00f3nsd\u00f3ttir og Eir\u00edkur R\u00f6gnvaldsson. H\u00e1sk\u00f3la\u00fatg\u00e1fan, Reykjav\u00edk. &nbsp; 2021\u00a0Handb\u00f3k um m\u00e1lfr\u00e6\u00f0i ['A handbook on linguistics']. 3. \u00fatg\u00e1fa, endursko\u00f0u\u00f0 ['Third edition, revised']. M\u00e1l og menning, Reykjav\u00edk. 2015 \u00a0Tilbrig\u00f0i \u00ed \u00edslenskri setningager\u00f0 II.\u00a0Helstu ni\u00f0urst\u00f6\u00f0ur. T\u00f6lfr\u00e6\u00f0ilegt yfirlit ['Variation in Icelandic syntax, vol. II. [&hellip;]<\/p>\n","protected":false},"author":47,"featured_media":0,"parent":0,"menu_order":0,"comment_status":"closed","ping_status":"closed","template":"","meta":{"footnotes":""},"class_list":["post-430","page","type-page","status-publish","hentry"],"_links":{"self":[{"href":"https:\/\/uni.hi.is\/hoski\/wp-json\/wp\/v2\/pages\/430","targetHints":{"allow":["GET"]}}],"collection":[{"href":"https:\/\/uni.hi.is\/hoski\/wp-json\/wp\/v2\/pages"}],"about":[{"href":"https:\/\/uni.hi.is\/hoski\/wp-json\/wp\/v2\/types\/page"}],"author":[{"embeddable":true,"href":"https:\/\/uni.hi.is\/hoski\/wp-json\/wp\/v2\/users\/47"}],"replies":[{"embeddable":true,"href":"https:\/\/uni.hi.is\/hoski\/wp-json\/wp\/v2\/comments?post=430"}],"version-history":[{"count":10,"href":"https:\/\/uni.hi.is\/hoski\/wp-json\/wp\/v2\/pages\/430\/revisions"}],"predecessor-version":[{"id":560,"href":"https:\/\/uni.hi.is\/hoski\/wp-json\/wp\/v2\/pages\/430\/revisions\/560"}],"wp:attachment":[{"href":"https:\/\/uni.hi.is\/hoski\/wp-json\/wp\/v2\/media?parent=430"}],"curies":[{"name":"wp","href":"https:\/\/api.w.org\/{rel}","templated":true}]}}