{"id":433,"date":"2017-11-28T15:59:29","date_gmt":"2017-11-28T15:59:29","guid":{"rendered":"http:\/\/uni.hi.is\/hoski\/?page_id=433"},"modified":"2025-02-03T21:00:42","modified_gmt":"2025-02-03T21:00:42","slug":"5-ritstjorn-boka-edited-volumes","status":"publish","type":"page","link":"https:\/\/uni.hi.is\/hoski\/5-ritstjorn-boka-edited-volumes\/","title":{"rendered":"5. Ritstj\u00f3rn b\u00f3ka\/Edited volumes"},"content":{"rendered":"<p><strong>2024\u00a0<\/strong><em>S\u00f6ngur lj\u00f3\u00f0stafanna<\/em>. H\u00f6fundur [author] Ragnar Ingi A\u00f0alsteinsson. Hi\u00f0 \u00edslenska b\u00f3kmenntaf\u00e9lag, Reykjav\u00edk.<\/p>\n<p><img loading=\"lazy\" decoding=\"async\" class=\"alignnone wp-image-798\" src=\"https:\/\/uni.hi.is\/hoski\/files\/2025\/02\/Songur-ljodstafanna.jpg\" alt=\"\" width=\"139\" height=\"213\" \/><\/p>\n<p><strong>2023\u00a0<\/strong><em>Icelandic Heritage in North America<\/em>. Me\u00f0ritstj\u00f3rar [co-editors] Birna Arnbj\u00f6rnsd\u00f3ttir og \u00dalfar Bragason. University of Manitoba Press,\u00a0 Winnipeg.<\/p>\n<p><img loading=\"lazy\" decoding=\"async\" class=\"alignnone wp-image-797\" src=\"https:\/\/uni.hi.is\/hoski\/files\/2025\/02\/Icelandic-Heritage-in-North-America-200x300.jpg\" alt=\"\" width=\"135\" height=\"203\" srcset=\"https:\/\/uni.hi.is\/hoski\/files\/2025\/02\/Icelandic-Heritage-in-North-America-200x300.jpg 200w, https:\/\/uni.hi.is\/hoski\/files\/2025\/02\/Icelandic-Heritage-in-North-America-683x1024.jpg 683w, https:\/\/uni.hi.is\/hoski\/files\/2025\/02\/Icelandic-Heritage-in-North-America.jpg 720w\" sizes=\"auto, (max-width: 135px) 100vw, 135px\" \/><\/p>\n<p><strong>2021\u00a0<\/strong><em>Ekki var \u00fea\u00f0 illa meint. Lj\u00f3\u00f0 og lausav\u00edsur eftir Hj\u00e1lmar Freysteinsson<\/em> ['No harm intended. Poems and verses by Hj\u00e1lmar Freysteinsson']. Me\u00f0ritstj\u00f3ri [co-editor] Ragnar Ingi A\u00f0alsteinsson. B\u00f3ka\u00fatg\u00e1fan H\u00f3lar, Reykjav\u00edk.<\/p>\n<p><img loading=\"lazy\" decoding=\"async\" class=\"alignnone wp-image-557\" src=\"https:\/\/uni.hi.is\/hoski\/files\/2021\/07\/Hjalmarsbok-214x300.jpg\" alt=\"\" width=\"135\" height=\"190\" srcset=\"https:\/\/uni.hi.is\/hoski\/files\/2021\/07\/Hjalmarsbok-214x300.jpg 214w, https:\/\/uni.hi.is\/hoski\/files\/2021\/07\/Hjalmarsbok-731x1024.jpg 731w, https:\/\/uni.hi.is\/hoski\/files\/2021\/07\/Hjalmarsbok-768x1076.jpg 768w, https:\/\/uni.hi.is\/hoski\/files\/2021\/07\/Hjalmarsbok.jpg 914w\" sizes=\"auto, (max-width: 135px) 100vw, 135px\" \/><\/p>\n<p><strong>2018\u00a0<\/strong><em>Fr\u00e6ndafundur 9. Fyrirlestrar fr\u00e1 \u00edslensk-f\u00e6reyskri r\u00e1\u00f0stefnu \u00ed Reykjav\u00edk 26.-28. \u00e1g\u00fast 2016\u00a0<\/em>['A collection of papers from an Icelandic-Faroese conference in Reykjav\u00edk August 26-28, 2016']. Me\u00f0ritstj\u00f3ri [co-editor] Hans Andrias S\u00f8lvar\u00e1. Hugv\u00edsindastofnun, Reykjav\u00edk. A\u00f0gengileg \u00e1 netinu \u00e1 sl\u00f3\u00f0inni ['Accessible at'] <em>http:\/\/fraendafundur.hi.is\/wp-content\/uploads\/2021\/01\/Fraendafundur9-heild.pdf<\/em>.<\/p>\n<p><img loading=\"lazy\" decoding=\"async\" class=\"alignnone wp-image-556\" src=\"https:\/\/uni.hi.is\/hoski\/files\/2021\/07\/Fraendafundur9-209x300.jpg\" alt=\"\" width=\"150\" height=\"216\" srcset=\"https:\/\/uni.hi.is\/hoski\/files\/2021\/07\/Fraendafundur9-209x300.jpg 209w, https:\/\/uni.hi.is\/hoski\/files\/2021\/07\/Fraendafundur9.jpg 445w\" sizes=\"auto, (max-width: 150px) 100vw, 150px\" \/><\/p>\n<p><strong>2018\u00a0<\/strong><em>Sigurtunga. Vestur\u00edslenskt m\u00e1l og menning<\/em>. ['Successful language. North American Icelandic language and culture.'] Ritstj\u00f3ri [editor]. Me\u00f0ritstj\u00f3rar [co-editors] Birna Arnbj\u00f6rnsd\u00f3ttir og \u00dalfar Bragason. H\u00e1sk\u00f3la\u00fatg\u00e1fan, Reykjav\u00edk. 417 bls.<\/p>\n<p><a href=\"http:\/\/uni.hi.is\/hoski\/files\/2019\/01\/Sigurtunga_Forsida.png\"><img loading=\"lazy\" decoding=\"async\" class=\"alignnone wp-image-497\" src=\"http:\/\/uni.hi.is\/hoski\/files\/2019\/01\/Sigurtunga_Forsida-203x300.png\" alt=\"\" width=\"137\" height=\"202\" srcset=\"https:\/\/uni.hi.is\/hoski\/files\/2019\/01\/Sigurtunga_Forsida-203x300.png 203w, https:\/\/uni.hi.is\/hoski\/files\/2019\/01\/Sigurtunga_Forsida.png 522w\" sizes=\"auto, (max-width: 137px) 100vw, 137px\" \/><\/a><\/p>\n<p><strong>2017\u00a0<\/strong><em>Tilbrig\u00f0i \u00ed \u00edslenskri setningager\u00f0 III. S\u00e9rathuganir<\/em>. [Variation in Icelandic syntax, vol. III. Individual studies.]\u00a0A\u00f0alritstj\u00f3ri [main editor]. \u00a0Me\u00f0ritstj\u00f3rar [co-editors] \u00c1sgr\u00edmur Angant\u00fdsson, Einar Freyr Sigur\u00f0sson. M\u00e1lv\u00edsindastofnun H\u00e1sk\u00f3la \u00cdslands, Reykjav\u00edk. 360 bls.<\/p>\n<p><a href=\"http:\/\/uni.hi.is\/hoski\/files\/2018\/11\/Kapusida_Tilbrigdi_III.jpg\"><img loading=\"lazy\" decoding=\"async\" class=\"alignnone wp-image-480\" src=\"http:\/\/uni.hi.is\/hoski\/files\/2018\/11\/Kapusida_Tilbrigdi_III-202x300.jpg\" alt=\"\" width=\"149\" height=\"221\" srcset=\"https:\/\/uni.hi.is\/hoski\/files\/2018\/11\/Kapusida_Tilbrigdi_III-202x300.jpg 202w, https:\/\/uni.hi.is\/hoski\/files\/2018\/11\/Kapusida_Tilbrigdi_III.jpg 533w\" sizes=\"auto, (max-width: 149px) 100vw, 149px\" \/><\/a><\/p>\n<p><strong>2017<\/strong>\u00a0<em>Syntactic Variation in Insular Scandinavian.\u00a0<\/em>Me\u00f0ritstj\u00f3rar [co-editors] Caroline Heycock, Hjalmar P. Petersen og Zakaris Svabo Hansen. Studies in Germanic Linguistics 1. Benjamins, Amsterdam. 343 bls. [https:\/\/benjamins.com\/#catalog\/books\/sigl.1\/main]<\/p>\n<p><a href=\"http:\/\/uni.hi.is\/hoski\/files\/2013\/12\/SVIS.png\"><img loading=\"lazy\" decoding=\"async\" class=\"alignnone wp-image-382\" src=\"http:\/\/uni.hi.is\/hoski\/files\/2013\/12\/SVIS-225x300.png\" alt=\"\" width=\"175\" height=\"233\" \/><\/a><\/p>\n<p><strong>2015<\/strong> \u00a0<em>Tilbrig\u00f0i \u00ed \u00edslenskri setningager\u00f0 II.\u00a0<\/em><em>Helstu ni\u00f0urst\u00f6\u00f0ur. T\u00f6lfr\u00e6\u00f0ilegt yfirlit<\/em>. [Variation in Icelandic syntax, vol. II. Main results. A statistical overview.]\u00a0A\u00f0alritstj\u00f3ri [main editor]. \u00a0Me\u00f0ritstj\u00f3rar [co-editors] \u00c1sgr\u00edmur Angant\u00fdsson, Einar Freyr Sigur\u00f0sson. M\u00e1lv\u00edsindastofnun H\u00e1sk\u00f3la \u00cdslands, Reykjav\u00edk. 364 bls.<\/p>\n<p><a href=\"http:\/\/uni.hi.is\/hoski\/files\/2013\/12\/Tibrigdi_II.jpg\" rel=\"attachment wp-att-375\"><img loading=\"lazy\" decoding=\"async\" class=\"alignnone wp-image-375\" src=\"http:\/\/uni.hi.is\/hoski\/files\/2013\/12\/Tibrigdi_II-210x300.jpg\" alt=\"Tibrigdi_II\" width=\"149\" height=\"212\" srcset=\"https:\/\/uni.hi.is\/hoski\/files\/2013\/12\/Tibrigdi_II-210x300.jpg 210w, https:\/\/uni.hi.is\/hoski\/files\/2013\/12\/Tibrigdi_II-768x1097.jpg 768w, https:\/\/uni.hi.is\/hoski\/files\/2013\/12\/Tibrigdi_II-717x1024.jpg 717w, https:\/\/uni.hi.is\/hoski\/files\/2013\/12\/Tibrigdi_II.jpg 2000w\" sizes=\"auto, (max-width: 149px) 100vw, 149px\" \/><\/a><\/p>\n<p><strong>2013<\/strong> \u00a0<i>Chomsky \u2013 M\u00e1l, s\u00e1l og samf\u00e9lag.\u00a0<\/i>[Chomsky - Language, Mind and Society.] Ritstj\u00f3ri [editor]. \u00a0Me\u00f0ritstj\u00f3ri [co-editor] Matthew Whelpton. Hugv\u00edsindastofnun og H\u00e1sk\u00f3la\u00fatg\u00e1fan, Reykjav\u00edk. 385 bls.<\/p>\n<p><a href=\"http:\/\/uni.hi.is\/hoski\/files\/2010\/04\/Chomsky-net.jpeg\"><img loading=\"lazy\" decoding=\"async\" class=\"\" src=\"http:\/\/uni.hi.is\/hoski\/files\/2010\/04\/Chomsky-net-206x300.jpeg\" alt=\"Chomsky - net\" width=\"146\" height=\"213\" \/><\/a><\/p>\n<p><strong>2013<\/strong><i>\u00a0Tilbrig\u00f0i \u00ed \u00edslenskri setningager\u00f0 I. Markmi\u00f0, a\u00f0fer\u00f0ir og efnivi\u00f0ur\u00a0<\/i>\u00a0[Variation in Icelandic syntax, vol. I. Purpose, methods and materials.]. A\u00f0alritstj\u00f3ri [main editor]. \u00a0Me\u00f0ritstj\u00f3rar [co-editors] \u00c1sgr\u00edmur Angant\u00fdsson, Einar Freyr Sigur\u00f0sson. M\u00e1lv\u00edsindastofnun H\u00e1sk\u00f3la \u00cdslands, Reykjav\u00edk. 127 bls.<\/p>\n<p><a href=\"http:\/\/uni.hi.is\/hoski\/files\/2010\/04\/Tilbrigdabok-I-Minni-e1386801826857.jpg\"><img loading=\"lazy\" decoding=\"async\" class=\"\" src=\"http:\/\/uni.hi.is\/hoski\/files\/2010\/04\/Tilbrigdabok-I-Minni-211x300.jpg\" alt=\"Tilbrigdabok I Minni\" width=\"140\" height=\"200\" \/><\/a><\/p>\n<p><strong>2002<\/strong>\u00a0<i>Linguistic Studies, Historical and Comparative, by Hreinn Benediktsson.<\/i>\u00a0Ritstj\u00f3ri [editor]. Me\u00f0ritstj\u00f3rar [co-editors] Gu\u00f0r\u00fan \u00de\u00f3rhallsd\u00f3ttir, J\u00f3n G. Fri\u00f0j\u00f3nsson, Kjartan Ottosson. M\u00e1lv\u00edsindastofnun H\u00e1sk\u00f3la \u00cdslands, Reykjav\u00edk.<\/p>\n<p><strong>1996<\/strong>\u00a0<i>Minimal Ideas.\u00a0<\/i>Ritstj\u00f3ri [editor]. Me\u00f0ritstj\u00f3rar [co-editors] Werner Abraham, Samuel D. Epstein C. Jan-Wouter Zwart. \u00a0Benjamins, Amsterdam.<\/p>\n<p><a href=\"http:\/\/uni.hi.is\/hoski\/files\/2013\/12\/MinimalIdeas.jpg\"><img loading=\"lazy\" decoding=\"async\" src=\"http:\/\/uni.hi.is\/hoski\/files\/2013\/12\/MinimalIdeas-200x300.jpg\" alt=\"MinimalIdeas\" width=\"128\" height=\"192\" \/><\/a><\/p>\n<p><strong>1996<\/strong>\u00a0<i>Studies in Comparative Germanic Syntax\u00a0<\/i>II. Ritstj\u00f3ri [editor]. Me\u00f0ritstj\u00f3rar [co-editors] Samuel D. Epstein, Steve Peter. Kluwer, Dordrecht.<\/p>\n<p><a href=\"http:\/\/uni.hi.is\/hoski\/files\/2013\/12\/StudiesInComparativeGermanicSyntax.jpg\"><img loading=\"lazy\" decoding=\"async\" src=\"http:\/\/uni.hi.is\/hoski\/files\/2013\/12\/StudiesInComparativeGermanicSyntax.jpg\" alt=\"StudiesInComparativeGermanicSyntax\" width=\"118\" height=\"178\" \/><\/a><\/p>\n<p><strong>1992\u20131995\u00a0<\/strong><i>Harvard Working Papers in Linguistics<\/i>\u00a01-5<i>\u00a0<\/i>Ritstj\u00f3ri [editor]. \u00a0Me\u00f0ritstj\u00f3rar [co-editors Samuel David Epstein, Mark Hale, Susumu Kuno, Andrea Calabrese, Jill Carrier, Calvert Watkins, Steve Peter, Bert Vaux.<\/p>\n<p><a href=\"http:\/\/uni.hi.is\/hoski\/files\/2013\/12\/Harvard-Working-Papers_0001.jpg\"><img loading=\"lazy\" decoding=\"async\" class=\"alignnone wp-image-297\" src=\"http:\/\/uni.hi.is\/hoski\/files\/2013\/12\/Harvard-Working-Papers_0001-300x212.jpg\" alt=\"Harvard Working Papers_0001\" width=\"168\" height=\"119\" srcset=\"https:\/\/uni.hi.is\/hoski\/files\/2013\/12\/Harvard-Working-Papers_0001-300x212.jpg 300w, https:\/\/uni.hi.is\/hoski\/files\/2013\/12\/Harvard-Working-Papers_0001-1024x724.jpg 1024w\" sizes=\"auto, (max-width: 168px) 100vw, 168px\" \/><\/a><\/p>\n<p>&nbsp;<\/p>\n","protected":false},"excerpt":{"rendered":"<p>2024\u00a0S\u00f6ngur lj\u00f3\u00f0stafanna. H\u00f6fundur [author] Ragnar Ingi A\u00f0alsteinsson. Hi\u00f0 \u00edslenska b\u00f3kmenntaf\u00e9lag, Reykjav\u00edk. 2023\u00a0Icelandic Heritage in North America. Me\u00f0ritstj\u00f3rar [co-editors] Birna Arnbj\u00f6rnsd\u00f3ttir og \u00dalfar Bragason. University of Manitoba Press,\u00a0 Winnipeg. 2021\u00a0Ekki var \u00fea\u00f0 illa meint. Lj\u00f3\u00f0 og lausav\u00edsur eftir Hj\u00e1lmar Freysteinsson ['No harm intended. Poems and verses by Hj\u00e1lmar Freysteinsson']. Me\u00f0ritstj\u00f3ri [co-editor] Ragnar Ingi A\u00f0alsteinsson. B\u00f3ka\u00fatg\u00e1fan H\u00f3lar, [&hellip;]<\/p>\n","protected":false},"author":47,"featured_media":0,"parent":0,"menu_order":0,"comment_status":"closed","ping_status":"closed","template":"","meta":{"footnotes":""},"class_list":["post-433","page","type-page","status-publish","hentry"],"_links":{"self":[{"href":"https:\/\/uni.hi.is\/hoski\/wp-json\/wp\/v2\/pages\/433","targetHints":{"allow":["GET"]}}],"collection":[{"href":"https:\/\/uni.hi.is\/hoski\/wp-json\/wp\/v2\/pages"}],"about":[{"href":"https:\/\/uni.hi.is\/hoski\/wp-json\/wp\/v2\/types\/page"}],"author":[{"embeddable":true,"href":"https:\/\/uni.hi.is\/hoski\/wp-json\/wp\/v2\/users\/47"}],"replies":[{"embeddable":true,"href":"https:\/\/uni.hi.is\/hoski\/wp-json\/wp\/v2\/comments?post=433"}],"version-history":[{"count":19,"href":"https:\/\/uni.hi.is\/hoski\/wp-json\/wp\/v2\/pages\/433\/revisions"}],"predecessor-version":[{"id":800,"href":"https:\/\/uni.hi.is\/hoski\/wp-json\/wp\/v2\/pages\/433\/revisions\/800"}],"wp:attachment":[{"href":"https:\/\/uni.hi.is\/hoski\/wp-json\/wp\/v2\/media?parent=433"}],"curies":[{"name":"wp","href":"https:\/\/api.w.org\/{rel}","templated":true}]}}