{"id":736,"date":"2022-04-07T10:49:58","date_gmt":"2022-04-07T10:49:58","guid":{"rendered":"https:\/\/uni.hi.is\/hoski\/?page_id=736"},"modified":"2025-02-05T21:08:39","modified_gmt":"2025-02-05T21:08:39","slug":"mallyskudaemi","status":"publish","type":"page","link":"https:\/\/uni.hi.is\/hoski\/mallyskudaemi\/","title":{"rendered":"M\u00e1ll\u00fdskud\u00e6mi"},"content":{"rendered":"<p><strong>Reykv\u00edkingar<\/strong><\/p>\n<p>D\u00e6mi 1:<\/p>\n<p>&nbsp;<\/p>\n<p>D\u00e6mi 2:<\/p>\n<p>&nbsp;<\/p>\n<p><strong>Vestur-\u00cdsfir\u00f0ingar:<\/strong><\/p>\n<p>D\u00e6mi 1:<\/p>\n<p>&nbsp;<\/p>\n<p><strong>Nor\u00f0ur-\u00cdsfir\u00f0ingar:<\/strong><\/p>\n<p>D\u00e6mi 1:<\/p>\n<p>&nbsp;<\/p>\n<p>D\u00e6mi 2:<\/p>\n<p>&nbsp;<\/p>\n<p><strong>Vestfir\u00f0ingur:<\/strong><\/p>\n<p>&nbsp;<\/p>\n<p><strong>Skagfir\u00f0ingur:<\/strong><\/p>\n<p>&nbsp;<\/p>\n<p><strong>Eyfir\u00f0ingur:<\/strong><\/p>\n<p>&nbsp;<\/p>\n<p><strong>Su\u00f0ur-\u00deingeyingur:<\/strong><\/p>\n<p>&nbsp;<\/p>\n<p><strong>Austur-Skaftfellingar:<\/strong><\/p>\n<p>D\u00e6mi 1:<\/p>\n<p>&nbsp;<\/p>\n<p>D\u00e6mi 2:<\/p>\n<p>&nbsp;<\/p>\n<p>D\u00e6mi 3:<\/p>\n<p>&nbsp;<\/p>\n<p>D\u00e6mi 4:<\/p>\n<p>&nbsp;<\/p>\n<p>D\u00e6mi 5:<\/p>\n<p>&nbsp;<\/p>\n<p><strong>Vestur-Skaftfellingar<\/strong><\/p>\n<p>D\u00e6mi 1: Kona les texta um Sighvat \u00ed Hvammi \u00e1 9. \u00e1ratug 20. aldar (M\u00e1lhafi nr. 6 \u00ed <em>M\u00e1ll\u00fdskud\u00e6mum<\/em> bls. 35):<\/p>\n<audio class=\"wp-audio-shortcode\" id=\"audio-736-1\" preload=\"none\" style=\"width: 100%;\" controls=\"controls\"><source type=\"audio\/mpeg\" src=\"https:\/\/uni.hi.is\/hoski\/files\/2022\/04\/VSkaft-1.mp3?_=1\" \/><a href=\"https:\/\/uni.hi.is\/hoski\/files\/2022\/04\/VSkaft-1.mp3\">https:\/\/uni.hi.is\/hoski\/files\/2022\/04\/VSkaft-1.mp3<\/a><\/audio>\n<p>D\u00e6mi 2: Kona les texta um \u00c1rna \u00ed Vogi \u00e1 9. \u00e1ratug 20. aldar (M\u00e1lhafi nr. 7 \u00ed <em>M\u00e1ll\u00fdskud\u00e6mum<\/em> bls. 35):<\/p>\n<audio class=\"wp-audio-shortcode\" id=\"audio-736-2\" preload=\"none\" style=\"width: 100%;\" controls=\"controls\"><source type=\"audio\/mpeg\" src=\"https:\/\/uni.hi.is\/hoski\/files\/2022\/04\/VSkaft-2.mp3?_=2\" \/><a href=\"https:\/\/uni.hi.is\/hoski\/files\/2022\/04\/VSkaft-2.mp3\">https:\/\/uni.hi.is\/hoski\/files\/2022\/04\/VSkaft-2.mp3<\/a><\/audio>\n<p>D\u00e6mi 3: Karl les texta um Sighvat \u00ed Hvammi \u00e1 9. \u00e1ratug 20. aldar (M\u00e1lhafi nr. 8 \u00ed <em>M\u00e1ll\u00fdskud\u00e6mum <\/em>bls. 36):<\/p>\n<audio class=\"wp-audio-shortcode\" id=\"audio-736-3\" preload=\"none\" style=\"width: 100%;\" controls=\"controls\"><source type=\"audio\/mpeg\" src=\"https:\/\/uni.hi.is\/hoski\/files\/2022\/04\/VSkaft-3.mp3?_=3\" \/><a href=\"https:\/\/uni.hi.is\/hoski\/files\/2022\/04\/VSkaft-3.mp3\">https:\/\/uni.hi.is\/hoski\/files\/2022\/04\/VSkaft-3.mp3<\/a><\/audio>\n<p>D\u00e6mi 4: Karl les texta um Sighvat \u00ed Hvammi \u00e1 9. \u00e1ratug 20. aldar (M\u00e1lhafi 9.1 \u00ed <em>M\u00e1ll\u00fdskud\u00e6mum<\/em> bls. 36):<\/p>\n<audio class=\"wp-audio-shortcode\" id=\"audio-736-4\" preload=\"none\" style=\"width: 100%;\" controls=\"controls\"><source type=\"audio\/mpeg\" src=\"https:\/\/uni.hi.is\/hoski\/files\/2025\/02\/VSkaft-4.mp3?_=4\" \/><a href=\"https:\/\/uni.hi.is\/hoski\/files\/2025\/02\/VSkaft-4.mp3\">https:\/\/uni.hi.is\/hoski\/files\/2025\/02\/VSkaft-4.mp3<\/a><\/audio>\n<p>&nbsp;<\/p>\n","protected":false},"excerpt":{"rendered":"<p>Reykv\u00edkingar D\u00e6mi 1: &nbsp; D\u00e6mi 2: &nbsp; Vestur-\u00cdsfir\u00f0ingar: D\u00e6mi 1: &nbsp; Nor\u00f0ur-\u00cdsfir\u00f0ingar: D\u00e6mi 1: &nbsp; D\u00e6mi 2: &nbsp; Vestfir\u00f0ingur: &nbsp; Skagfir\u00f0ingur: &nbsp; Eyfir\u00f0ingur: &nbsp; Su\u00f0ur-\u00deingeyingur: &nbsp; Austur-Skaftfellingar: D\u00e6mi 1: &nbsp; D\u00e6mi 2: &nbsp; D\u00e6mi 3: &nbsp; D\u00e6mi 4: &nbsp; D\u00e6mi 5: &nbsp; Vestur-Skaftfellingar D\u00e6mi 1: Kona les texta um Sighvat \u00ed Hvammi \u00e1 9. \u00e1ratug [&hellip;]<\/p>\n","protected":false},"author":47,"featured_media":0,"parent":0,"menu_order":0,"comment_status":"closed","ping_status":"closed","template":"","meta":{"footnotes":""},"class_list":["post-736","page","type-page","status-publish","hentry"],"_links":{"self":[{"href":"https:\/\/uni.hi.is\/hoski\/wp-json\/wp\/v2\/pages\/736","targetHints":{"allow":["GET"]}}],"collection":[{"href":"https:\/\/uni.hi.is\/hoski\/wp-json\/wp\/v2\/pages"}],"about":[{"href":"https:\/\/uni.hi.is\/hoski\/wp-json\/wp\/v2\/types\/page"}],"author":[{"embeddable":true,"href":"https:\/\/uni.hi.is\/hoski\/wp-json\/wp\/v2\/users\/47"}],"replies":[{"embeddable":true,"href":"https:\/\/uni.hi.is\/hoski\/wp-json\/wp\/v2\/comments?post=736"}],"version-history":[{"count":13,"href":"https:\/\/uni.hi.is\/hoski\/wp-json\/wp\/v2\/pages\/736\/revisions"}],"predecessor-version":[{"id":837,"href":"https:\/\/uni.hi.is\/hoski\/wp-json\/wp\/v2\/pages\/736\/revisions\/837"}],"wp:attachment":[{"href":"https:\/\/uni.hi.is\/hoski\/wp-json\/wp\/v2\/media?parent=736"}],"curies":[{"name":"wp","href":"https:\/\/api.w.org\/{rel}","templated":true}]}}