{"id":806,"date":"2025-02-05T17:15:03","date_gmt":"2025-02-05T17:15:03","guid":{"rendered":"https:\/\/uni.hi.is\/hoski\/?page_id=806"},"modified":"2025-02-08T17:47:47","modified_gmt":"2025-02-08T17:47:47","slug":"visur-2","status":"publish","type":"page","link":"https:\/\/uni.hi.is\/hoski\/visur-2\/","title":{"rendered":"V\u00edsur"},"content":{"rendered":"<p><strong>V\u00edsur fr\u00e1 \u00fdmsum t\u00edmum<\/strong><\/p>\n<p><strong>\u00ddmsar v\u00edsur<\/strong><\/p>\n","protected":false},"excerpt":{"rendered":"<p>V\u00edsur fr\u00e1 \u00fdmsum t\u00edmum \u00ddmsar v\u00edsur<\/p>\n","protected":false},"author":47,"featured_media":0,"parent":0,"menu_order":0,"comment_status":"closed","ping_status":"closed","template":"","meta":{"footnotes":""},"class_list":["post-806","page","type-page","status-publish","hentry"],"_links":{"self":[{"href":"https:\/\/uni.hi.is\/hoski\/wp-json\/wp\/v2\/pages\/806","targetHints":{"allow":["GET"]}}],"collection":[{"href":"https:\/\/uni.hi.is\/hoski\/wp-json\/wp\/v2\/pages"}],"about":[{"href":"https:\/\/uni.hi.is\/hoski\/wp-json\/wp\/v2\/types\/page"}],"author":[{"embeddable":true,"href":"https:\/\/uni.hi.is\/hoski\/wp-json\/wp\/v2\/users\/47"}],"replies":[{"embeddable":true,"href":"https:\/\/uni.hi.is\/hoski\/wp-json\/wp\/v2\/comments?post=806"}],"version-history":[{"count":6,"href":"https:\/\/uni.hi.is\/hoski\/wp-json\/wp\/v2\/pages\/806\/revisions"}],"predecessor-version":[{"id":842,"href":"https:\/\/uni.hi.is\/hoski\/wp-json\/wp\/v2\/pages\/806\/revisions\/842"}],"wp:attachment":[{"href":"https:\/\/uni.hi.is\/hoski\/wp-json\/wp\/v2\/media?parent=806"}],"curies":[{"name":"wp","href":"https:\/\/api.w.org\/{rel}","templated":true}]}}