{"id":93,"date":"2011-01-14T20:29:18","date_gmt":"2011-01-14T20:29:18","guid":{"rendered":"http:\/\/uni.hi.is\/hoski\/nylegir-fyrirlestrar\/"},"modified":"2025-02-03T20:29:03","modified_gmt":"2025-02-03T20:29:03","slug":"nylegir-fyrirlestrar","status":"publish","type":"page","link":"https:\/\/uni.hi.is\/hoski\/nylegir-fyrirlestrar\/","title":{"rendered":"6. Fyrirlestrar\/Presentations"},"content":{"rendered":"<h2><strong>N\u00fdlegir fyrirlestrar\/Recent conference presentations<\/strong><\/h2>\n<p><strong>24. j\u00fan\u00ed 2024<\/strong> M\u00e1l\u00feing \u00ed Menningarm\u00e1lar\u00e1\u00f0uneytinu um \"kynhlutlaust m\u00e1l\" - Dreifibla\u00f0 ['Handout from a seminar in the Ministry of Culture on gender-neutral language'] <a href=\"https:\/\/uni.hi.is\/hoski\/files\/2025\/02\/Kynhlutlaust_Raduneyti.pdf\">Kynhlutlaust_Raduneyti<\/a><\/p>\n<p><strong>26. og 27. september 2023\u00a0<\/strong> Vestur\u00edslenska - Hva\u00f0 vitum vi\u00f0 um hana? ['North-American Icelandic. What Do We Know about It?'] Erindi flutt \u00e1 Amtsb\u00f3kasafninu \u00e1 Akureyri 26. september og \u00ed M\u00fdvatnssveit 27. september. <a href=\"https:\/\/uni.hi.is\/hoski\/files\/2024\/02\/Vesturislenska-_-Hvad-vitum-vid.pdf\">Vestur\u00edslenska _ Hvad vitum vid<\/a><\/p>\n<p><strong>26. apr\u00edl 2023\u00a0<\/strong>Icelandic Heritage in North America. B\u00f3karkynning. ['Icelandic Heritage in North America. Book description'] <a href=\"https:\/\/uni.hi.is\/hoski\/files\/2024\/02\/IcelandicHeritage_Kynning.pptx\">IcelandicHeritage_Kynning<\/a><\/p>\n<p><strong>16. \u00e1g\u00fast 2022:\u00a0<\/strong>Alls v\u00e9r erum einnar tungu ... Um nokkrar setningafr\u00e6\u00f0ilegar breytingar \u00ed f\u00e6reysku. ['Since we speak the same language ... On some syntactic changes in Faroese.'] Fr\u00e6ndafundur 11, H\u00e1sk\u00f3la \u00cdslands [Faroese-Icelandic conference, University of Iceland.] <a href=\"https:\/\/uni.hi.is\/hoski\/files\/2023\/01\/AllsVerErum.pdf\">AllsVerErum<\/a><\/p>\n<p><strong>30. apr\u00edl 2022:\u00a0<\/strong>Hva\u00f0 eru kynin m\u00f6rg? ['How many genders are there?'] Fyrirlestur fluttur \u00e1 m\u00e1l\u00feingi um kynhlutlaust m\u00e1l. [Presented at a conference on gender-neutral language.] <a href=\"https:\/\/uni.hi.is\/hoski\/files\/2023\/01\/HvadEruKyninMorgGlaer.pdf\">HvadEruKyninM\u00f6rgGl\u00e6r<\/a><\/p>\n<p><strong>3. desember 2021:\u00a0<\/strong>Brestir \u00ed h\u00f6mlum. S3 \u00ed erf\u00f0arm\u00e1lum, d\u00f3mapr\u00f3fum og bundnu m\u00e1li. ['Exceptions to constraints. V3 in heritage languages, judgment studies and lyrics.'] Me\u00f0h\u00f6fundar [co-authors] \u00c1sgr\u00edmur Angant\u00fdsson og Iris Edda Nowenstein. Fyrirlestur fluttur \u00e1 m\u00e1l\u00feingi vi\u00f0 H\u00e1sk\u00f3la \u00cdslands. [Presented at a workshop at the University of Iceland.] <a href=\"https:\/\/uni.hi.is\/hoski\/files\/2022\/01\/Brestir_Lok.pdf\">Brestir<\/a><\/p>\n<p><strong>30. okt\u00f3ber 2021:\u00a0<\/strong>Tv\u00e6r v\u00edsur \u00far G\u00edsla s\u00f6gu. ['Two stanzas from G\u00edsla saga.'] Flutt \u00e1 m\u00e1l\u00feingi vi\u00f0 H\u00e1sk\u00f3la \u00cdslands til hei\u00f0urs Berglj\u00f3tu Kristj\u00e1nsd\u00f3ttur. [Presented at a workshop at the University of Iceland to honor Berglj\u00f3t Kristj\u00e1nsd\u00f3ttir.] <a href=\"https:\/\/uni.hi.is\/hoski\/files\/2023\/01\/Begguthing.pdf\">Begguthing<\/a><\/p>\n<p><strong>8. okt\u00f3ber 2021:\u00a0<\/strong>Hva\u00f0 gerist \u00feegar ein darga fj\u00f6lgar s\u00e9r \u00ed Vesturheimi. Um fleirt\u00f6lu nafnor\u00f0a \u00ed vestur\u00edslensku. ['What happens when a\u00a0<em>darga<\/em> multiplies in North-America? On the plural formation of nouns in North American Icelandic.'] Me\u00f0h\u00f6fundar [co-authors] Iris Edda Nowenstein og Sigr\u00ed\u00f0ur Magn\u00fasd\u00f3ttir. Fyrirlestur fluttur \u00e1 r\u00e1\u00f0stefnu vi\u00f0 H\u00e1sk\u00f3la \u00cdslands til hei\u00f0urs J\u00f6rgen Pind. [Presented at a workshop at the University of Iceland to honor J\u00f6rgen Pind.] <a href=\"https:\/\/uni.hi.is\/hoski\/files\/2022\/01\/Jorgensthing_Lok.pdf\">Darga_i_Vesturheimi<\/a><\/p>\n<p><strong>29. \u00e1g\u00fast 2019:\u00a0<\/strong>North American Icelandic - Recent developments.\u00a0Migration, The 9th Partnership Conference, University of Manitoba and University of Iceland. Reykjav\u00edk, 29.-30. \u00e1g\u00fast. <a href=\"http:\/\/uni.hi.is\/hoski\/files\/2020\/02\/NorthAmericanIcelandic_Recent.pdf\">NorthAmericanIcelandic_Recent<\/a><\/p>\n<p><strong><i><\/i>17. \u00e1g\u00fast 2019:\u00a0<\/strong>\u00cdslenskar og f\u00e6reyskar m\u00fds. ['Icelandic and Faroese mice. A paper on plural formation in Faroese and Icelandic.'] Me\u00f0h\u00f6fundar Sigr\u00ed\u00f0ur Magn\u00fasd\u00f3ttir og Victoria Absalonsen. Fr\u00e6ndafundur 10, \u00de\u00f3rsh\u00f6fn, F\u00e6reyjum, 16.-18. ag\u00fast. <a href=\"http:\/\/uni.hi.is\/hoski\/files\/2020\/02\/IslenskarOgF\u00e6reyskarMys.pdf\">IslenskarOgF\u00e6reyskarMys<\/a><\/p>\n<p><strong>9. mars 2019:\u00a0<\/strong>Hva\u00f0 gerist \u00feegar ein darga fj\u00f6lgar s\u00e9r \u00ed Vesturheimi? [A paper on plural formation in North American Icelandic.] Me\u00f0h\u00f6fundur\/Co-author Sigr\u00ed\u00f0ur Magn\u00fasd\u00f3ttir. Hugv\u00edsinda\u00feing H\u00e1sk\u00f3la \u00cdslands, Reykjav\u00edk, 8.-9. mars. <a href=\"http:\/\/uni.hi.is\/hoski\/files\/2020\/02\/Hugvisindathing_2019.pdf\">Fleirtala nafnorda i vesturislensku<\/a><\/p>\n<p><strong>22. febr\u00faar 2019:\u00a0<\/strong>Gagnleg m\u00e1lg\u00f6gn. ['Useful data collections.'] M\u00e1lv\u00edsindakaffi. <a href=\"http:\/\/uni.hi.is\/hoski\/files\/2019\/02\/Hosk_GagnlegG\u00f6gn.pdf\">Gagnleg g\u00f6gn<\/a><\/p>\n<p><strong>20. apr\u00edl 2018: <\/strong>\"Sentence comprehension in Heritage Icelandic.\u00a0The effect of age-related decline.\" Me\u00f0h\u00f6fundar Iris Edda Nowenstein (fyrsti h\u00f6f.\/first author) og Sigr\u00ed\u00f0ur Magn\u00fasd\u00f3ttir.\u00a0Transdisciplinary Approaches to Language Variation, Troms\u00f8, 19. - 20. apr\u00edl.\u00a0<a href=\"http:\/\/uni.hi.is\/hoski\/files\/2019\/01\/IrisEddaHoskuldurSigga_SentenceComprehension_TALV.pdf\">SentenceComprehension ...<\/a><\/p>\n<p><strong>28. okt\u00f3ber 2017:\u00a0<\/strong>\"Icelandic Long Distance Reflexives revisited. Learning about them and from them since 1975.\" NELS 48, University of Iceland, Reykjav\u00edk.\u00a0<a href=\"http:\/\/uni.hi.is\/hoski\/files\/2017\/11\/Icelandic-reflexives-revisited_Fin.pdf\">Icelandic Long Distance Reflexives-revisited<\/a><\/p>\n<p><strong>27. september 2017:\u00a0<\/strong>\"OV - and what else?\" OV and VO in the Scandinavian Languages and beyond. Uppsala University - Campus Gotland, Visby.\u00a0<a href=\"http:\/\/uni.hi.is\/hoski\/files\/2017\/11\/Hosk_OV_Gotland2017Fin.pdf\">OV - and what else?<\/a><\/p>\n<p><strong>30. j\u00fal\u00ed 2017:\u00a0<\/strong>\"Interpreting non-canonical word orders: Attrition and ageing effects.\"\u00a0 Me\u00f0h\u00f6fundar Iris Edda Nowenstein (fyrsti h\u00f6f.\/first author) og Sigr\u00ed\u00f0ur Magn\u00fasd\u00f3ttir.\u00a0 Veggspjald (poster), LSA \u00ed Lexington, Kentucky.<a href=\"http:\/\/uni.hi.is\/hoski\/files\/2018\/01\/IrisHoskiSigga_LSA.pdf\">Interpreting Non-canonical word order<\/a><\/p>\n<p><strong>18. ma\u00ed 2017: <\/strong>\"\"Alternative Facts\" in Icelandic syntax.\" Taking the\u00a0<em>langue<\/em> view. A symposium for Stephen R. Anderson, Yale University.\u00a0<a href=\"http:\/\/uni.hi.is\/hoski\/files\/2011\/02\/YaleTalk.pdf\">\"Alternative facts\" in Icelandic Syntax<\/a><\/p>\n<p><strong>21. ma\u00ed 2016: \"<\/strong>There is no \u201cIcelandic A and B\u201d\u00a0nor\u00a0\u201cFaroese 1 and 2\u201d. GLAC 22, Reykjav\u00edk.\u00a0<a href=\"http:\/\/uni.hi.is\/hoski\/files\/2011\/02\/GLAC_2016.pptx\">There is no \"Icelandic A and B\" nor \"Faroese 1 and 2\"<\/a><\/p>\n<p><strong>6. apr\u00edl 2016:\u00a0<\/strong>Hva\u00f0 getum vi\u00f0 l\u00e6rt um \u00edslensku af Vestur-\u00cdslendingum? ['What can we learn about Icelandic from speakers of North American Icelandic?']. F\u00e9lag \u00edslenskra fr\u00e6\u00f0a, Reykjav\u00edk.\u00a0<a href=\"http:\/\/uni.hi.is\/hoski\/files\/2011\/02\/HoskFel_Isl_Fr2016.ppt\">Hva\u00f0 getum vi\u00f0 l\u00e6rt um \u00edslensku af Vestur-\u00cdslendingum?<\/a><\/p>\n<p><strong>12. mars 2016:\u00a0<\/strong>\"Leiti\u00f0 og \u00fe\u00e9r munu\u00f0 finna. Um \u00edslensku \u00ed Vesturheimi \u00e1 21. \u00f6ld.\" ['Search and you will find. On North American Icelandic in the 21st Century']. M\u00e1lstofa \u00e1 Hugv\u00edsinda\u00feingi ['Workshop at the Humanities Congress'], Reykjav\u00edk.\u00a0<a href=\"http:\/\/uni.hi.is\/hoski\/files\/2011\/02\/H\u00f6skiogBirna_Hugv\u00eds.12.3.2016.pdf\">Leiti\u00f0 og \u00fe\u00e9r munu\u00f0 finna<\/a><\/p>\n<p><strong>26. febr\u00faar 2016:\u00a0<\/strong>\"Incomplete Acquisition\u00a0and Language Attrition in Different Settings.\" DGfS 2016, Konstanz.\u00a0<a href=\"http:\/\/uni.hi.is\/hoski\/files\/2011\/02\/Hosk2016Incomplete_Attrition.pdf\">Incomplete Acquisition and Attrition<\/a><\/p>\n<p><strong>2. desember 2015:<\/strong>\u00a0\"Um or\u00f0ar\u00f6\u00f0 (V2 og V3) \u00ed vestur\u00edslensku \/\u00a0<i>On V2 and V3 in North American Icelandic.\u00a0<\/i>Co-presenters Birna Arnbj\u00f6rnsd\u00f3ttir and Iris Edda Nowenstein. R\u00e1\u00f0stefna um vestur\u00edslensku og \u00f6nnur erf\u00f0arm\u00e1l \/ Workshop on North American Icelandic and other heritage languages, Reykjav\u00edk.\u00a0<a href=\"http:\/\/uni.hi.is\/hoski\/files\/2011\/02\/BirnaIrisHoskVesturislensktMalRvk2015Lok-1.ppt\">Um or\u00f0ar\u00f6\u00f0 \u00ed vestur\u00edslensku<\/a><\/p>\n<p><strong>30. ma\u00ed 2015:\u00a0<\/strong>\"The Icelandic NIP: Why Isn't It Evolving as Predicted?\" Poster at DiGS 17, Reykjav\u00edk.\u00a0<a href=\"http:\/\/uni.hi.is\/hoski\/files\/2011\/02\/HoskNIPPosterDiGS17.pdf\">The Icelandic NIP: Why isn't it evolving ...<\/a><\/p>\n<p><strong>21. apr\u00edl 2015:\u00a0<\/strong>\"Den nye upersonlige\/passive konstruktion i islandsk: Oprindelse og udbredelse. ['The new impersonal\/passive construction in Icelandic. Origin and diffusion']. Den sociolingvistiske studiekreds KU, Kaupmannah\u00f6fn.\u00a0<a href=\"http:\/\/uni.hi.is\/hoski\/files\/2011\/02\/CopenhagenNIP2015Fin.pptx\">Den upersonlige\/passive konstruktion i islandsk<\/a><\/p>\n<p><strong>6. n\u00f3vember 2014: \"<\/strong>The New Impersonal\/Passive in Icelandic: Development in Real Time and Predictions for the Future.\" Nordisk syntaxhistoria, Stockholm.\u00a0<a href=\"http:\/\/uni.hi.is\/hoski\/files\/2011\/01\/StocholmNIP2014.pdf\">The New Impersonal\/Passive in Icelandic<\/a><\/p>\n<p><strong>19. okt\u00f3ber 2014:\u00a0<\/strong>Sociolingvistisk forskning p\u00e5 Island och viktiga restproblem.\u00a0<a href=\"http:\/\/uni.hi.is\/hoski\/files\/2011\/01\/Sch\u00e6ffergaarden2014.pdf\">Sociolingvistisk forskning ...<\/a><\/p>\n<p><strong>8. ma\u00ed 2014:\u00a0<\/strong>F\u00e4r\u00f6iskan - mitt emellan isl\u00e4ndskan och danskan. Polens unga nordistik, Poznan.\u00a0<a href=\"http:\/\/uni.hi.is\/hoski\/files\/2011\/01\/Poznan2014Hand.pdf\">F\u00e4r\u00f6iskan - mitt emellan isl\u00e4ndskan och danskan<\/a><\/p>\n<p><strong>15. mars 2014:\u00a0<\/strong>Nei, \u00edslenska er ekki \u00fatlenska. Hugv\u00edsinda\u00feing, H\u00e1sk\u00f3la \u00cdslands.\u00a0<a href=\"http:\/\/uni.hi.is\/hoski\/files\/2011\/01\/NeiIslenskaErEkkiUtlenskaHugvisinda\u00feing2014.pdf\">Nei \u00edslenska er ekki \u00fatlenska<\/a><\/p>\n<p><strong>14. mars 2014:\u00a0<\/strong>Hvernig falla f\u00f6ll \u00ed gleymsku? Um andlagsfall og \u00f6nnur f\u00f6ll \u00ed vestur\u00edslensku og \u00ed m\u00e1lstoli. Me\u00f0h\u00f6f. Sigr\u00ed\u00f0ur Mj\u00f6ll Bj\u00f6rnsd\u00f3ttir.\u00a0<a href=\"http:\/\/uni.hi.is\/hoski\/files\/2011\/01\/SMBH\u00deHugvisinda\u00feing2014.pdf\">Hvernig falla f\u00f6ll \u00ed gleymsku?<\/a><\/p>\n<p><strong>31. jan\u00faar 2014:\u00a0<\/strong>J\u00f3n R\u00fanar Gunnarsson og upphaf almennra m\u00e1lv\u00edsinda vi\u00f0 H\u00e1sk\u00f3la \u00cdslands.\u00a0<a href=\"http:\/\/uni.hi.is\/hoski\/files\/2011\/01\/JRGRask.pdf\">J\u00f3n R Gunnarsson og almenn m\u00e1lv\u00edsindi vi\u00f0 H\u00cd<\/a><\/p>\n<p><strong>20. september 2013:\u00a0<\/strong>\"North American Icelandic: Some Elicitation Methods ...\" 4th Annual Workshop on Immigrant Languages in the Americas, H\u00e1sk\u00f3la \u00cdslands.\u00a0<a href=\"http:\/\/uni.hi.is\/hoski\/files\/2011\/01\/Hosk2013NAmIcelElicitation.pdf\">North American Icelandic: Some Elicitation Methods<\/a><\/p>\n<p><strong>25. \u00e1g\u00fast 2013. \"<\/strong>Tilbrig\u00f0i\u00a0\u00ed f\u00e6reyskri og \u00edslenskri setningager\u00f0.\" Fr\u00e6ndafundur, \u00de\u00f3rsh\u00f6fn.<\/p>\n<p><strong>14. ma\u00ed 2013.\u00a0<\/strong>\"Testing an \"Apparent Time Prediction\" in Real Time.\" 25th Scandinavian Conference of Linguistics, H\u00e1sk\u00f3la \u00cdslands.\u00a0<a href=\"http:\/\/uni.hi.is\/hoski\/files\/2011\/01\/SCL25Reykjavik.pdf\">Testing and \"Apparent Time Prediction\" in Real Time<\/a><\/p>\n<p><strong>16. mars 2013.\u00a0<\/strong>\"Tilbrig\u00f0i \u00ed \u00edslensku hlj\u00f3\u00f0kerfi og setningager\u00f0 og m\u00e1lbreytingar \u00ed raunt\u00edma.\" Hugv\u00edsinda\u00feing H\u00e1sk\u00f3la \u00cdslands.<\/p>\n<p><strong>15. okt\u00f3ber 2012:\u00a0<\/strong>\u00a0\"How Do Languages Change?\" Fyrirlestur \u00ed\u00a0<em>Linguistic Colloquium<\/em>\u00a0vi\u00f0 University of California \u00ed San Diego. (\u00deri\u00f0ja ger\u00f0, endursko\u00f0u\u00f0, af fyrirlestri me\u00f0 sama nafni.)<\/p>\n<p><strong>6. september 2012:\u00a0<\/strong>\"How Do Languages Change?\" Bo\u00f0sfyrirlestur, Lundarh\u00e1sk\u00f3la, 6. september. (Endursko\u00f0u\u00f0 og breytt ger\u00f0 af fyrirlestri sem var fluttur vi\u00f0 Bostonh\u00e1sk\u00f3la 23. apr\u00edl.)<\/p>\n<p><strong>14. \u00e1g\u00fast 2012:\u00a0<\/strong>\"On Quantity and Quality in Variation Studies\". Bo\u00f0sfyrirlestur, N\u2019CLAV Grand Meeting, Osl\u00f3 (Lysebu).<\/p>\n<p><strong>23. apr\u00edl 2012: <\/strong>How do languages change? Bo\u00f0sfyrirlestur [Invited talk], Boston University. <a href=\"http:\/\/uni.hi.is\/hoski\/files\/2011\/01\/BUChange2012.pdf\">How do languages change?<\/a><\/p>\n<p><strong>20. apr\u00edl 2012: <\/strong>When is orthography optimal? Bo\u00f0sfyrirlestur [Invited talk], Boston University. <a href=\"http:\/\/uni.hi.is\/hoski\/files\/2011\/01\/OptimalOrthographyBU.pdf\">When is orthography optimal?<\/a><\/p>\n<p><strong>22. mars 2012: <\/strong>Object Shift in (older) Icelandic and Faroese: What does it tell us? Al\u00fej\u00f3\u00f0leg r\u00e1\u00f0stefna um andlagsf\u00e6rslu [International workshop on Object Shift], Gautaborg.<\/p>\n<p><strong>25. mars 2011:\u00a0<\/strong>M\u00e1lbeytingar \u00ed s\u00fdndart\u00edma og raunt\u00edma [Linguistic change in real time and apparent time]. Fyrirlestur \u00e1 <em>Hugv\u00edsinda\u00feingi H\u00e1sk\u00f3la \u00cdslands<\/em> 25. mars. <a href=\"http:\/\/uni.hi.is\/hoski\/files\/2011\/01\/Hugvis2011.pdf\">M\u00e1lbreytingar \u00ed s\u00fdndart\u00edma og raunt\u00edma<\/a><\/p>\n<p><strong>25. febr\u00faar 2011:<\/strong>\u00a0Icelandic A, B, C, D ...? Or: How Long is the Icelandic Alphabet? Fyrirlestur \u00e1 <em>\u00e1rsfundi DGfS<\/em> (Deutsche Gesellschaft f\u00fcr Sprachwissenschaft) \u00ed G\u00f6ttingen. <a href=\"http:\/\/uni.hi.is\/hoski\/files\/2011\/01\/DGfS2011.pdf\">Icelandic A, B, C, D ...<\/a><\/p>\n<p><strong>11. desember 2010: <\/strong>How Can V2 Vary? NORMS-r\u00e1\u00f0stefna [NORMS-workshop]: The Nature, Triggers and Effects of Verb Movement, Amsterdam. <a href=\"http:\/\/uni.hi.is\/hoski\/files\/2011\/01\/AmsterdamPres2010.pdf\">How can V2 Vary?<\/a><\/p>\n<p><strong>8. okt\u00f3ber 2010:\u00a0<\/strong><span style=\"font-family: Calibri;font-size: small\"><span style=\"font-family: Calibri;font-size: small\">The Icelandic variation projects R\u00cdN, IceDiaSyn, FarDiaSyn &amp; RAUN: An overview and some sociolinguistic results. Yfirlitsfyrirlestur fluttur \u00e1 r\u00e1\u00f0stefnunni <em>Nordic Language Variation: Grammatical, Sociolinguistic and Infrastructural Perspectives<\/em>, Reykjav\u00edk. <a href=\"http:\/\/uni.hi.is\/hoski\/files\/2011\/01\/NLVNReykPres.pdf\">NLVNReykPres<\/a><\/span><\/span><\/p>\n<p><span style=\"font-family: Calibri;font-size: small\"><span style=\"font-family: Calibri;font-size: small\"><strong>8. okt\u00f3ber 2010: <\/strong>An overview of Icelandic variation projects. Veggspjald (<em>poster<\/em>) \u00e1 r\u00e1\u00f0stefnunni <em>Nordic Language Variation: Grammatical, Sociolinguistic and Infrastructural Perspectives<\/em>, Reykjav\u00edk.<\/span><\/span><\/p>\n<p><span style=\"font-family: Calibri;font-size: small\"><span style=\"font-family: Calibri;font-size: small\"><strong>8. okt\u00f3ber 2010: <\/strong>R\u00cdN in the 1980s: Phonological variation in Icelandic. Veggspjald (<em>poster<\/em>) \u00e1 r\u00e1\u00f0stefnunni <em>Nordic Language Variation: Grammatical, Sociolinguistic and Infrastructural Perspectives<\/em>, Reykjav\u00edk. (Me\u00f0h\u00f6f. Kristj\u00e1n \u00c1rnason.)<\/span><\/span><\/p>\n<p><span style=\"font-family: Calibri;font-size: small\"><span style=\"font-family: Calibri;font-size: small\"><strong>8. okt\u00f3ber 2010: <\/strong>The extended progressive in Icelandic. Veggspjald (<em>poster<\/em>) \u00e1 r\u00e1\u00f0stefnunni <em>Nordic Language Variation: Grammatical, Sociolinguistic and Infrastructural Perspectives<\/em>, Reykjav\u00edk. (Me\u00f0h\u00f6f. The\u00f3d\u00f3ra A. Torfad\u00f3ttir.)<\/span><\/span><\/p>\n<p><span style=\"font-family: Calibri;font-size: small\"><span style=\"font-family: Calibri;font-size: small\"><strong>8. okt\u00f3ber 2010:\u00a0<\/strong><\/span><\/span>RAUN: Linguistic Change in Real Time in the Phonology and Syntax of Icelandic.\u00a0(Me\u00f0h\u00f6f. Sigr\u00ed\u00f0ur Sigurj\u00f3nsd\u00f3ttir og \u00de\u00f3rhallur\u00a0Ey\u00fe\u00f3rsson.)\u00a0Veggspjald (<em>poster<\/em>) \u00e1 r\u00e1\u00f0stefnunni <em>Nordic Language Variation: Grammatical, Sociolinguistic and Infrastructural Perspectives<\/em>, Reykjav\u00edk.<\/p>\n<p><span style=\"font-family: Calibri;font-size: small\"><span style=\"font-family: Calibri;font-size: small\"><strong>23. \u00e1g\u00fast 2010:<\/strong> Tilbrig\u00f0i \u00ed f\u00e6reyskri setningager\u00f0 - yfirlit.\u00a0 Fluttur \u00e1 r\u00e1\u00f0stefnunni\u00a0<em>M\u00e1lstofa um tilbrig\u00f0i \u00ed f\u00e6reysku m\u00e1li<\/em>, Reykjav\u00edk.<\/span><\/span><\/p>\n<p><strong>23. j\u00fan\u00ed 2010:<\/strong> Ideal Speakers and Other Speakers. Bo\u00f0sfyrirlestur \u00e1 <em>Edisyn 4<\/em>, Donosta\/San Sebastian.<\/p>\n<p><strong>6. mars 2010:<\/strong> Innri og ytri breytileiki \u00ed fallm\u00f6rkun. Fyrirlestur \u00e1 <em>Hugv\u00edsinda\u00feingi H\u00e1sk\u00f3la \u00cdslands<\/em>, Reykjav\u00edk.<\/p>\n<p><span style=\"font-family: Calibri;font-size: small\">\u00a0<\/span><\/p>\n","protected":false},"excerpt":{"rendered":"<p>N\u00fdlegir fyrirlestrar\/Recent conference presentations 24. j\u00fan\u00ed 2024 M\u00e1l\u00feing \u00ed Menningarm\u00e1lar\u00e1\u00f0uneytinu um \"kynhlutlaust m\u00e1l\" - Dreifibla\u00f0 ['Handout from a seminar in the Ministry of Culture on gender-neutral language'] Kynhlutlaust_Raduneyti 26. og 27. september 2023\u00a0 Vestur\u00edslenska - Hva\u00f0 vitum vi\u00f0 um hana? ['North-American Icelandic. What Do We Know about It?'] Erindi flutt \u00e1 Amtsb\u00f3kasafninu \u00e1 Akureyri 26. [&hellip;]<\/p>\n","protected":false},"author":47,"featured_media":0,"parent":0,"menu_order":0,"comment_status":"closed","ping_status":"closed","template":"","meta":{"footnotes":""},"class_list":["post-93","page","type-page","status-publish","hentry"],"_links":{"self":[{"href":"https:\/\/uni.hi.is\/hoski\/wp-json\/wp\/v2\/pages\/93","targetHints":{"allow":["GET"]}}],"collection":[{"href":"https:\/\/uni.hi.is\/hoski\/wp-json\/wp\/v2\/pages"}],"about":[{"href":"https:\/\/uni.hi.is\/hoski\/wp-json\/wp\/v2\/types\/page"}],"author":[{"embeddable":true,"href":"https:\/\/uni.hi.is\/hoski\/wp-json\/wp\/v2\/users\/47"}],"replies":[{"embeddable":true,"href":"https:\/\/uni.hi.is\/hoski\/wp-json\/wp\/v2\/comments?post=93"}],"version-history":[{"count":75,"href":"https:\/\/uni.hi.is\/hoski\/wp-json\/wp\/v2\/pages\/93\/revisions"}],"predecessor-version":[{"id":795,"href":"https:\/\/uni.hi.is\/hoski\/wp-json\/wp\/v2\/pages\/93\/revisions\/795"}],"wp:attachment":[{"href":"https:\/\/uni.hi.is\/hoski\/wp-json\/wp\/v2\/media?parent=93"}],"curies":[{"name":"wp","href":"https:\/\/api.w.org\/{rel}","templated":true}]}}