{"id":170,"date":"2022-02-10T15:43:06","date_gmt":"2022-02-10T15:43:06","guid":{"rendered":"https:\/\/uni.hi.is\/hrandhawa\/?page_id=170"},"modified":"2024-01-30T14:54:13","modified_gmt":"2024-01-30T14:54:13","slug":"teaching","status":"publish","type":"page","link":"https:\/\/uni.hi.is\/hrandhawa\/teaching\/","title":{"rendered":"Teaching"},"content":{"rendered":"<p><span style=\"font-size: 18pt\"><strong><span style=\"color: #3366ff\">2024<\/span><\/strong><\/span><\/p>\n<p>L\u00cdF055M - Ecology of the Deepsea<\/p>\n<p>L\u00cdF128F - Skipulag og a\u00f0fer\u00f0ir \u00ed ranns\u00f3knum (Introduction to Research and the Scientific Community)<\/p>\n<p>L\u00cdF129F - Vistfr\u00e6\u00f0i sj\u00e1var\u00fatvegs (Fisheries Ecology)<\/p>\n<p>L\u00cdF130F - A\u00f0fer\u00f0ir fyrir fiski, -sj\u00e1var- og vatnal\u00edffr\u00e6\u00f0i ranns\u00f3knir (Methods in Fisheries, Marine and Freshwater Research)<\/p>\n<p>L\u00cdF201M - Sj\u00e1varvistfr\u00e6\u00f0i (Marine Ecology)<\/p>\n<p>L\u00cdF214G - D\u00fdrafr\u00e6\u00f0i - hryggleysingjar (Invertebrate Zoology)<\/p>\n<p>L\u00cdF247F\/L\u00cdF658G - Sn\u00edkjud\u00fdrafr\u00e6\u00f0i (Parasitology)<\/p>\n<p>L\u00cdF265L - <span id=\"course_name\">Ranns\u00f3knarverkefni i l\u00edffr\u00e6\u00f0i<\/span> (Research Project in Biology)<\/p>\n<p>L\u00cdF441L - Lokaverkefni MSc (Final Project MSc in Biology)<\/p>\n<p>L\u00cdF532M - Fiskavistfr\u00e6\u00f0i (Fish Ecology)<\/p>\n<p>L\u00cdF561F - Lokaverkefni (PhD Project in Biology)<\/p>\n<p>LTF301F - Verkefni til meistarapr\u00f3fs \u00ed l\u00edft\u00f6lfr\u00e6di (Final Project MSc in Biostatistics)<\/p>\n<p><span style=\"font-size: 18pt;color: #3366ff\"><strong>2023<\/strong><\/span><\/p>\n<p>L\u00cdF055M - Biology of the Mesopelagic Zone<\/p>\n<p>L\u00cdF127F\/L\u00cdF544G - Lifm\u00e6lingar (Biometry)<\/p>\n<p>L\u00cdF128F - Skipulag og a\u00f0fer\u00f0ir \u00ed ranns\u00f3knum (Introduction to Research and the Scientific Community)<\/p>\n<p>L\u00cdF129F - Vistfr\u00e6\u00f0i sj\u00e1var\u00fatvegs (Fisheries Ecology)<\/p>\n<p>L\u00cdF130F - A\u00f0fer\u00f0ir fyrir fiski, -sj\u00e1var- og vatnal\u00edffr\u00e6\u00f0i ranns\u00f3knir (Methods in Fisheries, Marine and Freshwater Research)<\/p>\n<p>L\u00cdF201M - Sj\u00e1varvistfr\u00e6\u00f0i (Marine Ecology)<\/p>\n<p>L\u00cdF214G - D\u00fdrafr\u00e6\u00f0i - hryggleysingjar (Invertebrate Zoology)<\/p>\n<p>L\u00cdF217F - N\u00e1mskei\u00f0 til meistarapr\u00f3fs \u00ed l\u00edffr\u00e6\u00f0i (Literature Study for the Master's Degree in Biology)<\/p>\n<p>L\u00cdF247F\/L\u00cdF658G - Sn\u00edkjud\u00fdrafr\u00e6\u00f0i (Parasitology)<\/p>\n<p>L\u00cdF265L - <span id=\"course_name\">Ranns\u00f3knarverkefni i l\u00edffr\u00e6\u00f0i<\/span> (Research Project in Biology)<\/p>\n<p>L\u00cdF441L - Lokaverkefni MSc (Final Project MSc)<\/p>\n<p>L\u00cdF532M - Fiskavistfr\u00e6\u00f0i (Fish Ecology)<\/p>\n<p>UAU128F - Hafi\u00f0 og sj\u00e1lfb\u00e6rni (Ocean Sustainability)<\/p>\n<p><span style=\"font-size: 18pt\"><strong><span style=\"color: #3366ff\">2022<\/span><\/strong><\/span><\/p>\n<p><span style=\"color: #000000\">L\u00cdF127F\/L\u00cdF655G - Lifm\u00e6lingar II (Biometry II)<\/span><\/p>\n<p><span style=\"color: #000000\">L\u00cdF128F - Skipulag og a\u00f0fer\u00f0ir \u00ed ranns\u00f3knum (Introduction to Research and the Scientific Community)<\/span><\/p>\n<p>L\u00cdF129F - Vistfr\u00e6\u00f0i sj\u00e1var\u00fatvegs (Fisheries Ecology)<\/p>\n<p><span style=\"color: #000000\">L\u00cdF130F - A\u00f0fer\u00f0ir fyrir fiski, -sj\u00e1var- og vatnal\u00edffr\u00e6\u00f0i ranns\u00f3knir (Methods in Fisheries, Marine and Freshwater Research)<\/span><\/p>\n<p><span style=\"color: #000000\">L\u00cdF201M - Sj\u00e1var- og vatnavistkerfi (Marine and Freshwater Ecosystems)<\/span><\/p>\n<p><span style=\"color: #000000\">L\u00cdF214G - D\u00fdrafr\u00e6\u00f0i - hryggleysingjar (Invertebrate Zoology)<\/span><\/p>\n<p><span style=\"color: #000000\">L\u00cdF217F - N\u00e1mskei\u00f0 til meistarapr\u00f3fs \u00ed l\u00edffr\u00e6\u00f0i (Literature Study for the Master's Degree in Biology)<\/span><\/p>\n<p><span style=\"color: #000000\">L\u00cdF265L - <span id=\"course_name\">Ranns\u00f3knarverkefni i l\u00edffr\u00e6\u00f0i<\/span> (Research Project in Biology)<\/span><\/p>\n<p><span style=\"color: #000000\">L\u00cdF311G - Vistfr\u00e6\u00f0i (Ecology)<\/span><\/p>\n<p>L\u00cdF441L - Lokaverkefni MSc (Final Project MSc)<\/p>\n<p><span style=\"color: #000000\">L\u00cdF532M - Fiskavistfr\u00e6\u00f0i (Fish Ecology)<\/span><\/p>\n<p>&nbsp;<\/p>\n<p><span style=\"font-size: 18pt;color: #3366ff\"><strong>2021<\/strong><\/span><\/p>\n<p><span style=\"color: #000000\">L\u00cdF127F\/L\u00cdF655G - Lifm\u00e6lingar II (Biometry II)<\/span><\/p>\n<p><span style=\"color: #000000\">L\u00cdF128F - Skipulag og a\u00f0fer\u00f0ir \u00ed ranns\u00f3knum (Introduction to Research and the Scientific Community)<\/span><\/p>\n<p><span style=\"color: #000000\">L\u00cdF130F - A\u00f0fer\u00f0ir fyrir fiski, -sj\u00e1var- og vatnal\u00edffr\u00e6\u00f0i ranns\u00f3knir (Methods in Fisheries, Marine and Freshwater Research)<\/span><\/p>\n<p><span style=\"color: #000000\">L\u00cdF201M - Sj\u00e1var- og vatnavistkerfi (Marine and Freshwater Ecosystems)<\/span><\/p>\n<p><span style=\"color: #000000\">L\u00cdF532M - Fiskavistfr\u00e6\u00f0i (Fish Ecology)<\/span><\/p>\n<p><span style=\"color: #000000\">L\u00cdF536G - <span id=\"course_name\">Vettvangsn\u00e1mskei\u00f0 \u00ed vistfr\u00e6\u00f0i<\/span> (Field Ecology)<\/span><\/p>\n","protected":false},"excerpt":{"rendered":"<p>2024 L\u00cdF055M - Ecology of the Deepsea L\u00cdF128F - Skipulag og a\u00f0fer\u00f0ir \u00ed ranns\u00f3knum (Introduction to Research and the Scientific Community) L\u00cdF129F - Vistfr\u00e6\u00f0i sj\u00e1var\u00fatvegs (Fisheries Ecology) L\u00cdF130F - A\u00f0fer\u00f0ir fyrir fiski, -sj\u00e1var- og vatnal\u00edffr\u00e6\u00f0i ranns\u00f3knir (Methods in Fisheries, Marine and Freshwater Research) L\u00cdF201M - Sj\u00e1varvistfr\u00e6\u00f0i (Marine Ecology) L\u00cdF214G - D\u00fdrafr\u00e6\u00f0i - hryggleysingjar (Invertebrate Zoology) [&hellip;]<\/p>\n","protected":false},"author":1580,"featured_media":0,"parent":0,"menu_order":0,"comment_status":"closed","ping_status":"closed","template":"","meta":{"footnotes":""},"class_list":["post-170","page","type-page","status-publish","hentry"],"_links":{"self":[{"href":"https:\/\/uni.hi.is\/hrandhawa\/wp-json\/wp\/v2\/pages\/170","targetHints":{"allow":["GET"]}}],"collection":[{"href":"https:\/\/uni.hi.is\/hrandhawa\/wp-json\/wp\/v2\/pages"}],"about":[{"href":"https:\/\/uni.hi.is\/hrandhawa\/wp-json\/wp\/v2\/types\/page"}],"author":[{"embeddable":true,"href":"https:\/\/uni.hi.is\/hrandhawa\/wp-json\/wp\/v2\/users\/1580"}],"replies":[{"embeddable":true,"href":"https:\/\/uni.hi.is\/hrandhawa\/wp-json\/wp\/v2\/comments?post=170"}],"version-history":[{"count":11,"href":"https:\/\/uni.hi.is\/hrandhawa\/wp-json\/wp\/v2\/pages\/170\/revisions"}],"predecessor-version":[{"id":406,"href":"https:\/\/uni.hi.is\/hrandhawa\/wp-json\/wp\/v2\/pages\/170\/revisions\/406"}],"wp:attachment":[{"href":"https:\/\/uni.hi.is\/hrandhawa\/wp-json\/wp\/v2\/media?parent=170"}],"curies":[{"name":"wp","href":"https:\/\/api.w.org\/{rel}","templated":true}]}}