{"id":34,"date":"2022-01-24T16:13:16","date_gmt":"2022-01-24T16:13:16","guid":{"rendered":"https:\/\/uni.hi.is\/hrandhawa\/?page_id=34"},"modified":"2026-02-11T22:41:21","modified_gmt":"2026-02-11T22:41:21","slug":"publications","status":"publish","type":"page","link":"https:\/\/uni.hi.is\/hrandhawa\/publications\/","title":{"rendered":"Publications"},"content":{"rendered":"<p><span style=\"font-size: 18pt\"><strong><span style=\"color: #3366ff\">2026<\/span><\/strong><\/span><\/p>\n<p>Omari S, <span style=\"color: #333333\"><strong>Randhawa HS<\/strong><\/span>, Tazerouti F (2026) Re-description and molecular characterization of <em>Acanthobothrium minus<\/em> Tazerouti, Kechemir-Issad and Euzet, 2009 (Onchoproteocephalidea, Onchobothriidae) from two skates (Elasmobranchii, Rajidae) off the Algerian Coast, Western Mediterranean. <em>Journal of Helminthology<\/em><strong> 100<\/strong>: e17. (<a href=\"https:\/\/www.cambridge.org\/core\/journals\/journal-of-helminthology\/article\/redescription-and-molecular-characterization-of-acanthobothrium-minus-tazerouti-kechemirissad-and-euzet-2009-onchoproteocephalidea-onchobothriidae-from-two-skates-elasmobranchii-rajidae-off-the-algerian-coast-western-mediterranean\/4F840F68576A8EE9DB0CCBD1603C63C9\">Link<\/a>)<\/p>\n<p><span style=\"font-size: 18pt\"><strong><span style=\"color: #3366ff\">2025<\/span><\/strong><\/span><\/p>\n<p>Gu\u00f0mundsson T, <span style=\"color: #000000\"><strong>Randhawa HS <\/strong><\/span>(2025) Parasite diversity in haddock (<em>Melanogrammus aeglefinus<\/em>) from Icelandic waters. <em>Journal of Helminthology <\/em><strong>99: <\/strong>e125<em>. <\/em>(<a href=\"https:\/\/www.cambridge.org\/core\/journals\/journal-of-helminthology\/article\/parasite-diversity-in-haddock-melanogrammus-aeglefinus-from-icelandic-waters\/4346D1BD3E998D03ACBF6B086A9807F4\">L<\/a>ink)<\/p>\n<p>Chosson V, de Montety L, Halld\u00f3rsson SD, <span style=\"color: #000000\"><strong>Randhawa HS<\/strong><\/span> (2025) First record of <em>Ogmogaster antarctica<\/em> Johnston, 1931 on the edge of the Arctic Ocean, in Icelandic waters. <em>International Journal for Parasitology: Parasites and Wildlife<\/em> <strong>28<\/strong>: 101131. (<a href=\"https:\/\/www.sciencedirect.com\/science\/article\/pii\/S2213224425000963\">Link<\/a>)<\/p>\n<p>Lee B, \u00d3lafsd\u00f3ttir AH, Jacobsen JA, Post S, H\u00f8ines \u00c5, Gon\u00e7alves P, <span style=\"color: #000000\"><strong>Randhawa HS<\/strong><\/span> (2025) Unravelling blue whiting\u2018s population structure in the Northeast Atlantic: navigating contradictions towards resolution. <em>Reviews in Fish Biology and Fisheries<\/em> <strong>35<\/strong>: 1661-1680. (<a href=\"https:\/\/link.springer.com\/article\/10.1007\/s11160-025-09976-1\">Link<\/a>)<\/p>\n<p>Lee B, \u00d3lafsd\u00f3ttir AH, Post S, <span style=\"color: #000000\"><strong>Randhawa HS<\/strong><\/span> (2025) Blue whiting in Icelandic waters: migration, residency, and population connectivity. <em>Marine Ecology Progress Series<\/em> <strong>769: <\/strong>147\u2013168. (<a href=\"https:\/\/www.int-res.com\/abstracts\/meps\/v769\/meps14925\">Link<\/a>).<\/p>\n<p>Pubert E-M, <span style=\"color: #000000\"><strong>Randhawa HS<\/strong><\/span> (2025) Parasite diversity in plaice (<em>Pleuronectes platessa<\/em>): potential tool for stock identification in Icelandic waters? <em>Journal of Helminthology<\/em> <strong>99<\/strong><strong>: <\/strong>e90. (<a href=\"https:\/\/www.cambridge.org\/core\/journals\/journal-of-helminthology\/article\/parasite-diversity-in-plaice-pleuronectes-platessa-potential-tool-for-stock-identification-in-icelandic-waters\/99E7B8AA5B33B1FF25B0C00840E391D5\">Link<\/a>)<\/p>\n<p><span style=\"font-size: 18pt\"><strong><span style=\"color: #3366ff\">2024<\/span><\/strong><\/span><\/p>\n<p>Pampoulie C, Brix S, <span style=\"color: #000000\"><strong>Randhawa HS<\/strong><\/span> (2024) The Greenland-Scotland Ridge in a changing ocean: Time to act? <em>Marine Ecology<\/em> e12830. (<a href=\"https:\/\/onlinelibrary.wiley.com\/doi\/10.1111\/maec.12830\">Link<\/a>)<\/p>\n<p>Lee B, Skeljo F, <span style=\"color: #000000\"><strong>Randhawa HS<\/strong><\/span>, Brownscombe W, Arkhipkin AI (2024) Early life-history patterns in Patagonian toothfish <em>Dissostichus eleginoides<\/em> from the Patagonian Shelf.<em> Marine Ecology Progress Series<\/em> <strong>726<\/strong>: 131-148. (<a href=\"https:\/\/www.int-res.com\/abstracts\/meps\/v726\/p131-148\/\">Link<\/a>)<\/p>\n<p>&nbsp;<\/p>\n<p><span style=\"font-size: 18pt\"><strong><span style=\"color: #3366ff\">2023<\/span><\/strong><\/span><\/p>\n<p>Beer A, Burns E, <span style=\"color: #000000\"><strong>Randhawa HS <\/strong><\/span>(2023) Natural history collection: an important source of information on parasite biodiversity in New Zealand waters. <em>New Zealand Journal of Zoology<\/em> <strong>50<\/strong>: 351-367. (<a href=\"https:\/\/www.tandfonline.com\/doi\/full\/10.1080\/03014223.2022.2067190\">Link<\/a>)<\/p>\n<p>Chosson V, <span style=\"color: #000000\"><strong>Randhawa HS<\/strong><\/span>, Sigur\u00f0sson GM, Halld\u00f3rsson SD, Bj\u00f6rnsson \u00de\u00de, Svansson V, Granquist SM, Gunnarsson K, Samarra FIP, Pampoulie C (2023) First record of Risso\u2019s dolphin <em>Grampus griseus<\/em> (Cuvier, 1812) in Icelandic waters. <em>Ecology and Evolution<\/em> <strong>13<\/strong>: e10477. (<a href=\"https:\/\/onlinelibrary.wiley.com\/doi\/epdf\/10.1002\/ece3.10477\">Link<\/a>)<\/p>\n<p><span style=\"color: #000000\">West D, Pointing S, <strong>Randhawa HS<\/strong>, Mastin A, Rogan MT (2023) Current status of cystic echinococcosis control in the Falkland Islands: has elimination been achieved? <em>Parasitology\u00a0<\/em><strong>150<\/strong><em>: <\/em>416-425. (<a class=\"app-link app-link__text app-link--accent\" href=\"https:\/\/www.cambridge.org\/core\/journals\/parasitology\/article\/current-status-of-cystic-echinococcosis-control-in-the-falkland-islands-has-elimination-been-achieved\/5CA927ECA362058392B594F8D03EDAED\" target=\"_blank\" rel=\"noopener\" data-v-534b82bd=\"\" data-v-494bc14d=\"\"><span class=\"text\" data-v-534b82bd=\"\">Link<\/span><\/a>)<\/span><\/p>\n<p>&nbsp;<\/p>\n<p><span style=\"font-size: 18pt\"><strong><span style=\"color: #3366ff\">2022<\/span><\/strong><\/span><\/p>\n<p>Lee B, Skeljo F, <span style=\"color: #000000\"><strong>Randhawa HS<\/strong><\/span>, Arkhipkin AI (2022) Deep-sea movement patterns of the Patagonian toothfish <em>Dissostichus eleginoides<\/em> Smitt 1898, in the Southwest Atlantic. <em>Marine and Freshwater Research<\/em> <strong>73<\/strong>: 833-845. (<a href=\"https:\/\/www.publish.csiro.au\/MF\/MF21338\">Link<\/a>)<\/p>\n<p>&nbsp;<\/p>\n<p><span style=\"font-size: 18pt;color: #3366ff\"><strong>2021<\/strong><\/span><\/p>\n<p>Brickle P, <span style=\"color: #000000\"><strong>Randhawa HS<\/strong><\/span>, Reid MR, Lee B, Shcherbich Z, Arkhipkin AI (2021) Otolith trace element analyses and parasites provide useful tools for the stock discrimination of <em>Patagonotothen ramsayi<\/em> (Regan, 1913) (Nototheniidae) on the Patagonian Shelf. <em>Fisheries Research<\/em> <strong>244<\/strong>: 106129. (<a href=\"https:\/\/www.sciencedirect.com\/science\/article\/pii\/S0165783621002575\">Link<\/a>)<\/p>\n<p>Lee B, Arkhipkin AI, <span style=\"color: #000000\"><strong>Randhawa HS<\/strong><\/span> (2021) Environmental drivers of Patagonian toothfish (<em>Dissostichus eleginoides<\/em>) spatial-temporal patterns during an ontogenetic migration on the Patagonian Shelf. <em>Estuarine, Coastal and Shelf Science<\/em> <strong>259<\/strong>: 107473. (<a href=\"https:\/\/www.sciencedirect.com\/science\/article\/pii\/S0272771421003255?via%3Dihub\">Link<\/a>)<\/p>\n<p><strong><em>\u00a0<\/em><\/strong><\/p>\n<p><span style=\"color: #3366ff;font-size: 18pt\"><strong>2020<\/strong><\/span><\/p>\n<p><strong><span style=\"color: #000000\">Randhawa HS<\/span>, <\/strong>Poulin R (2020) Tapeworm discovery in elasmobranch fishes: quantifying patterns and identifying correlates. <em>Marine &amp; Freshwater Research<\/em>.<strong> 71<\/strong>: 78\u201388. (<a href=\"https:\/\/www.publish.csiro.au\/MF\/MF18418\">Link<\/a>)<\/p>\n<p><strong>\u00a0<\/strong><\/p>\n<p><span style=\"color: #3366ff;font-size: 18pt\"><strong>2019<\/strong><\/span><\/p>\n<p>Beer A, Ingram T, <span style=\"color: #000000\"><strong>Randhawa HS <\/strong><\/span>(2019) Role of ecology and phylogeny in determining tapeworm assemblages in Rajiformes (skates). <em>Journal of Helminthology. <\/em><strong>93<\/strong>: 738\u2013751. (<a href=\"https:\/\/www.cambridge.org\/core\/journals\/journal-of-helminthology\/article\/abs\/role-of-ecology-and-phylogeny-in-determining-tapeworm-assemblages-in-skates-rajiformes\/85E90A497B3A770198E8BB03C2469934\">Link<\/a>)<\/p>\n<p>Lee B, Cockroft K, Arkhipkin AI, Wing SR, <span style=\"color: #000000\"><strong>Randhawa HS <\/strong><\/span>(2019) Age, growth and mortality estimates for the ridged-scale grenadier <em>Macrourus carinatus<\/em> (G\u00fcnther, 1878) in the south-western Atlantic. <em>Fisheries Research. <\/em><strong>218<\/strong>: 174-185. (<a href=\"https:\/\/www.sciencedirect.com\/science\/article\/pii\/S0165783619301286?via%3Dihub\">Link<\/a>)<\/p>\n<p>Benmeslem K, <span style=\"color: #000000\"><strong>Randhawa HS<\/strong><\/span>, Tazerouti F (2019) Description of a new species of rhinebothriidean tapeworm from the skate <em>Dipturus batis<\/em> in the Mediterranean Sea. <em>Journal of Helminthology<\/em>. <strong>93<\/strong>: 589\u2013600. (<a href=\"https:\/\/www.cambridge.org\/core\/journals\/journal-of-helminthology\/article\/abs\/description-of-a-new-species-of-rhinebothriidean-tapeworm-from-the-skate-dipturus-batis-in-the-mediterranean-sea\/332C581F7BAAB4A91F0BE444C2CCEC0E\">Link<\/a>)<\/p>\n<p>Bennett J, Jorge F, Poulin R, <span style=\"color: #000000\"><strong>Randhawa HS <\/strong><\/span>(2019) Revealing trophic transmission pathways of marine tapeworms. <em>Parasitology Research.<\/em><strong> 118<\/strong>: 1435\u20131444. (<a href=\"https:\/\/link.springer.com\/article\/10.1007%2Fs00436-019-06264-3\">Link<\/a>)<\/p>\n<p>Bennett J, <span style=\"color: #000000\"><strong>Randhawa HS <\/strong><\/span>(2019) Diet composition of New Zealand\u2019s endemic rough skate, <em>Zearaja nasuta<\/em>. <em>New Zealand Journal of Marine and Freshwater Research<\/em>. <strong>53: <\/strong>162\u2013168. (<a href=\"https:\/\/www.tandfonline.com\/doi\/abs\/10.1080\/00288330.2018.1541813?journalCode=tnzm20\">Link<\/a>)<\/p>\n<p>&nbsp;<\/p>\n<p><span style=\"font-size: 18pt;color: #3366ff\"><strong>2018<\/strong><\/span><\/p>\n<p>Rasmussen TK, <span style=\"color: #000000\"><strong>Randhawa HS <\/strong><\/span>(2018) The influence of host diet on parasite diversity: a case study looking at tapeworm diversity among sharks. <em>Marine Ecology Progress Series<\/em>. <strong>605:<\/strong> 1\u201316. \u2013 <a href=\"https:\/\/www.int-res.com\/abstracts\/meps\/v605\/p1-16\/\"><strong>Feature article<\/strong><\/a><\/p>\n<p>Lee B, Brewin P, Brickle P, <span style=\"color: #000000\"><strong>Randhawa HS<\/strong><\/span> (2018) Use of otolith shape to inform structure in Patagonian toothfish (<em>Dissostichus eleginoides<\/em>) in the Southwest Atlantic. <em>Marine and Freshwater Research<\/em>. <strong>69<\/strong>: 1238 \u2013 1247. (<a href=\"https:\/\/www.publish.csiro.au\/mf\/mf17327\">Link<\/a>)<\/p>\n<p>P\u00e9rez-Ponce de L\u00e9on G, Anglade T, <span style=\"color: #000000\"><strong>Randhawa HS <\/strong><\/span>(2018) A new species of <em>Steringotrema<\/em> Odhner, 1911 (Trematoda: Fellodistomidae) from the New Zealand sole <em>Peltorhamphus novaezeelandiae<\/em> G\u00fcnther off Kaka Point in the Catlins, South Island, New Zealand. <em>Systematic Parasitology.<\/em> <strong>95<\/strong>: 213\u2013222. (<a href=\"https:\/\/link.springer.com\/article\/10.1007%2Fs11230-018-9773-5\">Link<\/a>)<\/p>\n<p>Anglade T, <span style=\"color: #000000\"><strong>Randhawa HS<\/strong><\/span> (2018) Gaining insights into the ecological role of the New Zealand sole (<em>Peltorhamphus novaezeelandiae<\/em>) through parasites. <em>Journal of Helminthology<\/em>. <strong>92<\/strong>: 187\u2013196. (Link)<\/p>\n<p><strong>\u00a0<\/strong><\/p>\n<p><span style=\"font-size: 18pt;color: #3366ff\"><strong>2017<\/strong><\/span><\/p>\n<p>Lehnert K, <span style=\"color: #000000\"><strong>Randhawa HS<\/strong><\/span>, Poulin R (2017) Metazoan parasites from odontocetes off New Zealand: new records. <em>Parasitology Research<\/em>. <strong>116<\/strong>: 2861\u20132868. (<a href=\"https:\/\/link.springer.com\/article\/10.1007%2Fs00436-017-5573-0\">Link<\/a>)<\/p>\n<p>Harland T, Wald N, <span style=\"color: #000000\"><strong>Randhawa HS <\/strong><\/span>(2017) Student peer review: enhancing formative feedback with a rebuttal. <em>Assessment and Evaluation in Higher Education<\/em>. <strong>42: <\/strong>801\u2013811. (<a href=\"https:\/\/www.tandfonline.com\/doi\/full\/10.1080\/02602938.2016.1194368\">Link<\/a>)<\/p>\n<p><strong>\u00a0<\/strong><\/p>\n<p><span style=\"font-size: 18pt;color: #3366ff\"><strong>2016<\/strong><\/span><\/p>\n<p>Poulin R, Blasco-Costa I, <span style=\"color: #000000\"><strong>Randhawa HS<\/strong><\/span> (2016) Integrating parasitology and marine ecology: seven challenges towards greater synergy. <em>Journal of Sea Research.<\/em> <strong>113<\/strong>: 3\u201310. (<a href=\"https:\/\/www.sciencedirect.com\/science\/article\/pii\/S1385110114001944\">Link<\/a>)<\/p>\n<p>Brickle P, Schuchert PC, Arkhipkin A, Reid MR, <span style=\"color: #000000\"><strong>Randhawa HS<\/strong><\/span> (2016) Otolith trace elemental analyses of South American austral hake, <em>Merluccius australis<\/em> (Hutton, 1872) indicates complex salinity structuring on their spawning grounds. <em>PLoS One.<\/em> <strong>11: <\/strong>e0145479. (<a href=\"https:\/\/journals.plos.org\/plosone\/article?id=10.1371\/journal.pone.0145479\">Link<\/a>)<\/p>\n<p>Poulin R, Besson A, B\u00e9langer Morin M, <span style=\"color: #000000\"><strong>Randhawa HS<\/strong><\/span> (2016) Missing links: testing the completeness of host-parasite checklists. <em>Parasitology. <\/em><strong>143<\/strong>: 114\u2013122. (<a href=\"https:\/\/www.cambridge.org\/core\/journals\/parasitology\/article\/abs\/missing-links-testing-the-completeness-of-hostparasite-checklists\/ABEDFBC56C3A41BBC769ACC81BCEB5A9\">Link<\/a>)<\/p>\n<p><strong>\u00a0<\/strong><\/p>\n<p><span style=\"font-size: 18pt;color: #3366ff\"><strong>2015<\/strong><\/span><\/p>\n<p>Rasmussen TK, <span style=\"color: #000000\"><strong>Randhawa HS<\/strong><\/span> (2015) Factors influencing spatial variation of a mermithid parasite in sand hoppers. <em>Parasitology Research. <\/em><strong>114<\/strong>: 895\u2013901. (<a href=\"https:\/\/link.springer.com\/article\/10.1007%2Fs00436-014-4254-5\">Link<\/a>)<\/p>\n<p>Poulin R, <span style=\"color: #000000\"><strong>Randhawa HS<\/strong> <\/span>(2015) Evolution of parasitism along convergent lines: from ecology to genomics. <em>Parasitology<\/em>. <strong>142<\/strong>: S6\u2013S15. (<a href=\"https:\/\/www.cambridge.org\/core\/journals\/parasitology\/article\/evolution-of-parasitism-along-convergent-lines-from-ecology-to-genomics\/43EA8DA05AB4C42A8A162882AF36D6B2\">Link<\/a>)<\/p>\n<p><span style=\"color: #000000\"><strong>Randhawa HS<\/strong>,<\/span> Poulin, R, Krkosek, M (2015) Unprecedented rate of species discovery in sharks coincides with rapid population declines: implications for biodiversity. <em>Ecography<\/em>. <strong>38<\/strong>: 96\u2013107. (<a href=\"https:\/\/onlinelibrary.wiley.com\/doi\/10.1111\/ecog.00793\">Link<\/a>)<\/p>\n<p><strong>\u00a0<\/strong><\/p>\n<p><span style=\"font-size: 18pt;color: #3366ff\"><strong>2013<\/strong><\/span><\/p>\n<p>Koprivnikar J, <span style=\"color: #000000\"><strong>Randhawa HS <\/strong><\/span>(2013) Benefits of fidelity: does host specialization impact nematode parasite life history and fecundity? <em>Parasitology<\/em>. <strong>140<\/strong>: 587\u2013597. (Link)<\/p>\n<p><strong>\u00a0<\/strong><\/p>\n<p><span style=\"font-size: 18pt;color: #3366ff\"><strong>2012<\/strong><\/span><\/p>\n<p>Presswell B, Melville, DS, <span style=\"color: #000000\"><strong>Randhawa HS<\/strong><\/span> (2012) Tapeworm bolus expelled from New Zealand variable oystercatchers (<em>Haematopus unicolor<\/em>) during handling: first record of this phenomenon in wild birds, and a global checklist of <em>Haematopus<\/em> cestode parasites. <em>Parasitology Research. <\/em><strong>111<\/strong>: 2455\u20132460. (<a href=\"https:\/\/link.springer.com\/article\/10.1007%2Fs00436-012-2992-9\">Link<\/a>)<\/p>\n<p>Presswell B, Poulin, R, <span style=\"color: #000000\"><strong>Randhawa HS<\/strong><\/span> (2012) First report of a gryporhynchid tapeworm (Cestoda: Cyclophyllidea) from New Zealand and eleotrid fish, described from metacestodes and <em>in vitro<\/em>-grown worms. <em>Journal of Helminthology. <\/em><strong>86<\/strong>: 453\u2013464. (<a href=\"https:\/\/www.cambridge.org\/core\/journals\/journal-of-helminthology\/article\/abs\/first-report-of-a-gryporhynchid-tapeworm-cestoda-cyclophyllidea-from-new-zealand-and-from-an-eleotrid-fish-described-from-metacestodes-and-in-vitrogrown-worms\/5CD9E39AB373D2B5374822F2B974B6BC\">Link<\/a>)<\/p>\n<p><span style=\"color: #000000\"><strong>Randhawa HS<\/strong><\/span> (2012) Numerical and functional responses of intestinal helminths in three rajid skates: evidence for competition between parasites? <em>Parasitology. <\/em><strong>139<\/strong>: 1784\u20131793. (<a href=\"https:\/\/www.cambridge.org\/core\/journals\/parasitology\/article\/abs\/numerical-and-functional-responses-of-intestinal-helminths-in-three-rajid-skates-evidence-for-competition-between-parasites\/3FB8C06A2FE66BB4DBE466D7FC54E1EB\">Link<\/a>)<\/p>\n<p>Peoples RC, <strong><span style=\"color: #000000\">Randhawa HS<\/span>,<\/strong> Poulin R (2012) Parasitism and its impact in an intertidal polychaete community. <em>Journal of the Marine Biological Association of the UK.<\/em> <strong>92<\/strong>: 449\u2013455. (<a href=\"https:\/\/www.cambridge.org\/core\/journals\/journal-of-the-marine-biological-association-of-the-united-kingdom\/article\/abs\/parasites-of-polychaetes-and-their-impact-on-host-survival-in-otago-harbour-new-zealand\/06DFC2B996936D25D3CA5A0D6E8A4FB8\">Link<\/a>)<\/p>\n<p>Koehler AV, Springer YP, <span style=\"color: #000000\"><strong>Randhawa HS<\/strong><\/span>, Leung TLF, Keeney DB, Poulin R (2012) Genetic and phenotypic correlates of clone-level success and host specialization in a generalist parasite. <em>Journal of Evolutionary Biology<\/em>, <strong>25<\/strong>: 66\u201379. (<a href=\"https:\/\/onlinelibrary.wiley.com\/doi\/10.1111\/j.1420-9101.2011.02402.x\">Link<\/a>)<\/p>\n<p><strong>\u00a0<\/strong><\/p>\n<p><span style=\"font-size: 18pt;color: #3366ff\"><strong>2011<\/strong><\/span><\/p>\n<p>Munoz G, <span style=\"color: #000000\"><strong>Randhawa HS<\/strong><\/span> (2011) Monthly variation in the parasite communities of the intertidal fish <em>Scartichthys viridis<\/em> (Blenniidae) from central Chile: are there seasonal patterns? <em>Parasitology Research<\/em>, <strong>109<\/strong>: 53\u201362. (<a href=\"https:\/\/link.springer.com\/article\/10.1007%2Fs00436-010-2220-4\">Link<\/a>)<\/p>\n<p><strong><span style=\"color: #000000\">Randhawa HS<\/span>,<\/strong> Brickle P (2011) Larval parasite gene sequence data reveal cryptic trophic links in life cycles of porbeagle shark tapeworms. <em>Marine Ecology Progress Series<\/em>, <strong>431<\/strong>: 215\u2013222. (<a href=\"https:\/\/www.int-res.com\/abstracts\/meps\/v431\/p215-222\/\">Link<\/a>)<\/p>\n<p><span style=\"color: #000000\"><strong>Randhawa HS<\/strong><\/span> (2011) Insights into the lifecycle of a tapeworm infecting great white sharks using a molecular approach. <em>Journal of Parasitology<\/em>, <strong>97<\/strong>: 275\u2013280. (<a href=\"https:\/\/bioone.org\/journals\/journal-of-parasitology\/volume-97\/issue-2\/GE-2530.1\/Insights-Using-a-Molecular-Approach-Into-the-Life-Cycle-of\/10.1645\/GE-2530.1.short\">Link<\/a>)<\/p>\n<p>Poulin R, Guilhaumon F, <span style=\"color: #000000\"><strong>Randhawa HS<\/strong><\/span>, Luque JL, Mouillot D (2011). Identifying hotspots of parasite diversity from species-area relationships: host phylogeny versus host ecology. <em>Oikos<\/em>, <strong>120<\/strong>: 740\u2013747. (<a href=\"https:\/\/onlinelibrary.wiley.com\/doi\/10.1111\/j.1600-0706.2010.19036.x\">Link<\/a>)<\/p>\n<p><strong>\u00a0<\/strong><\/p>\n<p><span style=\"font-size: 18pt;color: #3366ff\"><strong>2010<\/strong><\/span><\/p>\n<p><span style=\"color: #000000\"><strong>Randhawa HS, <\/strong><\/span>Poulin R (2010). Determinants of tapeworm species richness in elasmobranch fishes: untangling environmental and phylogenetic influences. <em>Ecography<\/em>, <strong>33<\/strong>: 866\u2013877. (<a href=\"https:\/\/onlinelibrary.wiley.com\/doi\/10.1111\/j.1600-0587.2010.06169.x\">Link<\/a>)<\/p>\n<p><strong><span style=\"color: #000000\">Randhawa HS<\/span>,<\/strong> Poulin R (2010). Evolution of interspecific variation in size of attachment structures in the large tapeworm genus <em>Acanthobothrium<\/em> (Tetraphyllidea: Onchobothriidae). <em>Parasitology,<\/em> <strong>137<\/strong>: 1707\u20131720. (<a href=\"https:\/\/www.cambridge.org\/core\/journals\/parasitology\/article\/abs\/evolution-of-interspecific-variation-in-size-of-attachment-structures-in-the-large-tapeworm-genus-acanthobothrium-tetraphyllidea-onchobothriidae\/5F39FBA9D94AFC2F3936EE6E7F5FEEE6\">Link<\/a>)<\/p>\n<p><strong>\u00a0<\/strong><\/p>\n<p><span style=\"color: #3366ff;font-size: 18pt\"><strong>2009<\/strong><\/span><\/p>\n<p><strong><span style=\"color: #000000\">Randhawa HS<\/span>,<\/strong> Poulin R (2009). Determinants and consequences of interspecific body size variation in tetraphyllidean tapeworms. <em>Oecologia<\/em>, <strong>161<\/strong>: 759\u2013769<em>. <\/em>(<a href=\"https:\/\/link.springer.com\/article\/10.1007%2Fs00442-009-1410-1\">Link<\/a>)<em><br \/>\n<\/em><\/p>\n<p><em>\u00a0<\/em><\/p>\n<p><span style=\"color: #3366ff;font-size: 18pt\"><strong>2008<\/strong><\/span><\/p>\n<p><strong><span style=\"color: #000000\">Randhawa HS<\/span>,<\/strong> Burt MDB (2008) Determinants of the host specificity and comments on attachment-site specificity of tetraphyllidean cestodes infecting rajid skates from the Northwest Atlantic. <em>Journal of Parasitology<\/em>, <strong>94<\/strong>: 436\u2013461. (<a href=\"https:\/\/pubmed.ncbi.nlm.nih.gov\/18564745\/\">Link<\/a>)<\/p>\n<p><strong><span style=\"color: #000000\">Randhawa HS<\/span>, <\/strong>Saunders GW, Scott ME, Burt MDB (2008) Redescription of <em>Pseudanthobothrium hanseni<\/em> Baer, 1956 and description of <em> purtoni<\/em> n. sp. (Cestoda: Tetraphyllidea) from different pairs of rajid skates, with comments on the host specificity of the genus in the northwest Atlantic. <em>Systematic Parasitology<\/em>, <strong>70<\/strong>: 41\u201360. (<a href=\"https:\/\/link.springer.com\/article\/10.1007%2Fs11230-007-9122-6\">Link<\/a>)<\/p>\n<p>&nbsp;<\/p>\n<p><span style=\"font-size: 18pt;color: #3366ff\"><strong>2007<\/strong><\/span><\/p>\n<p><span style=\"color: #000000\"><strong>Randhawa HS<\/strong><\/span>, Saunders GW, Burt MDB (2007) Establishment of the onset of host specificity in four phyllobothriid tapeworm species (Cestoda: Tetraphyllidea) using a molecular approach. <em>Parasitology<\/em>, <strong>134<\/strong>: 1291\u20131300. (<a href=\"https:\/\/www.cambridge.org\/core\/journals\/parasitology\/article\/establishment-of-the-onset-of-host-specificity-in-four-phyllobothriid-tapeworm-species-cestoda-tetraphyllidea-using-a-molecular-approach\/291E454AD8824CCF70886817C64A228F\">Link<\/a>)<\/p>\n","protected":false},"excerpt":{"rendered":"<p>2026 Omari S, Randhawa HS, Tazerouti F (2026) Re-description and molecular characterization of Acanthobothrium minus Tazerouti, Kechemir-Issad and Euzet, 2009 (Onchoproteocephalidea, Onchobothriidae) from two skates (Elasmobranchii, Rajidae) off the Algerian Coast, Western Mediterranean. Journal of Helminthology 100: e17. (Link) 2025 Gu\u00f0mundsson T, Randhawa HS (2025) Parasite diversity in haddock (Melanogrammus aeglefinus) from Icelandic waters. Journal [&hellip;]<\/p>\n","protected":false},"author":1580,"featured_media":0,"parent":0,"menu_order":6,"comment_status":"closed","ping_status":"closed","template":"","meta":{"footnotes":""},"class_list":["post-34","page","type-page","status-publish","hentry"],"_links":{"self":[{"href":"https:\/\/uni.hi.is\/hrandhawa\/wp-json\/wp\/v2\/pages\/34","targetHints":{"allow":["GET"]}}],"collection":[{"href":"https:\/\/uni.hi.is\/hrandhawa\/wp-json\/wp\/v2\/pages"}],"about":[{"href":"https:\/\/uni.hi.is\/hrandhawa\/wp-json\/wp\/v2\/types\/page"}],"author":[{"embeddable":true,"href":"https:\/\/uni.hi.is\/hrandhawa\/wp-json\/wp\/v2\/users\/1580"}],"replies":[{"embeddable":true,"href":"https:\/\/uni.hi.is\/hrandhawa\/wp-json\/wp\/v2\/comments?post=34"}],"version-history":[{"count":29,"href":"https:\/\/uni.hi.is\/hrandhawa\/wp-json\/wp\/v2\/pages\/34\/revisions"}],"predecessor-version":[{"id":757,"href":"https:\/\/uni.hi.is\/hrandhawa\/wp-json\/wp\/v2\/pages\/34\/revisions\/757"}],"wp:attachment":[{"href":"https:\/\/uni.hi.is\/hrandhawa\/wp-json\/wp\/v2\/media?parent=34"}],"curies":[{"name":"wp","href":"https:\/\/api.w.org\/{rel}","templated":true}]}}