{"id":12,"date":"2015-01-22T13:30:21","date_gmt":"2015-01-22T13:30:21","guid":{"rendered":"http:\/\/uni.hi.is\/ingo\/?page_id=12"},"modified":"2017-12-06T15:23:08","modified_gmt":"2017-12-06T15:23:08","slug":"erindi-a-vef","status":"publish","type":"page","link":"https:\/\/uni.hi.is\/ingo\/erindi-a-vef\/","title":{"rendered":"Erindi"},"content":{"rendered":"<p><a href=\"http:\/\/uni.hi.is\/ingo\/files\/2017\/12\/Kynhlutverk_abyrgd_karla.pdf\">Kynhlutverk og \u00e1byrg\u00f0 karla<\/a><\/p>\n<p><a href=\"http:\/\/uni.hi.is\/ingo\/files\/2017\/12\/Klam_fyrirlitning2010.pdf\">Kl\u00e1m og kvenfyrirlitning<\/a><\/p>\n<p><a href=\"http:\/\/uni.hi.is\/ingo\/files\/2015\/01\/Fyrirmyndarp\u00e6lingar-um-kennslukarla.pdf\">Fyrirmyndarp\u00e6lingar um kennslukarla<\/a><\/p>\n<p><a href=\"http:\/\/uni.hi.is\/ingo\/files\/2017\/07\/Gjornupp.pdf\">Gj\u00f6rningsuppeldisfr\u00e6\u00f0i<\/a><\/p>\n","protected":false},"excerpt":{"rendered":"<p>Kynhlutverk og \u00e1byrg\u00f0 karla Kl\u00e1m og kvenfyrirlitning Fyrirmyndarp\u00e6lingar um kennslukarla Gj\u00f6rningsuppeldisfr\u00e6\u00f0i<\/p>\n","protected":false},"author":1365,"featured_media":0,"parent":0,"menu_order":0,"comment_status":"closed","ping_status":"closed","template":"","meta":{"footnotes":""},"class_list":["post-12","page","type-page","status-publish","hentry"],"_links":{"self":[{"href":"https:\/\/uni.hi.is\/ingo\/wp-json\/wp\/v2\/pages\/12","targetHints":{"allow":["GET"]}}],"collection":[{"href":"https:\/\/uni.hi.is\/ingo\/wp-json\/wp\/v2\/pages"}],"about":[{"href":"https:\/\/uni.hi.is\/ingo\/wp-json\/wp\/v2\/types\/page"}],"author":[{"embeddable":true,"href":"https:\/\/uni.hi.is\/ingo\/wp-json\/wp\/v2\/users\/1365"}],"replies":[{"embeddable":true,"href":"https:\/\/uni.hi.is\/ingo\/wp-json\/wp\/v2\/comments?post=12"}],"version-history":[{"count":11,"href":"https:\/\/uni.hi.is\/ingo\/wp-json\/wp\/v2\/pages\/12\/revisions"}],"predecessor-version":[{"id":74,"href":"https:\/\/uni.hi.is\/ingo\/wp-json\/wp\/v2\/pages\/12\/revisions\/74"}],"wp:attachment":[{"href":"https:\/\/uni.hi.is\/ingo\/wp-json\/wp\/v2\/media?parent=12"}],"curies":[{"name":"wp","href":"https:\/\/api.w.org\/{rel}","templated":true}]}}