{"id":17,"date":"2015-01-22T13:31:59","date_gmt":"2015-01-22T13:31:59","guid":{"rendered":"http:\/\/uni.hi.is\/ingo\/?page_id=17"},"modified":"2015-01-22T13:41:12","modified_gmt":"2015-01-22T13:41:12","slug":"litast-um-af-hjallhol-vefutgafa","status":"publish","type":"page","link":"https:\/\/uni.hi.is\/ingo\/litast-um-af-hjallhol-vefutgafa\/","title":{"rendered":"Litast um af Hjallh\u00f3l - vef\u00fatg\u00e1fa"},"content":{"rendered":"<p>B\u00ed\u00f0ur \u00feess a\u00f0 vera f\u00e6rt af \u00f6\u00f0rum vef<\/p>\n","protected":false},"excerpt":{"rendered":"<p>B\u00ed\u00f0ur \u00feess a\u00f0 vera f\u00e6rt af \u00f6\u00f0rum vef<\/p>\n","protected":false},"author":1365,"featured_media":0,"parent":0,"menu_order":0,"comment_status":"closed","ping_status":"closed","template":"","meta":{"footnotes":""},"class_list":["post-17","page","type-page","status-publish","hentry"],"_links":{"self":[{"href":"https:\/\/uni.hi.is\/ingo\/wp-json\/wp\/v2\/pages\/17","targetHints":{"allow":["GET"]}}],"collection":[{"href":"https:\/\/uni.hi.is\/ingo\/wp-json\/wp\/v2\/pages"}],"about":[{"href":"https:\/\/uni.hi.is\/ingo\/wp-json\/wp\/v2\/types\/page"}],"author":[{"embeddable":true,"href":"https:\/\/uni.hi.is\/ingo\/wp-json\/wp\/v2\/users\/1365"}],"replies":[{"embeddable":true,"href":"https:\/\/uni.hi.is\/ingo\/wp-json\/wp\/v2\/comments?post=17"}],"version-history":[{"count":2,"href":"https:\/\/uni.hi.is\/ingo\/wp-json\/wp\/v2\/pages\/17\/revisions"}],"predecessor-version":[{"id":33,"href":"https:\/\/uni.hi.is\/ingo\/wp-json\/wp\/v2\/pages\/17\/revisions\/33"}],"wp:attachment":[{"href":"https:\/\/uni.hi.is\/ingo\/wp-json\/wp\/v2\/media?parent=17"}],"curies":[{"name":"wp","href":"https:\/\/api.w.org\/{rel}","templated":true}]}}