{"id":4,"date":"2015-01-22T13:24:16","date_gmt":"2015-01-22T13:24:16","guid":{"rendered":"http:\/\/uni.hi.is\/ingo\/?page_id=4"},"modified":"2015-01-22T15:05:10","modified_gmt":"2015-01-22T15:05:10","slug":"ferill","status":"publish","type":"page","link":"https:\/\/uni.hi.is\/ingo\/ferill\/","title":{"rendered":"Ferill"},"content":{"rendered":"<p><strong>Ferill<\/strong>. \u00deetta er hluti af heimas\u00ed\u00f0ufl\u00e6kju Ing\u00f3lfs \u00c1sgeirs J\u00f3hannessonar.<\/p>\n<p>F\u00e6ddur\u00a01. apr\u00edl 1954 \u00e1 Akureyri en fluttist fj\u00f6gurra \u00e1ra gamall \u00ed Sk\u00fatusta\u00f0i \u00ed M\u00fdvatnssveit \u00fear sem hann \u00f3lst upp og \u00e1tti heima fram um \u00fer\u00edtugt og svo aftur s\u00ed\u00f0ar a\u00f0 sumarlagi \u00e1 n\u00e1ms\u00e1runum \u00ed Bandar\u00edkjunum. (S\u00ed\u00f0asta uppf\u00e6rsla: 22. jan\u00faar 2015.)<\/p>\n<p><strong>Menntun og pr\u00f3f \u00e1 fagsvi\u00f0um<\/strong><\/p>\n<p>Ph.D., Department of Curriculum and Instruction, University of Wisconsin, Madison, ma\u00ed 1991. Ritger\u00f0 fjallar um menntaumb\u00e6tur \u00e1 \u00cdslandi 1966\u20131991. Sagnfr\u00e6\u00f0ileg og f\u00e9lagsfr\u00e6\u00f0ileg \u00fattekt \u00e1 bar\u00e1ttu um menntahugmyndir, einkum \u00fe\u00e6r sem m\u00e6lt var me\u00f0 af sk\u00f3laranns\u00f3knadeild menntam\u00e1lar\u00e1\u00f0uneytisins. \u00cd ritger\u00f0inni er stu\u00f0st vi\u00f0 kenningaramma franska f\u00e9lags- og mannfr\u00e6\u00f0ingsins Pierre Bourdieu.<\/p>\n<p>N\u00e1mskei\u00f0 til r\u00e9ttinda sem landv\u00f6r\u00f0ur \u00ed \u00fej\u00f3\u00f0g\u00f6r\u00f0um og fri\u00f0l\u00f6ndum, N\u00e1tt\u00faruverndarr\u00e1\u00f0, vori\u00f0 1985<\/p>\n<p>Cand. mag., sagnfr\u00e6\u00f0i, H\u00e1sk\u00f3li \u00cdslands, j\u00fan\u00ed 1983<\/p>\n<p>Uppeldis- og kennslufr\u00e6\u00f0i til kennslur\u00e9ttinda, H\u00e1sk\u00f3li \u00cdslands, j\u00fal\u00ed 1980<\/p>\n<p>BA, sagnfr\u00e6\u00f0i (60 ein.) og uppeldisfr\u00e6\u00f0i (31 ein.), H\u00e1sk\u00f3li \u00cdslands, okt\u00f3ber 1979<\/p>\n<p>St\u00fadentspr\u00f3f, Menntask\u00f3linn \u00e1 Akureyri, f\u00e9lagsfr\u00e6\u00f0adeild, 1975<\/p>\n<p>Landspr\u00f3f mi\u00f0sk\u00f3la, H\u00e9ra\u00f0ssk\u00f3linn a\u00f0 Laugum, S.-\u00deing., 1971<\/p>\n<p>Unglingapr\u00f3f, Sk\u00fatusta\u00f0ask\u00f3li, M\u00fdvatnssveit, 1969<\/p>\n<p>Barnapr\u00f3f, Sk\u00fatusta\u00f0ask\u00f3li, M\u00fdvatnssveit, 1967<\/p>\n<p><strong>Nefndarst\u00f6rf (fr\u00e1 1995)<\/strong><\/p>\n<p>Hluti af starfi sem h\u00e1sk\u00f3lakennari felst \u00ed setu \u00ed nefndum, innan og utan h\u00e1sk\u00f3lans, um lengri e\u00f0a skemmri t\u00edma, skipuleggja r\u00e1\u00f0stefnur og s\u00e6kja r\u00e1\u00f0stefnur og fundi um \u00f3l\u00edk efni. H\u00e9r \u00e1 eftir fer skr\u00e1 um helstu <em>tr\u00fana\u00f0arst\u00f6rf.<\/em><\/p>\n<p><em>Helstu tr\u00fana\u00f0arst\u00f6rf <\/em>(fr\u00e1 1995)<\/p>\n<ol>\n<li><em> \u00c1 vegum h\u00e1sk\u00f3lans og skyld verkefni<\/em><\/li>\n<\/ol>\n<p>Stj\u00f3rnarma\u00f0ur \u00ed Ranns\u00f3knarstofu um \u00fer\u00f3un sk\u00f3lastarfs, 2012\u20132015<\/p>\n<p>Verkefnisstj\u00f3rn um kynja\u00f0a hagstj\u00f3rn og fj\u00e1rlagager\u00f0, 2012\u20132014<\/p>\n<p>Forma\u00f0ur stj\u00f3rnar \u00der\u00f3unarsj\u00f3\u00f0s n\u00e1msgagna, 2011\u20132015<\/p>\n<p>Stj\u00f3rn Ranns\u00f3knarstofum \u00ed kvenna- og kynjafr\u00e6\u00f0um, 2011\u20132013<\/p>\n<p>Stj\u00f3rn Stofnunar S\u00e6mundar fr\u00f3\u00f0a, 2011\u2013<\/p>\n<p>Ritstj\u00f3ri Uppeldis og menntunar, 2011\u20132015<\/p>\n<p>Fagr\u00e1\u00f0 menntav\u00edsinda, Ranns\u00f3knarsj\u00f3\u00f0ur H\u00e1sk\u00f3la \u00cdslands, n\u00f3vember 2010\u2013febr\u00faar 2011; jan\u00faar 2015\u2013<\/p>\n<p>Brautarstj\u00f3ri kennslufr\u00e6\u00f0ibrautar framhaldssk\u00f3la og h\u00e1sk\u00f3la, kennaradeild H\u00e1sk\u00f3la \u00cdslands, 1. j\u00fal\u00ed 2010\u20132012<\/p>\n<p>Stj\u00f3rnarma\u00f0ur \u00ed Ranns\u00f3knarstofu um jafnr\u00e9tti, kyngervi og menntun, 2010\u20132012<\/p>\n<p>Vinnuh\u00f3pur sem hittist nokkrum sinnum til a\u00f0 skilgreina hugtaki\u00f0 <strong>Jafnr\u00e9tti<\/strong> sem grunn\u00fe\u00e1tt \u00ed \u00f6llu sk\u00f3lastarfi. Mennta- og menningarm\u00e1lar\u00e1\u00f0uneyti\u00f0. N\u00f3vember til desember 2009.<\/p>\n<p>Vinnuh\u00f3pur sem hittist nokkrum sinnum til a\u00f0 skilgreina <strong>Menntun til sj\u00e1lfb\u00e6rni<\/strong> sem grunn\u00fe\u00e1tt \u00ed \u00f6llu sk\u00f3lastarfi. Mennta- og menningarm\u00e1lar\u00e1\u00f0uneyti\u00f0. N\u00f3vember til desember 2009 og aftur \u00ed apr\u00edl 2011.<\/p>\n<p>A\u00f0alma\u00f0ur \u00ed Jafnr\u00e9ttisr\u00e1\u00f0i, tilnefndur af Ranns\u00f3knarstofu \u00ed kvenna- og kynjafr\u00e6\u00f0um, okt\u00f3ber 2009\u2013jan\u00faar 2012<\/p>\n<p>Varaforma\u00f0ur fastad\u00f3mnefndar menntav\u00edsindasvi\u00f0s H\u00e1sk\u00f3la \u00cdslands, 7. ma\u00ed 2009\u20131. j\u00fal\u00ed 2010.<\/p>\n<p>Stj\u00f3rnarma\u00f0ur \u00ed FUM, F\u00e9lagi um menntaranns\u00f3knir, 2009\u20132011<\/p>\n<p>\u00cd ritstj\u00f3rn <em>Uppeldis og menntunar<\/em>, 2009\u2013; ritstj\u00f3ri 2011\u20132015<\/p>\n<p>R\u00e1\u00f0gjafi menntam\u00e1lar\u00e1\u00f0uneytisins vi\u00f0 a\u00f0aln\u00e1mskr\u00e1rger\u00f0, fr\u00e1 s\u00ed\u00f0la \u00e1rs 2008\u20132011<\/p>\n<p>Stj\u00f3rnarma\u00f0ur \u00ed Ranns\u00f3knarstofu um sk\u00f3la \u00e1n a\u00f0greiningar, 2008\u20132014<\/p>\n<p>Forma\u00f0ur fagh\u00f3ps \u00ed verkefninu Jafnr\u00e9ttisfr\u00e6\u00f0sla \u00ed leik- og grunnsk\u00f3lum, ma\u00ed 2008\u2013n\u00f3vember 2009<\/p>\n<p>\u00cd st\u00fdrih\u00f3pi GETU til a\u00f0ger\u00f0a \u2013 menntun til sj\u00e1lfb\u00e6rni, ranns\u00f3knar- og \u00fer\u00f3unarverkefnis, apr\u00edl 2008\u20132011<\/p>\n<p>Samr\u00e1\u00f0snefnd um framhaldsn\u00e1m vi\u00f0 HA, forma\u00f0ur, febr\u00faar 2008\u2013febr\u00faar 2011<\/p>\n<p>FJUST-nefnd \u00ed kennaradeild, 2007\u20132008 (starfsh\u00f3pur til a\u00f0 huga a\u00f0 fr\u00e6\u00f0slu me\u00f0al kennara kennaradeildar HA um f\u00f6tlun, jafnr\u00e9tti og uppl\u00fdsinga- og samskiptat\u00e6kni)<\/p>\n<p>Deildarforseti kennaradeildar HA, ma\u00ed til j\u00fal\u00ed 2007<\/p>\n<p>Starfsh\u00f3pur til a\u00f0 sko\u00f0a kosti \u00feess a\u00f0 sameina f\u00e9lagsv\u00edsinda- og lagadeild og kennaradeild HA, skipa\u00f0ur 24. \u00e1g\u00fast 2006, lauk st\u00f6rfum \u00ed mars 2007<\/p>\n<p>St\u00fdrih\u00f3pur vegna vi\u00f0urkenninga \u00e1 fr\u00e6\u00f0asvi\u00f0um H\u00e1sk\u00f3lans \u00e1 Akureyri 2006\u20132007<\/p>\n<p>Nefnd um uppbyggingu framhaldsn\u00e1ms vi\u00f0 HA 2006\u20132007 (lauk st\u00f6rfum \u00ed ma\u00ed)<\/p>\n<p>Sta\u00f0gengill deildarforseta kennaradeildar HA fr\u00e1 1. \u00e1g\u00fast 2006\u20131. \u00e1g\u00fast 2008<\/p>\n<p>Forma\u00f0ur framt\u00ed\u00f0arstefnunefndar kennaradeildar HA 2006\u2013jan\u00faar 2007<\/p>\n<p>\u00c1h\u00e6ttumatsnefnd \u00ed h\u00fasi HA \u00ed \u00deingvallastr\u00e6ti 23, \u00e1rsbyrjun 2006\u2013september 2006<\/p>\n<p>Undirb\u00faningsh\u00f3pur fyrir European Conference on Education Research \u00ed Genf 2006 (Network 23: Policy Studies and Politics of Education); tengili\u00f0ur og forma\u00f0ur fyrir Network 23 sem undirbj\u00f3 r\u00e1\u00f0stefnurnar \u00ed Ghent 2007 og Gautaborg 2008.<\/p>\n<p>Brautarstj\u00f3ri framhaldsbrautar kennaradeildar vi\u00f0 HA 2004\u20132008 (fj\u00f6gur \u00e1r)<\/p>\n<p>Ranns\u00f3knarleyfanefnd vi\u00f0 HA 2003\u20132005<\/p>\n<p>Nefnd til a\u00f0 breyta reglum um vinnumat vi\u00f0 HA, hausti\u00f0 2002<\/p>\n<p>N\u00e1ms- og matsnefnd framhaldsbrautar kennaradeildar HA, forma\u00f0ur fr\u00e1 og me\u00f0 okt\u00f3ber 2002 til j\u00fal\u00ed 2003<\/p>\n<p>Al\u00fej\u00f3\u00f0astefnunefnd H\u00e1sk\u00f3lans \u00e1 Akureyri, stofnu\u00f0 \u00ed okt\u00f3ber 2002. Starfa\u00f0i l\u00edti\u00f0 og logna\u00f0ist \u00fat af um \u00fea\u00f0 leyti sem \u00e9g f\u00f3r \u00ed ranns\u00f3knarorlof 2003.<\/p>\n<p>R\u00e1\u00f0gefandi ritnefnd (Editorial Board), <em>European<\/em><em> Educational Research Journal<\/em>. \u00c1rsfj\u00f3r\u00f0ungslegt t\u00edmarit European Educational Research Association (EERA), a\u00f0gengilegt eing\u00f6ngu \u00ed gegnum www.triangle.co.uk\/EERJ. 2002\u2013<\/p>\n<p>Fulltr\u00fai \u00ed undirb\u00faningsnefnd fyrir stofnun F\u00e9lags um menntaranns\u00f3knir (FUM, Icelandic Educational Research Association, IERA), jan\u00faar til febr\u00faar 2002<\/p>\n<p>Vinnuh\u00f3pur um starfsmat f\u00e9laga FHA annarra en kennara (\u00fe.e. starfsf\u00f3lks \u00ed stj\u00f3rns\u00fdslu og sto\u00f0\u00fej\u00f3nustu), haustm\u00e1nu\u00f0ir 2001<\/p>\n<p>Undirb\u00faningsnefnd vegna r\u00e1\u00f0stefnunnar Menntun \u00ed dreifb\u00fdli, St\u00f3rutjarnask\u00f3la, 28. apr\u00edl 2001<\/p>\n<p>\u00d6ryggisnefnd H\u00e1sk\u00f3lans \u00e1 Akureyri 2001\u20132004<\/p>\n<p>Al\u00fej\u00f3\u00f0anefnd H\u00e1sk\u00f3lans \u00e1 Akureyri 2000\u20132001<\/p>\n<p>R\u00e1\u00f0gjafi vi\u00f0 stj\u00f3rns\u00fdslu\u00fattekt \u00e1 Borgarh\u00f3lssk\u00f3la, H\u00fasav\u00edk, 1999\u20132000. \u00c1 vegum Ranns\u00f3knastofnunar H\u00e1sk\u00f3lans \u00e1 Akureyri. Verkefnisstj\u00f3ri Benedikt Sigur\u00f0arson.<\/p>\n<p>Fagr\u00e1\u00f0 f\u00e9lagsv\u00edsinda hj\u00e1 Ranns\u00f3knarr\u00e1\u00f0i, 1998\u20132001<\/p>\n<p>N\u00e1msnefnd \u00ed kennaradeild, 1998\u20132000, forma\u00f0ur okt\u00f3ber 1999\u2013\u00e1g\u00fast 2000. \u00c1 t\u00edmabilinu f\u00f3r fram meirih\u00e1ttar endursko\u00f0un \u00e1 B.Ed.-n\u00e1mi.<\/p>\n<p>Undirb\u00faningsnefnd vegna r\u00e1\u00f0stefnu um Sk\u00f3la\u00fer\u00f3un og listir, Reykjav\u00edk, 4.\u20135. j\u00fan\u00ed 1998<\/p>\n<p>Ritstj\u00f3ri \u00c1rb\u00f3kar H\u00e1sk\u00f3lans \u00e1 Akureyri, 1997\u20132000 (sj\u00e1 n\u00e1nar Ritverk)<\/p>\n<p>R\u00e1\u00f0gjafarnefnd Ranns\u00f3knastofnunar uppeldis- og menntam\u00e1la, 1997\u20131998<\/p>\n<p>Vinnumatsnefnd \u00ed HA, 1997, 1998<\/p>\n<p>Starfandi varastj\u00f3rn Samtaka f\u00e1mennra sk\u00f3la, 1996\u20131999, tengili\u00f0ur \u00ed H\u00e1sk\u00f3lanum \u00e1 Akureyri 1999\u20132002<\/p>\n<p>Matsnefnd \u00ed kennaradeild HA, 1996\u20131998<\/p>\n<p>B\u00f3kasafnsnefnd \u00ed HA, 1996\u20131998<\/p>\n<p>Forma\u00f0ur starfsnefndar sem ger\u00f0i till\u00f6gur um skipulag leiksk\u00f3labrautar vi\u00f0 kennaradeild HA, 1996<\/p>\n<p>R\u00e1\u00f0gj\u00f6f vi\u00f0 vettvangsn\u00e1m og \u00e6fingakennslu \u00e1 grunnsk\u00f3labraut kennaradeildar, 1995\u20131998<\/p>\n<ol>\n<li><em> P\u00f3l\u00edt\u00edsk tr\u00fana\u00f0arst\u00f6rf \u00ed f\u00e9l\u00f6gum starfsvettvangi l\u00edtt e\u00f0a ekki vi\u00f0komandi h\u00e1sk\u00f3lastarfinu<\/em><\/li>\n<\/ol>\n<p>\u00cd d\u00f3mnefnd Norr\u00e6nu umhverfisver\u00f0launanna, 2009\u20132012<\/p>\n<p>Varama\u00f0ur \u00ed stj\u00f3rn Vatnaj\u00f6kuls\u00fej\u00f3\u00f0gar\u00f0s, 2007\u20132011 (starfandi \u00ed desember 2010\u2013\u00e1g\u00fast 2011)<\/p>\n<p>\u00cd sv\u00e6\u00f0isr\u00e1\u00f0i nor\u00f0ursv\u00e6\u00f0is Vatnaj\u00f6kuls\u00fej\u00f3\u00f0gar\u00f0s, 2007\u20132011<\/p>\n<p>\u00cd samf\u00e9lags- og mannr\u00e9ttindar\u00e1\u00f0i Akureyrarb\u00e6jar, n\u00f3vember 2006\u2013september 2008<\/p>\n<p>\u00cd jafnr\u00e9ttis- og fj\u00f6lskyldunefnd Akureyrarb\u00e6jar, j\u00fan\u00ed til n\u00f3vember 2006<\/p>\n<p>\u00cd nefnd sem hefur \u00fea\u00f0 hlutverk a\u00f0 vera umhverfisr\u00e1\u00f0uneytinu til r\u00e1\u00f0gjafar vi\u00f0 undirb\u00faning Vatnaj\u00f6kuls\u00fej\u00f3\u00f0gar\u00f0s, skipu\u00f0 30. n\u00f3vember 2005 og lauk st\u00f6rfum um \u00e1ri s\u00ed\u00f0ar.<\/p>\n<p>\u00cd flokksr\u00e1\u00f0i Vinstrihreyfingarinnar-gr\u00e6ns frambo\u00f0s fr\u00e1 landsfundi 2005, endurkj\u00f6rinn 2007 og 2009<\/p>\n<p>Umbo\u00f0sma\u00f0ur frambo\u00f0slista Vinstrihreyfingarinnar-gr\u00e6ns frambo\u00f0s, \u00ed Nor\u00f0austurkj\u00f6rd\u00e6mi vi\u00f0 Al\u00feingiskosningar 10. ma\u00ed 2003<\/p>\n<p>Vara\u00e1heyrnarfulltr\u00fai \u00ed Samvinnunefnd um m\u00e1lefni mi\u00f0h\u00e1lendisins, 2003\u20132010 (\u00fe\u00e1 var nefndin l\u00f6g\u00f0 ni\u00f0ur)<\/p>\n<p>Varama\u00f0ur \u00ed stj\u00f3rn Fj\u00f3r\u00f0ungssj\u00fakrah\u00fassins \u00e1 Akureyri, tilnefndur af b\u00e6jarstj\u00f3rn, j\u00fan\u00ed 2002\u2013mars 2003<\/p>\n<p>Forma\u00f0ur SUNN, Samtaka um n\u00e1tt\u00faruvernd \u00e1 Nor\u00f0urlandi, 2000\u2013, einnig gjaldkeri 2000\u20132002<\/p>\n<p>\u00cd stj\u00f3rn B\u00faseta h\u00fasn\u00e6\u00f0issamvinnuf\u00e9lags \u00e1 Akureyri, 1996\u20132003, forma\u00f0ur 1998\u20132003<\/p>\n<p><em>Dv\u00f6l vi\u00f0 erlenda h\u00e1sk\u00f3la<\/em><\/p>\n<p>Dv\u00f6l vi\u00f0 Queensland-h\u00e1sk\u00f3la, Brisbane, m\u00e1n\u00f0ur \u00ed n\u00f3vember-desember 2014<\/p>\n<p>Dv\u00f6l vi\u00f0 Wisconsinh\u00e1sk\u00f3la, Madison,\u00a0ein og h\u00e1lf vika \u00ed okt\u00f3ber\u2013n\u00f3vember 2008<\/p>\n<p>Kennaraskiptadv\u00f6l vi\u00f0 Kennarask\u00f3la r\u00edkisins, V\u00ednarborg, tveir dagar, 2009<\/p>\n<p>Dv\u00f6l vi\u00f0 John Carroll University, Cleveland, Ohio, vika \u00ed okt\u00f3ber 2008<\/p>\n<p>Dv\u00f6l vi\u00f0 Gautaborgarh\u00e1sk\u00f3la, \u00ferj\u00e1r vikur \u00e1 haustmisseri 2008<\/p>\n<p>Kennaraskiptaheims\u00f3kn vi\u00f0 Edinborgarh\u00e1sk\u00f3la, 8.\u201315. okt\u00f3ber 2006<\/p>\n<p>Dv\u00f6l vi\u00f0 kennaradeild Wisconsinh\u00e1sk\u00f3la, Madison, apr\u00edl 2004<\/p>\n<p>Dv\u00f6l \u00ed Edinborgarh\u00e1sk\u00f3la, Centre for Educational Sociology, \u00ed einn m\u00e1nu\u00f0 \u00ed september til okt\u00f3ber 2003<\/p>\n<p>Kennaraskiptadv\u00f6l vi\u00f0 Kennarask\u00f3la r\u00edkisins, V\u00ednarborg, 7.\u201313. j\u00fan\u00ed 2001<\/p>\n<p>\". R\u00e1\u00f0stefna um menningartengda fer\u00f0a\u00fej\u00f3nustu, H\u00f3lum \u00ed Hjaltadal, 16. september 2000<\/p>\n<p>Dv\u00f6l vi\u00f0\u00a0kennaradeild Wisconsinh\u00e1sk\u00f3la \u00ed ranns\u00f3knarleyfi (University<\/p>\n<p>of Wisconsin, Madison, tveir m\u00e1nu\u00f0ir \u00ed mars til ma\u00ed 1999.<\/p>\n<p>N\u00e1msdv\u00f6l vi\u00f0 menntunarfr\u00e6\u00f0ideild Ume\u00e5h\u00e1sk\u00f3la \u00ed Sv\u00ed\u00fej\u00f3\u00f0, \u00ferj\u00e1r vikur \u00ed mars og ma\u00ed 1998<\/p>\n<p><strong>Starfsferill <\/strong><\/p>\n<p>Forma\u00f0ur n\u00e1msstj\u00f3rnar um menntun framhaldssk\u00f3lakennara, H\u00e1sk\u00f3la \u00cdslands, 2012\u20132015<\/p>\n<p>Pr\u00f3fessor og brautarforma\u00f0ur kennslufr\u00e6\u00f0i framhaldssk\u00f3la vi\u00f0 H\u00e1sk\u00f3la \u00cdslands fr\u00e1 1. j\u00fal\u00ed 2010<\/p>\n<p>Pr\u00f3fessor \u00ed menntunarfr\u00e6\u00f0um vi\u00f0 H\u00e1sk\u00f3lann \u00e1 Akureyri fr\u00e1 1. jan\u00faar 2004 (\u00ed l\u00e1ni vi\u00f0 H\u00cd fr\u00e1 2010-2014)<\/p>\n<p>D\u00f3sent \u00ed uppeldisgreinum vi\u00f0 H\u00e1sk\u00f3lann \u00e1 Akureyri fr\u00e1 1. mars 1997 til 1. jan\u00faar 2004<\/p>\n<p>Lektor \u00ed uppeldisgreinum vi\u00f0 H\u00e1sk\u00f3lann \u00e1 Akureyri fr\u00e1 1. \u00e1g\u00fast 1995 til 1. mars 1997<\/p>\n<p>Deildarstj\u00f3ri \u00f6kun\u00e1msdeildar Umfer\u00f0arr\u00e1\u00f0s, 1. febr\u00faar 1992 til 31. j\u00fal\u00ed 1995. Umsj\u00f3n me\u00f0 n\u00e1mskr\u00e1rger\u00f0 og \u00f6kupr\u00f3fum, eftirlit me\u00f0 \u00f6kukennslu, ritstj\u00f3rn n\u00e1msefnis og margt fleira.<\/p>\n<p>Stundakennari vi\u00f0 H\u00e1sk\u00f3lann \u00e1 Akureyri, kennaradeild, 1994<\/p>\n<p>Stundakennari vi\u00f0 H\u00e1sk\u00f3la \u00cdslands, f\u00e9lagsfr\u00e6\u00f0i, 1992, 1993, 2000, 2003<\/p>\n<p>Stundakennari vi\u00f0 Kennarah\u00e1sk\u00f3la \u00cdslands, almennt kennaran\u00e1m, uppeldis- og kennslufr\u00e6\u00f0i fyrir framhaldssk\u00f3lakennara, \u00f6kukennaran\u00e1m, 1991\u20131992, 1994, 1995\u20131996<\/p>\n<p>N\u00e1mskei\u00f0 \u00ed Project Learning Tree, Madison, Wisconsin, 1989\u20131991<\/p>\n<p>A\u00f0sto\u00f0arkennari (Teaching Assistant), Department of Curriculum and Instruction, University of Wisconsin, Madison. Haustmisseri 1988 til haustmisseris 1990. Starfi\u00f0 f\u00f3lst \u00ed<\/p>\n<ol>\n<li>a) lei\u00f0s\u00f6gn kennaranema \u00ed \u00e6fingakennslu \u00ed samf\u00e9lagsfr\u00e6\u00f0i, n\u00e1tt\u00farufr\u00e6\u00f0i og st\u00e6r\u00f0fr\u00e6\u00f0i \u00ed grunnsk\u00f3lum, og<\/li>\n<li>b) kennslu \u00e1 seminari \u00fear sem einkum var fjalla\u00f0 um umhverfisfr\u00e6\u00f0slu og \u201emulticultural\" \u00e1litam\u00e1l \u00ed sk\u00f3lastarfi.<\/li>\n<\/ol>\n<p>Landv\u00f6r\u00f0ur \u00e1 vegum N\u00e1tt\u00faruverndarr\u00e1\u00f0s \u00ed \u00dej\u00f3\u00f0gar\u00f0inum J\u00f6kuls\u00e1rglj\u00fafrum, 1989; \u00e1 vegum N\u00e1tt\u00faruverndarr\u00e1\u00f0s og Sk\u00fatusta\u00f0ahrepps \u00ed M\u00fdvatnssveit, 1987\u20131988, \u00ed afleysingum 1990; \u00e1 vegum N\u00e1tt\u00faruverndarr\u00e1\u00f0s \u00ed \u00dej\u00f3\u00f0gar\u00f0inum Skaftafelli 1985\u20131986<\/p>\n<p>N\u00e1msefnish\u00f6fundur, sk\u00f3laranns\u00f3knadeild menntam\u00e1lar\u00e1\u00f0uneytisins, 1983\u20131984; N\u00e1msgagnastofnun, 1985\u20131988 (sj\u00e1 Ritverk)<\/p>\n<p>Kennari, Menntask\u00f3linn vi\u00f0 Sund, 1982\u20131986 (helstu kennslugreinar: saga n\u00fdaldar, saga \u00cdslands og samf\u00e9lag \u00e1 20. \u00f6ld, al\u00fej\u00f3\u00f0astj\u00f3rnm\u00e1l og umfj\u00f6llun fj\u00f6lmi\u00f0la um al\u00fej\u00f3\u00f0am\u00e1l); fulltr\u00fai me\u00f0 f\u00e9lagsm\u00e1lum nemenda sk\u00f3la\u00e1ri\u00f0 1985\u20131986 og hausti\u00f0 1986<\/p>\n<p>\u00de\u00e1tttaka \u00ed starfsh\u00f3pi um samf\u00e9lagsfr\u00e6\u00f0i \u00e1 vegum sk\u00f3laranns\u00f3knadeildar menntam\u00e1lar\u00e1\u00f0uneytisins 1982\u20131984. Sj\u00e1 riti\u00f0 Heimabygg\u00f0in<\/p>\n<p>Forfallakennari, Valh\u00fasask\u00f3li, hausti\u00f0 1979; Menntask\u00f3linn vi\u00f0 Hamrahl\u00ed\u00f0, vori\u00f0 1982<\/p>\n<p>Kennari, unglingadeildir Brei\u00f0holtssk\u00f3la (helstu kennslugreinar: saga, \u00edslenska), 1980\u20131981<\/p>\n<p>Kennari, unglingadeildir Oddeyrarsk\u00f3la (helstu kennslugreinar: saga, landafr\u00e6\u00f0i, \u00edslenska, f\u00e9lagsfr\u00e6\u00f0i), 1975\u20131976<\/p>\n<p>Verkamannast\u00f6rf, K\u00edsili\u00f0jan vi\u00f0 M\u00fdvatn, hausti\u00f0 1971, sumari\u00f0 1974 og \u00ed \u00edgripum<\/p>\n<p>Landb\u00fana\u00f0arst\u00f6rf a\u00f0 Sk\u00fatust\u00f6\u00f0um, M\u00fdvatnssveit fr\u00e1 1958\u20131988<\/p>\n","protected":false},"excerpt":{"rendered":"<p>Ferill. \u00deetta er hluti af heimas\u00ed\u00f0ufl\u00e6kju Ing\u00f3lfs \u00c1sgeirs J\u00f3hannessonar. F\u00e6ddur\u00a01. apr\u00edl 1954 \u00e1 Akureyri en fluttist fj\u00f6gurra \u00e1ra gamall \u00ed Sk\u00fatusta\u00f0i \u00ed M\u00fdvatnssveit \u00fear sem hann \u00f3lst upp og \u00e1tti heima fram um \u00fer\u00edtugt og svo aftur s\u00ed\u00f0ar a\u00f0 sumarlagi \u00e1 n\u00e1ms\u00e1runum \u00ed Bandar\u00edkjunum. (S\u00ed\u00f0asta uppf\u00e6rsla: 22. jan\u00faar 2015.) Menntun og pr\u00f3f \u00e1 fagsvi\u00f0um Ph.D., [&hellip;]<\/p>\n","protected":false},"author":1365,"featured_media":0,"parent":0,"menu_order":0,"comment_status":"closed","ping_status":"closed","template":"","meta":{"footnotes":""},"class_list":["post-4","page","type-page","status-publish","hentry"],"_links":{"self":[{"href":"https:\/\/uni.hi.is\/ingo\/wp-json\/wp\/v2\/pages\/4","targetHints":{"allow":["GET"]}}],"collection":[{"href":"https:\/\/uni.hi.is\/ingo\/wp-json\/wp\/v2\/pages"}],"about":[{"href":"https:\/\/uni.hi.is\/ingo\/wp-json\/wp\/v2\/types\/page"}],"author":[{"embeddable":true,"href":"https:\/\/uni.hi.is\/ingo\/wp-json\/wp\/v2\/users\/1365"}],"replies":[{"embeddable":true,"href":"https:\/\/uni.hi.is\/ingo\/wp-json\/wp\/v2\/comments?post=4"}],"version-history":[{"count":6,"href":"https:\/\/uni.hi.is\/ingo\/wp-json\/wp\/v2\/pages\/4\/revisions"}],"predecessor-version":[{"id":37,"href":"https:\/\/uni.hi.is\/ingo\/wp-json\/wp\/v2\/pages\/4\/revisions\/37"}],"wp:attachment":[{"href":"https:\/\/uni.hi.is\/ingo\/wp-json\/wp\/v2\/media?parent=4"}],"curies":[{"name":"wp","href":"https:\/\/api.w.org\/{rel}","templated":true}]}}