{"id":34,"date":"2020-12-30T13:41:15","date_gmt":"2020-12-30T13:41:15","guid":{"rendered":"https:\/\/uni.hi.is\/jj\/?page_id=34"},"modified":"2021-08-01T13:02:32","modified_gmt":"2021-08-01T13:02:32","slug":"kennsla","status":"publish","type":"page","link":"https:\/\/uni.hi.is\/jj\/kennsla\/","title":{"rendered":"Kennsla"},"content":{"rendered":"<p>\u00c9g hef kennt vi\u00f0 H\u00cd fr\u00e1 1996 og \u00e1 \u00feessum t\u00edma hefur m\u00e9r tekist a\u00f0 kenna n\u00e1mskei\u00f0 um fj\u00f6lbreytileg efni, \u00fear \u00e1 me\u00f0al setningafr\u00e6\u00f0i, beygingar- og or\u00f0myndarfr\u00e6\u00f0i, merkingarfr\u00e6\u00f0i, hlj\u00f3\u00f0- og hlj\u00f3\u00f0kerfisfr\u00e6\u00f0i, f\u00e6reysku, t\u00e1knm\u00e1l og raddm\u00e1l, ritf\u00e6rni, fr\u00e6\u00f0ileg skrif og fr\u00e6\u00f0ileg vinnubr\u00f6g\u00f0, hugr\u00e6n fr\u00e6\u00f0i, m\u00e1lger\u00f0arfr\u00e6\u00f0i og fleira.<\/p>\n","protected":false},"excerpt":{"rendered":"<p>\u00c9g hef kennt vi\u00f0 H\u00cd fr\u00e1 1996 og \u00e1 \u00feessum t\u00edma hefur m\u00e9r tekist a\u00f0 kenna n\u00e1mskei\u00f0 um fj\u00f6lbreytileg efni, \u00fear \u00e1 me\u00f0al setningafr\u00e6\u00f0i, beygingar- og or\u00f0myndarfr\u00e6\u00f0i, merkingarfr\u00e6\u00f0i, hlj\u00f3\u00f0- og hlj\u00f3\u00f0kerfisfr\u00e6\u00f0i, f\u00e6reysku, t\u00e1knm\u00e1l og raddm\u00e1l, ritf\u00e6rni, fr\u00e6\u00f0ileg skrif og fr\u00e6\u00f0ileg &hellip; <a href=\"https:\/\/uni.hi.is\/jj\/kennsla\/\">Halda \u00e1fram a\u00f0 lesa <span class=\"meta-nav\">&rarr;<\/span><\/a><\/p>\n","protected":false},"author":1555,"featured_media":0,"parent":0,"menu_order":3,"comment_status":"closed","ping_status":"closed","template":"","meta":{"footnotes":""},"class_list":["post-34","page","type-page","status-publish","hentry"],"_links":{"self":[{"href":"https:\/\/uni.hi.is\/jj\/wp-json\/wp\/v2\/pages\/34","targetHints":{"allow":["GET"]}}],"collection":[{"href":"https:\/\/uni.hi.is\/jj\/wp-json\/wp\/v2\/pages"}],"about":[{"href":"https:\/\/uni.hi.is\/jj\/wp-json\/wp\/v2\/types\/page"}],"author":[{"embeddable":true,"href":"https:\/\/uni.hi.is\/jj\/wp-json\/wp\/v2\/users\/1555"}],"replies":[{"embeddable":true,"href":"https:\/\/uni.hi.is\/jj\/wp-json\/wp\/v2\/comments?post=34"}],"version-history":[{"count":4,"href":"https:\/\/uni.hi.is\/jj\/wp-json\/wp\/v2\/pages\/34\/revisions"}],"predecessor-version":[{"id":111,"href":"https:\/\/uni.hi.is\/jj\/wp-json\/wp\/v2\/pages\/34\/revisions\/111"}],"wp:attachment":[{"href":"https:\/\/uni.hi.is\/jj\/wp-json\/wp\/v2\/media?parent=34"}],"curies":[{"name":"wp","href":"https:\/\/api.w.org\/{rel}","templated":true}]}}