{"id":36,"date":"2020-12-30T13:42:06","date_gmt":"2020-12-30T13:42:06","guid":{"rendered":"https:\/\/uni.hi.is\/jj\/?page_id=36"},"modified":"2023-12-28T14:47:43","modified_gmt":"2023-12-28T14:47:43","slug":"lokaritgerdir","status":"publish","type":"page","link":"https:\/\/uni.hi.is\/jj\/kennsla\/lokaritgerdir\/","title":{"rendered":"Lokaritger\u00f0ir"},"content":{"rendered":"<p>\u00c9g hef lei\u00f0beint nemendum um margv\u00edsleg efni \u00ed lokaritger\u00f0um, einkum BA-ritger\u00f0um. H\u00e9r m\u00e1 nefna setningafr\u00e6\u00f0i og tilbrig\u00f0i \u00ed setningager\u00f0, m\u00e1lt\u00f6ku, \u00edslenskt t\u00e1knm\u00e1l, m\u00e1lstefnu, m\u00e1ll\u00fdskur, or\u00f0myndun, myndl\u00edkingar, beygingafr\u00e6\u00f0i og st\u00edlfr\u00e6\u00f0i (samspil m\u00e1lfr\u00e6\u00f0i og b\u00f3kmennta). \u00cd sumum tilvikum hef \u00e9g lei\u00f0beint me\u00f0 \u00f6\u00f0rum fr\u00e6\u00f0im\u00f6nnum og \u00fe\u00e1 einkum \u00e1 \u00feeim svi\u00f0um sem \u00e9g er ekki s\u00e9rfr\u00e6\u00f0ingur \u00ed. H\u00e9r a\u00f0 ne\u00f0an er yfirlit yfir allar \u00fe\u00e6r ritger\u00f0ir \u00e1 BA- og MA-stigi sem \u00e9g hef lei\u00f0beint nemendum me\u00f0 og auk \u00feess nokkur heilr\u00e6\u00f0i til \u00feeirra sem eru a\u00f0 skrifa lokaritger\u00f0:<\/p>\n<p>&nbsp;<\/p>\n<p><a href=\"http:\/\/uni.hi.is\/jj\/files\/2023\/12\/Lokaritgerdir.leidsogn.JGJ_.2023.pdf\">Ritger\u00f0ir<\/a><\/p>\n<p><a href=\"http:\/\/uni.hi.is\/jj\/files\/2021\/01\/heilraedi.lokaritgerdir.pdf\">Heilr\u00e6\u00f0i<\/a><\/p>\n","protected":false},"excerpt":{"rendered":"<p>\u00c9g hef lei\u00f0beint nemendum um margv\u00edsleg efni \u00ed lokaritger\u00f0um, einkum BA-ritger\u00f0um. H\u00e9r m\u00e1 nefna setningafr\u00e6\u00f0i og tilbrig\u00f0i \u00ed setningager\u00f0, m\u00e1lt\u00f6ku, \u00edslenskt t\u00e1knm\u00e1l, m\u00e1lstefnu, m\u00e1ll\u00fdskur, or\u00f0myndun, myndl\u00edkingar, beygingafr\u00e6\u00f0i og st\u00edlfr\u00e6\u00f0i (samspil m\u00e1lfr\u00e6\u00f0i og b\u00f3kmennta). \u00cd sumum tilvikum hef \u00e9g lei\u00f0beint me\u00f0 &hellip; <a href=\"https:\/\/uni.hi.is\/jj\/kennsla\/lokaritgerdir\/\">Halda \u00e1fram a\u00f0 lesa <span class=\"meta-nav\">&rarr;<\/span><\/a><\/p>\n","protected":false},"author":1555,"featured_media":0,"parent":34,"menu_order":1,"comment_status":"closed","ping_status":"closed","template":"","meta":{"footnotes":""},"class_list":["post-36","page","type-page","status-publish","hentry"],"_links":{"self":[{"href":"https:\/\/uni.hi.is\/jj\/wp-json\/wp\/v2\/pages\/36","targetHints":{"allow":["GET"]}}],"collection":[{"href":"https:\/\/uni.hi.is\/jj\/wp-json\/wp\/v2\/pages"}],"about":[{"href":"https:\/\/uni.hi.is\/jj\/wp-json\/wp\/v2\/types\/page"}],"author":[{"embeddable":true,"href":"https:\/\/uni.hi.is\/jj\/wp-json\/wp\/v2\/users\/1555"}],"replies":[{"embeddable":true,"href":"https:\/\/uni.hi.is\/jj\/wp-json\/wp\/v2\/comments?post=36"}],"version-history":[{"count":24,"href":"https:\/\/uni.hi.is\/jj\/wp-json\/wp\/v2\/pages\/36\/revisions"}],"predecessor-version":[{"id":137,"href":"https:\/\/uni.hi.is\/jj\/wp-json\/wp\/v2\/pages\/36\/revisions\/137"}],"up":[{"embeddable":true,"href":"https:\/\/uni.hi.is\/jj\/wp-json\/wp\/v2\/pages\/34"}],"wp:attachment":[{"href":"https:\/\/uni.hi.is\/jj\/wp-json\/wp\/v2\/media?parent=36"}],"curies":[{"name":"wp","href":"https:\/\/api.w.org\/{rel}","templated":true}]}}