{"id":39,"date":"2020-12-30T13:42:56","date_gmt":"2020-12-30T13:42:56","guid":{"rendered":"https:\/\/uni.hi.is\/jj\/?page_id=39"},"modified":"2021-08-01T12:59:35","modified_gmt":"2021-08-01T12:59:35","slug":"stjornun","status":"publish","type":"page","link":"https:\/\/uni.hi.is\/jj\/stjornun\/","title":{"rendered":"Stj\u00f3rnun"},"content":{"rendered":"<p>\u00c9g hef veri\u00f0 forma\u00f0ur F\u00e6reyjanefndar H\u00cd fr\u00e1 1. j\u00fal\u00ed 2020 en meginhlutverk hennar er a\u00f0 efla ranns\u00f3knasamstarf milli h\u00e1sk\u00f3lans og Fr\u00f3\u00f0skaparseturs F\u00e6reyja \u00e1 sem flestum fr\u00e6\u00f0asvi\u00f0um (sj\u00e1 n\u00e1nar \u00e1 <a href=\"https:\/\/fraendafundur.hi.is\/\">https:\/\/fraendafundur.hi.is\/<\/a>).<\/p>\n<p>\u00c9g var forst\u00f6\u00f0uma\u00f0ur M\u00e1lv\u00edsindastofnunar \u00e1 \u00e1runum 2018-2021 (sj\u00e1 <a href=\"http:\/\/malvis.hi.is\/\">http:\/\/malvis.hi.is)<\/a>. Anna\u00f0 markvert \u00e1 m\u00ednum stj\u00f3rnunarferli er tali\u00f0 upp h\u00e9r a\u00f0 ne\u00f0an:<\/p>\n<p>Forma\u00f0ur \u00cdslenska m\u00e1lfr\u00e6\u00f0if\u00e9lagsins 2001-2006.<\/p>\n<p>Greinarforma\u00f0ur \u00ed \u00edslensku 2010-2012.<\/p>\n<p>Umsj\u00f3narma\u00f0ur Ritvers Hugv\u00edsindasvi\u00f0s 2014-2019.<\/p>\n","protected":false},"excerpt":{"rendered":"<p>\u00c9g hef veri\u00f0 forma\u00f0ur F\u00e6reyjanefndar H\u00cd fr\u00e1 1. j\u00fal\u00ed 2020 en meginhlutverk hennar er a\u00f0 efla ranns\u00f3knasamstarf milli h\u00e1sk\u00f3lans og Fr\u00f3\u00f0skaparseturs F\u00e6reyja \u00e1 sem flestum fr\u00e6\u00f0asvi\u00f0um (sj\u00e1 n\u00e1nar \u00e1 https:\/\/fraendafundur.hi.is\/). \u00c9g var forst\u00f6\u00f0uma\u00f0ur M\u00e1lv\u00edsindastofnunar \u00e1 \u00e1runum 2018-2021 (sj\u00e1 http:\/\/malvis.hi.is). Anna\u00f0 &hellip; <a href=\"https:\/\/uni.hi.is\/jj\/stjornun\/\">Halda \u00e1fram a\u00f0 lesa <span class=\"meta-nav\">&rarr;<\/span><\/a><\/p>\n","protected":false},"author":1555,"featured_media":0,"parent":0,"menu_order":4,"comment_status":"closed","ping_status":"closed","template":"","meta":{"footnotes":""},"class_list":["post-39","page","type-page","status-publish","hentry"],"_links":{"self":[{"href":"https:\/\/uni.hi.is\/jj\/wp-json\/wp\/v2\/pages\/39","targetHints":{"allow":["GET"]}}],"collection":[{"href":"https:\/\/uni.hi.is\/jj\/wp-json\/wp\/v2\/pages"}],"about":[{"href":"https:\/\/uni.hi.is\/jj\/wp-json\/wp\/v2\/types\/page"}],"author":[{"embeddable":true,"href":"https:\/\/uni.hi.is\/jj\/wp-json\/wp\/v2\/users\/1555"}],"replies":[{"embeddable":true,"href":"https:\/\/uni.hi.is\/jj\/wp-json\/wp\/v2\/comments?post=39"}],"version-history":[{"count":11,"href":"https:\/\/uni.hi.is\/jj\/wp-json\/wp\/v2\/pages\/39\/revisions"}],"predecessor-version":[{"id":110,"href":"https:\/\/uni.hi.is\/jj\/wp-json\/wp\/v2\/pages\/39\/revisions\/110"}],"wp:attachment":[{"href":"https:\/\/uni.hi.is\/jj\/wp-json\/wp\/v2\/media?parent=39"}],"curies":[{"name":"wp","href":"https:\/\/api.w.org\/{rel}","templated":true}]}}