{"id":8,"date":"2020-12-30T01:39:07","date_gmt":"2020-12-30T01:39:07","guid":{"rendered":"https:\/\/uni.hi.is\/jj\/?page_id=8"},"modified":"2021-01-03T01:45:42","modified_gmt":"2021-01-03T01:45:42","slug":"rannsoknir","status":"publish","type":"page","link":"https:\/\/uni.hi.is\/jj\/","title":{"rendered":"Um mig"},"content":{"rendered":"<p>\u00c9g er f\u00e6ddur \u00ed Reykjav\u00edk 1. apr\u00edl 1963. \u00c9g \u00f3lst upp \u00ed St\u00f3rager\u00f0i og gekk \u00ed Hvassaleitissk\u00f3la en fluttist \u00fat \u00e1 Seltjarnarnes sumari\u00f0 1977 og f\u00f3r \u00fe\u00e1 \u00ed Valh\u00fasask\u00f3la. S\u00ed\u00f0an l\u00e1 lei\u00f0in \u00ed MR og \u00fea\u00f0an lauk \u00e9g st\u00fadentspr\u00f3fi \u00far fornm\u00e1ladeild I vori\u00f0 1983. \u00c9g lauk BA-pr\u00f3fi \u00ed \u00edslensku og lat\u00ednu 1986 og cand.mag-pr\u00f3fi \u00ed \u00edslenskri m\u00e1lfr\u00e6\u00f0i 1989. \u00de\u00e1 f\u00f3r \u00e9g \u00ed doktorsn\u00e1m \u00ed Bandar\u00edkjunum og lauk doktorspr\u00f3fi \u00ed almennum m\u00e1lv\u00edsindum fr\u00e1 University of Massachusetts, Amherst 1996.<\/p>\n<p>\u00c9g hef kennt vi\u00f0 H\u00e1sk\u00f3la \u00cdslands fr\u00e1 hausti 1996. \u00c9g var fastr\u00e1\u00f0inn stundakennari fr\u00e1 1997-2001 og a\u00f0junkt fr\u00e1 2001-2013. \u00c9g var\u00f0 lektor \u00ed \u00edslenskri m\u00e1lfr\u00e6\u00f0i 1. jan\u00faar 2014 og pr\u00f3fessor 1. j\u00fal\u00ed 2015.<\/p>\n<p>&nbsp;<\/p>\n","protected":false},"excerpt":{"rendered":"<p>\u00c9g er f\u00e6ddur \u00ed Reykjav\u00edk 1. apr\u00edl 1963. \u00c9g \u00f3lst upp \u00ed St\u00f3rager\u00f0i og gekk \u00ed Hvassaleitissk\u00f3la en fluttist \u00fat \u00e1 Seltjarnarnes sumari\u00f0 1977 og f\u00f3r \u00fe\u00e1 \u00ed Valh\u00fasask\u00f3la. S\u00ed\u00f0an l\u00e1 lei\u00f0in \u00ed MR og \u00fea\u00f0an lauk \u00e9g st\u00fadentspr\u00f3fi \u00far &hellip; <a href=\"https:\/\/uni.hi.is\/jj\/\">Halda \u00e1fram a\u00f0 lesa <span class=\"meta-nav\">&rarr;<\/span><\/a><\/p>\n","protected":false},"author":1555,"featured_media":0,"parent":12,"menu_order":0,"comment_status":"closed","ping_status":"closed","template":"","meta":{"footnotes":""},"class_list":["post-8","page","type-page","status-publish","hentry"],"_links":{"self":[{"href":"https:\/\/uni.hi.is\/jj\/wp-json\/wp\/v2\/pages\/8","targetHints":{"allow":["GET"]}}],"collection":[{"href":"https:\/\/uni.hi.is\/jj\/wp-json\/wp\/v2\/pages"}],"about":[{"href":"https:\/\/uni.hi.is\/jj\/wp-json\/wp\/v2\/types\/page"}],"author":[{"embeddable":true,"href":"https:\/\/uni.hi.is\/jj\/wp-json\/wp\/v2\/users\/1555"}],"replies":[{"embeddable":true,"href":"https:\/\/uni.hi.is\/jj\/wp-json\/wp\/v2\/comments?post=8"}],"version-history":[{"count":12,"href":"https:\/\/uni.hi.is\/jj\/wp-json\/wp\/v2\/pages\/8\/revisions"}],"predecessor-version":[{"id":87,"href":"https:\/\/uni.hi.is\/jj\/wp-json\/wp\/v2\/pages\/8\/revisions\/87"}],"up":[{"embeddable":true,"href":"https:\/\/uni.hi.is\/jj\/wp-json\/wp\/v2\/pages\/12"}],"wp:attachment":[{"href":"https:\/\/uni.hi.is\/jj\/wp-json\/wp\/v2\/media?parent=8"}],"curies":[{"name":"wp","href":"https:\/\/api.w.org\/{rel}","templated":true}]}}