{"id":106,"date":"2016-01-21T00:04:16","date_gmt":"2016-01-21T00:04:16","guid":{"rendered":"http:\/\/uni.hi.is\/jtj\/?page_id=106"},"modified":"2016-01-28T16:53:53","modified_gmt":"2016-01-28T16:53:53","slug":"menntun","status":"publish","type":"page","link":"https:\/\/uni.hi.is\/jtj\/en\/menntun\/","title":{"rendered":"Education"},"content":{"rendered":"<p><\/p>\n<h3><\/h3>\n<table border=\"0\" width=\"100%\" cellspacing=\"0\" cellpadding=\"0\">\n<tbody>\n<tr>\n<td class=\"taflautlit\">1980<\/td>\n<td class=\"taflautlit\">Ph.D. from the University of Reading. Thesis: What's in a word? A Study on Word Recognition.<\/td>\n<\/tr>\n<tr>\n<td class=\"taflautlit\">1973 - 1977<\/td>\n<td class=\"taflautlit\">Research for a Ph.D. thesis at the University of Reading, supervised by Professor Max Coltheart.<\/td>\n<\/tr>\n<tr>\n<td class=\"taflautlit\">1973<\/td>\n<td class=\"taflautlit\">M.Sc. in experimental Psychology from the University of Sussex.<\/td>\n<\/tr>\n<tr>\n<td class=\"taflautlit\">1972<\/td>\n<td class=\"taflautlit\">B.Sc. in Physics at the University of Edinburgh.<\/td>\n<\/tr>\n<tr>\n<td class=\"taflautlit\">1967- 1968<\/td>\n<td class=\"taflautlit\">Studied History, Political Science and Philosophy at the University of Edinburgh.<\/td>\n<\/tr>\n<tr>\n<td class=\"taflautlit\">1967<\/td>\n<td class=\"taflautlit\">Matriculated from Menntask\u00f3linn \u00ed Reykjav\u00edk (high school), Science option.<\/td>\n<\/tr>\n<\/tbody>\n<\/table>\n<p><\/p>","protected":false},"excerpt":{"rendered":"<p>1980 Ph.D. from the University of Reading. Thesis: What's in a word? A Study on Word Recognition. 1973 - 1977 Research for a Ph.D. thesis at the University of Reading, supervised by Professor Max Coltheart. 1973 M.Sc. in experimental Psychology &hellip; <a href=\"https:\/\/uni.hi.is\/jtj\/en\/menntun\/\">Continue reading <span class=\"meta-nav\">&rarr;<\/span><\/a><\/p>\n","protected":false},"author":1403,"featured_media":0,"parent":0,"menu_order":5,"comment_status":"closed","ping_status":"closed","template":"","meta":{"footnotes":""},"class_list":["post-106","page","type-page","status-publish","hentry"],"_links":{"self":[{"href":"https:\/\/uni.hi.is\/jtj\/en\/wp-json\/wp\/v2\/pages\/106","targetHints":{"allow":["GET"]}}],"collection":[{"href":"https:\/\/uni.hi.is\/jtj\/en\/wp-json\/wp\/v2\/pages"}],"about":[{"href":"https:\/\/uni.hi.is\/jtj\/en\/wp-json\/wp\/v2\/types\/page"}],"author":[{"embeddable":true,"href":"https:\/\/uni.hi.is\/jtj\/en\/wp-json\/wp\/v2\/users\/1403"}],"replies":[{"embeddable":true,"href":"https:\/\/uni.hi.is\/jtj\/en\/wp-json\/wp\/v2\/comments?post=106"}],"version-history":[{"count":7,"href":"https:\/\/uni.hi.is\/jtj\/en\/wp-json\/wp\/v2\/pages\/106\/revisions"}],"predecessor-version":[{"id":184,"href":"https:\/\/uni.hi.is\/jtj\/en\/wp-json\/wp\/v2\/pages\/106\/revisions\/184"}],"wp:attachment":[{"href":"https:\/\/uni.hi.is\/jtj\/en\/wp-json\/wp\/v2\/media?parent=106"}],"curies":[{"name":"wp","href":"https:\/\/api.w.org\/{rel}","templated":true}]}}