{"id":142,"date":"2016-01-23T12:04:09","date_gmt":"2016-01-23T12:04:09","guid":{"rendered":"http:\/\/uni.hi.is\/jtj\/?page_id=142"},"modified":"2016-02-02T22:19:39","modified_gmt":"2016-02-02T22:19:39","slug":"upper-secondary-education-working-with-change","status":"publish","type":"page","link":"https:\/\/uni.hi.is\/jtj\/en\/research-interests-projects\/upper-secondary-education-working-with-change\/","title":{"rendered":"Upper secondary education - working with change"},"content":{"rendered":"<p><\/p>\n<h2>Working with change at the upper secondary level<\/h2>\n<p>With my colleague Gu\u00f0r\u00fan Ragnarsd\u00f3ttir, and as a part of still larger project, we are looking at how school leadership at upper secondary schools in Iceland, views educational change, and how such change progresses, and how the leadership can stimulate it, and what are the hurdles that they face.<\/p>\n<p>The <a href=\"http:\/\/menntavisindastofnun.hi.is\/throun_skolastarfs\/upper_secondary_school_practices_in_iceland\">homepage for the whole project<\/a>:\u00a0<strong>Upper secondary school practices in Iceland.<\/strong><\/p>","protected":false},"excerpt":{"rendered":"<p>Working with change at the upper secondary level With my colleague Gu\u00f0r\u00fan Ragnarsd\u00f3ttir, and as a part of still larger project, we are looking at how school leadership at upper secondary schools in Iceland, views educational change, and how such &hellip; <a href=\"https:\/\/uni.hi.is\/jtj\/en\/research-interests-projects\/upper-secondary-education-working-with-change\/\">Continue reading <span class=\"meta-nav\">&rarr;<\/span><\/a><\/p>\n","protected":false},"author":1403,"featured_media":0,"parent":18,"menu_order":0,"comment_status":"closed","ping_status":"closed","template":"","meta":{"footnotes":""},"class_list":["post-142","page","type-page","status-publish","hentry"],"_links":{"self":[{"href":"https:\/\/uni.hi.is\/jtj\/en\/wp-json\/wp\/v2\/pages\/142","targetHints":{"allow":["GET"]}}],"collection":[{"href":"https:\/\/uni.hi.is\/jtj\/en\/wp-json\/wp\/v2\/pages"}],"about":[{"href":"https:\/\/uni.hi.is\/jtj\/en\/wp-json\/wp\/v2\/types\/page"}],"author":[{"embeddable":true,"href":"https:\/\/uni.hi.is\/jtj\/en\/wp-json\/wp\/v2\/users\/1403"}],"replies":[{"embeddable":true,"href":"https:\/\/uni.hi.is\/jtj\/en\/wp-json\/wp\/v2\/comments?post=142"}],"version-history":[{"count":5,"href":"https:\/\/uni.hi.is\/jtj\/en\/wp-json\/wp\/v2\/pages\/142\/revisions"}],"predecessor-version":[{"id":238,"href":"https:\/\/uni.hi.is\/jtj\/en\/wp-json\/wp\/v2\/pages\/142\/revisions\/238"}],"up":[{"embeddable":true,"href":"https:\/\/uni.hi.is\/jtj\/en\/wp-json\/wp\/v2\/pages\/18"}],"wp:attachment":[{"href":"https:\/\/uni.hi.is\/jtj\/en\/wp-json\/wp\/v2\/media?parent=142"}],"curies":[{"name":"wp","href":"https:\/\/api.w.org\/{rel}","templated":true}]}}