{"id":623,"date":"2018-12-14T12:06:44","date_gmt":"2018-12-14T12:06:44","guid":{"rendered":"http:\/\/uni.hi.is\/jtj\/?page_id=623"},"modified":"2018-12-14T12:57:11","modified_gmt":"2018-12-14T12:57:11","slug":"utvarpsthaettir","status":"publish","type":"page","link":"https:\/\/uni.hi.is\/jtj\/en\/utvarpsthaettir\/","title":{"rendered":"(\u00cdslenska) \u00datvarps\u00fe\u00e6ttir"},"content":{"rendered":"<p class=\"qtranxs-available-languages-message qtranxs-available-languages-message-en\">Sorry, this entry is only available in <a href=\"https:\/\/uni.hi.is\/jtj\/is\/wp-json\/wp\/v2\/pages\/623\" class=\"qtranxs-available-language-link qtranxs-available-language-link-is\" title=\"\u00cdslenska\">\u00cdslenska<\/a>.<\/p>","protected":false},"excerpt":{"rendered":"<p>Sorry, this entry is only available in \u00cdslenska.<\/p>\n","protected":false},"author":1403,"featured_media":0,"parent":0,"menu_order":0,"comment_status":"closed","ping_status":"closed","template":"","meta":{"footnotes":""},"class_list":["post-623","page","type-page","status-publish","hentry"],"_links":{"self":[{"href":"https:\/\/uni.hi.is\/jtj\/en\/wp-json\/wp\/v2\/pages\/623","targetHints":{"allow":["GET"]}}],"collection":[{"href":"https:\/\/uni.hi.is\/jtj\/en\/wp-json\/wp\/v2\/pages"}],"about":[{"href":"https:\/\/uni.hi.is\/jtj\/en\/wp-json\/wp\/v2\/types\/page"}],"author":[{"embeddable":true,"href":"https:\/\/uni.hi.is\/jtj\/en\/wp-json\/wp\/v2\/users\/1403"}],"replies":[{"embeddable":true,"href":"https:\/\/uni.hi.is\/jtj\/en\/wp-json\/wp\/v2\/comments?post=623"}],"version-history":[{"count":7,"href":"https:\/\/uni.hi.is\/jtj\/en\/wp-json\/wp\/v2\/pages\/623\/revisions"}],"predecessor-version":[{"id":631,"href":"https:\/\/uni.hi.is\/jtj\/en\/wp-json\/wp\/v2\/pages\/623\/revisions\/631"}],"wp:attachment":[{"href":"https:\/\/uni.hi.is\/jtj\/en\/wp-json\/wp\/v2\/media?parent=623"}],"curies":[{"name":"wp","href":"https:\/\/api.w.org\/{rel}","templated":true}]}}