{"id":106,"date":"2016-01-21T00:04:16","date_gmt":"2016-01-21T00:04:16","guid":{"rendered":"http:\/\/uni.hi.is\/jtj\/?page_id=106"},"modified":"2016-01-28T16:53:53","modified_gmt":"2016-01-28T16:53:53","slug":"menntun","status":"publish","type":"page","link":"https:\/\/uni.hi.is\/jtj\/menntun\/","title":{"rendered":"Menntun"},"content":{"rendered":"<p><\/p>\n<h3><\/h3>\n<table border=\"0\" width=\"100%\" cellspacing=\"0\" cellpadding=\"0\">\n<tbody>\n<tr>\n<td class=\"taflautlit\">1980<\/td>\n<td class=\"taflautlit\">Hlaut Ph.D. gr\u00e1\u00f0u fr\u00e1 Reading h\u00e1sk\u00f3la. Heiti ritger\u00f0arinnar var What's in a word? A study on word recognition<\/td>\n<\/tr>\n<tr>\n<td class=\"taflautlit\">1973 - 1977<\/td>\n<td class=\"taflautlit\">A\u00f0sto\u00f0a\u00f0i lei\u00f0beinanda minn pr\u00f3fessor Max Coltheart samhli\u00f0a PhD n\u00e1mi m\u00ednu vi\u00f0 Reading og Birkbeck h\u00e1sk\u00f3la<\/td>\n<\/tr>\n<tr>\n<td class=\"taflautlit\">1973<\/td>\n<td class=\"taflautlit\">Lauk MSc pr\u00f3fi \u00ed tilraunas\u00e1lfr\u00e6\u00f0i fr\u00e1 Sussex h\u00e1sk\u00f3la<\/td>\n<\/tr>\n<tr>\n<td class=\"taflautlit\">1972<\/td>\n<td class=\"taflautlit\">Lauk BSc pr\u00f3fi \u00ed e\u00f0lisfr\u00e6\u00f0i fr\u00e1 Edinborgarh\u00e1sk\u00f3la<\/td>\n<\/tr>\n<tr>\n<td class=\"taflautlit\">1967- 1968<\/td>\n<td class=\"taflautlit\">Lag\u00f0i stund \u00e1 sagnfr\u00e6\u00f0i, stj\u00f3rnm\u00e1lafr\u00e6\u00f0i og heimspeki vi\u00f0 Edinborgarh\u00e1sk\u00f3la<\/td>\n<\/tr>\n<tr>\n<td class=\"taflautlit\">1967<\/td>\n<td class=\"taflautlit\">St\u00fadentspr\u00f3f fr\u00e1 Menntask\u00f3lanum \u00ed Reykjav\u00edk, st\u00e6r\u00f0fr\u00e6\u00f0ideild<\/td>\n<\/tr>\n<\/tbody>\n<\/table>\n<p><\/p>","protected":false},"excerpt":{"rendered":"<p>1980 Hlaut Ph.D. gr\u00e1\u00f0u fr\u00e1 Reading h\u00e1sk\u00f3la. Heiti ritger\u00f0arinnar var What's in a word? A study on word recognition 1973 - 1977 A\u00f0sto\u00f0a\u00f0i lei\u00f0beinanda minn pr\u00f3fessor Max Coltheart samhli\u00f0a PhD n\u00e1mi m\u00ednu vi\u00f0 Reading og Birkbeck h\u00e1sk\u00f3la 1973 Lauk MSc &hellip; <a href=\"https:\/\/uni.hi.is\/jtj\/menntun\/\">Continue reading <span class=\"meta-nav\">&rarr;<\/span><\/a><\/p>\n","protected":false},"author":1403,"featured_media":0,"parent":0,"menu_order":5,"comment_status":"closed","ping_status":"closed","template":"","meta":{"footnotes":""},"class_list":["post-106","page","type-page","status-publish","hentry"],"_links":{"self":[{"href":"https:\/\/uni.hi.is\/jtj\/wp-json\/wp\/v2\/pages\/106","targetHints":{"allow":["GET"]}}],"collection":[{"href":"https:\/\/uni.hi.is\/jtj\/wp-json\/wp\/v2\/pages"}],"about":[{"href":"https:\/\/uni.hi.is\/jtj\/wp-json\/wp\/v2\/types\/page"}],"author":[{"embeddable":true,"href":"https:\/\/uni.hi.is\/jtj\/wp-json\/wp\/v2\/users\/1403"}],"replies":[{"embeddable":true,"href":"https:\/\/uni.hi.is\/jtj\/wp-json\/wp\/v2\/comments?post=106"}],"version-history":[{"count":7,"href":"https:\/\/uni.hi.is\/jtj\/wp-json\/wp\/v2\/pages\/106\/revisions"}],"predecessor-version":[{"id":184,"href":"https:\/\/uni.hi.is\/jtj\/wp-json\/wp\/v2\/pages\/106\/revisions\/184"}],"wp:attachment":[{"href":"https:\/\/uni.hi.is\/jtj\/wp-json\/wp\/v2\/media?parent=106"}],"curies":[{"name":"wp","href":"https:\/\/api.w.org\/{rel}","templated":true}]}}