{"id":142,"date":"2016-01-23T12:04:09","date_gmt":"2016-01-23T12:04:09","guid":{"rendered":"http:\/\/uni.hi.is\/jtj\/?page_id=142"},"modified":"2016-02-02T22:19:39","modified_gmt":"2016-02-02T22:19:39","slug":"upper-secondary-education-working-with-change","status":"publish","type":"page","link":"https:\/\/uni.hi.is\/jtj\/research-interests-projects\/upper-secondary-education-working-with-change\/","title":{"rendered":"Ranns\u00f3kn \u00e1 starfsh\u00e1ttum framhaldssk\u00f3la"},"content":{"rendered":"<p><\/p>\n<h2>\u00der\u00f3un starfsh\u00e1tta \u00ed framhaldssk\u00f3la - s\u00fdn sk\u00f3lastj\u00f3rnenda<\/h2>\n<p>With my colleague Gu\u00f0r\u00fan Ragnarsd\u00f3ttir, and as a part of still larger project, we are looking at how school leadership at upper secondary schools in Iceland, views educational change, and how such change progresses, and how the leadership can stimulate it, and what are the hurdles that they face.<\/p>\n<p>Sj\u00e1 <a href=\"http:\/\/menntavisindastofnun.hi.is\/throun_skolastarfs\/starfshaettir_i_framhaldsskolum\">heimas\u00ed\u00f0u ranns\u00f3knarinnar.<\/a><\/p>","protected":false},"excerpt":{"rendered":"<p>\u00der\u00f3un starfsh\u00e1tta \u00ed framhaldssk\u00f3la - s\u00fdn sk\u00f3lastj\u00f3rnenda With my colleague Gu\u00f0r\u00fan Ragnarsd\u00f3ttir, and as a part of still larger project, we are looking at how school leadership at upper secondary schools in Iceland, views educational change, and how such change &hellip; <a href=\"https:\/\/uni.hi.is\/jtj\/research-interests-projects\/upper-secondary-education-working-with-change\/\">Continue reading <span class=\"meta-nav\">&rarr;<\/span><\/a><\/p>\n","protected":false},"author":1403,"featured_media":0,"parent":18,"menu_order":0,"comment_status":"closed","ping_status":"closed","template":"","meta":{"footnotes":""},"class_list":["post-142","page","type-page","status-publish","hentry"],"_links":{"self":[{"href":"https:\/\/uni.hi.is\/jtj\/wp-json\/wp\/v2\/pages\/142","targetHints":{"allow":["GET"]}}],"collection":[{"href":"https:\/\/uni.hi.is\/jtj\/wp-json\/wp\/v2\/pages"}],"about":[{"href":"https:\/\/uni.hi.is\/jtj\/wp-json\/wp\/v2\/types\/page"}],"author":[{"embeddable":true,"href":"https:\/\/uni.hi.is\/jtj\/wp-json\/wp\/v2\/users\/1403"}],"replies":[{"embeddable":true,"href":"https:\/\/uni.hi.is\/jtj\/wp-json\/wp\/v2\/comments?post=142"}],"version-history":[{"count":5,"href":"https:\/\/uni.hi.is\/jtj\/wp-json\/wp\/v2\/pages\/142\/revisions"}],"predecessor-version":[{"id":238,"href":"https:\/\/uni.hi.is\/jtj\/wp-json\/wp\/v2\/pages\/142\/revisions\/238"}],"up":[{"embeddable":true,"href":"https:\/\/uni.hi.is\/jtj\/wp-json\/wp\/v2\/pages\/18"}],"wp:attachment":[{"href":"https:\/\/uni.hi.is\/jtj\/wp-json\/wp\/v2\/media?parent=142"}],"curies":[{"name":"wp","href":"https:\/\/api.w.org\/{rel}","templated":true}]}}